{"id":946,"date":"2025-04-15T11:22:29","date_gmt":"2025-04-15T11:22:29","guid":{"rendered":"https:\/\/red-lighttherapy.com\/?post_type=product&#038;p=946"},"modified":"2025-04-15T11:33:47","modified_gmt":"2025-04-15T11:33:47","slug":"maker-lotion-eyebrow-pencil-lipstick-perfume-folding-carton","status":"publish","type":"product","link":"https:\/\/red-lighttherapy.com\/de_de\/maker-lotion-eyebrow-pencil-lipstick-perfume-folding-carton\/","title":{"rendered":"Maker Lotion Augenbrauenstift Lippenstift Parf\u00fcm Faltschachtel"},"content":{"rendered":"<h2 id=\"folding-carton-product-description-customized-packaging-solution-for-lotion-eyebrow-pencil-lipstick-and-perfume\">Faltschachtel-Produktbeschreibung: Ma\u00dfgeschneiderte Verpackungsl\u00f6sung f\u00fcr Lotion, Augenbrauenstift, Lippenstift und Parf\u00fcm<\/h2>\n<h2 id=\"-1-card-box-design-specially-optimized-for-tubular-hand-cream-to-prevent-shaking-during-transportation-\"><strong>1. Card Box Design: speziell optimiert f\u00fcr tubul\u00e4re Handcreme, um Sch\u00fctteln w\u00e4hrend des Transports zu verhindern.<\/strong><\/h2>\n<p>annehmen.\u00a0<strong>einteilige Struktur der Kartenbox<\/strong>mit pr\u00e4zisen Trennw\u00e4nden im Inneren, die sich perfekt an verschiedene Produktformen wie Handcremetuben, Augenbrauenstifte, Lippenstifte usw. anpassen, um sicherzustellen, dass sie w\u00e4hrend des Transports nicht ersch\u00fcttert werden und Kollisionssch\u00e4den vermieden werden.\u00a0<strong>Magnetischer Kartenschlitz<\/strong>\u00a0wird am Rand des Schachtelk\u00f6rpers verwendet, um zylindrische Gegenst\u00e4nde wie Parf\u00fcmflaschen zu befestigen und die Stabilit\u00e4t zu verbessern.<\/p>\n<h2 id=\"-2-high-strength-material-350g-white-cardboard-compression-resistant-structure-\"><strong>2. Hochfestes Material: 350g wei\u00dfer Karton + druckfeste Struktur<\/strong><\/h2>\n<p>Der Kastenk\u00f6rper besteht aus\u00a0<strong>350g wei\u00dfer Karton<\/strong>und wird verst\u00e4rkt durch\u00a0<strong>Kreuzversiegelter Boden + doppellagige Seitenw\u00e4nde<\/strong>mit einer Tragf\u00e4higkeit von mehr als 50 kg, die den Anforderungen an den Lagerstapeldruck entspricht.\u00a0<strong>Pr\u00fcfung der Druckfestigkeit<\/strong>\u00a0Test h\u00e4lt er einer 10-lagigen Stapellagerung stand, um sicherzustellen, dass sich der Kartonk\u00f6rper nicht verformt.<\/p>\n<h2 id=\"-3-surface-lamination-process-moisture-proof-and-anti-fouling-in-line-with-hygiene-standards-\"><strong>3. Oberfl\u00e4chenbeschichtung: feuchtigkeitsbest\u00e4ndig und bewuchshemmend, in \u00dcbereinstimmung mit den Hygienestandards<\/strong><\/h2>\n<p>Die Oberfl\u00e4che besteht aus\u00a0<strong>umweltfreundliches mattes Laminierungsverfahren<\/strong>\u00a0um das Risiko der Feuchtigkeitsaufnahme des Kartons zu verringern, und besteht gleichzeitig die Biokompatibilit\u00e4tspr\u00fcfung nach ISO 10993 und erf\u00fcllt die Hygienestandards f\u00fcr Kosmetikverpackungen.\u00a0<strong>Silikonkissen in Lebensmittelqualit\u00e4t<\/strong>\u00a0wird der inneren Schicht hinzugef\u00fcgt, um zu verhindern, dass Kosmetika direkt mit dem Karton in Ber\u00fchrung kommen, was die Produktsicherheit doppelt gew\u00e4hrleistet.<\/p>\n<h2 id=\"-4-brand-logo-process-hot-stamping-logo-precision-printing-\"><strong>4. Markenlogo-Prozess: Hei\u00dfpr\u00e4gung LOGO + Pr\u00e4zisionsdruck<\/strong><\/h2>\n<p>Das LOGO \u00fcbernimmt die\u00a0<strong>dreidimensionales Hei\u00dfpr\u00e4geverfahren<\/strong>und erzielt eine hochgl\u00e4nzende metallische Textur durch eine Pr\u00e4zisionsgravur der Silikonplatte (Fehler \u22640,1 mm), die eine mehrfarbige Anpassung wie Gold, Silber und Ros\u00e9gold erm\u00f6glicht. Die Druckschicht wird behandelt mit\u00a0<strong>Nano-UV-Beschichtung<\/strong>Sie ist verschlei\u00df- und kratzfest und verblasst auch nach l\u00e4ngerer Lagerung nicht, was das hochwertige Image der Marke unterstreicht.<\/p>\n<h2 id=\"-5-high-degree-of-customization-flexible-adaptation-to-multiple-categories-of-needs-\"><strong>5. Hoher Anpassungsgrad: flexible Anpassung an verschiedene Kategorien von Bed\u00fcrfnissen<\/strong><\/h2>\n<ul>\n<li><strong>Gr\u00f6\u00dfenanpassung<\/strong>: unterst\u00fctzt die L\u00e4ngenverstellung von 5-30 cm und kann Produkte mit unterschiedlichen Spezifikationen aufnehmen, z. B. 30 ml Parf\u00fcmflaschen und 15 cm lange Augenbrauenstifte.<\/li>\n<li><strong>Funktionserweiterung<\/strong>: Optionale Schubladenschichtung, transparentes Fenster, Bandversiegelung und andere Designs k\u00f6nnen die Bed\u00fcrfnisse von Kosmetik- und Parf\u00fcm-Geschenkboxen und anderen Szenarien erf\u00fcllen.<\/li>\n<li><strong>Entwurf von Mustern<\/strong>: Wir bieten einen umfassenden Geh\u00e4usedesignservice, von der Schachtelstruktur bis zum Hei\u00dfpr\u00e4gemuster, und passen die visuelle Sprache der Marke aus einer Hand an.<\/li>\n<\/ul>\n<h2 id=\"-6-source-factory-support-16-years-of-experience-small-batch-flexible-production-\"><strong>6. Quelle Fabrik Unterst\u00fctzung: 16 Jahre Erfahrung, flexible Kleinserienproduktion<\/strong><\/h2>\n<p>Verlassen Sie sich auf die\u00a0<strong>16 Jahre Fabrik zur Herstellung von Verpackungen<\/strong>\u00a0in Guangdong, China, verf\u00fcgt \u00fcber eine vollautomatische Stanzmaschine und eine Hei\u00dfpr\u00e4ge-Produktionslinie, die die\u00a0<strong>Mindestbestellmenge 500 St\u00fcck<\/strong>und liefert innerhalb von 7-15 Tagen. Bereitstellen\u00a0<strong>kostenloser Proofing-Service<\/strong>\u00a0um eine genaue \u00dcbereinstimmung der Details vor der Massenproduktion zu gew\u00e4hrleisten.<\/p>","protected":false},"excerpt":{"rendered":"<p>Dieser Karton ist aus 350g wei\u00dfem Karton hergestellt. Die Oberfl\u00e4chenbeschichtung kann das Risiko der Feuchtigkeitsaufnahme durch den Karton verringern. Er erf\u00fcllt die Hygienestandards f\u00fcr Kosmetikverpackungen und passt sich perfekt an die Form der Tube Handcreme an, um ein Sch\u00fctteln w\u00e4hrend des Transports zu vermeiden.<\/p>","protected":false},"featured_media":947,"template":"","meta":{"_kad_post_transparent":"default","_kad_post_title":"","_kad_post_layout":"default","_kad_post_sidebar_id":"","_kad_post_content_style":"default","_kad_post_vertical_padding":"default","_kad_post_feature":"","_kad_post_feature_position":"","_kad_post_header":false,"_kad_post_footer":false,"_kad_post_classname":""},"product_brand":[],"product_cat":[15,28,24,17],"product_tag":[357,358,359],"class_list":{"0":"post-946","1":"product","2":"type-product","3":"status-publish","4":"has-post-thumbnail","6":"product_cat-red-light-therapy","7":"product_cat-customize","8":"product_cat-red-light-therapy-bed","9":"product_cat-services","10":"product_tag-eyebrow-pencil-folding-carton","11":"product_tag-lipstick-folding-carton","12":"product_tag-perfume-packaging-boxes","14":"first","15":"instock","16":"shipping-taxable","17":"product-type-simple","18":"entry","19":"content-bg","20":"loop-entry"},"_links":{"self":[{"href":"https:\/\/red-lighttherapy.com\/de_de\/wp-json\/wp\/v2\/product\/946","targetHints":{"allow":["GET"]}}],"collection":[{"href":"https:\/\/red-lighttherapy.com\/de_de\/wp-json\/wp\/v2\/product"}],"about":[{"href":"https:\/\/red-lighttherapy.com\/de_de\/wp-json\/wp\/v2\/types\/product"}],"wp:featuredmedia":[{"embeddable":true,"href":"https:\/\/red-lighttherapy.com\/de_de\/wp-json\/wp\/v2\/media\/947"}],"wp:attachment":[{"href":"https:\/\/red-lighttherapy.com\/de_de\/wp-json\/wp\/v2\/media?parent=946"}],"wp:term":[{"taxonomy":"product_brand","embeddable":true,"href":"https:\/\/red-lighttherapy.com\/de_de\/wp-json\/wp\/v2\/product_brand?post=946"},{"taxonomy":"product_cat","embeddable":true,"href":"https:\/\/red-lighttherapy.com\/de_de\/wp-json\/wp\/v2\/product_cat?post=946"},{"taxonomy":"product_tag","embeddable":true,"href":"https:\/\/red-lighttherapy.com\/de_de\/wp-json\/wp\/v2\/product_tag?post=946"}],"curies":[{"name":"wp","href":"https:\/\/api.w.org\/{rel}","templated":true}]}}