{"id":940,"date":"2025-04-15T11:10:13","date_gmt":"2025-04-15T11:10:13","guid":{"rendered":"https:\/\/red-lighttherapy.com\/?post_type=product&#038;p=940"},"modified":"2025-04-15T11:24:12","modified_gmt":"2025-04-15T11:24:12","slug":"dealers-custom-cosmetic-perfume-folding-carton-packaging-box","status":"publish","type":"product","link":"https:\/\/red-lighttherapy.com\/de_de\/dealers-custom-cosmetic-perfume-folding-carton-packaging-box\/","title":{"rendered":"H\u00e4ndler benutzerdefinierte Kosmetik Parf\u00fcm Faltkarton Verpackung Box"},"content":{"rendered":"<h2 id=\"-customized-cosmetics-and-perfume-folding-paper-box-packaging-box-product-description-\"><strong>Ma\u00dfgeschneiderte Kosmetik- und Parf\u00fcmverpackungen aus Faltkarton Produktbeschreibung<\/strong><\/h2>\n<h2 id=\"-1-innovative-card-box-design-folding-structure-combines-beauty-and-practicality-\"><strong>1. Innovatives Kartenschachtel-Design: Faltbare Struktur kombiniert Sch\u00f6nheit und Praktikabilit\u00e4t<\/strong><\/h2>\n<p>Diese Faltschachtel aus Papier hat eine leimfreie Modellierungsstruktur, die eine schnelle Faltung erm\u00f6glicht und durch pr\u00e4zise Farbschnitttechniken die Raumnutzung erheblich verbessert. Es ist in einer flachen Form, die 30% Lagerung und Logistikkosten spart gesendet. Das Design der Schachtel enth\u00e4lt Elemente von besonderer Gr\u00f6\u00dfe, wie z.B. gew\u00f6lbte Seitenw\u00e4nde und konkave Oberfl\u00e4chen, und ist mit einer magnetischen Versiegelung oder einer Kreuzversiegelungsstruktur gepaart, die nicht nur die endg\u00fcltige Entdeckung der Markendetails widerspiegelt, sondern auch die Kompression und Sto\u00dffestigkeit w\u00e4hrend des Transports gew\u00e4hrleistet.<\/p>\n<h2 id=\"-2-white-cardboard-material-lightweight-and-protective-performance-\"><strong>2. Wei\u00dfer Karton Material: leicht und sch\u00fctzende Leistung<\/strong><\/h2>\n<p>Durch die Verwendung von 350 g schwerer wei\u00dfer Pappe als Hauptmaterial erreicht ihre H\u00e4rte 8,5 N-m\u00b2\/g, und ihre Rei\u00dffestigkeit \u00fcbertrifft den Industriestandard um 201 Tp4, wodurch sie dem Risiko eines Zusammensto\u00dfes mit einer Parf\u00fcmflasche wirksam widersteht. Durch das integrierte Formdesign zur Reduzierung der N\u00e4hte wurde die Dicke der Schachtel auf 1,2 mm optimiert und das Gewicht im Vergleich zu herk\u00f6mmlichen Graukartonschachteln um 25% reduziert, was zu einer Einsparung von 15% bei den Transportkosten pro tausend St\u00fcck f\u00fchrt und ein perfektes Gleichgewicht zwischen Funktionalit\u00e4t und Wirtschaftlichkeit schafft.<\/p>\n<h2 id=\"-3-high-precision-printing-process-visual-texture-is-upgraded-\"><strong>3. Hochpr\u00e4ziser Druckprozess: die visuelle Textur wird aufgewertet<\/strong><\/h2>\n<p>Durch den Einsatz der Sechs-Farben-Tiefdrucktechnologie erreicht die minimale Punktgenauigkeit 175 Linien\/Zoll, und der Textkantenfehler wird innerhalb von \u00b10,1 mm kontrolliert. Mit dem lokalen UV-Glasurverfahren erreicht die rote S\u00e4ttigung des Erdbeermusters den Pantone 185C-Standard und der Farbunterschied \u0394E\u22641,5. Beim Hei\u00dfpr\u00e4geverfahren wird eine 0,08 mm dicke elektrochemische Aluminiumfolie verwendet, und der genaue Positionierungsfehler betr\u00e4gt \u2264 0,3 mm, wodurch sichergestellt wird, dass das LOGO und die Textur keine Grate aufweisen und die Farbe nicht \u00fcberl\u00e4uft.<\/p>\n<h2 id=\"-4-youthful-visual-design-red-main-tone-and-strawberry-element-fusion-\"><strong>4. Jugendliches visuelles Design: roter Hauptton und Verschmelzung von Erdbeerelementen<\/strong><\/h2>\n<p>Der Verpackungskarton ist in leuchtendem Zinnoberrot (RGB 230, 0, 50) gehalten, mit einem dreidimensionalen Erdbeer-Reliefmuster, und durch die unterschiedliche Dicke der Lackschicht entsteht eine taktile Schichtung. Die Erdbeerfruchtpartikel sind mit Farbverl\u00e4ufen gedruckt, um nat\u00fcrliche Licht- und Schatteneffekte zu simulieren und die Aufmerksamkeit der weiblichen Kundschaft im Alter von 18 bis 35 Jahren zu erregen. Bei der Auskleidung der Schachtel werden EVA-Beflockung oder transparente PET-Fenster verwendet, um das Gef\u00fchl beim \u00d6ffnen der Schachtel zu verst\u00e4rken und gleichzeitig eine visuelle Verbindung mit dem Design des Parf\u00fcmflakons herzustellen.<\/p>\n<h2 id=\"-5-environmental-certification-system-green-supply-chain-endorsement-\"><strong>5. Umweltzertifizierungssystem: Vermerk \"Gr\u00fcne Lieferkette<\/strong><\/h2>\n<p>Die Rohstoffe sind FSC-COC-zertifiziert (Zertifikatsnummer FSC-C123456), um sicherzustellen, dass das Papier aus nachhaltig bewirtschafteten W\u00e4ldern stammt. Der Produktionsprozess entspricht dem Umweltmanagementsystem ISO 14001 und dem Qualit\u00e4tssystem ISO 9001, die VOC-Emissionen der Tinte auf Wasserbasis sind \u226450MG\/M und die Recyclingrate der fertigen Produkte betr\u00e4gt 98%. Das doppelte Zertifizierungslogo ist an prominenter Stelle auf der Au\u00dfenverpackung aufgedruckt, um das Vertrauen der Endkunden in die soziale Verantwortung der Marke zu st\u00e4rken.<\/p>\n<h2 id=\"-6-full-process-quality-control-16-years-of-local-manufacturing-experience-guarantee-\"><strong>6. Umfassende Qualit\u00e4tskontrolle: 16 Jahre Erfahrung in der lokalen Produktion garantieren<\/strong><\/h2>\n<ul>\n<li><strong>Screening von Rohstoffen<\/strong>: Der Feuchtigkeitsgehalt des wei\u00dfen Kartons wird auf 4,5%\u00b10,5% kontrolliert, der Aschegehalt \u226412%<\/li>\n<li><strong>\u00dcberwachung des Druckens<\/strong>: Online-Kolorimeter kalibriert automatisch alle 15 Minuten, um die Konsistenz der Chargen zu gew\u00e4hrleisten<\/li>\n<li><strong>Strukturelle Pr\u00fcfung<\/strong>: Simulierter Transport-Vibrationstest \u22652000 mal, Dichtungsst\u00e4rke \u226515N\/15mm<\/li>\n<li><strong>Probenahme von Fertigerzeugnissen<\/strong>: AQL 1.0 Standard, Rate der fehlerhaften Produkte 100%<\/li>\n<li><strong>System der R\u00fcckverfolgbarkeit<\/strong>: Jede Charge hat einen unabh\u00e4ngigen QR-Code, der der jeweiligen Produktionslinie und dem Bediener zugeordnet werden kann<\/li>\n<\/ul>\n<h2 id=\"-manufacturer-advantages-\"><strong>Vorteile f\u00fcr den Hersteller<\/strong><\/h2>\n<ul>\n<li><strong>Lieferfrist<\/strong>: 500 St\u00fcck Mindestbestellmenge, 7-12 Tage durchg\u00e4ngige Lieferzeit (inkl. Korrekturabzugsbest\u00e4tigung)<\/li>\n<li><strong>Ma\u00dfgeschneiderter Service<\/strong>: Unterst\u00fctzung des Andockens von Dateien im AI\/CDR-Format, kostenlose Vorschl\u00e4ge zur strukturellen Optimierung<\/li>\n<li><strong>Garantie nach dem Verkauf<\/strong>: Unbedingte Nachbesserung fehlerhafter Produkte und Notfall-Nachschubkanal f\u00fcr Bestellungen<\/li>\n<\/ul>","protected":false},"excerpt":{"rendered":"<p>Diese Pappschachtel ist mit einer hochpr\u00e4zisen Drucktechnologie ausgestattet. Das Muster und der Text sind klar und zart ohne Grate, und die Farbs\u00e4ttigung ist hoch. Die leuchtend rote Farbe und das frische Erdbeermuster ziehen junge Kunden an. Es hat sowohl eine visuelle Wirkung als auch einen Markenton. Es kann f\u00fcr den Versand gefaltet werden. Es ist sowohl \u00e4sthetisch als auch platzsparend und zeigt, wie sehr die Marke auf Details bedacht ist.<\/p>","protected":false},"featured_media":942,"template":"","meta":{"_kad_post_transparent":"default","_kad_post_title":"","_kad_post_layout":"default","_kad_post_sidebar_id":"","_kad_post_content_style":"default","_kad_post_vertical_padding":"default","_kad_post_feature":"","_kad_post_feature_position":"","_kad_post_header":false,"_kad_post_footer":false,"_kad_post_classname":""},"product_brand":[],"product_cat":[15,28,24,17],"product_tag":[354,356,355],"class_list":{"0":"post-940","1":"product","2":"type-product","3":"status-publish","4":"has-post-thumbnail","6":"product_cat-red-light-therapy","7":"product_cat-customize","8":"product_cat-red-light-therapy-bed","9":"product_cat-services","10":"product_tag-custom-cosmetic-box","11":"product_tag-dealers-cosmetic-perfume-packaging","12":"product_tag-perfume-folding-carton","14":"first","15":"instock","16":"shipping-taxable","17":"product-type-simple","18":"entry","19":"content-bg","20":"loop-entry"},"_links":{"self":[{"href":"https:\/\/red-lighttherapy.com\/de_de\/wp-json\/wp\/v2\/product\/940","targetHints":{"allow":["GET"]}}],"collection":[{"href":"https:\/\/red-lighttherapy.com\/de_de\/wp-json\/wp\/v2\/product"}],"about":[{"href":"https:\/\/red-lighttherapy.com\/de_de\/wp-json\/wp\/v2\/types\/product"}],"wp:featuredmedia":[{"embeddable":true,"href":"https:\/\/red-lighttherapy.com\/de_de\/wp-json\/wp\/v2\/media\/942"}],"wp:attachment":[{"href":"https:\/\/red-lighttherapy.com\/de_de\/wp-json\/wp\/v2\/media?parent=940"}],"wp:term":[{"taxonomy":"product_brand","embeddable":true,"href":"https:\/\/red-lighttherapy.com\/de_de\/wp-json\/wp\/v2\/product_brand?post=940"},{"taxonomy":"product_cat","embeddable":true,"href":"https:\/\/red-lighttherapy.com\/de_de\/wp-json\/wp\/v2\/product_cat?post=940"},{"taxonomy":"product_tag","embeddable":true,"href":"https:\/\/red-lighttherapy.com\/de_de\/wp-json\/wp\/v2\/product_tag?post=940"}],"curies":[{"name":"wp","href":"https:\/\/api.w.org\/{rel}","templated":true}]}}