{"id":929,"date":"2025-04-15T10:39:22","date_gmt":"2025-04-15T10:39:22","guid":{"rendered":"https:\/\/red-lighttherapy.com\/?post_type=product&#038;p=929"},"modified":"2025-04-15T10:55:24","modified_gmt":"2025-04-15T10:55:24","slug":"vendor-child-proof-empty-510-disposable-vape-pen-packaging","status":"publish","type":"product","link":"https:\/\/red-lighttherapy.com\/de_de\/vendor-child-proof-empty-510-disposable-vape-pen-packaging\/","title":{"rendered":"Anbieter Kindersicherer leerer 510er Einweg Vape Pen Verpackung"},"content":{"rendered":"<h2 id=\"child-proof-510-disposable-electronic-cigarette-pen-packaging-product-description\">Kindersichere 510 Einweg-Vape-Pen-Verpackung Produktbeschreibung<\/h2>\n<h2 id=\"1-intelligent-drawer-style-child-proof-opening-and-closing-design-\">1.\u00a0<strong>Intelligente Schublade mit Kindersicherung zum \u00d6ffnen und Schlie\u00dfen<\/strong><\/h2>\n<p>Durch die Push-Pull-Struktur l\u00e4sst er sich leicht mit einer Hand bedienen, und die Kindersicherungsfunktion wird durch ein mechanisches D\u00e4mpfungsdesign realisiert. Die Schubladenschiene ist mit einem doppelten Schnallenmechanismus ausgestattet, und w\u00e4hrend des Push-Pull-Vorgangs muss ein bestimmter Winkel und eine bestimmte Kraft aufgebracht werden, um sie zu \u00f6ffnen, was nicht nur den Bed\u00fcrfnissen von Erwachsenen nach einem bequemen Zugang entspricht, sondern auch das Risiko eines versehentlichen \u00d6ffnens oder Abrutschens von Kindern wirksam verhindert.<\/p>\n<h2 id=\"2-environmentally-friendly-and-durable-coated-paper-material-\">2.\u00a0<strong>Umweltfreundliches und langlebiges beschichtetes Papiermaterial<\/strong><\/h2>\n<p>Der Kartonk\u00f6rper besteht aus FSC-zertifiziertem beschichtetem Papier, und die Oberfl\u00e4che ist mit einer verschlei\u00dffesten und alterungsbest\u00e4ndigen Beschichtung versehen. Sie h\u00e4lt dem h\u00e4ufigen \u00d6ffnen und Schlie\u00dfen sowie dem Verschlei\u00df beim Transport stand und kann mehr als 100 Mal verwendet werden. Die Mattierung reduziert die R\u00fcckst\u00e4nde von Fingerabdr\u00fccken, kombiniert mit einem rein schwarzen Design, das sich f\u00fcr den Einsatz in gehobenen Bereichen wie Wirtschaft und Medizin eignet.<\/p>\n<h2 id=\"3-precision-mold-and-integrated-molding-process-\">3.\u00a0<strong>Pr\u00e4zisionsform und integrierter Formgebungsprozess<\/strong><\/h2>\n<p>Durch die hochpr\u00e4zise \u00b10,01-mm-Schneidetechnik wird sichergestellt, dass die Kanten flach und gratfrei sind und die \u00d6ffnungs- und Schlie\u00dfstruktur nahtlos ist. Das leimfreie integrierte Faltformverfahren beseitigt die Fugen und Klebeschw\u00e4chen herk\u00f6mmlicher Verpackungen, erh\u00f6ht die Gesamtdruckfestigkeit um 40% und verl\u00e4ngert die Lebensdauer auf das Doppelte des Industriestandards.<\/p>\n<h2 id=\"4-customized-eva-lining-and-shock-protection-\">4.\u00a0<strong>Ma\u00dfgeschneidertes EVA-Futter und Sto\u00dfschutz<\/strong><\/h2>\n<p>Die wei\u00dfe EVA-Auskleidung ist CNC-gefr\u00e4st, um eine Rille zu bilden, die zum 510er Stift passt, mit einer Fixiergenauigkeit von \u00b10,5 mm, um ein Verrutschen w\u00e4hrend des Transports zu verhindern. Die Trennwand der Auskleidung unterst\u00fctzt die individuelle Anpassung und ist mit verschiedenen Spezifikationen von Tintenpatronen oder zus\u00e4tzlichem Zubeh\u00f6r (z. B. Ladekabel, Handb\u00fccher) kompatibel, und die Pufferleistung hat die 1,5-Meter-Falltest-Zertifizierung bestanden.<\/p>\n<h2 id=\"5-modular-customization-and-global-compliance-\">5.\u00a0<strong>Modulare Anpassung und globale Konformit\u00e4t<\/strong><\/h2>\n<p>Die Verpackung erm\u00f6glicht eine flexible Anpassung von Gr\u00f6\u00dfe, \u00d6ffnungsposition und Trennwand, um die Kompatibilit\u00e4tsanforderungen der Kunden f\u00fcr Produkte mit mehreren Spezifikationen zu erf\u00fcllen. Das Material hat die FSC-Nachhaltigkeitszertifizierung f\u00fcr W\u00e4lder erhalten und entspricht den globalen Umweltvorschriften wie EU REACH und US FDA, was Unternehmen hilft, ihre Ziele f\u00fcr eine umweltfreundliche Lieferkette zu erreichen.<\/p>","protected":false},"excerpt":{"rendered":"<p>Das kindersichere Design der Papierschublade erm\u00f6glicht das einfache Schieben und Ziehen von Gegenst\u00e4nden mit einer Hand und verhindert ein versehentliches Verrutschen. Das beschichtete Papiermaterial ist verschlei\u00df- und alterungsbest\u00e4ndig, wiederverwendbar und steht im Einklang mit Umweltschutz und wirtschaftlichen Konzepten. Die Gr\u00f6\u00dfe, die \u00d6ffnungsposition und die Inneneinteilung k\u00f6nnen individuell angepasst werden, um den Anforderungen unterschiedlicher Spezifikationen von Tintenpatronen oder speziellen Produktverpackungen gerecht zu werden.<\/p>","protected":false},"featured_media":930,"template":"","meta":{"_kad_post_transparent":"default","_kad_post_title":"","_kad_post_layout":"default","_kad_post_sidebar_id":"","_kad_post_content_style":"default","_kad_post_vertical_padding":"default","_kad_post_feature":"","_kad_post_feature_position":"","_kad_post_header":false,"_kad_post_footer":false,"_kad_post_classname":""},"product_brand":[],"product_cat":[15,20,40,17],"product_tag":[351,169,350],"class_list":{"0":"post-929","1":"product","2":"type-product","3":"status-publish","4":"has-post-thumbnail","6":"product_cat-red-light-therapy","7":"product_cat-led-face-light-therapy","8":"product_cat-red-light-therapy-panel","9":"product_cat-services","10":"product_tag-empty-vape-cartridge-packaging","11":"product_tag-vape-cartridge-packaging","12":"product_tag-vape-cartridge-packaging-usa","14":"first","15":"instock","16":"shipping-taxable","17":"product-type-simple","18":"entry","19":"content-bg","20":"loop-entry"},"_links":{"self":[{"href":"https:\/\/red-lighttherapy.com\/de_de\/wp-json\/wp\/v2\/product\/929","targetHints":{"allow":["GET"]}}],"collection":[{"href":"https:\/\/red-lighttherapy.com\/de_de\/wp-json\/wp\/v2\/product"}],"about":[{"href":"https:\/\/red-lighttherapy.com\/de_de\/wp-json\/wp\/v2\/types\/product"}],"wp:featuredmedia":[{"embeddable":true,"href":"https:\/\/red-lighttherapy.com\/de_de\/wp-json\/wp\/v2\/media\/930"}],"wp:attachment":[{"href":"https:\/\/red-lighttherapy.com\/de_de\/wp-json\/wp\/v2\/media?parent=929"}],"wp:term":[{"taxonomy":"product_brand","embeddable":true,"href":"https:\/\/red-lighttherapy.com\/de_de\/wp-json\/wp\/v2\/product_brand?post=929"},{"taxonomy":"product_cat","embeddable":true,"href":"https:\/\/red-lighttherapy.com\/de_de\/wp-json\/wp\/v2\/product_cat?post=929"},{"taxonomy":"product_tag","embeddable":true,"href":"https:\/\/red-lighttherapy.com\/de_de\/wp-json\/wp\/v2\/product_tag?post=929"}],"curies":[{"name":"wp","href":"https:\/\/api.w.org\/{rel}","templated":true}]}}