{"id":894,"date":"2025-04-15T09:42:47","date_gmt":"2025-04-15T09:42:47","guid":{"rendered":"https:\/\/red-lighttherapy.com\/?post_type=product&#038;p=894"},"modified":"2025-04-16T16:37:17","modified_gmt":"2025-04-16T16:37:17","slug":"bespoke-clamshell-gift-box-for-1-gram-concentrate-live-resin","status":"publish","type":"product","link":"https:\/\/red-lighttherapy.com\/de_de\/bespoke-clamshell-gift-box-for-1-gram-concentrate-live-resin\/","title":{"rendered":"Ma\u00dfgeschneiderte Clamshell-Geschenkbox f\u00fcr 1 Gramm Live-Harz-Konzentrat"},"content":{"rendered":"<h2 id=\"-customized-flip-top-gift-box-1g-concentrated-active-resin-exclusive-protection-solution-\"><strong>Kundenspezifische Flip-Top-Geschenkbox 1g konzentriertes Aktivharz exklusive Schutzl\u00f6sung<\/strong><\/h2>\n<h2 id=\"-1-ergonomic-flip-top-design-one-handed-operation-without-burden-\"><strong>1. Ergonomisches Flip-Top-Design, einh\u00e4ndige Bedienung ohne Belastung<\/strong><\/h2>\n<ul>\n<li>Dank der Pr\u00e4zisionsscharnierstruktur und der magnetischen Schnalle mit doppelter Unterst\u00fctzung lassen sich die Boxen mit einer Hand leicht \u00f6ffnen und schlie\u00dfen, wodurch das Problem herk\u00f6mmlicher Faltschachteln, die sich leicht verklemmen oder l\u00f6sen, vermieden wird.<\/li>\n<li>Die Lebensdauer des Klappdeckels wurde auf 10.000-maliges \u00d6ffnen und Schlie\u00dfen getestet, und die Haltbarkeit wurde um 300% erh\u00f6ht, um den Anforderungen einer h\u00e4ufigen Nutzung gerecht zu werden.<\/li>\n<\/ul>\n<h2 id=\"-2-environmentally-friendly-coated-paper-material-taking-into-account-strength-and-sustainability-\"><strong>2. Umweltfreundliches beschichtetes Papier unter Ber\u00fccksichtigung von Festigkeit und Nachhaltigkeit<\/strong><\/h2>\n<ul>\n<li>Ausgew\u00e4hltes FSC-zertifiziertes, verdicktes, beschichtetes Papier (optional matte Folie\/gl\u00e4nzende Folie), H\u00e4rte von 400g\/m\u00b2, Tragf\u00e4higkeit von \u00fcber 500g, sch\u00fctzt 1g Harzprodukte sicher.<\/li>\n<li>Unterst\u00fctzung umweltfreundlicher Druckfarben und abbaubarer Beschichtungsverfahren, die den Umweltschutzstandards des europ\u00e4ischen und amerikanischen Marktes entsprechen.<\/li>\n<\/ul>\n<h2 id=\"-3-precision-die-cutting-process-millimeter-level-precision-adaptation-\"><strong>3. Pr\u00e4zisions-Stanzverfahren, Millimetergenaue Anpassung<\/strong><\/h2>\n<ul>\n<li>Die Laserschneidetechnik sorgt daf\u00fcr, dass es keine Grate an der Kante der Schachtel gibt, die Nahttoleranz betr\u00e4gt \u22640,3 mm, die Haptik ist zart und vermeidet das Risiko von Kratzern.<\/li>\n<li>Die Tiefe der eingebauten kreisf\u00f6rmigen Rille ist an die branchen\u00fcbliche 1-Gramm-Konzentratgr\u00f6\u00dfe angepasst (Durchmesser 20 mm\/einstellbar), und es wird eine lebensmittelechte EVA-Pufferschicht verwendet, die sto\u00dffest und druckbest\u00e4ndig ist und sich beim Transport nicht verschiebt.<\/li>\n<\/ul>\n<h2 id=\"-4-minimalist-blank-design-interpreting-high-end-tonality-\"><strong>4. Minimalistisches Blanko-Design, das High-End-Tonalit\u00e4t interpretiert<\/strong><\/h2>\n<ul>\n<li>Die matte Basis in reiner Farbe wird mit einem leeren Design ohne LOGO kombiniert, wodurch der Wert des Inhalts hervorgehoben wird, und unterst\u00fctzt Hei\u00dfpr\u00e4gung, Pr\u00e4gung, UV-Teilglanzoberfl\u00e4che und andere Prozessanpassungen.<\/li>\n<li>Optionales magnetisches Samtfutter, Metall-Namensschild oder individuelles Kartenfach, um das Gef\u00fchl der Auspackzeremonie zu verst\u00e4rken.<\/li>\n<\/ul>\n<h2 id=\"-customized-service-\"><strong>5. Ma\u00dfgeschneiderter Service<\/strong><\/h2>\n<ul>\n<li><strong>Flexible Gr\u00f6\u00dfe<\/strong>: Erm\u00f6glicht die Einstellung von Rillen mit einem Durchmesser von 15-30 mm und passt sich so den Bed\u00fcrfnissen von speziell geformten Wachsdosen oder Verpackungen mit mehreren Rasterungen an.<\/li>\n<li><strong>Strukturelle Verbesserung<\/strong>: F\u00e4lschungssichere Siegel, ausziehbare Innenschalen oder doppellagige Stapeldesigns k\u00f6nnen hinzugef\u00fcgt werden.<\/li>\n<li><strong>L\u00f6sung zum Drucken<\/strong>: Pantone-Sonderfarben, fluoreszierende Farben, Pr\u00e4gedruck und andere Nischenverfahren sind m\u00f6glich, und die gesamte Oberfl\u00e4che der Schachtel kann optisch angepasst werden.<\/li>\n<li><strong>Zus\u00e4tzlicher Wertzuwachs<\/strong>: Mit ma\u00dfgeschneiderten Werkzeugen (z. B. Mikrospateln), Beipackzetteln oder elektronischen Chips (NFC-R\u00fcckverfolgbarkeit).<\/li>\n<\/ul>\n<h3 id=\"-application-scenarios-\"><strong>6. Anwendungsszenarien<\/strong><\/h3>\n<ul>\n<li>Hochwertige konzentrierte Harz-Geschenksets<\/li>\n<li>Co-Branding-Produktverpackung in limitierter Auflage<\/li>\n<li>Versiegelte Lagerung von Wirkstoffen in medizinischer Qualit\u00e4t<\/li>\n<li>Exklusive individuelle Geschenkboxen f\u00fcr Markenmitglieder<\/li>\n<\/ul>","protected":false},"excerpt":{"rendered":"<p>Die speziell f\u00fcr hochwertiges, konzentriertes Lebendharz (Live Resin) entworfene Geschenkbox kombiniert minimalistische \u00c4sthetik mit funktionalem Design und nutzt Pr\u00e4zisionshandwerk, um eine dreifache Verbesserung des Produktschutzes, des Trageerlebnisses und der Markentextur zu erreichen. Sie eignet sich f\u00fcr hochwertige Geschenke, limitierte Auflagen oder individuelle Nischenanfertigungen.<\/p>","protected":false},"featured_media":896,"template":"","meta":{"_kad_post_transparent":"default","_kad_post_title":"","_kad_post_layout":"default","_kad_post_sidebar_id":"","_kad_post_content_style":"default","_kad_post_vertical_padding":"default","_kad_post_feature":"","_kad_post_feature_position":"","_kad_post_header":false,"_kad_post_footer":false,"_kad_post_classname":""},"product_brand":[],"product_cat":[15,27,17],"product_tag":[339,340,338],"class_list":{"0":"post-894","1":"product","2":"type-product","3":"status-publish","4":"has-post-thumbnail","6":"product_cat-red-light-therapy","7":"product_cat-red-light-therapy-belt","8":"product_cat-services","9":"product_tag-bespoke-live-resin-gift-box","10":"product_tag-clamshell-gift-box-for-concentrate","11":"product_tag-gift-box-for-1-gram-concentrate","13":"first","14":"instock","15":"shipping-taxable","16":"product-type-simple","17":"entry","18":"content-bg","19":"loop-entry"},"_links":{"self":[{"href":"https:\/\/red-lighttherapy.com\/de_de\/wp-json\/wp\/v2\/product\/894","targetHints":{"allow":["GET"]}}],"collection":[{"href":"https:\/\/red-lighttherapy.com\/de_de\/wp-json\/wp\/v2\/product"}],"about":[{"href":"https:\/\/red-lighttherapy.com\/de_de\/wp-json\/wp\/v2\/types\/product"}],"wp:featuredmedia":[{"embeddable":true,"href":"https:\/\/red-lighttherapy.com\/de_de\/wp-json\/wp\/v2\/media\/896"}],"wp:attachment":[{"href":"https:\/\/red-lighttherapy.com\/de_de\/wp-json\/wp\/v2\/media?parent=894"}],"wp:term":[{"taxonomy":"product_brand","embeddable":true,"href":"https:\/\/red-lighttherapy.com\/de_de\/wp-json\/wp\/v2\/product_brand?post=894"},{"taxonomy":"product_cat","embeddable":true,"href":"https:\/\/red-lighttherapy.com\/de_de\/wp-json\/wp\/v2\/product_cat?post=894"},{"taxonomy":"product_tag","embeddable":true,"href":"https:\/\/red-lighttherapy.com\/de_de\/wp-json\/wp\/v2\/product_tag?post=894"}],"curies":[{"name":"wp","href":"https:\/\/api.w.org\/{rel}","templated":true}]}}