{"id":893,"date":"2025-04-15T09:26:53","date_gmt":"2025-04-15T09:26:53","guid":{"rendered":"https:\/\/red-lighttherapy.com\/?post_type=product&#038;p=893"},"modified":"2025-04-16T16:38:38","modified_gmt":"2025-04-16T16:38:38","slug":"customized-clamshell-magnetic-perfume-box-gift-box-sourcing","status":"publish","type":"product","link":"https:\/\/red-lighttherapy.com\/de_de\/customized-clamshell-magnetic-perfume-box-gift-box-sourcing\/","title":{"rendered":"Kundenspezifische Muschelschale Magnetische Parf\u00fcm Box Geschenk Box Sourcing"},"content":{"rendered":"<h3 id=\"1-material-selection-the-golden-combination-of-coated-paper-and-cardboard-\">1.\u00a0<strong>Materialauswahl: die goldene Kombination aus gestrichenem Papier und Karton<\/strong><\/h3>\n<p>Die Geschenkbox verwendet\u00a0<strong>beschichtetes Papier<\/strong>\u00a0als Oberfl\u00e4chenpapier. Seine Oberfl\u00e4che ist glatt und saugf\u00e4hig. Es ist in der Lage, hochpr\u00e4zise Muster und feine Farbverl\u00e4ufe pr\u00e4zise wiederzugeben. Es eignet sich besonders f\u00fcr Designs, die metallische Texturen oder Licht- und Schattenebenen aufweisen.\u00a0<strong>1200g einseitiger Karton<\/strong>\u00a0wird f\u00fcr den Boden verwendet. Die Dicke und Tragf\u00e4higkeit werden streng gemessen, um sicherzustellen, dass der Karton stabil ist und sich nicht leicht verformt. Gleichzeitig wird die innere Struktur (z. B. Wabenkartonpolsterung) verwendet, um die Fixierung des Parfums zu verbessern und Sch\u00e4den durch Ersch\u00fctterungen w\u00e4hrend des Transports zu vermeiden.<\/p>\n<h3 id=\"2-appearance-design-deep-purple-tone-and-four-color-spot-color-technology-fusion-\">2.\u00a0<strong>Erscheinungsbild: tiefvioletter Farbton und Vierfarb- und Schmuckfarbenfusionstechnologie<\/strong><\/h3>\n<p>Die Grundfarbe verwendet\u00a0<strong>dunkelviolett<\/strong>Er symbolisiert Eleganz und Geheimnis und passt zur hochwertigen Positionierung von Parf\u00fcmprodukten.\u00a0<strong>Vierfarbiger Druck (CMYK)<\/strong>\u00a0wird verwendet, um eine grundlegende Farbabdeckung zu erreichen, und\u00a0<strong>Schmuckfarbendruck<\/strong>\u00a0(wie Pantone-Farbkarte benutzerdefinierte Farbe) wird \u00fcberlagert, um die Marke LOGO oder spezielle Textur zu markieren, um Farbs\u00e4ttigung und Konsistenz zu gew\u00e4hrleisten. Zum Beispiel nimmt das LOGO Teil der Hei\u00dfpr\u00e4gung spezielle Farbprozess, um einen visuellen Fokus auf dem matten Hintergrund zu bilden, und der gesamte Stil ist einfach, aber luxuri\u00f6s.<\/p>\n<h3 id=\"3-surface-treatment-matt-film-process-improves-practicality-and-protection-\">3.\u00a0<strong>Oberfl\u00e4chenbehandlung: Mattes Folienverfahren verbessert Praktikabilit\u00e4t und Schutz<\/strong><\/h3>\n<p>Die Oberfl\u00e4che der Box ist mit\u00a0<strong>matte Folie<\/strong>die die Eigenschaften von Antifouling, Anti-Fingerprint und Abriebfestigkeit aufweist. Die Oberfl\u00e4che ist mit einer matten Folie bedeckt, um eine hochwertige matte Oberfl\u00e4che zu bilden, die die St\u00f6rung der Reflexion vermeiden kann und gleichzeitig die Erosion durch Feuchtigkeit, \u00d6l und Alkohol verhindert und die Lebensdauer der Geschenkbox verl\u00e4ngert.<\/p>\n<h3 id=\"4-structural-design-the-convenience-and-aesthetic-balance-of-the-top-and-bottom-box-flap-\">4.\u00a0<strong>Strukturelles Design: die Bequemlichkeit und das \u00e4sthetische Gleichgewicht der oberen und unteren Kastenklappe<\/strong><\/h3>\n<p>Verabschiedung der\u00a0<strong>Obere und untere Klappenstruktur<\/strong>Die obere Box und die untere Box werden durch die magnetische Saugstruktur geschlossen, und der \u00d6ffnungs- und Schlie\u00dfwinkel betr\u00e4gt bis zu 180\u00b0, was die Entnahme und das Einlegen von Parf\u00fcm erleichtert. Das Verh\u00e4ltnis von Schachteldeckel und Schachtelk\u00f6rper wurde ergonomisch optimiert, so dass sie mit einer Hand ge\u00f6ffnet und geschlossen werden k\u00f6nnen, was einfach und schnell ist und Zeit spart.<\/p>\n<h3 id=\"5-personalized-customization-flexibly-adapt-to-brand-creative-needs-\">5.\u00a0<strong>Personalisierte Anpassung: flexible Anpassung an die kreativen Bed\u00fcrfnisse der Marke<\/strong><\/h3>\n<p>Die Oberfl\u00e4che der Box unterst\u00fctzt\u00a0<strong>vollfl\u00e4chiger Druck<\/strong>und k\u00f6nnen Muster, Texte und Markengeschichten individuell gestalten. So kann zum Beispiel die Digitaldrucktechnologie eingesetzt werden, um kleine Chargen mit hoher Pr\u00e4zision zu produzieren, oder es k\u00f6nnen Pr\u00e4ge- und Hei\u00dfpr\u00e4geverfahren kombiniert werden, um die Haptik zu verbessern. Die Kunden k\u00f6nnen Designentw\u00fcrfe vorlegen oder professionelle Teams mit der Durchf\u00fchrung kreativer Entw\u00fcrfe beauftragen, um sicherzustellen, dass die Geschenkbox den Markenwert vom Aussehen bis zum Inhalt vermittelt.<\/p>\n<h3 id=\"6-box-type-adaptation-flexibility-of-multi-scenario-applications-\">6.\u00a0<strong>Anpassung des Kastentyps: Flexibilit\u00e4t von Anwendungen f\u00fcr mehrere Szenarien<\/strong><\/h3>\n<p>Zus\u00e4tzlich zu den Standardboxen oben und unten,\u00a0<strong>Schubladentyp, Falttyp, Magnetschnallentyp<\/strong>\u00a0und andere abwechslungsreiche Schachtelarten sind verf\u00fcgbar. Die High-End-Linie kann zum Beispiel eine doppellagige Schachtelstruktur verwenden, um das Gef\u00fchl des Geheimnisvollen zu verst\u00e4rken, w\u00e4hrend die limitierte Auflage mit einer abnehmbaren Einlage oder einem Dufttestger\u00e4t ausgestattet werden kann, um das interaktive Erlebnis zu verst\u00e4rken. Alle Schachteltypen haben die Fall- und Druckfestigkeitstests bestanden, um die Transportsicherheit zu gew\u00e4hrleisten.<\/p>\n<h3 id=\"7-capacity-guarantee-full-process-quality-control-of-5320-workshop-\">7.\u00a0<strong>Kapazit\u00e4tsgarantie: Qualit\u00e4tskontrolle des gesamten Prozesses in der 5320\u33a1-Werkstatt<\/strong><\/h3>\n<p>Wir haben unser eigenes\u00a0<strong>5320 Quadratmeter intelligente Produktionsst\u00e4tte<\/strong>Das Unternehmen ist mit fortschrittlichen Ger\u00e4ten wie Sechsfarben-Druckmaschinen von Heidelberg und vollautomatischen Stanzmaschinen ausgestattet, die eine vollst\u00e4ndige Prozesskontrolle vom Entwurf bis zur Auslieferung erm\u00f6glichen. Streng nach dem ISO-Qualit\u00e4tsmanagementsystem, mit einer t\u00e4glichen Produktionskapazit\u00e4t von mehr als 30.000 St\u00fcck, und dringende Auftr\u00e4ge k\u00f6nnen in 7 Tagen geliefert werden. Das digitale Managementsystem \u00fcberwacht Temperatur, Feuchtigkeit, Farbkonzentration und andere Parameter in Echtzeit, um die Produktkonsistenz zu gew\u00e4hrleisten.<\/p>","protected":false},"excerpt":{"rendered":"<p>Diese Geschenkbox ist eine gemeinsame Innovation von Materialien, Handwerkskunst und Design unter Ber\u00fccksichtigung von Funktionalit\u00e4t, \u00c4sthetik und Markenton. Sie eignet sich f\u00fcr hochwertige Parfums, Weihnachtsgeschenkboxen oder limitierte Gemeinschaftsprodukte. Durch eine flexible Lieferkette und eine strenge Qualit\u00e4tskontrolle bietet sie den Kunden effiziente und zuverl\u00e4ssige ma\u00dfgeschneiderte L\u00f6sungen.<\/p>","protected":false},"featured_media":920,"template":"","meta":{"_kad_post_transparent":"default","_kad_post_title":"","_kad_post_layout":"default","_kad_post_sidebar_id":"","_kad_post_content_style":"default","_kad_post_vertical_padding":"default","_kad_post_feature":"","_kad_post_feature_position":"","_kad_post_header":false,"_kad_post_footer":false,"_kad_post_classname":""},"product_brand":[],"product_cat":[15,27,17],"product_tag":[341,342,343],"class_list":{"0":"post-893","1":"product","2":"type-product","3":"status-publish","4":"has-post-thumbnail","6":"product_cat-red-light-therapy","7":"product_cat-red-light-therapy-belt","8":"product_cat-services","9":"product_tag-customized-clamshell-box","10":"product_tag-magnetic-perfume-box","11":"product_tag-perfume-gift-box-sourcing","13":"first","14":"instock","15":"shipping-taxable","16":"product-type-simple","17":"entry","18":"content-bg","19":"loop-entry"},"_links":{"self":[{"href":"https:\/\/red-lighttherapy.com\/de_de\/wp-json\/wp\/v2\/product\/893","targetHints":{"allow":["GET"]}}],"collection":[{"href":"https:\/\/red-lighttherapy.com\/de_de\/wp-json\/wp\/v2\/product"}],"about":[{"href":"https:\/\/red-lighttherapy.com\/de_de\/wp-json\/wp\/v2\/types\/product"}],"wp:featuredmedia":[{"embeddable":true,"href":"https:\/\/red-lighttherapy.com\/de_de\/wp-json\/wp\/v2\/media\/920"}],"wp:attachment":[{"href":"https:\/\/red-lighttherapy.com\/de_de\/wp-json\/wp\/v2\/media?parent=893"}],"wp:term":[{"taxonomy":"product_brand","embeddable":true,"href":"https:\/\/red-lighttherapy.com\/de_de\/wp-json\/wp\/v2\/product_brand?post=893"},{"taxonomy":"product_cat","embeddable":true,"href":"https:\/\/red-lighttherapy.com\/de_de\/wp-json\/wp\/v2\/product_cat?post=893"},{"taxonomy":"product_tag","embeddable":true,"href":"https:\/\/red-lighttherapy.com\/de_de\/wp-json\/wp\/v2\/product_tag?post=893"}],"curies":[{"name":"wp","href":"https:\/\/api.w.org\/{rel}","templated":true}]}}