{"id":877,"date":"2025-04-15T07:02:12","date_gmt":"2025-04-15T07:02:12","guid":{"rendered":"https:\/\/red-lighttherapy.com\/?post_type=product&#038;p=877"},"modified":"2025-04-20T06:04:31","modified_gmt":"2025-04-20T06:04:31","slug":"distributing-magnetic-lid-rigid-box-for-vip-membership-card","status":"publish","type":"product","link":"https:\/\/red-lighttherapy.com\/de_de\/distributing-magnetic-lid-rigid-box-for-vip-membership-card\/","title":{"rendered":"Verteilerbox mit magnetischem Deckel f\u00fcr VIP-Mitgliedskarte"},"content":{"rendered":"<h2 id=\"product-description-of-vip-member-card-magnetic-cover-hard-box-for-distribution\">Produktbeschreibung von VIP-Mitgliedskarte Magnetische Deckel Starre Box f\u00fcr Verteilung<\/h2>\n<h2>1.\u00a0<strong>Magnetisch <\/strong>Deckel <strong>Box-Typ: Doppeltes Upgrade f\u00fcr einh\u00e4ndige Bedienung und Qualit\u00e4tswahrnehmung<\/strong><\/h2>\n<ul>\n<li><strong>Magnetische Pr\u00e4zisionsadsorption<\/strong>: Dank der hochpr\u00e4zisen magnetischen Ansaugstruktur l\u00e4sst sich der Deckel der Box mit einem einzigen Druck \u00f6ffnen und schlie\u00dfen, und beim Schlie\u00dfen ist ein deutliches \"Klick\"-Ger\u00e4usch zu h\u00f6ren, das die intuitive Qualit\u00e4tswahrnehmung des Benutzers verbessert.<\/li>\n<li><strong>Haltbarkeitsgarantie<\/strong>: Die magnetische Ansaugkomponente wurde f\u00fcr das \u00d6ffnen und Schlie\u00dfen tausende Male ohne Abschw\u00e4chung getestet, was eine langfristige Stabilit\u00e4t gew\u00e4hrleistet.<\/li>\n<\/ul>\n<h2 id=\"2-display-stand-design-enjoy-the-sense-of-ceremony-as-soon-as-you-open-the-box-\">2.\u00a0<strong>Display-Stand-Design: Genie\u00dfen Sie das Gef\u00fchl der Zeremonie, sobald Sie die Box \u00f6ffnen<\/strong><\/h2>\n<ul>\n<li><strong>Multi-Winkel-Display-Funktion<\/strong>: Nach dem Aufklappen des Schachtelk\u00f6rpers bildet sich ein um 30\u00b0 geneigter St\u00e4nder, der das Hei\u00dfpr\u00e4ge-LOGO oder die Pr\u00e4gung der VIP-Karte intuitiv pr\u00e4sentieren kann und so das Gef\u00fchl von W\u00fcrde und Zeremonie beim \u00d6ffnen der Schachtel verst\u00e4rkt.<\/li>\n<li><strong>Gleitschienenstruktur (optional)<\/strong>: Das Schubladenschienendesign verbessert die Leichtg\u00e4ngigkeit des Systems und erf\u00fcllt damit die Anforderungen von Gesch\u00e4ftsszenarien.<\/li>\n<\/ul>\n<h2 id=\"3-visual-presentation-luxury-aesthetic-language-\">3.\u00a0<strong>Visuelle Pr\u00e4sentation: \u00e4sthetische Sprache des Luxus<\/strong><\/h2>\n<ul>\n<li><strong>Hauptfarbe und Handwerkskunst<\/strong>: Der Korpus der Schachtel besteht aus einer reinwei\u00dfen, matten Oberfl\u00e4che, die teilweise mit Hei\u00dfpr\u00e4gung\/Silber veredelt ist, z. B. mit dem Markenlogo, dem Rahmenmuster usw., was einen unaufdringlichen und luxuri\u00f6sen optischen Eindruck vermittelt.<\/li>\n<li><strong>Auswahl des Materials<\/strong>: Wahlweise aus gefrostetem PVC, perlmuttartigem Karton oder umweltfreundlichem Acrylmaterial, das sich zart anf\u00fchlt, kratzfest und verschlei\u00dffest ist.<\/li>\n<\/ul>\n<h2 id=\"4-inner-lining-design-precise-storage-and-protection-\">4.\u00a0<strong>Design des Innenfutters: pr\u00e4zise Aufbewahrung und Schutz<\/strong><\/h2>\n<ul>\n<li><strong>Kundenspezifischer Kartenschlitz<\/strong>: Das Innenfutter besteht aus hochdichtem EVA-Schwamm oder Flanellmaterial, das genau auf die Gr\u00f6\u00dfe der einzelnen\/mehreren Karten abgestimmt ist, sto\u00dffest und verschlei\u00dffest ist.<\/li>\n<li><strong>Multifunktionale Trennwand<\/strong>: Unabh\u00e4ngige F\u00e4cher k\u00f6nnen hinzugef\u00fcgt werden, die mit Visitenkarten, Handb\u00fcchern oder kleinen Geschenken kompatibel sind, um die Bed\u00fcrfnisse von Gesch\u00e4ftsgeschenken zu erf\u00fcllen.<\/li>\n<\/ul>\n<h2 id=\"5-quality-control-standards-strict-scene-adaptability-\">5.\u00a0<strong>Qualit\u00e4tskontrollstandards: Strenge Anpassungsf\u00e4higkeit der Szene<\/strong><\/h2>\n<ul>\n<li><strong>Umweltvertr\u00e4glichkeit<\/strong>: Feuerfest, feuchtigkeitsbest\u00e4ndig, UV-best\u00e4ndig und entspricht den Lager- und Transportstandards einer Bank.<\/li>\n<li><strong>Technische Details<\/strong>: Die Kante des Geh\u00e4uses ist mit einer abgerundeten Fase versehen, um Kratzer zu vermeiden.<\/li>\n<\/ul>\n<h2 id=\"-unlimited-customization-service-\"><strong>6. Unbegrenzter Anpassungsservice<\/strong><\/h2>\n<ul>\n<li><strong>Flexible Prozessanpassung<\/strong>: Unterst\u00fctzt Hei\u00dfpr\u00e4gung\/Silber, UV-Pr\u00e4gung, Laserfarbdruck, Lasergravur und andere Verfahren und kann gleichzeitig LOGO, Nummer, Kundenname und andere personalisierte Informationen anpassen.<\/li>\n<li><strong>Erweiterung von Gr\u00f6\u00dfe und Struktur<\/strong>: Kompatibel mit 0,76mm Standardkarten bis zu 1,2mm dicken Karten, kann es zu doppellagigen magnetischen Saugboxen, faltbaren Geschenkboxen und anderen Formen erweitert werden und passt sich an die Bed\u00fcrfnisse von speziell geformten Karten und Multi-Karten-Kombinationen an.<\/li>\n<li><strong>Chargenlieferungsgarantie<\/strong>: Unterst\u00fctzt eine Mindestbestellmenge von 500 St\u00fcck, eine extrem schnelle Lieferung innerhalb von 7-14 Tagen und bietet w\u00e4hrend des gesamten Prozesses Best\u00e4tigungs-, Korrektur- und \u00dcberpr\u00fcfungsdienste f\u00fcr Farbmuster.<\/li>\n<\/ul>\n<h2 id=\"-applicable-scenario-examples-\"><strong>7. Beispiele f\u00fcr anwendbare Szenarien<\/strong><\/h2>\n<ul>\n<li><strong>Private-Banking-Kunden von Banken<\/strong>: Mit den Schwarzgoldkarten und den Diamantkarten wird die \"exklusive Identit\u00e4t der verm\u00f6genden Nutzer\" gest\u00e4rkt.<\/li>\n<li><strong>Hochwertiges Mitgliedschaftssystem<\/strong>: Die j\u00e4hrliche Geschenkbox enth\u00e4lt ein Handbuch \u00fcber die Mitgliedschaftsrechte und individuelle Karten zur St\u00e4rkung der Markentreue.<\/li>\n<li><strong>Visitenkarten-Set<\/strong>: Integrieren Sie Metall-Visitenkarten und Magnetboxen, um einen doppelten Erinnerungspunkt von \"Touch + Vision\" zu schaffen.<\/li>\n<\/ul>","protected":false},"excerpt":{"rendered":"<p>Diese starre Box mit Magnetverschluss ist speziell f\u00fcr hochwertige VIP-Karten, Kreditkarten, Bankkarten und Visitenkarten konzipiert. Sie kombiniert luxuri\u00f6se Handwerkskunst mit humanisierten Funktionen. Mit magnetischem \u00d6ffnen und Schlie\u00dfen, Display-St\u00e4nder-Design und Hei\u00dfpr\u00e4gung als die wichtigsten Highlights, passt es sich vollst\u00e4ndig an die Bed\u00fcrfnisse von Banken, Privatbanken, High-End-Mitgliedschaftssysteme und andere Szenarien, die Neugestaltung der edlen Erfahrung und Markenwert.<\/p>","protected":false},"featured_media":887,"template":"","meta":{"_kad_post_transparent":"default","_kad_post_title":"","_kad_post_layout":"default","_kad_post_sidebar_id":"","_kad_post_content_style":"default","_kad_post_vertical_padding":"default","_kad_post_feature":"","_kad_post_feature_position":"","_kad_post_header":false,"_kad_post_footer":false,"_kad_post_classname":""},"product_brand":[],"product_cat":[15,27,17],"product_tag":[334,333,332],"class_list":{"0":"post-877","1":"product","2":"type-product","3":"status-publish","4":"has-post-thumbnail","6":"product_cat-red-light-therapy","7":"product_cat-red-light-therapy-belt","8":"product_cat-services","9":"product_tag-custom-vip-membership-card-box","10":"product_tag-magnetic-lid-vip-membership-box","11":"product_tag-rigid-box-for-vip-card","13":"first","14":"instock","15":"shipping-taxable","16":"product-type-simple","17":"entry","18":"content-bg","19":"loop-entry"},"_links":{"self":[{"href":"https:\/\/red-lighttherapy.com\/de_de\/wp-json\/wp\/v2\/product\/877","targetHints":{"allow":["GET"]}}],"collection":[{"href":"https:\/\/red-lighttherapy.com\/de_de\/wp-json\/wp\/v2\/product"}],"about":[{"href":"https:\/\/red-lighttherapy.com\/de_de\/wp-json\/wp\/v2\/types\/product"}],"wp:featuredmedia":[{"embeddable":true,"href":"https:\/\/red-lighttherapy.com\/de_de\/wp-json\/wp\/v2\/media\/887"}],"wp:attachment":[{"href":"https:\/\/red-lighttherapy.com\/de_de\/wp-json\/wp\/v2\/media?parent=877"}],"wp:term":[{"taxonomy":"product_brand","embeddable":true,"href":"https:\/\/red-lighttherapy.com\/de_de\/wp-json\/wp\/v2\/product_brand?post=877"},{"taxonomy":"product_cat","embeddable":true,"href":"https:\/\/red-lighttherapy.com\/de_de\/wp-json\/wp\/v2\/product_cat?post=877"},{"taxonomy":"product_tag","embeddable":true,"href":"https:\/\/red-lighttherapy.com\/de_de\/wp-json\/wp\/v2\/product_tag?post=877"}],"curies":[{"name":"wp","href":"https:\/\/api.w.org\/{rel}","templated":true}]}}