{"id":859,"date":"2025-04-15T06:21:33","date_gmt":"2025-04-15T06:21:33","guid":{"rendered":"https:\/\/red-lighttherapy.com\/?post_type=product&#038;p=859"},"modified":"2025-04-15T07:43:45","modified_gmt":"2025-04-15T07:43:45","slug":"distribute-magnetic-lid-rigid-box-for-lipstick-mini-perfume","status":"publish","type":"product","link":"https:\/\/red-lighttherapy.com\/de_de\/distribute-magnetic-lid-rigid-box-for-lipstick-mini-perfume\/","title":{"rendered":"Verteilen Sie magnetische Deckel starre Box f\u00fcr Lippenstift Mini Parf\u00fcm"},"content":{"rendered":"<h2 id=\"-product-description-of-magnetic-lid-lipstick-mini-perfume-hard-box-\"><strong>Produktbeschreibung von Magnetischer Deckel Lippenstift Mini Parf\u00fcm Starre Box<\/strong><\/h2>\n<h2 id=\"-1-magnetic-lid-design-easy-and-stable-opening-and-closing-\"><strong>1. Magnetische Deckel Design, einfaches und stabiles \u00d6ffnen und Schlie\u00dfen<\/strong><\/h2>\n<p>Dank der hochfesten magnetischen Struktur sind der Deckel und der Beh\u00e4lterk\u00f6rper durch Pr\u00e4zisionsmagnetkomponenten nahtlos miteinander verbunden, lassen sich leicht \u00f6ffnen und schlie\u00dfen und sitzen nach dem Schlie\u00dfen fest, ohne sich zu l\u00f6sen. Die Magnetst\u00e4rke kann je nach den Anforderungen der Marke angepasst werden, um sich an Inhalte verschiedener Gr\u00f6\u00dfen und Gewichte anzupassen und die Sicherheit beim Transport und im t\u00e4glichen Gebrauch zu gew\u00e4hrleisten.<\/p>\n<h2 id=\"-2-modern-and-simple-box-shape-with-neat-lines-\"><strong>2. Moderne und einfache Kastenform mit sauberen Linien<\/strong><\/h2>\n<p>Der Schachtelk\u00f6rper basiert auf einer geometrischen dreidimensionalen Form und zeigt eine moderne industrielle \u00c4sthetik durch minimalistische Linien und rechtwinkliges Faltfl\u00e4chendesign. Das beschichtete Papiermaterial verleiht dem Schachtelk\u00f6rper ein geringes Gewicht bei gleichzeitig hervorragender Tragf\u00e4higkeit, wobei Umweltschutz und Zweckm\u00e4\u00dfigkeit ber\u00fccksichtigt werden.<\/p>\n<h2 id=\"-3-high-precision-craftsmanship-details-highlight-quality-\"><strong>3. Hochpr\u00e4zise Handwerkskunst, Details unterstreichen die Qualit\u00e4t<\/strong><\/h2>\n<p>Das Geh\u00e4use der Schachtel wird mit Lasertechnik gestanzt und eingedr\u00fcckt, die N\u00e4hte sind flach und gratfrei, die Ecken sind scharf und nicht verformt, so dass die Schachtelform gerade und stabil ist. Die Auskleidung besteht aus einem schwarzen, umweltfreundlichen Schwamm mit hoher Dichte, der entsprechend der Form der Lippenstift- oder Parf\u00fcmprobe pr\u00e4zise gerillt ist, den Inhalt fest fixiert, polstert und sto\u00dffest macht und Sch\u00e4den durch Ersch\u00fctterungen w\u00e4hrend des Transports vermeidet.<\/p>\n<h2 id=\"-4-two-color-collision-design-to-enhance-brand-recognition-\"><strong>4. Zweifarbiges Kollisionsdesign zur Verbesserung der Markenerkennung<\/strong><\/h2>\n<ul>\n<li><strong>Externes Design<\/strong>: Der Deckel der Box ist mit einer mattschwarzen UV-Beschichtung versehen, die sich zart anf\u00fchlt, Fingerabdr\u00fccke verhindert und eine dezente, luxuri\u00f6se Textur aufweist.<\/li>\n<li><strong>Highlights des Innenraums und des Kofferaufbaus<\/strong>: Die Seiten und das Innere des Kastenk\u00f6rpers sind hellgr\u00fcn hochgl\u00e4nzend beschichtet, mit einer S\u00e4ttigung von mehr als 95%, was einen starken visuellen Kontrast zu mattem Schwarz bildet, die Hauptfarbe der Marke hervorhebt und die Erinnerungspunkte der Verbraucher verst\u00e4rkt.<\/li>\n<\/ul>\n<h2 id=\"-5-flexible-customization-to-meet-brand-needs-\"><strong>5. Flexible Anpassung an die Bed\u00fcrfnisse der Marke<\/strong><\/h2>\n<ul>\n<li><strong>Gr\u00f6\u00dfe und Struktur<\/strong>: Unterst\u00fctzt die Anpassung an verschiedene Spezifikationen, wie z.B. Mini-Lippenstift (Durchmesser 1,5-2cm) oder Parf\u00fcmproben (H\u00f6he 5-8cm), und der Schachtelk\u00f6rper kann als ein- oder mehrschichtige Trennwandstruktur gestaltet werden.<\/li>\n<li><strong>Technologie-Upgrade<\/strong>: Optional Logo-Pr\u00e4gung, Gold-\/Silber-Hei\u00dfpr\u00e4gung oder lokales UV-Muster zur Steigerung der Markenexklusivit\u00e4t.<\/li>\n<li><strong>Umweltzertifizierung<\/strong>: Das beschichtete Papier entspricht dem FSC-Zertifikat f\u00fcr Waldbewirtschaftung, und die matte Beschichtung hat die REACH-Umweltschutzpr\u00fcfung bestanden und ist ungiftig und unsch\u00e4dlich.<\/li>\n<\/ul>\n<h2 id=\"-applicable-scenarios-\"><strong>Anwendbare Szenarien<\/strong><\/h2>\n<p>Entwickelt f\u00fcr leichte Luxusprodukte wie hochwertige Kosmetika, Parf\u00fcmproben, Schmuckaccessoires usw., geeignet f\u00fcr Marken-Offline-Theken, E-Commerce-Geschenkboxen und Produktverpackungen in limitierter Auflage, die Sch\u00f6nheit und praktischen Schutz miteinander verbinden<\/p>","protected":false},"excerpt":{"rendered":"<p>Mit Magnetverschluss, umweltfreundlichen Materialien und visueller Wirkung als Kernst\u00fcck wird die Marke durch handwerkliche Details und Farbkontraste differenziert, w\u00e4hrend gleichzeitig Schutz- und Nachhaltigkeitskonzepte ber\u00fccksichtigt werden, die den Produkten helfen, sich auf dem Terminalmarkt abzuheben.<\/p>","protected":false},"featured_media":860,"template":"","meta":{"_kad_post_transparent":"default","_kad_post_title":"","_kad_post_layout":"default","_kad_post_sidebar_id":"","_kad_post_content_style":"default","_kad_post_vertical_padding":"default","_kad_post_feature":"","_kad_post_feature_position":"","_kad_post_header":false,"_kad_post_footer":false,"_kad_post_classname":""},"product_brand":[],"product_cat":[15,28,27,17],"product_tag":[326,324,325],"class_list":{"0":"post-859","1":"product","2":"type-product","3":"status-publish","4":"has-post-thumbnail","6":"product_cat-red-light-therapy","7":"product_cat-customize","8":"product_cat-red-light-therapy-belt","9":"product_cat-services","10":"product_tag-distribute-custom-lipstick-mini-perfume-boxes","11":"product_tag-magnetic-lid-lipstick-box","12":"product_tag-rigid-box-for-perfume","14":"first","15":"instock","16":"shipping-taxable","17":"product-type-simple","18":"entry","19":"content-bg","20":"loop-entry"},"_links":{"self":[{"href":"https:\/\/red-lighttherapy.com\/de_de\/wp-json\/wp\/v2\/product\/859","targetHints":{"allow":["GET"]}}],"collection":[{"href":"https:\/\/red-lighttherapy.com\/de_de\/wp-json\/wp\/v2\/product"}],"about":[{"href":"https:\/\/red-lighttherapy.com\/de_de\/wp-json\/wp\/v2\/types\/product"}],"wp:featuredmedia":[{"embeddable":true,"href":"https:\/\/red-lighttherapy.com\/de_de\/wp-json\/wp\/v2\/media\/860"}],"wp:attachment":[{"href":"https:\/\/red-lighttherapy.com\/de_de\/wp-json\/wp\/v2\/media?parent=859"}],"wp:term":[{"taxonomy":"product_brand","embeddable":true,"href":"https:\/\/red-lighttherapy.com\/de_de\/wp-json\/wp\/v2\/product_brand?post=859"},{"taxonomy":"product_cat","embeddable":true,"href":"https:\/\/red-lighttherapy.com\/de_de\/wp-json\/wp\/v2\/product_cat?post=859"},{"taxonomy":"product_tag","embeddable":true,"href":"https:\/\/red-lighttherapy.com\/de_de\/wp-json\/wp\/v2\/product_tag?post=859"}],"curies":[{"name":"wp","href":"https:\/\/api.w.org\/{rel}","templated":true}]}}