{"id":853,"date":"2025-04-15T06:10:00","date_gmt":"2025-04-15T06:10:00","guid":{"rendered":"https:\/\/red-lighttherapy.com\/?post_type=product&#038;p=853"},"modified":"2025-04-15T07:44:04","modified_gmt":"2025-04-15T07:44:04","slug":"luxury-brand-manufacturer-magnetic-closure-box-for-hair-wigs","status":"publish","type":"product","link":"https:\/\/red-lighttherapy.com\/de_de\/luxury-brand-manufacturer-magnetic-closure-box-for-hair-wigs\/","title":{"rendered":"Luxus Marke Hersteller Magnetverschluss Box f\u00fcr Haar Per\u00fccken"},"content":{"rendered":"<h2 id=\"-magnetic-luxury-wig-storage-box-product-description-\"><strong>Magnetverschluss-Luxus-Per\u00fcckenbox Produktbeschreibung<\/strong><\/h2>\n<h2 id=\"-i-innovative-magnetic-opening-and-closing-system-guarding-exquisite-art-\"><strong>1. Innovatives magnetisches \u00d6ffnungs- und Verschlusssystem, das exquisite Kunst bewahrt<\/strong><\/h2>\n<p>\u00dcbernahme von\u00a0<strong>Magnetbox-Design<\/strong>F\u00fcr das einh\u00e4ndige \u00d6ffnen und Schlie\u00dfen werden hochfeste magnetische Komponenten verwendet, die einfach zu bedienen sind und eine hervorragende Abdichtung bieten. Die Kontaktfl\u00e4che zwischen dem Kastendeckel und dem Kastenk\u00f6rper ist genau angepasst, wodurch Staub, Feuchtigkeit und Au\u00dfendruck wirksam isoliert werden, eine konstante Temperatur- und Feuchtigkeitslagerungsumgebung f\u00fcr Per\u00fccken geschaffen und die Lebensdauer verl\u00e4ngert wird. Die eingebettete staubdichte Flanellschicht und die elektrostatische Abschirmungsfolie verhindern au\u00dferdem, dass die Fasern durch Reibung besch\u00e4digt werden, und sorgen daf\u00fcr, dass die Per\u00fcckenform so gut wie zuvor ist.<\/p>\n<h2 id=\"-ii-visual-language-that-emphasizes-both-aesthetics-and-function-\"><strong>2. Bildsprache, die sowohl die \u00c4sthetik als auch die Funktion betont<\/strong><\/h2>\n<ul>\n<li>Mit\u00a0<strong>zentrierte, symmetrische Komposition<\/strong>\u00a0Als Kernst\u00fcck entfaltet sich der Schachtelk\u00f6rper beim \u00d6ffnen der Schachtel mit gleichm\u00e4\u00dfiger Geschwindigkeit entlang der Mittelachse, was der Schachtel ein Gef\u00fchl von Ritual und markenexklusiven Erinnerungspunkten verleiht. Der \u00d6ffnungswinkel des Schachteldeckels ist pr\u00e4zise auf 90\u00b0 eingestellt und eignet sich f\u00fcr Regalauslagen und Geschenkszenen und erh\u00f6ht die visuelle Spannung der Produktpr\u00e4sentation.<\/li>\n<li>Der Kofferaufbau ist mit\u00a0<strong>saubere geometrische Schneidetechnik<\/strong>ohne \u00fcberfl\u00fcssige Verzierungen auf der Oberfl\u00e4che und mit flie\u00dfenden \u00dcberg\u00e4ngen zwischen rechtwinkligen Kanten und Fl\u00e4chen, was der modernen Luxus-Designsprache entspricht. Die modulare Stapelstruktur kann 40% an Lagerplatz sparen und die Transportverlustrate reduzieren.<\/li>\n<\/ul>\n<h2 id=\"-three-sustainable-materials-and-process-innovation-\"><strong>3. Nachhaltige Materialien und Prozessinnovation<\/strong><\/h2>\n<ul>\n<li>Das Hauptmaterial ist\u00a0<strong>FSC-zertifiziertes gestrichenes Papier<\/strong>Die Druckfestigkeit wird durch die f\u00fcnfschichtige Verbundpr\u00e4getechnik um 300% erh\u00f6ht, und die Tragf\u00e4higkeit betr\u00e4gt bis zu 5 kg ohne Verformung. Das leichte Waben-Sandwich-Design ber\u00fccksichtigt die Tragbarkeit, und das Gewicht einer einzelnen Box betr\u00e4gt nur 280 g.<\/li>\n<li>Das Markenlogo greift auf die\u00a0<strong>dreidimensionale Hei\u00dfpr\u00e4getechnik auf Nanoebene<\/strong>Die Kantengenauigkeit betr\u00e4gt \u22640,1 mm, und die Lichtbrechung weist einen zarten Metallglanz auf. Die mattschwarze Farbe ist ruhig und zur\u00fcckhaltend, und sie passt zum\u00a0<strong>leuchtend gelbes Satinband<\/strong>\u00a0die sich durch den Kartonk\u00f6rper zieht, einen starken visuellen Kontrast bildet und die Wiedererkennung des Regals durch 70% verbessert.<\/li>\n<\/ul>\n<h2 id=\"-four-humanized-lining-system-\"><strong>4. Humanisiertes Auskleidungssystem<\/strong><\/h2>\n<ul>\n<li><strong>Gestanzte Rille Innenst\u00fctze<\/strong>\u00a0wird entsprechend dem Bogen der Per\u00fccke angepasst, und das Haar wird durch EVA-Ged\u00e4chtnisschaum und Bogenst\u00fctzrahmen fixiert, um Extrusion und Verformung zu vermeiden. Die Oberfl\u00e4che der Rille ist mit atmungsaktivem Seidenfutter bedeckt, um den nat\u00fcrlichen flauschigen Zustand der Per\u00fccke zu erhalten, und sie kann aus der Box getragen werden.<\/li>\n<\/ul>\n<h2 id=\"-v-environmental-commitment-and-brand-value-\"><strong>5. Umweltengagement und Markenwert<\/strong><\/h2>\n<ul>\n<li>Der gesamte Prozess von den Rohstoffen bis zur Produktion setzt die\u00a0<strong>Standard f\u00fcr eine gr\u00fcne Lieferkette<\/strong>. Die Verpackungstinte besteht aus einer pflanzlichen Formel auf Wasserbasis mit einer biologischen Abbaubarkeit von 98%. F\u00fcr jedes verkaufte Produkt werden 1% des Erl\u00f6ses an das Projekt zum Schutz des tropischen Regenwaldes gespendet, was die soziale Verantwortung der Marke unterstreicht.<\/li>\n<\/ul>\n<h2 id=\"-product-parameters-\"><strong>Produkt-Parameter<\/strong><\/h2>\n<table>\n<thead>\n<tr>\n<th>Projekt<\/th>\n<th>Spezifikationen<\/th>\n<\/tr>\n<\/thead>\n<tbody>\n<tr>\n<td>Material<\/td>\n<td>FSC-zertifiziertes gestrichenes Papier<\/td>\n<\/tr>\n<tr>\n<td>Auskleidung<\/td>\n<td>Individuell gebogenes EVA + Seidenfutter<\/td>\n<\/tr>\n<tr>\n<td>Magnetisches Saugteil<\/td>\n<td>Starker Magnet<\/td>\n<\/tr>\n<tr>\n<td>Gr\u00f6\u00dfe<\/td>\n<td>Anpassbar<\/td>\n<\/tr>\n<\/tbody>\n<\/table>","protected":false},"excerpt":{"rendered":"<p>Der Magnetverschluss erm\u00f6glicht ein einfaches \u00d6ffnen und Schlie\u00dfen mit einer Hand. Sie ist leicht zu bedienen und verf\u00fcgt \u00fcber starke Dichtungseigenschaften, die die Per\u00fccke vor Staub und Feuchtigkeit sch\u00fctzen. Die zentrierte, symmetrische Komposition hebt den Produktk\u00f6rper hervor und verst\u00e4rkt das Gef\u00fchl der Zeremonie beim \u00d6ffnen der Schachtel. Sie eignet sich f\u00fcr die Pr\u00e4sentation im Regal oder als Geschenk.<\/p>","protected":false},"featured_media":854,"template":"","meta":{"_kad_post_transparent":"default","_kad_post_title":"","_kad_post_layout":"default","_kad_post_sidebar_id":"","_kad_post_content_style":"default","_kad_post_vertical_padding":"default","_kad_post_feature":"","_kad_post_feature_position":"","_kad_post_header":false,"_kad_post_footer":false,"_kad_post_classname":""},"product_brand":[],"product_cat":[15,27,17],"product_tag":[323,321,322],"class_list":{"0":"post-853","1":"product","2":"type-product","3":"status-publish","4":"has-post-thumbnail","6":"product_cat-red-light-therapy","7":"product_cat-red-light-therapy-belt","8":"product_cat-services","9":"product_tag-brand-manufacturer-hair-wigs-box","10":"product_tag-luxury-box-for-hair","11":"product_tag-magnetic-closure-box-for-wigs","13":"first","14":"instock","15":"shipping-taxable","16":"product-type-simple","17":"entry","18":"content-bg","19":"loop-entry"},"_links":{"self":[{"href":"https:\/\/red-lighttherapy.com\/de_de\/wp-json\/wp\/v2\/product\/853","targetHints":{"allow":["GET"]}}],"collection":[{"href":"https:\/\/red-lighttherapy.com\/de_de\/wp-json\/wp\/v2\/product"}],"about":[{"href":"https:\/\/red-lighttherapy.com\/de_de\/wp-json\/wp\/v2\/types\/product"}],"wp:featuredmedia":[{"embeddable":true,"href":"https:\/\/red-lighttherapy.com\/de_de\/wp-json\/wp\/v2\/media\/854"}],"wp:attachment":[{"href":"https:\/\/red-lighttherapy.com\/de_de\/wp-json\/wp\/v2\/media?parent=853"}],"wp:term":[{"taxonomy":"product_brand","embeddable":true,"href":"https:\/\/red-lighttherapy.com\/de_de\/wp-json\/wp\/v2\/product_brand?post=853"},{"taxonomy":"product_cat","embeddable":true,"href":"https:\/\/red-lighttherapy.com\/de_de\/wp-json\/wp\/v2\/product_cat?post=853"},{"taxonomy":"product_tag","embeddable":true,"href":"https:\/\/red-lighttherapy.com\/de_de\/wp-json\/wp\/v2\/product_tag?post=853"}],"curies":[{"name":"wp","href":"https:\/\/api.w.org\/{rel}","templated":true}]}}