{"id":847,"date":"2025-04-15T05:57:09","date_gmt":"2025-04-15T05:57:09","guid":{"rendered":"https:\/\/red-lighttherapy.com\/?post_type=product&#038;p=847"},"modified":"2025-04-15T07:44:32","modified_gmt":"2025-04-15T07:44:32","slug":"fabrication-hair-wigs-extension-magnetic-lid-boxes-packaging","status":"publish","type":"product","link":"https:\/\/red-lighttherapy.com\/de_de\/fabrication-hair-wigs-extension-magnetic-lid-boxes-packaging\/","title":{"rendered":"Herstellung Haar Per\u00fccken Verl\u00e4ngerung Magnetische Deckel Boxen Verpackung"},"content":{"rendered":"<h2 id=\"-wig-and-hair-extension-magnetic-cover-box-packaging-product-description-\"><strong>Per\u00fccke und Haarverl\u00e4ngerung magnetische Deckel Box Verpackung Produktbeschreibung<\/strong><\/h2>\n<h2 id=\"1-three-dimensional-structure-design-stability-and-space-efficiency-coexist\">1. Dreidimensionales Strukturdesign: Stabilit\u00e4t und Raumeffizienz koexistieren<\/h2>\n<p>Diese magnetische Abdeckbox verwendet eine\u00a0<strong>dreidimensionale Faltstruktur<\/strong>Die ergonomisch optimierte Innenraumaufteilung bietet Platz f\u00fcr 1-2 Per\u00fccken oder Haarverl\u00e4ngerungsprodukte und verbessert gleichzeitig die Gesamtstabilit\u00e4t durch die Pr\u00e4zisionsverriegelung und das St\u00fctzrippendesign. Die\u00a0<strong>doppellagiges Verfahren zur Kartonverst\u00e4rkung<\/strong>\u00a0wird an den Ecken des Kistenk\u00f6rpers verwendet, in Kombination mit der abgerundeten Kantenbehandlung, um das Risiko von Gratkratzern vollst\u00e4ndig zu eliminieren und Sicherheit und Haltbarkeit w\u00e4hrend des Transports und der Verwendung zu gew\u00e4hrleisten.<\/p>\n<h2 id=\"2-magnetic-opening-and-closing-system-convenience-and-sealing-double-guarantee\">2. Magnetisches \u00d6ffnungs- und Schlie\u00dfsystem: Bequemlichkeit und doppelte Dichtungsgarantie<\/h2>\n<p>Ausgestattet mit einem\u00a0<strong>hochpr\u00e4zises magnetisches Modul<\/strong>Das System kann mit einer Hand ge\u00f6ffnet und geschlossen werden und kann auch dann noch automatisch absorbieren und schlie\u00dfen, wenn der \u00d6ffnungs- und Schlie\u00dfwinkel 120\u00b0 erreicht. Die leise Gleitschiene Design macht das \u00d6ffnen und Schlie\u00dfen Prozess ohne mechanische Ger\u00e4usche, und bildet eine\u00a0<strong>vollst\u00e4ndig ummantelte, versiegelte Struktur<\/strong>\u00a0nach dem Verschlie\u00dfen, was das Eindringen von Staub und ein versehentliches \u00d6ffnen w\u00e4hrend des Transports wirksam verhindert. Er wurde getestet, um einem vertikalen Druck von 3 kg standzuhalten, ohne sich zu verformen.<\/p>\n<h2 id=\"3-environmentally-friendly-materials-and-crafts-fsc-certification-leads-the-green-trend\">3. Umweltfreundliche Materialien und Handwerk: Die FSC-Zertifizierung f\u00fchrt den gr\u00fcnen Trend an<\/h2>\n<p>Der Kastenk\u00f6rper besteht aus\u00a0<strong>FSC-zertifiziertes gestrichenes Papier<\/strong>Die Oberfl\u00e4che ist mit matter, umweltfreundlicher Tinte beschichtet, und das Material ist 100% recycelbar und abbaubar. Das Innenfutter besteht aus EVA-Polsterwatte und herausnehmbaren Trennw\u00e4nden, die nicht nur das Produkt sch\u00fctzen, sondern auch die individuelle Raumgestaltung unterst\u00fctzen und den Verpackungsm\u00fcll reduzieren. Der gesamte Produktionsprozess wurde nach dem Umweltmanagementsystem ISO14001 zertifiziert, und der CO2-Fu\u00dfabdruck ist 40% geringer als bei herk\u00f6mmlichen Verpackungen.<\/p>\n<h2 id=\"4-visual-aesthetics-and-brand-extension\">4. Visuelle \u00c4sthetik und Markenerweiterung<\/h2>\n<ol>\n<li><strong>Hauptfarbe der Lavendelserie<\/strong>: Das vom Farbsystem inspirierte, niedrig ges\u00e4ttigte Lavendel hat eine hochwertige Textur und ist mit dem Perlglanzbeschichtungsverfahren abgestimmt. Unter nat\u00fcrlichem Licht und bei Lichteinfall entsteht ein Glanzgradient, der die Attraktivit\u00e4t der Regalpr\u00e4sentation steigert.<\/li>\n<li><strong>Visuelle Elemente der Marke in der gleichen Farbe<\/strong>:<\/li>\n<li>Das Handband besteht aus recyceltem Polyester, hat eine Breite von 2,5 cm und eine Tragf\u00e4higkeit von 8 kg, die nahtlos mit der Farbe des Kastenk\u00f6rpers verbunden ist.<\/li>\n<li>In der Mitte des Kastendeckels ist eine Intarsie mit einem\u00a0<strong>satinierter magnetischer Zierstreifen<\/strong>Das Markenlogo wird gedruckt und gepresst, so dass eine visuelle Kontinuit\u00e4t zwischen Verpackung und Markenlogo entsteht.<\/li>\n<\/ol>\n<h2 id=\"5-professional-manufacturing-and-fast-delivery\">5. Professionelle Fertigung und schnelle Lieferung<\/h2>\n<p>Verlassen Sie sich auf\u00a0<strong>16 Jahre Erfahrung in der Verpackungsherstellung<\/strong>Das Werk ist mit einem intelligenten ERP-Managementsystem ausgestattet, um den gesamten Prozess vom Entwurf und der Pr\u00fcfung bis zur Massenproduktion digital zu steuern. Unterst\u00fctzt eine Mindestbestellung von 500 St\u00fcck, schlie\u00dft die Produktion und Lieferung innerhalb von 7 Tagen ab, mit einer durchschnittlichen t\u00e4glichen Produktionskapazit\u00e4t von 1 Million St\u00fcck und einer stabilen Ausbeute von mehr als 99,8%.<\/p>\n<h2 id=\"-technical-parameters-\"><strong>Technische Parameter<\/strong><\/h2>\n<table>\n<thead>\n<tr>\n<th>Projekt<\/th>\n<th>Spezifikationen<\/th>\n<\/tr>\n<\/thead>\n<tbody>\n<tr>\n<td>\u00c4u\u00dfere Gr\u00f6\u00dfe des Kartons<\/td>\n<td>Anpassbar<\/td>\n<\/tr>\n<tr>\n<td>Magnetische St\u00e4rke<\/td>\n<td>\u2265800GS<\/td>\n<\/tr>\n<tr>\n<td>Umweltzertifizierung<\/td>\n<td>FSC, RoHS, REACH<\/td>\n<\/tr>\n<tr>\n<td>Lieferzyklus<\/td>\n<td>7 Tage (einschlie\u00dflich Korrekturbest\u00e4tigung)<\/td>\n<\/tr>\n<\/tbody>\n<\/table>","protected":false},"excerpt":{"rendered":"<p>Die Magnetverschlussbox erm\u00f6glicht eine bequeme Einhandbedienung, und der \u00d6ffnungs- und Schlie\u00dfvorgang ist leise und reibungslos. Sie eignet sich f\u00fcr hochwertige Per\u00fcckenmarken, Friseursalon-Geschenksets, grenz\u00fcberschreitende E-Commerce-Haarverl\u00e4ngerungsprodukte und andere Szenarien und unterst\u00fctzt kundenspezifische Dienstleistungen wie LOGO-Hei\u00dfpr\u00e4gung\/UV-Druck und Laser-F\u00e4lschungssicherheit.<\/p>","protected":false},"featured_media":848,"template":"","meta":{"_kad_post_transparent":"default","_kad_post_title":"","_kad_post_layout":"default","_kad_post_sidebar_id":"","_kad_post_content_style":"default","_kad_post_vertical_padding":"default","_kad_post_feature":"","_kad_post_feature_position":"","_kad_post_header":false,"_kad_post_footer":false,"_kad_post_classname":""},"product_brand":[],"product_cat":[15,27,17],"product_tag":[319,320,318],"class_list":{"0":"post-847","1":"product","2":"type-product","3":"status-publish","4":"has-post-thumbnail","6":"product_cat-red-light-therapy","7":"product_cat-red-light-therapy-belt","8":"product_cat-services","9":"product_tag-custom-wig-packaging-boxes-wholesale","10":"product_tag-notable-wig-packaging","11":"product_tag-wig-boxes","13":"first","14":"instock","15":"shipping-taxable","16":"product-type-simple","17":"entry","18":"content-bg","19":"loop-entry"},"_links":{"self":[{"href":"https:\/\/red-lighttherapy.com\/de_de\/wp-json\/wp\/v2\/product\/847","targetHints":{"allow":["GET"]}}],"collection":[{"href":"https:\/\/red-lighttherapy.com\/de_de\/wp-json\/wp\/v2\/product"}],"about":[{"href":"https:\/\/red-lighttherapy.com\/de_de\/wp-json\/wp\/v2\/types\/product"}],"wp:featuredmedia":[{"embeddable":true,"href":"https:\/\/red-lighttherapy.com\/de_de\/wp-json\/wp\/v2\/media\/848"}],"wp:attachment":[{"href":"https:\/\/red-lighttherapy.com\/de_de\/wp-json\/wp\/v2\/media?parent=847"}],"wp:term":[{"taxonomy":"product_brand","embeddable":true,"href":"https:\/\/red-lighttherapy.com\/de_de\/wp-json\/wp\/v2\/product_brand?post=847"},{"taxonomy":"product_cat","embeddable":true,"href":"https:\/\/red-lighttherapy.com\/de_de\/wp-json\/wp\/v2\/product_cat?post=847"},{"taxonomy":"product_tag","embeddable":true,"href":"https:\/\/red-lighttherapy.com\/de_de\/wp-json\/wp\/v2\/product_tag?post=847"}],"curies":[{"name":"wp","href":"https:\/\/api.w.org\/{rel}","templated":true}]}}