{"id":836,"date":"2025-04-15T03:39:51","date_gmt":"2025-04-15T03:39:51","guid":{"rendered":"https:\/\/red-lighttherapy.com\/?post_type=product&#038;p=836"},"modified":"2025-04-15T04:18:39","modified_gmt":"2025-04-15T04:18:39","slug":"magnetic-closure-scissors-boxes-packaging-solution-with-eva","status":"publish","type":"product","link":"https:\/\/red-lighttherapy.com\/de_de\/magnetic-closure-scissors-boxes-packaging-solution-with-eva\/","title":{"rendered":"Magnetverschluss Scheren Boxen Verpackungsl\u00f6sung mit Eva"},"content":{"rendered":"<h2 id=\"-eva-magnetic-sealing-scissors-box-packaging-solution-\">Magnetverschluss Scheren Boxen Verpackungsl\u00f6sung mit Eva<\/h2>\n<h2 id=\"1-magnetic-flip-cover-structure-one-hand-operation-ultimate-sealing-\">1.\u00a0<strong>Magnetverschlussdeckelstruktur: Einhandbedienung, ultimative Abdichtung<\/strong><\/h2>\n<p>Das Design des magnetischen Verschlussdeckels wurde \u00fcbernommen. Im geschlossenen Zustand sind die N52-Magnetbaugruppe und das Metallblech genau aufeinander abgestimmt, um eine nahtlose Abdichtung zu erreichen, die mit einer Hand leicht ge\u00f6ffnet und geschlossen werden kann. Die magnetische Ansaugkraft wurde durch 5000 \u00d6ffnungs- und Schlie\u00dftests \u00fcberpr\u00fcft und h\u00e4lt immer noch eine stabile Ansaugung aufrecht (die Magnetst\u00e4rke betr\u00e4gt mehr als 14 kg\/cm\u00b2), was den Industriestandard weit \u00fcbertrifft. Die Kante des Kastendeckels ist mit einem Bogen\u00fcbergang versehen, um die Leichtg\u00e4ngigkeit beim \u00d6ffnen und Schlie\u00dfen zu verbessern und die Gefahr des Einklemmens der H\u00e4nde zu vermeiden.<\/p>\n<h2 id=\"2-stepped-eva-sponge-lining-precise-shockproof-suitable-for-high-end-scissors-\">2.\u00a0<strong>Abgestufte EVA-Schwammeinlage: pr\u00e4zise sto\u00dffest, geeignet f\u00fcr hochwertige Scheren<\/strong><\/h2>\n<p>Die Auskleidung besteht aus hochdichtem EVA-Material (umweltfreundlich und sehr sto\u00dffest), das durch das gestufte Form\u00f6ffnungsverfahren pr\u00e4zise geschnitten wird, um sich perfekt an die Kontur der Schere anzupassen. Das Innere ist in drei Schichten unterteilt: der obere feste Griff, die mittlere Pufferklinge und die untere verst\u00e4rkte St\u00fctze, um einen 360\u00b0-Antiseismik-Schutz zu erreichen, und die Druckfestigkeit w\u00e4hrend des Transports betr\u00e4gt mehr als 50 kg.<\/p>\n<h2 id=\"3-golden-section-box-design-balanced-aesthetics-of-visual-and-function-\">3.\u00a0<strong>Golden Section Box Design: Ausgewogene \u00c4sthetik von Optik und Funktion<\/strong><\/h2>\n<p>Das Verh\u00e4ltnis von L\u00e4nge, Breite und H\u00f6he der Verpackungsschachtel folgt strikt dem goldenen Schnitt von 1:0,618, kombiniert mit der schwarzen Hauptfarbe und der matten Textur, die den hochwertigen Luxus unterstreichen. Die Kante des Schachtelk\u00f6rpers ist mit 5 mm abgerundeten Ecken versehen, um den Komfort beim Halten zu erh\u00f6hen und gleichzeitig die Logik der geometrischen \u00c4sthetik widerzuspiegeln. Der \u00d6ffnungswinkel des Schachteldeckels betr\u00e4gt 110\u00b0, was ergonomisch ist und eine elegante \u00d6ffnungs- und Schlie\u00dfhaltung bei der Pr\u00e4sentation erm\u00f6glicht.<\/p>\n<h2 id=\"4-customized-surface-technology-in-depth-transmission-of-brand-value-\">4.\u00a0<strong>Ma\u00dfgeschneiderte Oberfl\u00e4chentechnologie: Tiefgreifende \u00dcbertragung des Markenwerts<\/strong><\/h2>\n<ul>\n<li><strong>Lasergravur<\/strong>: UV-Laser-Lasergravur-Technologie wird im zentralen Bereich der Box Abdeckung, die eine Marke LOGO oder Textur mit einer Genauigkeit von 0,1 mm darstellen kann, und unterst\u00fctzt die Kontrastwirkung von Metall Textur und matt.<\/li>\n<li><strong>Hei\u00dfpr\u00e4geverfahren<\/strong>: Lokale Hei\u00dfpr\u00e4gung in Gold\/Silber wertet die visuelle Ebene auf, wie z.B. die Linienverzierung oder der Slogan-Text am Rand des Schachteldeckels.<\/li>\n<li><strong>UV-Beschichtung<\/strong>: Die Oberfl\u00e4che ist mit matter UV-Tinte beschichtet, die empfindlich und verschlei\u00dffest ist, um R\u00fcckst\u00e4nde von Fingerabdr\u00fccken zu vermeiden.<\/li>\n<\/ul>\n<h2 id=\"5-efficient-production-and-verification-system-48-hour-ultra-fast-proofing-\">5.\u00a0<strong>Effizientes Produktions- und Pr\u00fcfsystem: 48 Stunden ultraschnelles Proofing<\/strong><\/h2>\n<p>Dank der intelligenten Schachtelbibliothek und der automatisierten Produktionslinie kann der gesamte Prozess vom Entwurf bis zur Bemusterung schnell abgewickelt werden:<\/p>\n<ul>\n<li><strong>Strukturelle \u00dcberpr\u00fcfung<\/strong>: Die 3D-Modellierung erzeugt Faltanimationen und simuliert die \u00d6ffnungs- und Schlie\u00dfeffekte in Echtzeit.<\/li>\n<li><strong>Passendes Material<\/strong>: Es stehen 10 EVA-Dichten (20-60kg\/m\u00b3) und 5 Magnetspezifikationen (Durchmesser 5-20mm) zur Verf\u00fcgung.<\/li>\n<li><strong>Druckpr\u00fcfung<\/strong>: Durch Digitaldruck und Kleinserienproduktion werden physische Muster mit Prozess\u00fcberpr\u00fcfung innerhalb von 48 Stunden geliefert.<\/li>\n<\/ul>\n<h2 id=\"-technical-parameters-and-applicable-scenarios-\"><strong>Technische Parameter und anwendbare Szenarien<\/strong><\/h2>\n<table>\n<thead>\n<tr>\n<th><strong>Projekt<\/strong><\/th>\n<th><strong>Spezifikationen<\/strong><\/th>\n<\/tr>\n<\/thead>\n<tbody>\n<tr>\n<td>Material<\/td>\n<td>\u00c4u\u00dferer Karton: 450g schwarzer Karton + EVA-Futter (Dicke 10mm)<\/td>\n<\/tr>\n<tr>\n<td>Magnet-Konfiguration<\/td>\n<td>N52 NdFeB-Magnet \u00d7 2 (Durchmesser 12 mm, Dicke 3 mm)<\/td>\n<\/tr>\n<tr>\n<td>Oberfl\u00e4chenverfahren<\/td>\n<td>UV-Mattierung + Hei\u00dfpr\u00e4gung\/Lasergravur (optionale Kombination)<\/td>\n<\/tr>\n<tr>\n<td>Geeignete Scherengr\u00f6\u00dfe<\/td>\n<td>L\u00e4nge 150-250mm (unterst\u00fctzt kundenspezifische Gitterverkleidung)<\/td>\n<\/tr>\n<tr>\n<td>Schutzniveau<\/td>\n<td>Fallschutzh\u00f6he 1,5 m, belastbar mit 50 kg ohne Verformung<\/td>\n<\/tr>\n<\/tbody>\n<\/table>\n<p><strong>Anwendbare Felder<\/strong>: Hochwertige Haushaltsscheren, professionelle Friseurwerkzeuge, medizinische chirurgische Instrumente und andere Pr\u00e4zisionswerkzeugverpackungen.<\/p>\n<h2 id=\"-value-proposition-\"><strong>Nutzenversprechen<\/strong><\/h2>\n<ul>\n<li><strong>Marke Premium<\/strong>: Das schwarze, minimalistische Design wird mit der magnetischen Interaktion kombiniert, um ein hochwertiges Erlebnis zu schaffen, bei dem das \u00d6ffnen der Box ein Gef\u00fchl der Zeremonie ist\".<\/li>\n<li><strong>Kostenoptimierung<\/strong>: Das integrierte EVA-Futterformverfahren reduziert die Montageschritte, und die Kosten f\u00fcr die Massenproduktion sind 15% niedriger als bei der traditionellen Schaumstoffl\u00f6sung.<\/li>\n<li><strong>Engagement f\u00fcr den Umweltschutz<\/strong>: EVA-Materialien sind recycelbar und abbaubar und entsprechen den RoHS-Normen der EU.<\/li>\n<\/ul>","protected":false},"excerpt":{"rendered":"<p>Es wird eine magnetische Verschlussstruktur verwendet, die dicht und l\u00fcckenlos verschlossen ist und sich leicht mit einer Hand bedienen l\u00e4sst. Die innere, abgestufte Schwammauskleidung ist pr\u00e4zise geformt, um die sto\u00dffesten Anforderungen von Scherenverpackungsprodukten zu erf\u00fcllen.<\/p>","protected":false},"featured_media":837,"template":"","meta":{"_kad_post_transparent":"default","_kad_post_title":"","_kad_post_layout":"default","_kad_post_sidebar_id":"","_kad_post_content_style":"default","_kad_post_vertical_padding":"default","_kad_post_feature":"","_kad_post_feature_position":"","_kad_post_header":false,"_kad_post_footer":false,"_kad_post_classname":""},"product_brand":[],"product_cat":[15,17],"product_tag":[315,316,317],"class_list":{"0":"post-836","1":"product","2":"type-product","3":"status-publish","4":"has-post-thumbnail","6":"product_cat-red-light-therapy","7":"product_cat-services","8":"product_tag-magnetic-closure-boxes-for-scissors","9":"product_tag-scissors-boxes-packaging-solution","10":"product_tag-scissors-packaging-with-eva","12":"first","13":"instock","14":"shipping-taxable","15":"product-type-simple","16":"entry","17":"content-bg","18":"loop-entry"},"_links":{"self":[{"href":"https:\/\/red-lighttherapy.com\/de_de\/wp-json\/wp\/v2\/product\/836","targetHints":{"allow":["GET"]}}],"collection":[{"href":"https:\/\/red-lighttherapy.com\/de_de\/wp-json\/wp\/v2\/product"}],"about":[{"href":"https:\/\/red-lighttherapy.com\/de_de\/wp-json\/wp\/v2\/types\/product"}],"wp:featuredmedia":[{"embeddable":true,"href":"https:\/\/red-lighttherapy.com\/de_de\/wp-json\/wp\/v2\/media\/837"}],"wp:attachment":[{"href":"https:\/\/red-lighttherapy.com\/de_de\/wp-json\/wp\/v2\/media?parent=836"}],"wp:term":[{"taxonomy":"product_brand","embeddable":true,"href":"https:\/\/red-lighttherapy.com\/de_de\/wp-json\/wp\/v2\/product_brand?post=836"},{"taxonomy":"product_cat","embeddable":true,"href":"https:\/\/red-lighttherapy.com\/de_de\/wp-json\/wp\/v2\/product_cat?post=836"},{"taxonomy":"product_tag","embeddable":true,"href":"https:\/\/red-lighttherapy.com\/de_de\/wp-json\/wp\/v2\/product_tag?post=836"}],"curies":[{"name":"wp","href":"https:\/\/api.w.org\/{rel}","templated":true}]}}