{"id":830,"date":"2025-04-15T03:26:39","date_gmt":"2025-04-15T03:26:39","guid":{"rendered":"https:\/\/red-lighttherapy.com\/?post_type=product&#038;p=830"},"modified":"2025-04-15T03:39:42","modified_gmt":"2025-04-15T03:39:42","slug":"maker-holographic-paper-lid-lift-off-box-for-candle-perfume","status":"publish","type":"product","link":"https:\/\/red-lighttherapy.com\/de_de\/maker-holographic-paper-lid-lift-off-box-for-candle-perfume\/","title":{"rendered":"Maker Holographic Paper Lid Lift-Off Box f\u00fcr Kerze Parf\u00fcm"},"content":{"rendered":"<h2 id=\"-maker-candle-perfume-holographic-paper-lid-box-product-description-\"><strong>Maker Candle Perfume Holographic Paper Lid and Base Box Produktbeschreibung<\/strong><\/h2>\n<h2 id=\"-1-classic-top-and-bottom-lid-box-design-both-stable-and-aesthetic-\"><strong>1. Klassisches Design der Box mit Deckel und Boden, stabil und \u00e4sthetisch<\/strong><\/h2>\n<p>Der Deckel und der Boden der Dose werden durch Pr\u00e4zisionsformen geformt, um eine millimetergenaue Passgenauigkeit zu erreichen. Der Dosenk\u00f6rper kombiniert das Konzept des zweischichtigen Schutzes, und die ma\u00dfgeschneiderte Nut im Inneren umschlie\u00dft die Kerze fest. Die Anti-Erdbeben- und Anti-Kompressionsleistung ist besser als bei gew\u00f6hnlichen Schwamm-Materialien und sorgt daf\u00fcr, dass beim Langstreckentransport keine Sch\u00e4den entstehen. Die \u00d6ffnung der Schachtel ist mit einer magnetischen Schnalle oder einem Schnappverschluss ausgestattet, der sich leicht \u00f6ffnen und schlie\u00dfen l\u00e4sst und eine starke Abdichtung bietet. Dadurch wird ein versehentliches \u00d6ffnen w\u00e4hrend des Transports verhindert und ein Gef\u00fchl der Zeremonie des Auspackens vermittelt.<\/p>\n<h2 id=\"-2-humanized-interactive-experience-efficient-adaptation-to-retail-scenarios-\"><strong>2. Humanisiertes interaktives Erlebnis, effiziente Anpassung an Einzelhandelsszenarien<\/strong><\/h2>\n<p>Das praktische Design, das mit einer einzigen Ber\u00fchrung ge\u00f6ffnet werden kann, erfordert keine komplizierten Schritte, um den Bed\u00fcrfnissen der Verbraucher in Einzelhandelsszenarien zu entsprechen, die Produkte schnell zu betrachten. Die Schachtel hat steife Linien und besteht aus einem Verbundmaterial aus hochfestem, umweltfreundlichem Karton und einer Bambusfaserschicht. Er verformt sich nicht leicht, wenn er ausgestellt wird, und eignet sich f\u00fcr verschiedene Szenarien wie Regale, Geschenkboxen und Kunstausstellungen. Das Innenfutter unterst\u00fctzt das F\u00e4cherdesign, das flexibel Parfums, Accessoires oder Anleitungen aufnehmen kann, um die Funktionalit\u00e4t und Praktikabilit\u00e4t zu erh\u00f6hen.<\/p>\n<h2 id=\"-3-environmentally-friendly-materials-and-holographic-vision-create-advanced-sensory-memory-\"><strong>3. Umweltfreundliche Materialien und holografisches Sehen schaffen ein fortschrittliches sensorisches Ged\u00e4chtnis<\/strong><\/h2>\n<p>F\u00fcr den Schachtelk\u00f6rper wird 183g umweltfreundliches holografisches Papier verwendet, das mit einem abbaubaren Laminierungsverfahren kombiniert wird. Der seidige Griff und der Laser-Fantasie-Farbeffekt bilden einen doppelten visuellen und taktilen Erinnerungspunkt. Die silberne Basis legt den Grundstein f\u00fcr das Gef\u00fchl von Technologie und Zukunft, und die Laser-Sprungfarbe verleiht Vitalit\u00e4t durch dynamische Licht- und Schattenver\u00e4nderungen, die genau die emotionale Resonanz von Frauen und jungen Kunden erreichen. Das Laminierungsverfahren ist sowohl f\u00e4ulnishemmend als auch verschlei\u00dffest, um sicherzustellen, dass der Glanz lange anh\u00e4lt und wie neu aussieht, wenn er pr\u00e4sentiert wird.<\/p>\n<h2 id=\"-4-customized-accessories-empower-brand-premium-\"><strong>4. Ma\u00dfgeschneidertes Zubeh\u00f6r st\u00e4rkt die Markenpr\u00e4mie<\/strong><\/h2>\n<p>Unterst\u00fctzt die Anbringung von Zubeh\u00f6r wie Magnetverschl\u00fcssen, B\u00e4ndern und Hei\u00dfpr\u00e4ge-Logos, die sich f\u00fcr Produkte mit hohem Mehrwert eignen, wie z. B. Geschenkboxen f\u00fcr Feiertage, limitierte Auflagen und Modelle mit Co-Branding. Die Auskleidung kann mit Beflockung oder recycelbarem EVA-Material aufgewertet werden, und das F\u00e4cherdesign kann eine Vielzahl von D\u00fcften aufnehmen, um Marketingszenarien wie \"Duftsets\" und \"saisonal limitiert\" zu erf\u00fcllen. Die Seite der Verpackungsbox kann mit einem Duftfenster versehen werden, so dass die Verbraucher den Duft schon vor dem Auspacken riechen k\u00f6nnen, was das Erlebnis noch verst\u00e4rkt.<\/p>\n<h2 id=\"-5-strengthening-sustainable-concept-and-brand-recognition-\"><strong>5. St\u00e4rkung des nachhaltigen Konzepts und der Markenbekanntheit<\/strong><\/h2>\n<p>Der gesamte Prozess basiert auf einer umweltfreundlichen Technologie, und die Bambusfaserschicht und die abbaubaren Beschichtungsmaterialien erf\u00fcllen die FSC-Zertifizierungsstandards, wobei sowohl die \u00c4sthetik als auch nachhaltige Konzepte ber\u00fccksichtigt werden. Der Lasereffekt in Kombination mit dem exklusiven Farbsystem der Marke sorgt f\u00fcr einen starken visuellen Wiedererkennungswert und hat in der Kommunikation in den sozialen Medien das Thema \"Laserspot\", was der Marke hilft, den Kreis zu durchbrechen. Der Verpackungskarton kann in eine Aufbewahrungsbox f\u00fcr den Haushalt oder in ein Kunstobjekt umgewandelt werden, um den Lebenszyklus zu verl\u00e4ngern und das Image des Umweltschutzes zu vertiefen.<\/p>\n<h2 id=\"-application-scenario-example-\"><strong>6. Beispiel f\u00fcr ein Anwendungsszenario<\/strong><\/h2>\n<ul>\n<li><strong>Display f\u00fcr den Einzelhandel<\/strong>: Die steife Schachtel eignet sich f\u00fcr die Regale von Superm\u00e4rkten und Sch\u00f6nheitsl\u00e4den, und der Laserglanz zieht die Aufmerksamkeit auf sich.<\/li>\n<li><strong>Geschenkset<\/strong>: F\u00fcgen Sie B\u00e4nder und Gru\u00dfkarten mit Goldpr\u00e4gung hinzu, um das Gef\u00fchl einer feierlichen Geschenk\u00fcbergabe zu vermitteln.<\/li>\n<li><strong>Co-Branding von Marken<\/strong>: Durch die Gestaltung des Innenfutters und der Magnetschnalle lassen sich Produkte mehrerer Marken integrieren, um den Premiumbereich zu vergr\u00f6\u00dfern.<\/li>\n<\/ul>\n<h2 id=\"-technical-parameters-\"><strong>7. Technische Parameter<\/strong><\/h2>\n<ul>\n<li>Material: 183g holografisches Papier + Bambusfaser-Verbundschicht<\/li>\n<li>Verfahren: Niedrigtemperatur-Sojawachs-Laminierung, Laser-Pr\u00e4zisionsstanzung<\/li>\n<li>Gr\u00f6\u00dfe: Unterst\u00fctzung der Anpassung (Standardversion ist geeignet f\u00fcr 8cm Durchmesser Kerzen)<\/li>\n<li>Umweltzertifizierung: FSC, abbaubares Etikett<\/li>\n<\/ul>","protected":false},"excerpt":{"rendered":"<p>Die holografische Deckel- und Bodenschachtel Maker hat das \"futuristische Ritual\" zum Kern. Durch den Zusammenprall von technologischem Silber und Laserfarbe schafft sie ein Gleichgewicht zwischen rationaler \u00c4sthetik und emotionaler Erfahrung und wird so zu einem stillen Medium f\u00fcr die Marke, um ihre Werte zu vermitteln.<\/p>","protected":false},"featured_media":832,"template":"","meta":{"_kad_post_transparent":"default","_kad_post_title":"","_kad_post_layout":"default","_kad_post_sidebar_id":"","_kad_post_content_style":"default","_kad_post_vertical_padding":"default","_kad_post_feature":"","_kad_post_feature_position":"","_kad_post_header":false,"_kad_post_footer":false,"_kad_post_classname":""},"product_brand":[],"product_cat":[15,19,17],"product_tag":[312,313,314],"class_list":{"0":"post-830","1":"product","2":"type-product","3":"status-publish","4":"has-post-thumbnail","6":"product_cat-red-light-therapy","7":"product_cat-red-light-therapy-stand","8":"product_cat-services","9":"product_tag-holographic-paper-candle-box","10":"product_tag-lid-lift-off-box-for-perfume","11":"product_tag-maker-box-for-candle-perfume","13":"first","14":"instock","15":"shipping-taxable","16":"product-type-simple","17":"entry","18":"content-bg","19":"loop-entry"},"_links":{"self":[{"href":"https:\/\/red-lighttherapy.com\/de_de\/wp-json\/wp\/v2\/product\/830","targetHints":{"allow":["GET"]}}],"collection":[{"href":"https:\/\/red-lighttherapy.com\/de_de\/wp-json\/wp\/v2\/product"}],"about":[{"href":"https:\/\/red-lighttherapy.com\/de_de\/wp-json\/wp\/v2\/types\/product"}],"wp:featuredmedia":[{"embeddable":true,"href":"https:\/\/red-lighttherapy.com\/de_de\/wp-json\/wp\/v2\/media\/832"}],"wp:attachment":[{"href":"https:\/\/red-lighttherapy.com\/de_de\/wp-json\/wp\/v2\/media?parent=830"}],"wp:term":[{"taxonomy":"product_brand","embeddable":true,"href":"https:\/\/red-lighttherapy.com\/de_de\/wp-json\/wp\/v2\/product_brand?post=830"},{"taxonomy":"product_cat","embeddable":true,"href":"https:\/\/red-lighttherapy.com\/de_de\/wp-json\/wp\/v2\/product_cat?post=830"},{"taxonomy":"product_tag","embeddable":true,"href":"https:\/\/red-lighttherapy.com\/de_de\/wp-json\/wp\/v2\/product_tag?post=830"}],"curies":[{"name":"wp","href":"https:\/\/api.w.org\/{rel}","templated":true}]}}