{"id":824,"date":"2025-04-15T03:12:20","date_gmt":"2025-04-15T03:12:20","guid":{"rendered":"https:\/\/red-lighttherapy.com\/?post_type=product&#038;p=824"},"modified":"2025-04-15T03:26:31","modified_gmt":"2025-04-15T03:26:31","slug":"custom-luxury-sliding-drawer-wigs-packaging-boxes-bulk","status":"publish","type":"product","link":"https:\/\/red-lighttherapy.com\/de_de\/custom-luxury-sliding-drawer-wigs-packaging-boxes-bulk\/","title":{"rendered":"Benutzerdefinierte Luxus-Schublade Per\u00fccken Verpackung Boxen Bulk"},"content":{"rendered":"<h2 id=\"customized-luxury-sliding-drawer-style-wig-packaging-box-product-description\">Custom Luxury Sliding Drawer Per\u00fccken Verpackung Boxen Bulk Produktbeschreibung<\/h2>\n<h2><strong>1. Innovativ s<\/strong>Schiebeschublade <strong>\u00d6ffnungsdesign<\/strong><\/h2>\n<p>Dank der pr\u00e4zisen Gleitschienenstruktur l\u00e4sst es sich mit einem einzigen Druck leicht \u00f6ffnen und schlie\u00dfen, wobei Folgendes ber\u00fccksichtigt wird\u00a0<strong>ritueller Sinn und Komfort<\/strong>. Das Design der Schublade ist von hochwertigen Per\u00fcckenboxen inspiriert. Die interne Schiene wurde wiederholt getestet und optimiert, um einen reibungslosen Betrieb ohne Verklemmung zu gew\u00e4hrleisten. Gleichzeitig wird die magnetische Schnalle verwendet, um die Stabilit\u00e4t des Verschlusses zu erreichen und ein versehentliches Verrutschen zu vermeiden.<\/p>\n<h2 id=\"-2-scientific-lining-support-system-\"><strong>2. Wissenschaftliches System zur Unterst\u00fctzung der Auskleidung<\/strong><\/h2>\n<p>Der Innenschuh besteht aus einem Verbundmaterial aus hochdichtem EVA-Schwamm und Flockstoff. \u00dcber\u00a0<strong>3D-Modellierung zur Simulation der Per\u00fcckenform<\/strong>ist eine individuelle Gestaltung der Trennw\u00e4nde m\u00f6glich:<\/p>\n<ul>\n<li><strong>Stabilit\u00e4t<\/strong>: Pr\u00e4zise Schlitz nach der Gr\u00f6\u00dfe der Per\u00fccke, passen die Kr\u00fcmmung des Haarteils, und vermeiden Sch\u00fctteln und Verschlei\u00df w\u00e4hrend des Transports;<\/li>\n<li><strong>Schutzma\u00dfnahmen<\/strong>: Die beflockte Oberfl\u00e4che reduziert die statische Adsorption und verl\u00e4ngert die Lebensdauer der Per\u00fccke.<\/li>\n<\/ul>\n<h2 id=\"-three-laser-precision-and-detail-processing-\"><strong>3. Laserpr\u00e4zision und Detailbearbeitung<\/strong><\/h2>\n<ul>\n<li><strong>Null-Fehler-Schneiden<\/strong>: Durch den Einsatz der deutschen TRUMPF Laseranlage wird der Fehler auf \u00b10,1 mm kontrolliert, um ein nahtloses Andocken des Geh\u00e4uses zu gew\u00e4hrleisten;<\/li>\n<li><strong>Humanisierte Ber\u00fchrung<\/strong>: Die Kante wird im R-Winkel-Schleifverfahren bearbeitet, der Anschlag ist zart und gratfrei und entspricht dem ergonomischen Griffgef\u00fchl.<\/li>\n<\/ul>\n<h2 id=\"-four-soothing-visual-aesthetic-design-\"><strong>4. Beruhigende visuell-\u00e4sthetische Gestaltung<\/strong><\/h2>\n<ul>\n<li><strong>Hauptfarbe<\/strong>: Basierend auf gr\u00fcn, matt UV-Beschichtung Prozess verwendet wird, und niedrige S\u00e4ttigung Farbe kann visuellen Druck, der die Tonalit\u00e4t der High-End-Per\u00fccke Marken passt zu reduzieren;<\/li>\n<li><strong>Dekorative Elemente<\/strong>: Das schwarze Satinband sorgt f\u00fcr eine genaue Positionierung beim \u00d6ffnen der Schachtel durch vordefinierte F\u00fchrungsrillen, um das Gef\u00fchl des Auspackens zu verst\u00e4rken.<\/li>\n<\/ul>\n<h2 id=\"-v-multi-dimensional-free-customization-solution-\"><strong>5. Mehrdimensionale L\u00f6sung zur freien Anpassung<\/strong><\/h2>\n<p>Unterst\u00fctzt die flexible Kombination von\u00a0<strong>Gr\u00f6\u00dfe, Struktur und Funktion<\/strong>\u00a0Module:<\/p>\n<ol>\n<li><strong>Anpassung der Gr\u00f6\u00dfe<\/strong>: 15-60cm in der L\u00e4nge, 3-15cm in der H\u00f6he, kompatibel mit kurzen Haarteilen bis hin zu ganzen Kopfbedeckungen;<\/li>\n<li><strong>Funktionserweiterung<\/strong>: Optionale feuchtigkeitsgesch\u00fctzte Kartenf\u00e4cher, LED-Spiegelebene, Markenkartenf\u00e4cher, usw.;<\/li>\n<li><strong>Strukturelle Verbesserung<\/strong>: Bietet abgeleitete Formen wie obere und untere Abdeckungen, Doppelt\u00fcren und Faltmodelle.<\/li>\n<\/ol>\n<h2 id=\"-sixth-flexible-supply-chain-service-\"><strong>6. Flexibler Service in der Lieferkette<\/strong><\/h2>\n<ul>\n<li><strong>Schnelle Antwort<\/strong>: Vollst\u00e4ndiges Proofing innerhalb von 72 Stunden, Unterst\u00fctzung der gleichzeitigen Best\u00e4tigung von 3D-Renderings und physischen Objekten;<\/li>\n<li><strong>Flexible Mindestbestellmenge<\/strong>: 500 St\u00fcck f\u00fcr die Chargenproduktion, 10 Spezifikationen k\u00f6nnen in einer einzigen Charge gemischt werden, um den Druck auf den Lagerbestand zu verringern;<\/li>\n<li><strong>Dienstleistung mit Mehrwert<\/strong>: Kostenloses Design der Marke VI fusion, grenz\u00fcberschreitende Logistikl\u00f6sungen und Garantie nach dem Verkauf.<\/li>\n<\/ul>\n<h2 id=\"-vii-environmental-protection-and-quality-commitment-\"><strong>7. Umweltschutz und Qualit\u00e4tsverpflichtung<\/strong><\/h2>\n<ul>\n<li><strong>Zertifizierung von Materialien<\/strong>: Die Schachtel besteht aus FSC-zertifiziertem wei\u00dfem Karton und umweltfreundlichem Klebstoff auf Wasserbasis und hat die Schwermetallpr\u00fcfung der SGS bestanden;<\/li>\n<li><strong>Produktivit\u00e4tsgarantie<\/strong>: Die eigene Fabrik ist mit vollautomatischen Stanzmaschinen und Offsetdrucklinien ausgestattet und verf\u00fcgt \u00fcber eine durchschnittliche t\u00e4gliche Produktionskapazit\u00e4t von \u00fcber 10.000.000 St\u00fcck.<\/li>\n<\/ul>","protected":false},"excerpt":{"rendered":"<p>Das Design der Papierschublade erm\u00f6glicht eine reibungslose Bedienung mit einer Hand und verbindet ein Gef\u00fchl von Zeremonie mit Komfort. Das Innenfutter wurde genau berechnet, um Per\u00fccken verschiedener Gr\u00f6\u00dfen stabil zu halten, damit sie nicht wackeln und sich abnutzen.<\/p>","protected":false},"featured_media":825,"template":"","meta":{"_kad_post_transparent":"default","_kad_post_title":"","_kad_post_layout":"default","_kad_post_sidebar_id":"","_kad_post_content_style":"default","_kad_post_vertical_padding":"default","_kad_post_feature":"","_kad_post_feature_position":"","_kad_post_header":false,"_kad_post_footer":false,"_kad_post_classname":""},"product_brand":[],"product_cat":[15,20,17],"product_tag":[311,309,310],"class_list":{"0":"post-824","1":"product","2":"type-product","3":"status-publish","4":"has-post-thumbnail","6":"product_cat-red-light-therapy","7":"product_cat-led-face-light-therapy","8":"product_cat-services","9":"product_tag-bulk-wigs-boxes","10":"product_tag-custom-wigs-packaging-boxes","11":"product_tag-luxury-sliding-wigs-boxes","13":"first","14":"instock","15":"shipping-taxable","16":"product-type-simple","17":"entry","18":"content-bg","19":"loop-entry"},"_links":{"self":[{"href":"https:\/\/red-lighttherapy.com\/de_de\/wp-json\/wp\/v2\/product\/824","targetHints":{"allow":["GET"]}}],"collection":[{"href":"https:\/\/red-lighttherapy.com\/de_de\/wp-json\/wp\/v2\/product"}],"about":[{"href":"https:\/\/red-lighttherapy.com\/de_de\/wp-json\/wp\/v2\/types\/product"}],"wp:featuredmedia":[{"embeddable":true,"href":"https:\/\/red-lighttherapy.com\/de_de\/wp-json\/wp\/v2\/media\/825"}],"wp:attachment":[{"href":"https:\/\/red-lighttherapy.com\/de_de\/wp-json\/wp\/v2\/media?parent=824"}],"wp:term":[{"taxonomy":"product_brand","embeddable":true,"href":"https:\/\/red-lighttherapy.com\/de_de\/wp-json\/wp\/v2\/product_brand?post=824"},{"taxonomy":"product_cat","embeddable":true,"href":"https:\/\/red-lighttherapy.com\/de_de\/wp-json\/wp\/v2\/product_cat?post=824"},{"taxonomy":"product_tag","embeddable":true,"href":"https:\/\/red-lighttherapy.com\/de_de\/wp-json\/wp\/v2\/product_tag?post=824"}],"curies":[{"name":"wp","href":"https:\/\/api.w.org\/{rel}","templated":true}]}}