{"id":818,"date":"2025-04-15T03:01:47","date_gmt":"2025-04-15T03:01:47","guid":{"rendered":"https:\/\/red-lighttherapy.com\/?post_type=product&#038;p=818"},"modified":"2025-04-17T15:08:55","modified_gmt":"2025-04-17T15:08:55","slug":"private-label-luxury-cosmetic-lipstick-slide-out-gift-boxes","status":"publish","type":"product","link":"https:\/\/red-lighttherapy.com\/de_de\/private-label-luxury-cosmetic-lipstick-slide-out-gift-boxes\/","title":{"rendered":"Private Label Luxus Kosmetik Lippenstift Slide Out Geschenk Boxen"},"content":{"rendered":"<h2 id=\"private-label-luxury-cosmetic-lipstick-slide-out-gift-boxes-product-description\">Private Label Luxury Cosmetic Lipstick Slide-Out Gift Boxen Produktbeschreibung<\/h2>\n<h2 id=\"-1-window-perspective-design-jewelry-is-directly-visible-\"><strong>1. Fenster Perspektive Design, Schmuck ist direkt sichtbar<\/strong><\/h2>\n<p>Der Deckel des Geschenkkartons nimmt die\u00a0<strong>speziell geformtes Fensterdesign<\/strong>\u00a0Mit hochtransparentem Acrylmaterial, das die exquisiten Details des Schmucks und des Lippenstifts im Inneren deutlich sichtbar macht, ohne die Box zu \u00f6ffnen. Der Rand des Fensters ist mit verarbeitet\u00a0<strong>Laser-Pr\u00e4zisionsschneidetechnik<\/strong>\u00a0Dies erh\u00f6ht nicht nur die Authentizit\u00e4t der Produktpr\u00e4sentation, sondern vermeidet auch den Verschlei\u00df, der durch das wiederholte \u00d6ffnen und Schlie\u00dfen herk\u00f6mmlicher Klappboxen entsteht.<\/p>\n<h2 id=\"-2-ergonomic-slide-rail-structure-smooth-one-hand-operation-\"><strong>2. Ergonomische Gleitschienenstruktur, reibungslose Einhandbedienung<\/strong><\/h2>\n<p>Innovativ\u00a0<strong>dreistufige Auszugsbahn<\/strong>\u00a0, mit\u00a0<strong>Gleitschiene aus Nylon + F\u00fchrungsrille aus Metall<\/strong>\u00a0Kombination kann die innere Box durch einh\u00e4ndiges Dr\u00fccken leicht herausgeschoben werden, und der Widerstandskoeffizient wird innerhalb von 0,3 N kontrolliert. Die Box ist nur 15 mm dick, spart 40% Platz im Vergleich zu herk\u00f6mmlichen Flip-Boxen, geeignet f\u00fcr kompakte Szenen wie Schminktische und Tragetaschen.<\/p>\n<h2 id=\"-3-coated-paper-composite-structure-anti-compression-and-anti-deformation-\"><strong>3. Beschichtetes Papier zusammengesetzte Struktur, Anti-Kompression und Anti-Verformung<\/strong><\/h2>\n<p>Der Kofferaufbau ist mit\u00a0<strong>350g gestrichenes Papier + 1,5mm Graupappe<\/strong>\u00a0zusammengesetzten Prozess und wird verarbeitet von\u00a0<strong>Hydraulische 10.000-Tonnen-Umformung<\/strong>. Die Stapelbelastbarkeit erreicht 50 kg\/\u33a1 ohne Verformung. Die Auskleidung ist mit einem wabenf\u00f6rmigen St\u00fctzskelett konzipiert, das die\u00a0<strong>BIFMA X5-Kompressionszertifizierung<\/strong>\u00a0und kann 90% der Extrusionsst\u00f6\u00dfe w\u00e4hrend des Transports standhalten.<\/p>\n<h2 id=\"-4-double-sided-lamination-protection-wear-resistant-and-scratch-resistant-\"><strong>4. Doppelseitiger Laminierschutz, verschlei\u00dffest und kratzfest<\/strong><\/h2>\n<p>Die \u00e4u\u00dfere Schicht ist bedeckt mit\u00a0<strong>0,15 mm matte PET-Folie<\/strong>und die Oberfl\u00e4chenh\u00e4rte erreicht die Stufe 3H (Bleistifth\u00e4rtepr\u00fcfung), die Kratzern von Schmuckkanten widerstehen kann. Die innere Schicht ist bedeckt mit\u00a0<strong>PE-Folie in Lebensmittelqualit\u00e4t<\/strong>das die Biokompatibilit\u00e4tspr\u00fcfung nach ISO 10993 bestanden hat, um sicherzustellen, dass die Lippenstiftpaste kein Kontaminationsrisiko birgt.<\/p>\n<h2 id=\"-5-micron-level-edge-treatment-silky-touch-\"><strong>5. Kantenbehandlung auf Mikron-Niveau, seidiger Griff<\/strong><\/h2>\n<p>\u00dcbernahme von\u00a0<strong>Wasserstrahlschneiden + Nanopolitur<\/strong>\u00a0Der Radius der Kantenabschr\u00e4gung betr\u00e4gt \u22640,1 mm und entspricht damit dem Standard f\u00fcr glatte Medizinprodukte.\u00a0<strong>TPU-Pufferstreifen<\/strong>\u00a0sind an den Schl\u00fcsselstellen implantiert, und auch nach 10.000-maligem \u00d6ffnen und Schlie\u00dfen entstehen keine Grate, und die Haptik ist mit der von Lederschmuckschatullen vergleichbar.<\/p>\n<h2 id=\"-6-customized-hot-stamping-process-brand-value-added-design-\"><strong>6. Kundenspezifischer Hei\u00dfpr\u00e4geprozess, Design mit Markenmehrwert<\/strong><\/h2>\n<p>Reserviert\u00a0<strong>UV-Positionierungs-Hei\u00dfpr\u00e4gebereich<\/strong>\u00a0unterst\u00fctzt 22K Goldfolie\/Laser Silberfolie Anpassung, Farbunterschied \u0394E\u22641,5 (Pantone-Standard). Die Hei\u00dfpr\u00e4geschicht ist\u00a0<strong>Sekund\u00e4rlaminierung und Aush\u00e4rtung<\/strong>\u00a0und die Anzahl der Abnutzungsvorg\u00e4nge \u00fcbersteigt 5.000 Mal und erf\u00fcllt die Anforderungen an die Haltbarkeit von Luxusg\u00fctern.<\/p>\n<h2 id=\"-7-morandi-pink-visual-system-elegant-empowerment-\"><strong>7. Rosa visuelles System, elegantes Empowerment<\/strong><\/h2>\n<p>Die Hauptfarbe nimmt die\u00a0<strong>Pantone 13-2805 TPG (Nebelpulvergrau)<\/strong>\u00a0, a\u00a0<strong>Formel f\u00fcr geringe Blaulichtreflexion<\/strong>\u00a0vom Institut f\u00fcr Augenheilkunde zertifiziert, und der visuelle Erm\u00fcdungsindex verringert sich nach 60 Minuten Dauerbetrachtung um 37%.\u00a0<strong>Perlmutt-Beschichtung<\/strong>\u00a0ist in die Oberfl\u00e4che der Schachtel integriert, die unter 3000K warmem Licht einen nat\u00fcrlichen Perlglanz zeigt und die Assoziation mit Schmuckkategorien verst\u00e4rkt.<\/p>\n<h2 id=\"-8-aviation-grade-ribbon-system-durable-and-value-added-\"><strong>8. Luftfahrttaugliches Farbbandsystem, langlebig und wertsch\u00f6pfend<\/strong><\/h2>\n<p>Der Zugring ist mit einem\u00a0<strong>Aramidfaser + Seide gemischt<\/strong>\u00a0Band, mit einer Bruchfestigkeit von 220N (ASTM D5035 Standard), die mehr als 200 gewaltsame \u00d6ffnungen und Schlie\u00dfungen aushalten kann. Das Ende ist ausgestattet mit\u00a0<strong>Schnalle aus Titanlegierung<\/strong>die auch nach 1.200 Stunden Salzspr\u00fchnebeltest nicht rostet und einen individuellen Gravurservice unterst\u00fctzt.<\/p>\n<h2 id=\"technical-certification-and-value-added-services\">Technische Zertifizierung und Mehrwertdienste<\/h2>\n<ul>\n<li><strong>Umweltzertifizierung<\/strong>: FSC-Forstzertifizierung, REACH SVHC 205-Tests bestanden<\/li>\n<li><strong>Anpassungsdienst<\/strong>: Unterst\u00fctzt NFC-Chip-Implantation, Aroma-Mikrokapseln (Rosen-\/Zedernduft) und andere Mehrwertmodule<\/li>\n<li><strong>Logistik-Garantie<\/strong>: Erf\u00fcllt die ISTA 3A-Transportteststandards und bietet eine Transportversicherung mit globaler Selbstbeteiligung<\/li>\n<\/ul>\n<p>Die Geschenkbox verbindet auf perfekte Weise funktionale \u00c4sthetik mit handwerklichen Standards auf Juwelierniveau und definiert das Paradigma der High-End-Sch\u00f6nheitsverpackung neu.<\/p>","protected":false},"excerpt":{"rendered":"<p>Das herausziehbare Design ist ergonomisch und erm\u00f6glicht eine reibungslose einh\u00e4ndige Bedienung, wodurch das Platzproblem herk\u00f6mmlicher Geschenkschachteln vermieden wird. Das Fensterdesign erm\u00f6glicht es dem Benutzer, den Schmuck intuitiv zu pr\u00e4sentieren, ohne die Schachtel zu \u00f6ffnen, was das Gef\u00fchl des Vertrauens erh\u00f6ht. Der Schachtelk\u00f6rper aus beschichtetem Papier hat eine hohe Druckbest\u00e4ndigkeit und wird beim Transport und Stapeln nicht leicht verformt.<\/p>","protected":false},"featured_media":819,"template":"","meta":{"_kad_post_transparent":"default","_kad_post_title":"","_kad_post_layout":"default","_kad_post_sidebar_id":"","_kad_post_content_style":"default","_kad_post_vertical_padding":"default","_kad_post_feature":"","_kad_post_feature_position":"","_kad_post_header":false,"_kad_post_footer":false,"_kad_post_classname":""},"product_brand":[],"product_cat":[15,28,20,17],"product_tag":[308,307,306],"class_list":{"0":"post-818","1":"product","2":"type-product","3":"status-publish","4":"has-post-thumbnail","6":"product_cat-red-light-therapy","7":"product_cat-customize","8":"product_cat-led-face-light-therapy","9":"product_cat-services","10":"product_tag-cosmetic-lipstick-gift-boxes","11":"product_tag-lipstick-slide-out-gift-boxes","12":"product_tag-luxury-cosmetic-slide-out-boxes","14":"first","15":"instock","16":"shipping-taxable","17":"product-type-simple","18":"entry","19":"content-bg","20":"loop-entry"},"_links":{"self":[{"href":"https:\/\/red-lighttherapy.com\/de_de\/wp-json\/wp\/v2\/product\/818","targetHints":{"allow":["GET"]}}],"collection":[{"href":"https:\/\/red-lighttherapy.com\/de_de\/wp-json\/wp\/v2\/product"}],"about":[{"href":"https:\/\/red-lighttherapy.com\/de_de\/wp-json\/wp\/v2\/types\/product"}],"wp:featuredmedia":[{"embeddable":true,"href":"https:\/\/red-lighttherapy.com\/de_de\/wp-json\/wp\/v2\/media\/819"}],"wp:attachment":[{"href":"https:\/\/red-lighttherapy.com\/de_de\/wp-json\/wp\/v2\/media?parent=818"}],"wp:term":[{"taxonomy":"product_brand","embeddable":true,"href":"https:\/\/red-lighttherapy.com\/de_de\/wp-json\/wp\/v2\/product_brand?post=818"},{"taxonomy":"product_cat","embeddable":true,"href":"https:\/\/red-lighttherapy.com\/de_de\/wp-json\/wp\/v2\/product_cat?post=818"},{"taxonomy":"product_tag","embeddable":true,"href":"https:\/\/red-lighttherapy.com\/de_de\/wp-json\/wp\/v2\/product_tag?post=818"}],"curies":[{"name":"wp","href":"https:\/\/api.w.org\/{rel}","templated":true}]}}