{"id":812,"date":"2025-04-15T02:51:47","date_gmt":"2025-04-15T02:51:47","guid":{"rendered":"https:\/\/red-lighttherapy.com\/?post_type=product&#038;p=812"},"modified":"2025-04-15T03:01:39","modified_gmt":"2025-04-15T03:01:39","slug":"bespoke-soft-touch-lamination-match-style-necklaces-box","status":"publish","type":"product","link":"https:\/\/red-lighttherapy.com\/de_de\/bespoke-soft-touch-lamination-match-style-necklaces-box\/","title":{"rendered":"Bespoke Soft Touch Lamination Match Style Halsketten Box"},"content":{"rendered":"<h2 id=\"customized-soft-touch-coating-matching-style-necklace-box-product-description\">Ma\u00dfgeschneiderte Soft-Touch-Beschichtung, passend zum Stil der Halskettenbox Produktbeschreibung<\/h2>\n<h2 id=\"1-cuboid-drawer-structure-\">1. Papier<strong> Struktur der Schubladenbox<\/strong><\/h2>\n<ul>\n<li>Durch die Annahme einer genau berechneten rechteckigen Kastenform wird die interne Raumausnutzung um 30% erh\u00f6ht, was sich f\u00fcr die Auslage in Schmuckgesch\u00e4ften und die Aufbewahrung auf dem Schminktisch eignet. Die Schublade-Typ geschichteten Design k\u00f6nnen verschiedene Schmuckst\u00fccke wie Halsketten, Ringe, Ohrringe, etc. in Kategorien zu vermeiden Verwicklung und Verschlei\u00df zu speichern.<\/li>\n<li>Der Kofferaufbau wurde\u00a0<strong>geometrisch optimiert<\/strong>und die Kanten sind mit 0,5 mm abgerundeten Ecken verarbeitet, was nicht nur das dreidimensionale Gef\u00fchl bewahrt, sondern auch die Stapelstabilit\u00e4t verbessert. Es kann 5 Schichten von \u00fcberlagertem Druck w\u00e4hrend des Transports standhalten und arbeitet mit Anti-Kollisions-Puffer-Materialien (wie EPE Perle Baumwolle), um Full-Link-Transport Sicherheit zu erreichen.<\/li>\n<\/ul>\n<h2 id=\"2-slide-rail-pull-out-one-hand-operation-\">2.\u00a0<strong>Gleitschienenauszug Einhandbedienung<\/strong><\/h2>\n<ul>\n<li>Ausgestattet mit\u00a0<strong>ger\u00e4uschd\u00e4mpfende Gleitschiene<\/strong>Der \u00d6ffnungs- und Schlie\u00dfwiderstand ist \u22641,5N, und er l\u00e4sst sich mit einem einzigen Handgriff reibungslos \u00f6ffnen, was 40% effizienter ist als der traditionelle Flip-Top-Betrieb. Die Lebensdauer der Gleitschiene wurde mehr als 100.000 Mal getestet, was f\u00fcr hochfrequente Einsatzszenarien geeignet ist.<\/li>\n<li>Die Schublade ist eingebettet in eine\u00a0<strong>magnetisches Positionierungssystem<\/strong>\u00a0die sich beim Schlie\u00dfen automatisch ausrichtet, um ein versehentliches Verrutschen aufgrund von Vibrationen zu vermeiden.<\/li>\n<\/ul>\n<h2 id=\"-second-surface-technology-and-visual-presentation-\"><strong>3. Oberfl\u00e4chentechnik und visuelle Darstellung<\/strong><\/h2>\n<ol>\n<li><strong>Soft-Touch-Beschichtung und dreidimensionale Textur<\/strong><\/li>\n<li>Der Kofferaufbau ist mit\u00a0<strong>PU-Beschichtungstechnologie<\/strong>\u00a0Die Oberfl\u00e4che f\u00fchlt sich so zart wie Samt an und ist zudem kratzfest und gegen Fingerabdr\u00fccke gesch\u00fctzt. \u00dcber\u00a0<strong>3D-Pr\u00e4getechnik<\/strong>\u00a0wird eine dreidimensionale Textur aus Rauten-\/Krokodilmustern gebildet, um die visuelle Schichtung und den Wiedererkennungswert der Marke zu erh\u00f6hen.<\/li>\n<\/ol>\n<h2 id=\"4-dark-blue-main-color-and-hot-stamping-luxury-\">4.\u00a0<strong>Dunkelblaue Hauptfarbe und Hei\u00dfpr\u00e4gung Luxus<\/strong><\/h2>\n<ul>\n<li>Der Kofferaufbau besteht haupts\u00e4chlich aus\u00a0<strong>Pantone 19-4052 klassisches Dunkelblau<\/strong>\u00a0Sie symbolisiert Vertrauen und Ewigkeit und steht im Einklang mit der visuellen Sprache von Luxusg\u00fctern. Mit\u00a0<strong>partielle Hei\u00dfpr\u00e4getechnik<\/strong>\u00a0Der Glanz des Metalls ist \u0394E\u22641,5, und die Genauigkeit der Text-\/Logo-Kanten erreicht \u00b10,1 mm, wodurch die edle Textur hervorgehoben wird.<\/li>\n<\/ul>\n<h2 id=\"5-eva-velvet-composite-inner-support-\">5.\u00a0<strong>EVA+Samt-Verbundstoff Innenst\u00fctze<\/strong><\/h2>\n<ul>\n<li>Das Innenfutter besteht aus\u00a0<strong>hochdichter EVA-Schwamm<\/strong>\u00a0(H\u00e4rte 40\u00b15 Shore C) und\u00a0<strong>600D-Samt<\/strong>\u00a0Verbundstruktur, die sich weich anf\u00fchlt und eine hohe Druckfestigkeit aufweist und den Schmuck vor St\u00f6\u00dfen sch\u00fctzt.<\/li>\n<li><strong>Modulares Design der Kartensteckpl\u00e4tze<\/strong>:<\/li>\n<li><strong>Schlitz f\u00fcr Halskette<\/strong>: U-f\u00f6rmige Rillentiefe 15mm, geeignet f\u00fcr Ketten mit einer L\u00e4nge von 40-70cm;<\/li>\n<li><strong>Ringhalter<\/strong>: Einstellbare Silikonring-Befestigungsposition, kompatibel mit den Ringen 4-20;<\/li>\n<li><strong>Ohrschmuck-Buchse<\/strong>: 2mm Durchmesser Stiftloch und magnetische Ohrst\u00f6psel Aufbewahrungsschlitz Kombination Design.<\/li>\n<\/ul>\n<h2 id=\"6-highly-customized-solutions-\">6.\u00a0<strong>Hochgradig ma\u00dfgeschneiderte L\u00f6sungen<\/strong><\/h2>\n<ul>\n<li><strong>Gr\u00f6\u00dfenanpassung<\/strong>: Die Gr\u00f6\u00dfe der Schachtel kann von 5 cm x 5 cm bis 30 cm x 30 cm eingestellt werden und eignet sich f\u00fcr Hochzeitssets, Geschenkschachteln f\u00fcr einzelne Artikel und andere Szenarien;<\/li>\n<li><strong>Integration von Markenelementen<\/strong>: Kann RFID-Chips einbetten, Markenlogos lasergravieren oder Pr\u00e4gemuster und Hei\u00dfpr\u00e4gepositionen in Kombination mit Kunden-VI-Systemen anpassen;<\/li>\n<li><strong>Massenproduktion und Verpackung<\/strong>: Unterst\u00fctzt eine Mindestbestellmenge von 500 St\u00fcck und bietet integrierte Verpackungsl\u00f6sungen wie Staubbeutel, Geschenkboxen und Transportpaletten.<\/li>\n<\/ul>\n<h2 id=\"7-technical-parameters-and-environmental-standards-\">7.\u00a0<strong>Technische Parameter und Umweltstandards<\/strong><\/h2>\n<ul>\n<li><strong>Material<\/strong>: Lebensmittelgeeignetes ABS-Kunststoffsubstrat + umweltfreundliche PU-Beschichtung (REACH\/SVHC-zertifiziert);<\/li>\n<li><strong>Prozess-Standards<\/strong>: ISO 9001 Qualit\u00e4tsmanagement-System, Hei\u00dfpr\u00e4gen Genauigkeit Fehler \u22640,2mm;<\/li>\n<li><strong>Anwendbare Szenarien<\/strong>: Flagship-Stores von Schmuckmarken, individuelle Gestaltung von hochwertigen Geschenken, Schmuckverpackungen f\u00fcr Auktionsh\u00e4user.<\/li>\n<\/ul>","protected":false},"excerpt":{"rendered":"<p>Schaffen Sie eine praktische und zugleich k\u00fcnstlerische L\u00f6sung f\u00fcr Schmuckschubladen, die den Anforderungen hochwertiger Schmuckmarken an eine raffinierte, funktionale und individuelle Verpackung gerecht wird.<\/p>","protected":false},"featured_media":813,"template":"","meta":{"_kad_post_transparent":"default","_kad_post_title":"","_kad_post_layout":"default","_kad_post_sidebar_id":"","_kad_post_content_style":"default","_kad_post_vertical_padding":"default","_kad_post_feature":"","_kad_post_feature_position":"","_kad_post_header":false,"_kad_post_footer":false,"_kad_post_classname":""},"product_brand":[],"product_cat":[15,20,17],"product_tag":[303,305,304],"class_list":{"0":"post-812","1":"product","2":"type-product","3":"status-publish","4":"has-post-thumbnail","6":"product_cat-red-light-therapy","7":"product_cat-led-face-light-therapy","8":"product_cat-services","9":"product_tag-bespoke-necklaces-box","10":"product_tag-match-style-necklaces-box","11":"product_tag-soft-touch-lamination-necklaces-box","13":"first","14":"instock","15":"shipping-taxable","16":"product-type-simple","17":"entry","18":"content-bg","19":"loop-entry"},"_links":{"self":[{"href":"https:\/\/red-lighttherapy.com\/de_de\/wp-json\/wp\/v2\/product\/812","targetHints":{"allow":["GET"]}}],"collection":[{"href":"https:\/\/red-lighttherapy.com\/de_de\/wp-json\/wp\/v2\/product"}],"about":[{"href":"https:\/\/red-lighttherapy.com\/de_de\/wp-json\/wp\/v2\/types\/product"}],"wp:featuredmedia":[{"embeddable":true,"href":"https:\/\/red-lighttherapy.com\/de_de\/wp-json\/wp\/v2\/media\/813"}],"wp:attachment":[{"href":"https:\/\/red-lighttherapy.com\/de_de\/wp-json\/wp\/v2\/media?parent=812"}],"wp:term":[{"taxonomy":"product_brand","embeddable":true,"href":"https:\/\/red-lighttherapy.com\/de_de\/wp-json\/wp\/v2\/product_brand?post=812"},{"taxonomy":"product_cat","embeddable":true,"href":"https:\/\/red-lighttherapy.com\/de_de\/wp-json\/wp\/v2\/product_cat?post=812"},{"taxonomy":"product_tag","embeddable":true,"href":"https:\/\/red-lighttherapy.com\/de_de\/wp-json\/wp\/v2\/product_tag?post=812"}],"curies":[{"name":"wp","href":"https:\/\/api.w.org\/{rel}","templated":true}]}}