{"id":806,"date":"2025-04-15T02:36:36","date_gmt":"2025-04-15T02:36:36","guid":{"rendered":"https:\/\/red-lighttherapy.com\/?post_type=product&#038;p=806"},"modified":"2025-04-15T02:51:40","modified_gmt":"2025-04-15T02:51:40","slug":"oem-odm-rigid-slide-drawer-style-jewelry-earring-gift-boxes","status":"publish","type":"product","link":"https:\/\/red-lighttherapy.com\/de_de\/oem-odm-rigid-slide-drawer-style-jewelry-earring-gift-boxes\/","title":{"rendered":"OEM ODM Starre Schublade Stil Schmuck Ohrring Geschenkboxen"},"content":{"rendered":"<h2><strong>OEM ODM Schublade mit starrem Schlitten <\/strong><strong>Schmuck-Ohrring-Geschenkbox Produktbeschreibung<\/strong><\/h2>\n<h2 id=\"1-classic-box-type-and-slide-rail-nesting-design-\">1.\u00a0<strong>Klassische Schachtel- und Gleitschienenkonstruktion<\/strong><\/h2>\n<ul>\n<li>Die\u00a0<strong>Boden- und Bodendeckelbox Typ<\/strong>\u00a0und der Schachtelk\u00f6rper hat einfache und harte Linien, die zum hochwertigen Ton von Schmuckprodukten passen. Der Schachteldeckel und der Schachtelk\u00f6rper sind durch die\u00a0<strong>Pr\u00e4zisions-Gleitschienensystem<\/strong>Sie lassen sich beim \u00d6ffnen und Schlie\u00dfen mit einem leichten Zug leicht verschieben, was Platz spart und ein Gef\u00fchl von Ritual beim \u00d6ffnen der Box vermittelt. Die Gleitschiene ist mit einer Anti-Fall-Schnalle ausgestattet, die sich auch nach 5000 Auszugstests nicht gelockert hat.<\/li>\n<\/ul>\n<h2 id=\"2-scientific-partition-and-protective-inner-box-\">2.\u00a0<strong>Wissenschaftliche Trennwand und sch\u00fctzende Innenbox<\/strong><\/h2>\n<ul>\n<li>Die Innenbox ist aus hellgrauem, hochdichtem EVA-Material gefertigt. Das Design der Trennwand umfasst\u00a0<strong>Schlitze f\u00fcr die Ohrringbefestigung, ein Bereich f\u00fcr die Aufh\u00e4ngung von Halsketten und eine flache Ebene f\u00fcr Armb\u00e4nder<\/strong>Dadurch werden Reibungssch\u00e4den an Schmuckst\u00fccken wirksam vermieden. Die Innenseite ist mit einer 0,8 mm dicken Beflockungsschicht versehen, die sowohl puffernde als auch antistatische Funktionen hat und f\u00fcr leicht oxidierende Materialien wie Silberschmuck und Edelsteine geeignet ist.<\/li>\n<\/ul>\n<h2 id=\"3-material-and-surface-technology-\">3.\u00a0<strong>Material und Oberfl\u00e4chentechnik<\/strong><\/h2>\n<ul>\n<li>Der Kastenk\u00f6rper besteht aus\u00a0<strong>hochverdichtetes gestrichenes Papier<\/strong>mit hoher Druckfestigkeit und EU REACH und RoHS Sicherheitszertifizierung. Die Oberfl\u00e4che ist bedeckt mit\u00a0<strong>Nano-Verschlei\u00dfschutzbeschichtung<\/strong>Es f\u00fchlt sich so zart wie Samt an, ist kratzfest und resistent gegen Fingerabdr\u00fccke und hat eine Farbtreue von mehr als 95% nach Pantone.<\/li>\n<li>Optional\u00a0<strong>Hei\u00dfpr\u00e4gung\/Pr\u00e4gung\/Lasergravur<\/strong>\u00a0Technologie: F\u00fcr die Hei\u00dfpr\u00e4gung wird eine 24-kar\u00e4tige Goldfolie verwendet, die Pr\u00e4getiefe betr\u00e4gt 0,2 mm, und die Genauigkeit der Lasergravur liegt bei 0,015 mm, was die individuelle Gestaltung mit Markenlogos und Mustern erm\u00f6glicht.<\/li>\n<\/ul>\n<h2 id=\"4-ergonomics-and-aesthetic-design-\">4.\u00a0<strong>Ergonomie und \u00e4sthetisches Design<\/strong><\/h2>\n<ul>\n<li><strong>Die Hauptfarbe aus Braun und Rosa ist von der \u00c4sthetik der Nude-Farben inspiriert, und die matte Textur vermittelt ein warmes und luxuri\u00f6ses Gef\u00fchl. Der Griff nimmt an\u00a0<\/strong>C-f\u00f6rmiges Rundrohr-Design**, mit einer Breite von \uff1e20cm, geeignet f\u00fcr Erwachsene, um mit vier Fingern zu halten, mit gleichm\u00e4\u00dfiger Kraft und arbeitssparend, und der Komfort beim \u00d6ffnen und Schlie\u00dfen wird durch 40% erh\u00f6ht. Die Ecken sind R-behandelt, abgerundet und gratfrei und entsprechen den Normen der Qualit\u00e4tskontrolle nach ISO 9001.<\/li>\n<\/ul>\n<h2 id=\"5-flexible-production-and-quality-control-process-\">5.\u00a0<strong>Flexibler Produktions- und Qualit\u00e4tskontrollprozess<\/strong><\/h2>\n<ul>\n<li>Unterst\u00fctzung\u00a0<strong>500 St\u00fcck Mindestbestellmenge<\/strong>Zyklus 8-15 Tage (einschlie\u00dflich 4-7 Tage f\u00fcr die Pr\u00fcfung). Der Produktionsprozess umfasst mehr als 20 Prozesse, wie z. B. Formstanzen, Laserschneiden, CNC-Formen, usw., mit den folgenden Highlights:<\/li>\n<li><strong>Drei manuelle Qualit\u00e4tskontrollen<\/strong>: SGS-Inspektion von Rohstoffen, \u00dcberpr\u00fcfung der Struktur von Halbfertigprodukten und Pr\u00fcfung der Oberfl\u00e4chenintegrit\u00e4t von Fertigprodukten;<\/li>\n<li><strong>Spr\u00fchen von verschlei\u00dffesten Beschichtungen<\/strong>: Polymer-Verbundbeschichtung, Salzspr\u00fchtest &gt; 72 Stunden ohne Abfallen;<\/li>\n<li><strong>Feinschleifen von Kanten und Ecken<\/strong>: R-Winkelfehler \u2264 0,1mm, durch Projektor 3D-Erkennung.<\/li>\n<\/ul>\n<h2 id=\"6-environmental-protection-and-compliance-\">6.\u00a0<strong>Schutz der Umwelt und Einhaltung der Vorschriften<\/strong><\/h2>\n<ul>\n<li>Das Material ist FSC-zertifiziert, bei der Laminierung werden Klebstoffe auf Wasserbasis verwendet, und die VOC-Emissionen liegen 50% unter dem EU-Grenzwert.<\/li>\n<\/ul>\n<h2 id=\"-application-scenarios-and-customized-services-\"><strong>Anwendungsszenarien und ma\u00dfgeschneiderte Dienste<\/strong><\/h2>\n<ul>\n<li><strong>Anwendbare Szenarien<\/strong>: Einzelhandel mit hochwertigem Schmuck, Markengeschenke, Luxus-Joint-Ventures, individuelle Gestaltung von Hochzeiten usw.;<\/li>\n<li><strong>Mehrwertige Dienstleistungen<\/strong>: Siegelbeutel mit Oxidationsschutz, L\u00f6sungen zur sicheren Anpassung an konstante Luftfeuchtigkeit und AR-Etiketten zur F\u00e4lschungssicherheit;<\/li>\n<li><strong>Normen f\u00fcr die Lieferung<\/strong>: Jede Charge wird von einem Materialpr\u00fcfbericht begleitet, der die globalen Logistik-DDP-Dienste unterst\u00fctzt.<\/li>\n<\/ul>\n<h2 id=\"-technical-parameters-\"><strong>Technische Parameter<\/strong><\/h2>\n<table>\n<thead>\n<tr>\n<th>Projekt<\/th>\n<th>Parameter<\/th>\n<\/tr>\n<\/thead>\n<tbody>\n<tr>\n<td>Material<\/td>\n<td>450g beschichtetes Papier + EVA-Futter<\/td>\n<\/tr>\n<tr>\n<td>Gr\u00f6\u00dfe der Box<\/td>\n<td>240\u00d7160\u00d760mm<\/td>\n<\/tr>\n<tr>\n<td>Tragf\u00e4higkeit<\/td>\n<td>Statisch 5kg\/dynamisch 2kg<\/td>\n<\/tr>\n<tr>\n<td>H\u00e4rte der Oberfl\u00e4che<\/td>\n<td>3H Bleistifth\u00e4rte<\/td>\n<\/tr>\n<tr>\n<td>Mindestbestellmenge<\/td>\n<td>500 St\u00fcck<\/td>\n<\/tr>\n<tr>\n<td>Lieferzyklus<\/td>\n<td>15 Tage f\u00fcr regul\u00e4re Modelle<\/td>\n<\/tr>\n<\/tbody>\n<\/table>\n<p><strong>Schlussfolgerung<\/strong>\u00a0Dieses Produkt nimmt\u00a0<strong>\"visuelle \u00c4sthetik + funktioneller Schutz\"<\/strong>\u00a0und bietet Marken durch Pr\u00e4zisionstechnologie und ein flexibles Produktionssystem eine Komplettl\u00f6sung von der Verpackung bis zum Benutzererlebnis. Ob klassische Hei\u00dfpr\u00e4gung oder kundenspezifische Pr\u00e4gung, sie kann zu einem stillen Medium werden, das den Markenwert vermittelt.<\/p>","protected":false},"excerpt":{"rendered":"<p>Diese Schmuck-Ohrring-Geschenkbox im Stil einer Papierschublade wurde speziell f\u00fcr hochwertige Schmuckmarken entwickelt. Sie kombiniert klassische \u00c4sthetik mit moderner Handwerkskunst. Basierend auf dem oberen und unteren Deckel-Box-Typ, schafft es eine Aufbewahrungsl\u00f6sung, die sowohl feierlich und praktisch durch saubere geometrische Linien und pr\u00e4zise Struktur ist. Das Produkt hat acht Qualit\u00e4tskontrollprozesse durchlaufen und wurde mit EU-Verpackungssicherheitsstandards kombiniert, um eine umfassende Qualit\u00e4tssicherung vom Material bis zum fertigen Produkt zu erreichen. Es eignet sich f\u00fcr kundenspezifische Anforderungen in den Bereichen Schmuck, Uhren, Luxusg\u00fcter usw.<\/p>","protected":false},"featured_media":810,"template":"","meta":{"_kad_post_transparent":"default","_kad_post_title":"","_kad_post_layout":"default","_kad_post_sidebar_id":"","_kad_post_content_style":"default","_kad_post_vertical_padding":"default","_kad_post_feature":"","_kad_post_feature_position":"","_kad_post_header":false,"_kad_post_footer":false,"_kad_post_classname":""},"product_brand":[],"product_cat":[15,20,17],"product_tag":[301,300,302],"class_list":{"0":"post-806","1":"product","2":"type-product","3":"status-publish","4":"has-post-thumbnail","6":"product_cat-red-light-therapy","7":"product_cat-led-face-light-therapy","8":"product_cat-services","9":"product_tag-earring-drawer-style-boxes","10":"product_tag-jewelry-gift-boxes","11":"product_tag-oem-odm-rigid-boxes","13":"first","14":"instock","15":"shipping-taxable","16":"product-type-simple","17":"entry","18":"content-bg","19":"loop-entry"},"_links":{"self":[{"href":"https:\/\/red-lighttherapy.com\/de_de\/wp-json\/wp\/v2\/product\/806","targetHints":{"allow":["GET"]}}],"collection":[{"href":"https:\/\/red-lighttherapy.com\/de_de\/wp-json\/wp\/v2\/product"}],"about":[{"href":"https:\/\/red-lighttherapy.com\/de_de\/wp-json\/wp\/v2\/types\/product"}],"wp:featuredmedia":[{"embeddable":true,"href":"https:\/\/red-lighttherapy.com\/de_de\/wp-json\/wp\/v2\/media\/810"}],"wp:attachment":[{"href":"https:\/\/red-lighttherapy.com\/de_de\/wp-json\/wp\/v2\/media?parent=806"}],"wp:term":[{"taxonomy":"product_brand","embeddable":true,"href":"https:\/\/red-lighttherapy.com\/de_de\/wp-json\/wp\/v2\/product_brand?post=806"},{"taxonomy":"product_cat","embeddable":true,"href":"https:\/\/red-lighttherapy.com\/de_de\/wp-json\/wp\/v2\/product_cat?post=806"},{"taxonomy":"product_tag","embeddable":true,"href":"https:\/\/red-lighttherapy.com\/de_de\/wp-json\/wp\/v2\/product_tag?post=806"}],"curies":[{"name":"wp","href":"https:\/\/api.w.org\/{rel}","templated":true}]}}