{"id":788,"date":"2025-04-14T16:24:13","date_gmt":"2025-04-14T16:24:13","guid":{"rendered":"https:\/\/red-lighttherapy.com\/?post_type=product&#038;p=788"},"modified":"2025-04-15T02:13:05","modified_gmt":"2025-04-15T02:13:05","slug":"custom-child-resistant-boxes-drawer-rigid-box-manufacturer","status":"publish","type":"product","link":"https:\/\/red-lighttherapy.com\/de_de\/custom-child-resistant-boxes-drawer-rigid-box-manufacturer\/","title":{"rendered":"Benutzerdefinierte kindersichere Boxen Schublade Rigid Box Hersteller"},"content":{"rendered":"<h3 id=\"1-selected-high-quality-coated-paper-printing-touch-film-enhances-texture-\">1.\u00a0<strong>Ausgew\u00e4hltes hochwertiges gestrichenes Papier, Druck, Touch-Film verbessert die Textur<\/strong><\/h3>\n<p>Der Hersteller verwendet hochwertiges beschichtetes Papier als Basismaterial, kombiniert mit dem Touch-Film-Verfahren, um die Oberfl\u00e4che der Geschenkbox zart und glatt zu machen, die sich weich anf\u00fchlt und kratzfest ist. Beschichtetes Papier verwendet Offsetdruck, UV-Druck und andere Technologien, um eine hochpr\u00e4zise Musterdarstellung zu erreichen, w\u00e4hrend die Touch-Folie die visuelle Schichtung verbessern kann und der Geschenkbox eine hochwertige Textur und nat\u00fcrliche Atmosph\u00e4re verleiht.<\/p>\n<h3 id=\"2-traditional-and-modern-elements-are-integrated-and-the-cultural-charm-is-unique-\">2.\u00a0<strong>Traditionelle und moderne Elemente sind integriert, und der kulturelle Charme ist einzigartig.<\/strong><\/h3>\n<p>Das Designteam kombiniert traditionelle Muster (wie gl\u00fccksverhei\u00dfende Wolken und Lotos) mit modernen geometrischen Linien und bewahrt den kulturellen Charme durch abstrakte Vereinfachung. Bei der Farbgebung werden traditionelle Farben wie chinesisches Rot, Blau und Wei\u00dfblau verwendet und beliebte Trends wie Farbverl\u00e4ufe und kontrastierende Farben integriert, um einen visuellen Ausdruck zu schaffen, der klassischen Charme und Mode verbindet.<\/p>\n<h3 id=\"3-drawer-type-box-structure-both-protection-and-fun-\">3.\u00a0<strong>Schubladenkastenstruktur, Schutz und Spa\u00df zugleich<\/strong><\/h3>\n<p>Die Inneneinteilung der Schublade kann individuell angepasst werden, um sich Geschenken unterschiedlicher Gr\u00f6\u00dfe anzupassen. Das gestaffelte \u00d6ffnen und Schlie\u00dfen der Schublade erh\u00f6ht den Spa\u00dffaktor, z. B. durch das Ausl\u00f6sen eines Lichts oder eines Musters, das beim \u00d6ffnen der Schublade nach und nach erscheint.<\/p>\n<h3 id=\"4-opening-and-closing-ritual-design-\">4.\u00a0<strong>Gestaltung von Er\u00f6ffnungs- und Abschlussritualen<\/strong><\/h3>\n<p>Optimieren Sie die Schubladenf\u00fchrung und das D\u00e4mpfungssystem, um ein leichtes und reibungsloses \u00d6ffnen und Schlie\u00dfen zu gew\u00e4hrleisten. Einige Modelle sind mit magnetischen Schnallen oder Federvorrichtungen ausgestattet, die beim \u00d6ffnen mit einem \"Klick\"-Ger\u00e4usch oder einem Verlangsamungseffekt einhergehen, um das Gef\u00fchl des Auspackrituals zu verst\u00e4rken. Einige High-End-Modelle k\u00f6nnen mit LED-Lichtleisten kombiniert werden, um Markenlogos oder dynamische Licht- und Schatteneffekte beim \u00d6ffnen des Kartons zu projizieren.<\/p>\n<h3 id=\"5-partial-uv-printing-strengthens-brand-logo-\">5.\u00a0<strong>Partieller UV-Druck st\u00e4rkt das Markenlogo<\/strong><\/h3>\n<p>Nutzen Sie die lokale UV-Technologie an Schl\u00fcsselpositionen wie dem Schachteldeckel und der Schubladenkante, um das Markenlogo, das Maskottchen oder das kulturelle Symbol durch eine hochgl\u00e4nzende dreidimensionale Beschichtung hervorzuheben. UV-Tinte hat verschlei\u00dffeste und kratzfeste Eigenschaften, die eine langfristige Klarheit des Musters gew\u00e4hrleisten und gleichzeitig einen Texturkontrast mit dem matten Substrat bilden, um die visuelle Wirkung zu verst\u00e4rken.<\/p>\n<h3 id=\"6-industry-experience-and-quality-assurance-\">6.\u00a0<strong>Branchenerfahrung und Qualit\u00e4tssicherung<\/strong><\/h3>\n<p>Der Hersteller verf\u00fcgt \u00fcber mehr als 16 Jahre Erfahrung in der Verpackungsanpassung, ist nach ISO 9001 zertifiziert und hat Marken in verschiedenen Bereichen wie Mutter- und Kinderpflege, Sch\u00f6nheitspflege und elektronische Verdampfer bedient. Er erf\u00fcllt Sicherheitsstandards wie CE und RoHS, um sicherzustellen, dass die Produkte den internationalen Exportanforderungen entsprechen.<\/p>\n<h3 id=\"7-intelligent-production-and-after-sales-service-\">7.\u00a0<strong>Intelligente Produktion und Kundendienst<\/strong><\/h3>\n<p>Der Einsatz von ERP- und MES-Systemen erm\u00f6glicht die digitale Verwaltung des gesamten Auftragsprozesses und verk\u00fcrzt den Zyklus vom Entwurf und der Pr\u00fcfung bis zur Massenproduktion um 30%. Ma\u00dfgeschneiderte Kundendienstleistungen, einschlie\u00dflich Vorschl\u00e4gen zur Optimierung der Verpackungsstruktur, Ersatz f\u00fcr besch\u00e4digte Produkte und beschleunigte Bearbeitung von Notauftr\u00e4gen, sowie Unterst\u00fctzung der globalen Logistikverfolgung.<\/p>\n<p>&nbsp;<\/p>","protected":false},"excerpt":{"rendered":"<p>Wir schaffen eine funktionelle, k\u00fcnstlerische und sichere Kinderschutz-Geschenkbox durch Materialinnovation, kulturelle Bef\u00e4higung und intelligente Produktion, um die Bed\u00fcrfnisse der Marke nach differenzierten Verpackungen und verbesserter Benutzererfahrung zu erf\u00fcllen.<\/p>","protected":false},"featured_media":794,"template":"","meta":{"_kad_post_transparent":"default","_kad_post_title":"","_kad_post_layout":"default","_kad_post_sidebar_id":"","_kad_post_content_style":"default","_kad_post_vertical_padding":"default","_kad_post_feature":"","_kad_post_feature_position":"","_kad_post_header":false,"_kad_post_footer":false,"_kad_post_classname":""},"product_brand":[],"product_cat":[15,20,40,17],"product_tag":[292,291,293],"class_list":{"0":"post-788","1":"product","2":"type-product","3":"status-publish","4":"has-post-thumbnail","6":"product_cat-red-light-therapy","7":"product_cat-led-face-light-therapy","8":"product_cat-red-light-therapy-panel","9":"product_cat-services","10":"product_tag-child-resistant-boxes","11":"product_tag-custom-boxes","12":"product_tag-drawer-box-manufacturer","14":"first","15":"instock","16":"shipping-taxable","17":"product-type-simple","18":"entry","19":"content-bg","20":"loop-entry"},"_links":{"self":[{"href":"https:\/\/red-lighttherapy.com\/de_de\/wp-json\/wp\/v2\/product\/788","targetHints":{"allow":["GET"]}}],"collection":[{"href":"https:\/\/red-lighttherapy.com\/de_de\/wp-json\/wp\/v2\/product"}],"about":[{"href":"https:\/\/red-lighttherapy.com\/de_de\/wp-json\/wp\/v2\/types\/product"}],"wp:featuredmedia":[{"embeddable":true,"href":"https:\/\/red-lighttherapy.com\/de_de\/wp-json\/wp\/v2\/media\/794"}],"wp:attachment":[{"href":"https:\/\/red-lighttherapy.com\/de_de\/wp-json\/wp\/v2\/media?parent=788"}],"wp:term":[{"taxonomy":"product_brand","embeddable":true,"href":"https:\/\/red-lighttherapy.com\/de_de\/wp-json\/wp\/v2\/product_brand?post=788"},{"taxonomy":"product_cat","embeddable":true,"href":"https:\/\/red-lighttherapy.com\/de_de\/wp-json\/wp\/v2\/product_cat?post=788"},{"taxonomy":"product_tag","embeddable":true,"href":"https:\/\/red-lighttherapy.com\/de_de\/wp-json\/wp\/v2\/product_tag?post=788"}],"curies":[{"name":"wp","href":"https:\/\/api.w.org\/{rel}","templated":true}]}}