{"id":782,"date":"2025-04-14T13:27:51","date_gmt":"2025-04-14T13:27:51","guid":{"rendered":"https:\/\/red-lighttherapy.com\/?post_type=product&#038;p=782"},"modified":"2025-04-15T02:36:25","modified_gmt":"2025-04-15T02:36:25","slug":"leatherette-paper-jewelry-earrings-slider-rigid-box-dealer","status":"publish","type":"product","link":"https:\/\/red-lighttherapy.com\/de_de\/leatherette-paper-jewelry-earrings-slider-rigid-box-dealer\/","title":{"rendered":"Kunstleder Papier Schmuck Ohrringe Schieberegler Starre Box H\u00e4ndler"},"content":{"rendered":"<h2 id=\"-artificial-leather-paper-jewelry-earrings-slide-cover-hard-box-high-end-customized-packaging-solutions-\"><strong>Kunstleder Papier Schmuck Ohrringe Schiebedeckel Hartbox | High-End kundenspezifische Verpackungsl\u00f6sungen<\/strong><\/h2>\n<h2 id=\"-1-seiko-drawer-style-box-design-zero-error-and-anti-slip-rail-\"><strong>1. Seiko Papier Schublade Box Design, Null Fehler und Anti-Rutsch-Schiene<\/strong><\/h2>\n<ul>\n<li>Die Struktur zum \u00d6ffnen und Schlie\u00dfen der Papierschublade, die auf einer Pr\u00e4zisionsformtechnologie basiert, sorgt in Verbindung mit einem hochpr\u00e4zisen Schienensystem f\u00fcr ein reibungsloses Push-Pull-Erlebnis und gew\u00e4hrleistet, dass es beim \u00d6ffnen und Schlie\u00dfen nicht zu Verklemmungen und Fehlern kommt.<\/li>\n<li>Der eingebaute Spurbegrenzer verhindert wirksam ein versehentliches Verrutschen oder \u00fcberm\u00e4\u00dfiges Ziehen und gew\u00e4hrleistet so die absolute Sicherheit des Schmucks beim Tragen oder Ausstellen.<\/li>\n<\/ul>\n<h2 id=\"-2-humanized-corner-processing-safety-and-toughness-coexist-\"><strong>2. Humanized Ecke Verarbeitung, Sicherheit und Z\u00e4higkeit koexistieren<\/strong><\/h2>\n<ul>\n<li>Die Ecken des Kastenk\u00f6rpers nehmen\u00a0<strong>Mikro-Lichtbogen-Fasstechnik<\/strong>Dadurch wird die rechtwinklige, robuste \u00c4sthetik maximiert, w\u00e4hrend gleichzeitig die versteckte Gefahr von scharfen Ecken, die die H\u00e4nde einschneiden k\u00f6nnen, beseitigt und der Komfort beim Halten verbessert wird.<\/li>\n<li>Der gesamte Boxenk\u00f6rper ist mit einer matten Kunstleder-Papieroberfl\u00e4che \u00fcberzogen, die empfindlich, verschlei\u00dffest und schmutzabweisend ist, wobei die hochwertige Textur und die praktische Erfahrung ber\u00fccksichtigt werden.<\/li>\n<\/ul>\n<h2 id=\"-3-environmentally-certified-special-paper-substrate-delivering-sustainable-value-\"><strong>3. Umweltzertifiziertes Spezialpapiersubstrat, das einen nachhaltigen Wert liefert<\/strong><\/h2>\n<ul>\n<li>Das Hauptmaterial ist\u00a0<strong>FSC-zertifiziertes Spezial-Kunstlederpapier<\/strong>Die Rohstoffe stammen aus nachhaltig bewirtschafteten W\u00e4ldern und entsprechen weltweiten Umweltstandards.<\/li>\n<li>Durch umweltfreundliche Produktionsprozesse werden Kohlenstoffemissionen reduziert, was den Marken hilft, ein gr\u00fcnes Image aufzubauen, das genau den nachhaltigen Konsumpr\u00e4ferenzen der Generation Z und der verm\u00f6genden Privatpersonen entspricht.<\/li>\n<\/ul>\n<h2 id=\"-4-luxurious-hot-stamping-technology-visual-texture-upgraded-\"><strong>4. Luxuri\u00f6se Hei\u00dfpr\u00e4getechnik, visuelle Textur aufgewertet<\/strong><\/h2>\n<ul>\n<li>Die Oberfl\u00e4che der Box kann individuell gestaltet werden<strong>\u00a0Hei\u00dfpr\u00e4gung\/Silber\/Farbgoldtechnik<\/strong>Sie unterst\u00fctzen die hochpr\u00e4zise Darstellung von Markenlogos, Mustern oder k\u00fcnstlerischen Texten und erzeugen einen dreidimensionalen Relief-Effekt.<\/li>\n<li>Durch die Kombination von matter Papieroberfl\u00e4che und metallischem Glanz entsteht eine stark kontrastierende visuelle Hierarchie, die der Verpackung einen hochwertigen Geschenkcharakter und einen hohen Wiedererkennungswert verleiht.<\/li>\n<\/ul>\n<h2 id=\"-5-embedded-eva-anti-seismic-lining-all-round-protection-of-jewelry-\"><strong>5. Eingebettete EVA Anti-Erdbeben-Futter, Rundum-Schutz von Schmuck<\/strong><\/h2>\n<ul>\n<li>Die eingebettete, pr\u00e4zisionsgeformte\u00a0<strong>Integriertes EVA-Pufferfutter<\/strong>\u00a0passt sich den Konturen von speziell geformtem Schmuck wie Ohrringen und Armb\u00e4ndern an, um Ersch\u00fctterungen, Reibung und Extrusion w\u00e4hrend des Transports zu verhindern.<\/li>\n<li>Die Dicke der Auskleidung ist frei w\u00e4hlbar (2 mm - 5 mm), und sie unterst\u00fctzt die Unterteilung in F\u00e4cher und Schichten, was f\u00fcr die Aufbewahrungsbed\u00fcrfnisse mehrerer Kategorien von Schmuckkombinationen geeignet ist und sicherstellt, dass die Produkte unversehrt an die Kunden geliefert werden.<\/li>\n<\/ul>\n<h2 id=\"-6-full-dimensional-customized-services-to-meet-brand-differentiation-needs-\"><strong>6. Ma\u00dfgeschneiderte Dienstleistungen in allen Dimensionen, um die Bed\u00fcrfnisse der Markendifferenzierung zu erf\u00fcllen<\/strong><\/h2>\n<ul>\n<li><strong>Flexibler Aufbau der Box<\/strong>: Unterst\u00fctzt mehrere \u00d6ffnungs- und Schlie\u00dfmethoden, wie z. B. Schublade, Klappe, Magnetsauger usw., und die Gr\u00f6\u00dfe kann individuell angepasst werden (mindestens 5 cm\u00b3, maximal 30 cm\u00b3).<\/li>\n<li><strong>Personalisierte Bastelanpassung<\/strong>: Optionale Oberfl\u00e4chenverfahren wie Pr\u00e4gung, UV-Druck, Siebdruck, Lasergravur usw. und gleichzeitig L\u00f6sungen f\u00fcr die Kombination von Papier, Metall, Stoff und anderen Materialien.<\/li>\n<li><strong>Exklusiver Aufdruck der Marke<\/strong>: Von der \u00e4u\u00dferen Bedruckung des Schachtelk\u00f6rpers bis hin zum Innenband-Etikett wird die tiefe Implantation von Elementen der Marke VI w\u00e4hrend des gesamten Prozesses unterst\u00fctzt, um ein integriertes Markenimage zu schaffen.<\/li>\n<\/ul>\n<h2 id=\"-application-scenarios-and-customer-value-\"><strong>Anwendungsszenarien und Kundennutzen<\/strong><\/h2>\n<p>\ud83d\udd38\u00a0<strong>Schmuckmarken<\/strong>-Erh\u00f6hung des Produktmehrwerts und St\u00e4rkung der Positionierung im oberen Marktsegment; \ud83d\udd38\u00a0<strong>Unternehmen, die Geschenke individuell gestalten<\/strong>-Geschenkkunden durch differenzierte Verpackungen anlocken und den St\u00fcckpreis der Kunden erh\u00f6hen; \ud83d\udd38.\u00a0<strong>E-Commerce-Kan\u00e4le<\/strong>-Optimierung der logistischen Schutzleistung und Verringerung der Verlustrate nach dem Verkauf; \ud83d\udd38\u00a0<strong>Umweltfreundliche Marken<\/strong>-Verwendung von FSC-zertifizierten Verpackungen, um nachhaltige Konzepte zu vermitteln und den Wiedererkennungswert zu erh\u00f6hen.<\/p>","protected":false},"excerpt":{"rendered":"<p>Diese Hartschalen-Schmuckschachtel aus Kunstleder ist speziell f\u00fcr exquisiten Schmuck wie Ohrringe, Armb\u00e4nder und Ringe konzipiert. Sie kombiniert Handwerkskunst und Umweltschutzkonzepte, um eine Verpackungsl\u00f6sung zu schaffen, die Sicherheitsschutz, luxuri\u00f6se \u00c4sthetik und hohe Anpassungsf\u00e4higkeit miteinander verbindet. Sie eignet sich f\u00fcr den Markeneinzelhandel, hochwertige Geschenke und private Anpassungen und bietet Ihren Schmuckprodukten Qualit\u00e4tssicherung und visuelle Spannung von innen nach au\u00dfen.<\/p>","protected":false},"featured_media":804,"template":"","meta":{"_kad_post_transparent":"default","_kad_post_title":"","_kad_post_layout":"default","_kad_post_sidebar_id":"","_kad_post_content_style":"default","_kad_post_vertical_padding":"default","_kad_post_feature":"","_kad_post_feature_position":"","_kad_post_header":false,"_kad_post_footer":false,"_kad_post_classname":""},"product_brand":[],"product_cat":[15,20,17],"product_tag":[298,299,297],"class_list":{"0":"post-782","1":"product","2":"type-product","3":"status-publish","4":"has-post-thumbnail","6":"product_cat-red-light-therapy","7":"product_cat-led-face-light-therapy","8":"product_cat-services","9":"product_tag-earrings-slider-rigid-box","10":"product_tag-jewelry-earrings-rigid-box-dealer","11":"product_tag-leatherette-paper-jewelry-box","13":"first","14":"instock","15":"shipping-taxable","16":"product-type-simple","17":"entry","18":"content-bg","19":"loop-entry"},"_links":{"self":[{"href":"https:\/\/red-lighttherapy.com\/de_de\/wp-json\/wp\/v2\/product\/782","targetHints":{"allow":["GET"]}}],"collection":[{"href":"https:\/\/red-lighttherapy.com\/de_de\/wp-json\/wp\/v2\/product"}],"about":[{"href":"https:\/\/red-lighttherapy.com\/de_de\/wp-json\/wp\/v2\/types\/product"}],"wp:featuredmedia":[{"embeddable":true,"href":"https:\/\/red-lighttherapy.com\/de_de\/wp-json\/wp\/v2\/media\/804"}],"wp:attachment":[{"href":"https:\/\/red-lighttherapy.com\/de_de\/wp-json\/wp\/v2\/media?parent=782"}],"wp:term":[{"taxonomy":"product_brand","embeddable":true,"href":"https:\/\/red-lighttherapy.com\/de_de\/wp-json\/wp\/v2\/product_brand?post=782"},{"taxonomy":"product_cat","embeddable":true,"href":"https:\/\/red-lighttherapy.com\/de_de\/wp-json\/wp\/v2\/product_cat?post=782"},{"taxonomy":"product_tag","embeddable":true,"href":"https:\/\/red-lighttherapy.com\/de_de\/wp-json\/wp\/v2\/product_tag?post=782"}],"curies":[{"name":"wp","href":"https:\/\/api.w.org\/{rel}","templated":true}]}}