{"id":776,"date":"2025-04-14T12:26:14","date_gmt":"2025-04-14T12:26:14","guid":{"rendered":"https:\/\/red-lighttherapy.com\/?post_type=product&#038;p=776"},"modified":"2025-04-14T12:50:33","modified_gmt":"2025-04-14T12:50:33","slug":"china-kraft-paper-folding-carton-for-lip-balm-gloss-eyeliner","status":"publish","type":"product","link":"https:\/\/red-lighttherapy.com\/de_de\/china-kraft-paper-folding-carton-for-lip-balm-gloss-eyeliner\/","title":{"rendered":"China Kraftpapier-Faltkarton f\u00fcr Lippenbalsam Gloss Eyeliner"},"content":{"rendered":"<h2 id=\"-product-description-of-chinese-kraft-paper-folding-carton-\"><strong>Produktbeschreibung von China Kraftpapier Faltschachtel f\u00fcr Lippenbalsam Gloss Eyeliner<\/strong><\/h2>\n<h2 id=\"-1-natural-materials-and-environmental-certification-\"><strong>1. Nat\u00fcrliche Materialien und Umweltzertifizierung<\/strong><\/h2>\n<p>Dieses Produkt wird aus nat\u00fcrlichem Zellstoff hergestellt, und die Rohstoffe werden aus best\u00e4ndigen Waldbest\u00e4nden gewonnen. Der Produktionsprozess folgt streng den Standards der FSC-Zertifizierung, die die \u00f6kologische R\u00fcckverfolgbarkeit der gesamten Produktpalette von den Rohstoffen bis zum fertigen Produkt gew\u00e4hrleistet. Das Papier ist widerstandsf\u00e4hig und von Natur aus matt, wodurch nicht nur die urspr\u00fcngliche Textur von Kraftpapier erhalten bleibt, sondern auch die EU-Anforderungen an die Recyclingf\u00e4higkeit und die Schwermetallfreiheit von Verpackungsmaterialien erf\u00fcllt werden.<\/p>\n<h2 id=\"-2-hot-stamping-process-and-visual-presentation-\"><strong>2. Hei\u00dfpr\u00e4geverfahren und visuelle Darstellung<\/strong><\/h2>\n<p>Zur Verbesserung der\u00a0<strong>Luxus und Markenbekanntheit<\/strong>\u00a0der Verpackung, verwenden wir\u00a0<strong>Individuelles Hei\u00dfpr\u00e4geverfahren<\/strong>. Mit Hilfe der pr\u00e4zisen Metallfolien-Hei\u00dfpr\u00e4getechnik kann das Markenlogo, das Muster oder der Text auf der Oberfl\u00e4che der Schachtel dargestellt werden, was dem Produkt einen hochwertigen visuellen Eindruck verleiht. Der Hei\u00dfpr\u00e4geteil ist sehr verschlei\u00dffest und bildet mit der nat\u00fcrlichen Textur des Kraftpapiers einen dezenten und eleganten Kontrasteffekt.<\/p>\n<h2 id=\"-3-moisture-proof-performance-and-surface-treatment-\"><strong>3. Feuchtigkeitsdichte Leistung und Oberfl\u00e4chenbehandlung<\/strong><\/h2>\n<p>Die Oberfl\u00e4che des Verpackungskartons ist mit\u00a0<strong>umweltfreundliche Laminierungstechnologie<\/strong>\u00a0um eine transparente Schutzschicht zu bilden, die das Eindringen von Feuchtigkeit wirksam verhindert und daf\u00fcr sorgt, dass der Schachtelk\u00f6rper in einer feuchten Umgebung (z. B. Badezimmer, Lagerung bei hohen Temperaturen) gerade bleibt und nicht verformt wird. Das Laminiermaterial entspricht den Sicherheitsstandards f\u00fcr Lebensmittel, ist ungiftig und unsch\u00e4dlich und erh\u00f6ht die Kratzfestigkeit der Boxoberfl\u00e4che.<\/p>\n<h2 id=\"-4-flexible-size-customization-service-\"><strong>4. Flexibler Gr\u00f6\u00dfenanpassungsservice<\/strong><\/h2>\n<p>Wir unterst\u00fctzen\u00a0<strong>Anpassung in voller Gr\u00f6\u00dfe<\/strong>und kann den Innendurchmesser und die H\u00f6he der Verpackungsschachtel entsprechend den vom Kunden angegebenen Spezifikationen f\u00fcr Lippenstifte oder Eyeliner (z. B. Durchmesser, L\u00e4nge) anpassen. Zum Beispiel:<\/p>\n<ul>\n<li><strong>Lippenstift-Box<\/strong>: \u00dcblicher Gr\u00f6\u00dfenbereich 15<em>15<\/em>80mm bis 25<em>25<\/em>120 mm;<\/li>\n<li><strong>Eyeliner-Box<\/strong>: Geeignet f\u00fcr schlanke Produkte, empfohlene Gr\u00f6\u00dfe 12<em>12<\/em>130mm bis 18<em>18<\/em>150 mm.<\/li>\n<\/ul>\n<h2 id=\"-5-diversified-box-type-selection-\"><strong>5. Vielf\u00e4ltige Auswahl an Boxenarten<\/strong><\/h2>\n<p>Zus\u00e4tzlich zur Basis-Faltschachtel bieten wir Folgendes an\u00a0<strong>High-End-Box-L\u00f6sungen<\/strong>\u00a0um den Anforderungen einer unterschiedlichen Markenpositionierung gerecht zu werden:<\/p>\n<ul>\n<li><strong>Deckel und Basisbox<\/strong>: Das obere und untere geteilte Design hat einen starken Sinn f\u00fcr das \u00d6ffnen und Schlie\u00dfen der Zeremonie, geeignet f\u00fcr hochwertige Geschenkverpackungen;<\/li>\n<li><strong>Schubladenbox<\/strong>: Die Schubladenstruktur verf\u00fcgt \u00fcber einen eingebauten Kartenschlitz zur Befestigung des Produkts, was sowohl praktisch als auch interessant ist;<\/li>\n<li><strong>Box mit Magnetverschluss<\/strong>: Der Schachteldeckel hat einen eingebauten Magneten, der fest schlie\u00dft und leicht zu \u00f6ffnen und zu schlie\u00dfen ist, geeignet f\u00fcr h\u00e4ufige Verkaufssituationen. Andere optionale Schachtelarten sind z. B. Schachteln mit doppeltem Einsatz, buchf\u00f6rmige Schachteln usw., die die Gestaltung spezieller \u00d6ffnungs- und Verschlussstrukturen je nach Bedarf unterst\u00fctzen.<\/li>\n<\/ul>\n<h2 id=\"-6-comprehensive-advantages-and-applicable-scenarios-\"><strong>6. Umfassende Vorteile und anwendbare Szenarien<\/strong><\/h2>\n<ul>\n<li><strong>Schutz der Umwelt<\/strong>: 100% biologisch abbaubare Materialien, die den Anforderungen von grenz\u00fcberschreitenden E-Commerce-Plattformen (wie Amazon und AliExpress) an nachhaltige Verpackungen entsprechen;<\/li>\n<li><strong>Bef\u00e4higung zur Marke<\/strong>: Unterst\u00fctzt LOGO-Druck, Pantone-Farbabgleich und lokale UV-Technologie zur Verbesserung der visuellen Einheit der Marke;<\/li>\n<li><strong>Breite Anwendung<\/strong>: Geeignet f\u00fcr Kosmetiktheken, E-Commerce-Einzelhandel, Geschenkboxen f\u00fcr Feiertage und Produktverpackungen in limitierter Auflage.<\/li>\n<\/ul>","protected":false},"excerpt":{"rendered":"<p>Diese Verpackungsschachtel f\u00fcr Lippenstift und Eyeliner aus Kraftpapier ist mit einer Oberfl\u00e4chenbeschichtung versehen, die das Produkt feuchtigkeitsbest\u00e4ndig macht und es in einer feuchten Umgebung nicht verformt. Das Hei\u00dfpr\u00e4geverfahren verleiht der Verpackung ein luxuri\u00f6ses und hochwertiges Erscheinungsbild.<\/p>","protected":false},"featured_media":780,"template":"","meta":{"_kad_post_transparent":"default","_kad_post_title":"","_kad_post_layout":"default","_kad_post_sidebar_id":"","_kad_post_content_style":"default","_kad_post_vertical_padding":"default","_kad_post_feature":"","_kad_post_feature_position":"","_kad_post_header":false,"_kad_post_footer":false,"_kad_post_classname":""},"product_brand":[],"product_cat":[15,28,24,17],"product_tag":[288,290,289],"class_list":{"0":"post-776","1":"product","2":"type-product","3":"status-publish","4":"has-post-thumbnail","6":"product_cat-red-light-therapy","7":"product_cat-customize","8":"product_cat-red-light-therapy-bed","9":"product_cat-services","10":"product_tag-cosmetic-packaging-solution","11":"product_tag-custom-lip-gloss-boxes","12":"product_tag-lip-gloss-boxes-bespoke","14":"first","15":"instock","16":"shipping-taxable","17":"product-type-simple","18":"entry","19":"content-bg","20":"loop-entry"},"_links":{"self":[{"href":"https:\/\/red-lighttherapy.com\/de_de\/wp-json\/wp\/v2\/product\/776","targetHints":{"allow":["GET"]}}],"collection":[{"href":"https:\/\/red-lighttherapy.com\/de_de\/wp-json\/wp\/v2\/product"}],"about":[{"href":"https:\/\/red-lighttherapy.com\/de_de\/wp-json\/wp\/v2\/types\/product"}],"wp:featuredmedia":[{"embeddable":true,"href":"https:\/\/red-lighttherapy.com\/de_de\/wp-json\/wp\/v2\/media\/780"}],"wp:attachment":[{"href":"https:\/\/red-lighttherapy.com\/de_de\/wp-json\/wp\/v2\/media?parent=776"}],"wp:term":[{"taxonomy":"product_brand","embeddable":true,"href":"https:\/\/red-lighttherapy.com\/de_de\/wp-json\/wp\/v2\/product_brand?post=776"},{"taxonomy":"product_cat","embeddable":true,"href":"https:\/\/red-lighttherapy.com\/de_de\/wp-json\/wp\/v2\/product_cat?post=776"},{"taxonomy":"product_tag","embeddable":true,"href":"https:\/\/red-lighttherapy.com\/de_de\/wp-json\/wp\/v2\/product_tag?post=776"}],"curies":[{"name":"wp","href":"https:\/\/api.w.org\/{rel}","templated":true}]}}