{"id":750,"date":"2025-04-14T09:34:38","date_gmt":"2025-04-14T09:34:38","guid":{"rendered":"https:\/\/red-lighttherapy.com\/?post_type=product&#038;p=750"},"modified":"2025-04-14T09:46:20","modified_gmt":"2025-04-14T09:46:20","slug":"custom-recycled-kraft-paper-candle-cardboard-boxes-wholesale","status":"publish","type":"product","link":"https:\/\/red-lighttherapy.com\/de_de\/custom-recycled-kraft-paper-candle-cardboard-boxes-wholesale\/","title":{"rendered":"Benutzerdefinierte recycelte Kraftpapier Kerze Karton Boxen Gro\u00dfhandel"},"content":{"rendered":"<h2 id=\"customized-recycled-kraft-paper-candle-packaging-box-products\">Ma\u00dfgeschneiderte recycelte Kraftpapier Kerze Verpackung Box Produkte<\/h2>\n<h2 id=\"-1-full-link-eco-friendly-material-degradable-recycled-kraft-paper-card-box-\"><strong>1. Full-Link umweltfreundliches Material: abbaubare recyceltem Kraftpapier Karte Box<\/strong><\/h2>\n<p>Verwendung von\u00a0<strong>FSC-zertifiziertes, recyceltes Kraftpapier<\/strong>\u00a0Die Rohstoffe stammen aus nachhaltig bewirtschafteten W\u00e4ldern. Das Gewicht des Papiers liegt zwischen 250 und 450 g und kann individuell angepasst werden, wobei sowohl die Festigkeit als auch die Umwelteigenschaften ber\u00fccksichtigt werden.\u00a0<strong>Umweltfreundlicher Tintendruck auf Wasserbasis<\/strong>\u00a0wird im Produktionsprozess ohne Schwermetallr\u00fcckst\u00e4nde verwendet und entspricht den REACH-Vorschriften der EU und den FDA-Normen der USA. Das Produkt kann vollst\u00e4ndig abgebaut werden in\u00a0<strong>6-12 Monate<\/strong>\u00a0in der nat\u00fcrlichen Umwelt, mit einer Recyclingrate von mehr als 90%, was den Anforderungen der Kreislaufwirtschaft entspricht.<\/p>\n<h2 id=\"-2-innovative-window-design-balancing-the-sense-of-ritual-and-trust-\"><strong>2. Innovative Fenstergestaltung: Balance zwischen Ritual und Vertrauen<\/strong><\/h2>\n<ul>\n<li><strong>Visuelles Fenster<\/strong>: Mit Hilfe der Laser-Hohlraumtechnik wird ein speziell geformtes Fenster (wahlweise rund oder bl\u00fctenf\u00f6rmig) hergestellt, das mit\u00a0<strong>abbaubare transparente PE-Folie<\/strong>So bleibt nicht nur der \u00dcberraschungseffekt beim \u00d6ffnen der Schachtel erhalten, sondern die Verbraucher k\u00f6nnen auch die Textur der Kerze und die Unversehrtheit des Wachsk\u00f6rpers direkt beobachten.<\/li>\n<\/ul>\n<h2 id=\"-3-natural-aesthetics-presentation-petal-color-jump-process-\"><strong>3. Nat\u00fcrliche \u00c4sthetik Pr\u00e4sentation: Bl\u00fctenblatt Farbe Sprung Prozess<\/strong><\/h2>\n<ul>\n<li><strong>Oberfl\u00e4chenbehandlung<\/strong>: \u00dcber\u00a0<strong>UV-Lokalverglasung + Hei\u00dfpr\u00e4geverfahren<\/strong>,\u00a0<strong>Morandi Farbe Bl\u00fctenblatt Muster<\/strong>\u00a0wird auf die nat\u00fcrliche Farbbasis von Kraftpapier gelegt, um die nat\u00fcrliche Textur von Pflanzen zu simulieren. Der Farbsprungbereich wird im Siebdruckverfahren mit Sojatinte gedruckt, und der Farbunterschied ist \u0394E\u22641,5, was das nat\u00fcrliche Bild verst\u00e4rkt und gleichzeitig visuelle Erm\u00fcdung vermeidet.<\/li>\n<li><strong>Taktiles Upgrade<\/strong>: Der Bl\u00fctenblattbereich f\u00fcgt\u00a0<strong>Mikro-Pr\u00e4gebehandlung<\/strong>und die Haptik simuliert die Textur echter Bl\u00fctenbl\u00e4tter, um den sensorischen Erlebniswert der Verpackung zu erh\u00f6hen.<\/li>\n<\/ul>\n<h2 id=\"-4-functional-extension-design-empty-box-transformation-guide-\"><strong>4. Entwurf einer funktionalen Erweiterung: Leitfaden f\u00fcr die Umgestaltung der leeren Box<\/strong><\/h2>\n<p>Bereitstellung von\u00a0<strong>DIY-Umwandlungsanleitung<\/strong>\u00a0um die Verbraucher anzuleiten, leere Schachteln in solche zu verwandeln:<\/p>\n<ul>\n<li><strong>Aufbewahrungsbox<\/strong>: Die Box ist mit einer abnehmbaren Trennwand ausgestattet (das Material ist das gleiche wie das der Box), die sich f\u00fcr die Aufbewahrung von kleinen Gegenst\u00e4nden wie Schmuck und Schreibwaren eignet;<\/li>\n<li><strong>Pflanzgef\u00e4\u00df<\/strong>: Der Boden der Schachtel ist mit einer Stanzlinie f\u00fcr Entw\u00e4sserungsl\u00f6cher versehen und wird mit einer Saatgut-Blindschachtel kombiniert, um der Verpackung ein zweites Leben zu geben. Der Umgestaltungsplan ist mit der interaktiven Social-Media-Plattform der Marke \u00fcber eine\u00a0<strong>QR-Code<\/strong>\u00a0um die Beteiligung der Nutzer zu verbessern.<\/li>\n<\/ul>\n<h2 id=\"-5-compliance-label-system-meet-the-requirements-of-the-european-and-american-markets-\"><strong>5. Konformit\u00e4tskennzeichnungssystem: erf\u00fcllt die Anforderungen des europ\u00e4ischen und amerikanischen Marktes<\/strong><\/h2>\n<ul>\n<li><strong>Informationsetikett<\/strong>: Der Druck auf dem Karton umfasst\u00a0<strong>CE-Zeichen, Recycling-Zeichen (\u267b), FSC-Zertifizierungssymbol<\/strong>und die Liste der Inhaltsstoffe (einschlie\u00dflich Wachsgrundlage, Duft, Brenndauer usw.);<\/li>\n<li><strong>Handgefertigte benutzerdefinierte Attribute<\/strong>:\u00a0<strong>Lacksiegel-Chargenkodierung<\/strong>\u00a0+ Jedes Produkt ist mit einer unabh\u00e4ngigen Nummer (z. B. HN-XXXXX-CR) gekennzeichnet, um das Gef\u00fchl der handgefertigten Temperatur zu verst\u00e4rken;<\/li>\n<li><strong>Mehrsprachige Anleitungen<\/strong>: Sicherheitswarnungen und Gebrauchsanweisungen sind in Englisch\/Spanisch\/Franz\u00f6sisch angegeben, in \u00dcbereinstimmung mit der EU-Richtlinie \u00fcber Verpackungen und Verpackungsabf\u00e4lle\" und den Anforderungen der US CPSC.<\/li>\n<\/ul>\n<h2 id=\"-6-efficient-production-and-cost-advantages-\"><strong>6. Effiziente Produktion und Kostenvorteile<\/strong><\/h2>\n<ul>\n<li><strong>Box-Design<\/strong>: \u00dcbernahme von\u00a0<strong>einteilige Struktur der Kartenbox<\/strong>Die Stanzplatte eignet sich f\u00fcr automatische Hochgeschwindigkeits-Faltschachtelklebemaschinen mit einer t\u00e4glichen Produktionskapazit\u00e4t von 5 Millionen St\u00fcck, wobei eine Mindestbestellmenge von 500 St\u00fcck produziert werden kann;<\/li>\n<li><strong>Preisvorteil pro Einheit<\/strong>: Der St\u00fcckpreis f\u00fcr Gro\u00dfauftr\u00e4ge (mehr als 1 Million St\u00fcck) kann so niedrig sein wie\u00a0<strong>US$0.1\/St\u00fcck<\/strong>\u00a0(basierend auf 350g-Kraftpapier-Standardkarton), unterst\u00fctzt LOGO-Hei\u00dfpr\u00e4gung, Fenster\u00f6ffnung und andere kundenspezifische Anforderungen ohne Aufpreis;<\/li>\n<li><strong>Optimierung der Logistik<\/strong>: Die Dicke des Kartons im ungefalteten Zustand ist \u22643mm, was im Vergleich zu herk\u00f6mmlichen Verpackungen 60% an Lagerfl\u00e4che einspart und sich f\u00fcr die direkte Lieferung von kleinen Paketen im grenz\u00fcberschreitenden E-Commerce eignet.<\/li>\n<\/ul>","protected":false},"excerpt":{"rendered":"<p>Die Pappschachtel besteht aus abbaubarem Kraftpapier, das leicht zu recyceln ist und die volle Umweltfreundlichkeit erreicht. Das Fensterdesign sorgt f\u00fcr einen \u00dcberraschungseffekt beim \u00d6ffnen des Kartons und l\u00f6st gleichzeitig das Problem des \"visuellen Vertrauens\" der Verbraucher.<\/p>","protected":false},"featured_media":757,"template":"","meta":{"_kad_post_transparent":"default","_kad_post_title":"","_kad_post_layout":"default","_kad_post_sidebar_id":"","_kad_post_content_style":"default","_kad_post_vertical_padding":"default","_kad_post_feature":"","_kad_post_feature_position":"","_kad_post_header":false,"_kad_post_footer":false,"_kad_post_classname":""},"product_brand":[],"product_cat":[15,24,17],"product_tag":[280,279,281],"class_list":{"0":"post-750","1":"product","2":"type-product","3":"status-publish","4":"has-post-thumbnail","6":"product_cat-red-light-therapy","7":"product_cat-red-light-therapy-bed","8":"product_cat-services","9":"product_tag-candle-cardboard-boxes","10":"product_tag-custom-candle-boxes-wholesale","11":"product_tag-custom-candle-cardboard-boxes","13":"first","14":"instock","15":"shipping-taxable","16":"product-type-simple","17":"entry","18":"content-bg","19":"loop-entry"},"_links":{"self":[{"href":"https:\/\/red-lighttherapy.com\/de_de\/wp-json\/wp\/v2\/product\/750","targetHints":{"allow":["GET"]}}],"collection":[{"href":"https:\/\/red-lighttherapy.com\/de_de\/wp-json\/wp\/v2\/product"}],"about":[{"href":"https:\/\/red-lighttherapy.com\/de_de\/wp-json\/wp\/v2\/types\/product"}],"wp:featuredmedia":[{"embeddable":true,"href":"https:\/\/red-lighttherapy.com\/de_de\/wp-json\/wp\/v2\/media\/757"}],"wp:attachment":[{"href":"https:\/\/red-lighttherapy.com\/de_de\/wp-json\/wp\/v2\/media?parent=750"}],"wp:term":[{"taxonomy":"product_brand","embeddable":true,"href":"https:\/\/red-lighttherapy.com\/de_de\/wp-json\/wp\/v2\/product_brand?post=750"},{"taxonomy":"product_cat","embeddable":true,"href":"https:\/\/red-lighttherapy.com\/de_de\/wp-json\/wp\/v2\/product_cat?post=750"},{"taxonomy":"product_tag","embeddable":true,"href":"https:\/\/red-lighttherapy.com\/de_de\/wp-json\/wp\/v2\/product_tag?post=750"}],"curies":[{"name":"wp","href":"https:\/\/api.w.org\/{rel}","templated":true}]}}