{"id":744,"date":"2025-04-14T09:22:01","date_gmt":"2025-04-14T09:22:01","guid":{"rendered":"https:\/\/red-lighttherapy.com\/?post_type=product&#038;p=744"},"modified":"2025-04-14T09:34:22","modified_gmt":"2025-04-14T09:34:22","slug":"wholesale-custom-packaging-box-for-cuticle-oil-pen-lip-gloss","status":"publish","type":"product","link":"https:\/\/red-lighttherapy.com\/de_de\/wholesale-custom-packaging-box-for-cuticle-oil-pen-lip-gloss\/","title":{"rendered":"Gro\u00dfhandel benutzerdefinierte Verpackung Box f\u00fcr Nagelhaut\u00f6l Stift Lipgloss"},"content":{"rendered":"<h2 id=\"-wholesale-custom-packaging-box-products-for-nail-polish-pens-and-lip-gloss-\"><strong>Gro\u00dfhandel benutzerdefinierte Verpackung Box Produkte f\u00fcr Nagellack Stifte und Lipgloss<\/strong><\/h2>\n<h2 id=\"-1-innovative-folding-card-box-design-to-optimize-storage-and-logistics-efficiency-\"><strong>1. Innovatives Design der Faltschachtel zur Optimierung der Lager- und Logistikeffizienz<\/strong><\/h2>\n<p>Die Faltschachtel kann im leeren Zustand vollst\u00e4ndig flachgedr\u00fcckt werden, mit einer Kompressionsrate von mehr als 50%, was den beanspruchten Lagerraum erheblich reduziert. Sie wird beim Versand in flacher Form transportiert, und die einzelne Logistik-Transportkapazit\u00e4t wird um 30% erh\u00f6ht, was effektiv Frachtkosten spart. Der Schachtelk\u00f6rper optimiert die Faltgenauigkeit durch das Kombinationsverfahren \"Spurlinie + Messerlinie\", um sicherzustellen, dass die Struktur nach dem Formen stabil ist und sich an die Hochgeschwindigkeitsverpackungsanforderungen der automatisierten Produktionslinie anpasst.<\/p>\n<h2 id=\"-2-pink-main-color-and-cherry-elements-convey-the-concept-of-sweet-care-\"><strong>2. Rosa Hauptfarbe und Kirsche Elemente vermitteln das Konzept der s\u00fc\u00dfen Pflege<\/strong><\/h2>\n<p>Der Korpus der Schachtel besteht haupts\u00e4chlich aus einem rosafarbenen Farbverlauf mit einem handgemalten Kirschmuster, und die F\u00fclle und S\u00fc\u00dfe der Frucht wird durch eine aquarellierte Verwischtechnik dargestellt. Der visuelle Mittelbereich nimmt eine\u00a0<strong>kontrastreiches Design<\/strong>Die Kollision von kirschroter und matt-pudriger Grundfarbe bildet eine emotionale Assoziation von \"s\u00fc\u00dfer Pflege\" und st\u00e4rkt den Markenspeicherpunkt. Die Seite ist mit vergoldeten Markenlogo Hei\u00dfpr\u00e4gung erg\u00e4nzt, um die High-End-Textur zu verbessern.<\/p>\n<h2 id=\"-third-layered-information-layout-to-enhance-brand-recognition-\"><strong>3. Mehrstufiges Informationslayout zur Verbesserung der Markenwiedererkennung<\/strong><\/h2>\n<ul>\n<li><strong>Visuelle Fokusebene<\/strong>: Die obere 20%-Fl\u00e4che konzentriert sich auf die Darstellung des Markennamens und der zentralen Produktwirksamkeit (wie \"24-Stunden-Farbbest\u00e4ndigkeit\" und \"Pflanzenextrakt\"), wobei eine dreidimensionale Reliefdrucktechnik zum Einsatz kommt, die sowohl zum Anfassen als auch zum Sehen einl\u00e4dt;<\/li>\n<li><strong>Funktionsbeschreibungsebene<\/strong>: Der mittlere Teil verwendet einfache Symbole und einen kurzen Text, um die Sicherheit und Wasserfestigkeit der Inhaltsstoffe darzustellen, und die Schriftart verwendet eine abgerundete serifenlose Schrift, um die Lesbarkeit zu verbessern;<\/li>\n<li><strong>Regulatorische Informationsebene<\/strong>: Das Produktionsdatum, die Zulassungsnummer usw. sind in kleinen Buchstaben am unteren Rand angeordnet, was den Industriestandards entspricht und die Hauptsicht nicht beeintr\u00e4chtigt.<\/li>\n<\/ul>\n<h2 id=\"-fourth-matte-film-surface-treatment-taking-into-account-both-texture-and-practicality-\"><strong>4. Matte Folienoberfl\u00e4chenbehandlung, die sowohl die Textur als auch die Praktikabilit\u00e4t ber\u00fccksichtigt<\/strong><\/h2>\n<p>Die Oberfl\u00e4che der Box ist mit\u00a0<strong>Matte BOPP-Folie<\/strong>die sich so zart wie Seide anf\u00fchlt und folgende Funktionen hat:<\/p>\n<ul>\n<li><strong>Wasserdicht und \u00f6lbest\u00e4ndig<\/strong>: Widersteht effektiv dem Verspritzen von kosmetischen Fl\u00fcssigkeiten und kann durch Abwischen gereinigt werden;<\/li>\n<li><strong>Kratz- und verschlei\u00dffest<\/strong>: Die UV-Beschichtungstechnologie reduziert die Reibungsverluste beim Transport und sorgt daf\u00fcr, dass das Muster dauerhaft und hell bleibt;<\/li>\n<li><strong>Umweltzertifizierung<\/strong>: Bestandener REACH-Standardtest, ungiftig und unsch\u00e4dlich und kann direkt mit der Paste in Kontakt kommen.<\/li>\n<\/ul>\n<h2 id=\"-v-portable-structure-suitable-for-multiple-categories-of-cosmetics-\"><strong>5. Tragbare Struktur geeignet f\u00fcr mehrere Kategorien von Kosmetika<\/strong><\/h2>\n<p>Die Box ist mit einem abnehmbaren\u00a0<strong>EPE-Perlen-Baumwollfutter<\/strong>der Nagellackstifte, Lippenstift, Nagelhautpflege\u00f6l und andere Produkte mit unterschiedlichen Spezifikationen genau positionieren kann (unterst\u00fctzt 5-15cm hohe Anpassung). Die Oberseite ist f\u00fcr magnetische Snap-on-Struktur reserviert, die mit einer Hand ge\u00f6ffnet und geschlossen werden kann, geeignet f\u00fcr das Tragen von Make-up.\u00a0<strong>Version mit Kleinportionsverpackungen<\/strong>\u00a0(z. B. 4er-Minigeschenkbox) wird ebenfalls angeboten, um den Bed\u00fcrfnissen von Supermarkt-Probepackungen gerecht zu werden.<\/p>\n<h2 id=\"-vi-highly-customized-service-empowering-brand-differentiation-\"><strong>6. Hochgradig kundenorientierter Service, der die Markendifferenzierung st\u00e4rkt<\/strong><\/h2>\n<p>Wir verf\u00fcgen \u00fcber 16 Jahre Erfahrung in der Verpackungsproduktion und bieten eine umfassende Unterst\u00fctzung bei der Anpassung an Kundenw\u00fcnsche:<\/p>\n<ul>\n<li><strong>Auswahl des Materials<\/strong>Bambus, wei\u00dfer Karton, Zuckerrohrpapier und andere umweltfreundliche Tr\u00e4germaterialien mit einer H\u00e4rte von mehr als 300 G sind m\u00f6glich;<\/li>\n<li><strong>Prozess-Upgrade<\/strong>: Unterst\u00fctzt mehr als 20 Oberfl\u00e4chenbehandlungsverfahren wie Hei\u00dfpr\u00e4gung, Siebdruck, Laserpr\u00e4gung usw.;<\/li>\n<li><strong>Funktionserweiterung<\/strong>: RFID-Chips k\u00f6nnen eingebettet werden, um eine f\u00e4lschungssichere R\u00fcckverfolgbarkeit zu gew\u00e4hrleisten, oder es k\u00f6nnen temperaturempfindliche Beschichtungen hinzugef\u00fcgt werden, um sich an die K\u00fchlkette anzupassen.<\/li>\n<\/ul>\n<h2 id=\"-seven-mature-supply-chain-guarantee-one-stop-delivery-without-worries-\"><strong>7. Ausgereifte Lieferkette garantieren, One-Stop-Lieferung ohne Sorgen<\/strong><\/h2>\n<p>Als professioneller Hersteller mit 16 Jahren Erfahrung in der Branche haben wir mehr als 500.000 Sch\u00f6nheitsmarken beliefert, und zu unseren Hauptprodukten geh\u00f6ren:<\/p>\n<ul>\n<li><strong>Klassischer Schachteltyp<\/strong>: Geschenkschachtel mit Deckel und Boden, zylindrische Schachtel, Kartenschachtel in Schubladenform, Papiert\u00fcte in Sonderform;<\/li>\n<li><strong>Produktivit\u00e4tsvorteil<\/strong>: Fertigstellung des Korrekturabzugs innerhalb von 72 Stunden und Erreichen der Massenproduktion von 10.000 Bestellungen innerhalb von 15 Tagen;<\/li>\n<li><strong>Unterst\u00fctzung nach dem Verkauf<\/strong>: Erbringung von Dienstleistungen f\u00fcr den gesamten Zyklus, z. B. Farbmanagement und feuchtigkeitsgesch\u00fctzte Lagerhaltung.<\/li>\n<\/ul>","protected":false},"excerpt":{"rendered":"<p>Faltkarton, flacher Versand, spart Lagerplatz und Versandkosten. Die Hauptfarbe der Schachtel ist rosa, mit einem Kirschmuster, das die emotionale Assoziation von \"s\u00fc\u00dfer Pflege\" hervorruft und einen scharfen visuellen Kontrast bildet. Das tragbare Design eignet sich f\u00fcr den Transport von Kosmetika, Lippenstift, Nagelhaut\u00f6l, etc.<\/p>","protected":false},"featured_media":747,"template":"","meta":{"_kad_post_transparent":"default","_kad_post_title":"","_kad_post_layout":"default","_kad_post_sidebar_id":"","_kad_post_content_style":"default","_kad_post_vertical_padding":"default","_kad_post_feature":"","_kad_post_feature_position":"","_kad_post_header":false,"_kad_post_footer":false,"_kad_post_classname":""},"product_brand":[],"product_cat":[15,28,24,17],"product_tag":[278,276,277],"class_list":{"0":"post-744","1":"product","2":"type-product","3":"status-publish","4":"has-post-thumbnail","6":"product_cat-red-light-therapy","7":"product_cat-customize","8":"product_cat-red-light-therapy-bed","9":"product_cat-services","10":"product_tag-custom-cosmetic-packaging-wholesale","11":"product_tag-custom-cuticle-oil-pen-packaging-box","12":"product_tag-lip-gloss-packaging-box","14":"first","15":"instock","16":"shipping-taxable","17":"product-type-simple","18":"entry","19":"content-bg","20":"loop-entry"},"_links":{"self":[{"href":"https:\/\/red-lighttherapy.com\/de_de\/wp-json\/wp\/v2\/product\/744","targetHints":{"allow":["GET"]}}],"collection":[{"href":"https:\/\/red-lighttherapy.com\/de_de\/wp-json\/wp\/v2\/product"}],"about":[{"href":"https:\/\/red-lighttherapy.com\/de_de\/wp-json\/wp\/v2\/types\/product"}],"wp:featuredmedia":[{"embeddable":true,"href":"https:\/\/red-lighttherapy.com\/de_de\/wp-json\/wp\/v2\/media\/747"}],"wp:attachment":[{"href":"https:\/\/red-lighttherapy.com\/de_de\/wp-json\/wp\/v2\/media?parent=744"}],"wp:term":[{"taxonomy":"product_brand","embeddable":true,"href":"https:\/\/red-lighttherapy.com\/de_de\/wp-json\/wp\/v2\/product_brand?post=744"},{"taxonomy":"product_cat","embeddable":true,"href":"https:\/\/red-lighttherapy.com\/de_de\/wp-json\/wp\/v2\/product_cat?post=744"},{"taxonomy":"product_tag","embeddable":true,"href":"https:\/\/red-lighttherapy.com\/de_de\/wp-json\/wp\/v2\/product_tag?post=744"}],"curies":[{"name":"wp","href":"https:\/\/api.w.org\/{rel}","templated":true}]}}