{"id":738,"date":"2025-04-14T07:36:58","date_gmt":"2025-04-14T07:36:58","guid":{"rendered":"https:\/\/red-lighttherapy.com\/?post_type=product&#038;p=738"},"modified":"2025-04-14T08:09:56","modified_gmt":"2025-04-14T08:09:56","slug":"custom-hair-growth-essential-oil-cardboard-box-suppliers","status":"publish","type":"product","link":"https:\/\/red-lighttherapy.com\/de_de\/custom-hair-growth-essential-oil-cardboard-box-suppliers\/","title":{"rendered":"Benutzerdefinierte Haarwuchs \u00e4therisches \u00d6l Pappkarton Lieferanten"},"content":{"rendered":"<h2 id=\"-customized-hair-growth-essential-oil-double-insert-card-box-a-perfect-fusion-of-environmental-aesthetics-and-practical-value-\"><strong>Kundenspezifische Haarwachstum \u00e4therisches \u00d6l Karton<\/strong><\/h2>\n<h2 id=\"-1-multifunctional-adaptation-interpreting-the-infinite-possibilities-of-packaging-\"><strong>1. Multifunktionale Anpassung, die die unendlichen M\u00f6glichkeiten der Verpackung interpretiert<\/strong><\/h2>\n<p>Das Design unserer Kartenbox mit doppeltem Einsatz basiert auf Flexibilit\u00e4t und Kompatibilit\u00e4t und kann an eine Vielzahl von Produkttypen angepasst werden, wie z. B. \u00e4therische \u00d6le f\u00fcr den Haarwuchs, Parfums, Kosmetika und andere hochwertige Sch\u00f6nheitsprodukte. Die innere Struktur der Kartenbox wurde wissenschaftlich optimiert, und die verstellbaren Kartenschlitze k\u00f6nnen Flaschen oder r\u00f6hrenf\u00f6rmige Produkte mit unterschiedlichen Spezifikationen leicht befestigen, was die Transportsicherheit gew\u00e4hrleistet und dem Endverbraucher ein bequemes \u00d6ffnen und Schlie\u00dfen erm\u00f6glicht. Ob es sich um ein einzelnes Produktdisplay oder ein Kombinations-Set handelt, diese Verpackung kann genau angepasst werden, um Marken dabei zu helfen, ihre diversifizierten Produktlinien zu erweitern.<\/p>\n<h2 id=\"-2-card-box-design-a-low-cost-and-high-efficiency-innovative-solution-\"><strong>2. Design der Kartenbox: eine kosteng\u00fcnstige und hocheffiziente innovative L\u00f6sung<\/strong><\/h2>\n<p>Die flache Kartonstruktur wird verwendet, um den komplexen Prozess der traditionellen Verpackung zu unterlaufen. Der Schachtelk\u00f6rper kann w\u00e4hrend des Transports vollst\u00e4ndig in eine flache Form umgewandelt werden, wodurch die Belegung von Lager- und Logistikfl\u00e4chen erheblich reduziert werden kann, und die Transportkosten k\u00f6nnen um 40% gesenkt werden. Der Montageprozess ist einfach und effizient, und die Benutzer k\u00f6nnen das fertige Produkt in nur wenigen Schritten verpacken, was die Effizienz der Lieferkette erheblich verbessert. Dar\u00fcber hinaus wird das Material des Kartons aus umweltfreundlichem, leichtem Papier ausgew\u00e4hlt, was den Materialabfall reduziert und gleichzeitig die Belastbarkeit und Haltbarkeit sicherstellt und das Motto \"Kostenreduzierung durch Design und Effizienzsteigerung durch Innovation\" wirklich umsetzt.<\/p>\n<h2 id=\"-three-minimalist-aesthetic-design-conveying-brand-style-with-visual-rhythm-\"><strong>3. Minimalistisches \u00e4sthetisches Design: Vermittlung des Markenstils mit visuellem Rhythmus<\/strong><\/h2>\n<p>Das Design der Schachtel folgt dem minimalistischen Konzept \"weniger ist mehr\", mit einer zartrosa Grundfarbe als Grundton und einer zarten wei\u00dfen vertikalen Textur, die einen eleganten visuellen Rhythmus bildet. Das vertikale Streifenelement ist von der Form nat\u00fcrlich wachsender Haare inspiriert und spiegelt den Kerngedanken der \"gesunden Haarpflege\" des \u00e4therischen \u00d6ls f\u00fcr Haarwachstum wider, w\u00e4hrend es gleichzeitig den leichten und reinen Markenton vermittelt. Die matte Oberfl\u00e4chenbehandlung verleiht der Verpackung ein zur\u00fcckhaltendes und luxuri\u00f6ses Temperament, das es dem Produkt erm\u00f6glicht, im Regal hervorzustechen und genau die mittleren und gehobenen Verbrauchergruppen zu erreichen, die ein kultiviertes Leben f\u00fchren.<\/p>\n<h2 id=\"-four-deep-brand-customization-full-chain-empowerment-from-packaging-to-value-\"><strong>4. Tiefgreifende Markenanpassung: Bef\u00e4higung der gesamten Kette von der Verpackung bis zur Wertsch\u00f6pfung<\/strong><\/h2>\n<p>Wir sind nicht nur ein Lieferant, sondern auch ein Mitgestalter des Markenimages. Dank flexibler Produktionslinien und digitaler Designsysteme k\u00f6nnen wir Ihnen ma\u00dfgeschneiderte Dienstleistungen aus einer Hand anbieten, von Kartenboxen \u00fcber Geschenkboxen bis hin zu kompletten Produktverpackungen:<\/p>\n<ul>\n<li><strong>Exklusive visuelle Symbole<\/strong>: Integrieren Sie das Markenlogo, Farben und nat\u00fcrliche Elemente (wie Pflanzentotems und Tuschestrukturen) in das Verpackungsdesign, um ein differenziertes Gesundheits- und Sch\u00f6nheitssymbolsystem zu schaffen;<\/li>\n<li><strong>Flexibles Prozess-Upgrade<\/strong>: Unterst\u00fctzung von mehr als 20 Verfahrenskombinationen wie Hei\u00dfpr\u00e4gung, Pr\u00e4gung und Hohlraumfenster, um die szenenbasierten Anforderungen von limitierten Auflagen, Weihnachtsgeschenkboxen usw. zu erf\u00fcllen;<\/li>\n<li><strong>Nachhaltige Materialauswahl<\/strong>: Bieten Sie umweltfreundliche Optionen wie FSC-zertifiziertes Papier und abbaubare Tinte an, um das gr\u00fcne Image der Marke zu st\u00e4rken.<\/li>\n<\/ul>\n<h2 id=\"-v-natural-inspiration-and-environmental-protection-concept-let-packaging-become-the-narrator-of-brand-stories-\"><strong>5. Nat\u00fcrliche Inspiration und Umweltschutzkonzept: Die Verpackung soll zum Erz\u00e4hler der Markengeschichte werden<\/strong><\/h2>\n<p>Mit der \"nat\u00fcrlichen Symbiose\" als Design-Philosophie werden die Textur und die Farbe des Verpackungsk\u00f6rpers aus nat\u00fcrlichen Bildern wie Pflanzenwachstumsadern und Morgentau-Glanz extrahiert, und ein vollst\u00e4ndiges Gesundheits- und Sch\u00f6nheitssymbol wird durch eine abstrakte Designsprache konstruiert. Was die Materialien betrifft, so bestehen wir auf der Verwendung erneuerbarer Ressourcen, um sicherzustellen, dass die Verpackung von der Produktion bis zur Entsorgung den kohlenstoffarmen Recycling-Standards entspricht. Dies steht im Einklang mit dem Umweltschutzkonzept der \"nat\u00fcrlichen Inhaltsstoffe\" und der \"belastungsfreien Haarpflege\" der \u00e4therischen \u00d6le f\u00fcr das Haarwachstum und hilft den Marken, Werte der sozialen Verantwortung zu vermitteln.<\/p>\n<h2 id=\"-why-choose-us-\"><strong>Warum sollten Sie uns w\u00e4hlen?<\/strong><\/h2>\n<ul>\n<li><strong>Reiche Branchenerfahrung<\/strong>: 10 Jahre Erfahrung auf dem Gebiet der Kosmetik- und K\u00f6rperpflegeverpackungen f\u00fcr mehr als 50.000 Marken weltweit;<\/li>\n<li><strong>Full-Link-Dienst<\/strong>: Von der Bedarfsanalyse \u00fcber die strukturelle Planung bis hin zur Serienproduktion und Auslieferung, pers\u00f6nliche und professionelle Betreuung w\u00e4hrend des gesamten Prozesses;<\/li>\n<li><strong>Strenge Qualit\u00e4tskontrolle<\/strong>: Die Zertifizierung des Qualit\u00e4tssystems nach ISO 9001 gew\u00e4hrleistet, dass jede Box den hohen Qualit\u00e4tsstandards entspricht.<\/li>\n<\/ul>","protected":false},"excerpt":{"rendered":"<p>In einer Zeit, in der sich der Konsum verbessert und das Umweltbewusstsein steigt, wird eine Verpackung, die \u00e4sthetischen Wert, praktische Funktionen und nachhaltige Konzepte miteinander verbindet, zu einem wichtigen Ber\u00fchrungspunkt f\u00fcr Marken, um sich mit den K\u00f6pfen der Verbraucher zu verbinden. Entscheiden Sie sich f\u00fcr unsere L\u00f6sung mit doppeltem Kartoneinsatz, um h\u00f6here Pr\u00e4mien zu niedrigeren Kosten zu erzielen und jedes Produkt zu einem Tr\u00e4ger zu machen, der Markenw\u00e4rme vermittelt.<\/p>","protected":false},"featured_media":739,"template":"","meta":{"_kad_post_transparent":"default","_kad_post_title":"","_kad_post_layout":"default","_kad_post_sidebar_id":"","_kad_post_content_style":"default","_kad_post_vertical_padding":"default","_kad_post_feature":"","_kad_post_feature_position":"","_kad_post_header":false,"_kad_post_footer":false,"_kad_post_classname":""},"product_brand":[],"product_cat":[15,28,24,17],"product_tag":[275,273,274],"class_list":{"0":"post-738","1":"product","2":"type-product","3":"status-publish","4":"has-post-thumbnail","6":"product_cat-red-light-therapy","7":"product_cat-customize","8":"product_cat-red-light-therapy-bed","9":"product_cat-services","10":"product_tag-custom-cosmetic-paper-boxes","11":"product_tag-custom-hair-oil-cardboard-box","12":"product_tag-growth-essential-oil-box-suppliers","14":"first","15":"instock","16":"shipping-taxable","17":"product-type-simple","18":"entry","19":"content-bg","20":"loop-entry"},"_links":{"self":[{"href":"https:\/\/red-lighttherapy.com\/de_de\/wp-json\/wp\/v2\/product\/738","targetHints":{"allow":["GET"]}}],"collection":[{"href":"https:\/\/red-lighttherapy.com\/de_de\/wp-json\/wp\/v2\/product"}],"about":[{"href":"https:\/\/red-lighttherapy.com\/de_de\/wp-json\/wp\/v2\/types\/product"}],"wp:featuredmedia":[{"embeddable":true,"href":"https:\/\/red-lighttherapy.com\/de_de\/wp-json\/wp\/v2\/media\/739"}],"wp:attachment":[{"href":"https:\/\/red-lighttherapy.com\/de_de\/wp-json\/wp\/v2\/media?parent=738"}],"wp:term":[{"taxonomy":"product_brand","embeddable":true,"href":"https:\/\/red-lighttherapy.com\/de_de\/wp-json\/wp\/v2\/product_brand?post=738"},{"taxonomy":"product_cat","embeddable":true,"href":"https:\/\/red-lighttherapy.com\/de_de\/wp-json\/wp\/v2\/product_cat?post=738"},{"taxonomy":"product_tag","embeddable":true,"href":"https:\/\/red-lighttherapy.com\/de_de\/wp-json\/wp\/v2\/product_tag?post=738"}],"curies":[{"name":"wp","href":"https:\/\/api.w.org\/{rel}","templated":true}]}}