{"id":725,"date":"2025-04-14T07:08:40","date_gmt":"2025-04-14T07:08:40","guid":{"rendered":"https:\/\/red-lighttherapy.com\/?post_type=product&#038;p=725"},"modified":"2025-04-14T07:22:23","modified_gmt":"2025-04-14T07:22:23","slug":"custom-skin-care-beauty-oil-folding-cartons-box-wholesale","status":"publish","type":"product","link":"https:\/\/red-lighttherapy.com\/de_de\/custom-skin-care-beauty-oil-folding-cartons-box-wholesale\/","title":{"rendered":"Benutzerdefinierte Hautpflege Sch\u00f6nheit \u00d6l Faltschachteln Box Gro\u00dfhandel"},"content":{"rendered":"<h2 id=\"customized-skin-care-beauty-oil-folding-carton-wholesale-product-description\">Ma\u00dfgeschneiderte Hautpflege Sch\u00f6nheit \u00d6l Faltkarton Gro\u00dfhandel<\/h2>\n<h2 id=\"1-visual-aesthetics-platinum-minimalist-color-matching-strengthening-brand-tone-\">1.\u00a0<strong>Visuelle \u00c4sthetik: Minimalistische Farbanpassung in Platin, Verst\u00e4rkung des Markentons<\/strong><\/h2>\n<ul>\n<li><strong>Hauptfarbe Design<\/strong>: Der Schachtelk\u00f6rper besteht aus reinwei\u00dfem Spezialpapier, das durch den Kontrast von Metallglanz und matter Textur ein hochwertiges und reines Markenimage vermittelt. Hei\u00dfpr\u00e4geelemente k\u00f6nnen auf das Markenlogo, geometrische Linien oder abstrakte Muster aufgebracht werden, um die visuelle Hierarchie und die haptischen Erinnerungspunkte zu verbessern.<\/li>\n<li><strong>Fenster-Visualisierung<\/strong>: Die Oberseite oder die Seite des Schachtelk\u00f6rpers ist mit einem hohlen Fenster versehen, das mit einer umweltfreundlichen transparenten Folie bedeckt ist. Die Benutzer k\u00f6nnen das Innere der Flasche mit dem \u00e4therischen \u00d6l oder das Tropfendesign direkt sehen, ohne die Schachtel zu \u00f6ffnen, was die Attraktivit\u00e4t der Regalpr\u00e4sentation erh\u00f6ht und die Nachfrage der Verbraucher nach Produkttransparenz erf\u00fcllt.<\/li>\n<\/ul>\n<h2 id=\"2-environmental-certification-fsc-sustainable-paper-practice-green-concept-\">2.\u00a0<strong>Umweltzertifizierung: FSC Nachhaltiges Papier, Praxis Gr\u00fcnes Konzept<\/strong><\/h2>\n<ul>\n<li>Der Karton verwendet FSC-zertifiziertes Papier, um sicherzustellen, dass die Rohstoffe aus nachhaltig bewirtschafteten W\u00e4ldern stammen, was den EU-Umweltstandards und den Anforderungen grenz\u00fcberschreitender E-Commerce-Plattformen an umweltfreundliche Verpackungen entspricht.<\/li>\n<li>Unterst\u00fctzung von umweltfreundlichen Druckfarben und UV-Lacktechnologien zur Verringerung der VOC-Emissionen, was im Einklang mit den strategischen ESG-Zielen der Marke steht.<\/li>\n<\/ul>\n<h2 id=\"3-technology-innovation-self-locking-folding-structure-efficient-cost-reduction-\">3.\u00a0<strong>Technologische Innovation: selbstverriegelnde Faltstruktur, effiziente Kostensenkung<\/strong><\/h2>\n<ul>\n<li><strong>Pr\u00e4zisions-Stanztechnik<\/strong>: Durch die hochpr\u00e4zise Stanz-Rill-Linie Design (Fehler \u22641mm), ist die Box K\u00f6rper Faltung selbstverriegelnde Funktion realisiert. Die untere Abdeckung und die obere Abdeckung nehmen eine Schnappverschluss-Hakenstruktur an, die ohne Kleben fest geformt werden kann, was die Kosten f\u00fcr die manuelle Montage und die Verschmutzung durch Klebstoff reduziert.<\/li>\n<li><strong>Anpassungsf\u00e4higkeit beim Rapid Prototyping<\/strong>: Unterst\u00fctzt das Batch-Falten von automatisierten Produktionslinien mit einem Tagesaussto\u00df von bis zu 50.000.000 St\u00fcck und erf\u00fcllt die Anforderungen an eine schnelle Lieferung gro\u00dfer Mengen von Waren.<\/li>\n<\/ul>\n<h2 id=\"4-tactile-upgrade-combination-of-hot-stamping-technology-and-special-paper-\">4.\u00a0<strong>Taktile Aufwertung: Kombination aus Hei\u00dfpr\u00e4getechnik und Spezialpapier<\/strong><\/h2>\n<ul>\n<li>Das Oberfl\u00e4chen-Hei\u00dfpr\u00e4geverfahren verwendet elektrochemisches Aluminiumfolienmaterial und erzeugt durch Hochtemperaturpr\u00e4gung einen Spiegelmetallglanzeffekt, um die taktile Schichtung der Verpackung zu verbessern. Die lokale UV-Pr\u00e4gung oder das Pr\u00e4geverfahren kann individuell angepasst werden, um einen matten und hellen Oberfl\u00e4chenkontrast mit dem Hei\u00dfpr\u00e4gebereich zu erzeugen, der das Gef\u00fchl der Zeremonie beim \u00d6ffnen der Verpackung verst\u00e4rkt.<\/li>\n<\/ul>\n<h2 id=\"-production-and-customization-services-\"><strong>5. Produktions- und Anpassungsdienstleistungen<\/strong><\/h2>\n<ul>\n<li><strong>Vorteile der Quellenfabrik<\/strong>: 16 Jahre Erfahrung in der professionellen Herstellung von Verpackungen, ausgestattet mit vollwertigen Produktionslinien wie Offsetdruck, Hei\u00dfpr\u00e4gung, UV-Druck usw., die einen One-Stop-Service vom Design bis zur Verpackung bieten. Wir bieten kostenloses Proofing (konventionelle 3-Tage-Lieferung) und Vorschl\u00e4ge zur Designoptimierung, um sicherzustellen, dass das Produkt in hohem Ma\u00dfe mit der Marke VI \u00fcbereinstimmt.<\/li>\n<li><strong>Kostenvorteil<\/strong>: Beschaffung von FSC-zertifiziertem Papier in gro\u00dfem Umfang und automatisierte Produktionsprozesse, mit einer Mindestbestellmenge von nur 500 St\u00fcck und einem St\u00fcckpreis von nur $0,10 US\/St\u00fcck, was eine kosteng\u00fcnstige Option f\u00fcr kleine und mittlere Marken darstellt.<\/li>\n<li><strong>Mehrwertige Dienstleistungen<\/strong>: Unterst\u00fctzung von grenz\u00fcberschreitenden Exportlieferungen, feuchtigkeits- und sto\u00dffesten Innenf\u00e4chern (z. B. Papierfach oder EVA-Futter) und mehrsprachigem manuellem Druck.<\/li>\n<\/ul>\n<h2 id=\"-technical-parameters-\"><strong>6. Technische Parameter<\/strong><\/h2>\n<table>\n<thead>\n<tr>\n<th>Projekt<\/th>\n<th>Spezifikationen<\/th>\n<\/tr>\n<\/thead>\n<tbody>\n<tr>\n<td>Material<\/td>\n<td>FSC-zertifizierter wei\u00dfer Karton\/Doppelkupferpapier Graupappe<\/td>\n<\/tr>\n<tr>\n<td>Prozess<\/td>\n<td>Hei\u00dfpr\u00e4gung + UV-Druck + selbstsichernde Stanzung<\/td>\n<\/tr>\n<tr>\n<td>Innendurchmesser<\/td>\n<td>Anpassbar<\/td>\n<\/tr>\n<tr>\n<td>Produktionszyklus<\/td>\n<td>3 Tage f\u00fcr Proofing, 7-14 Tage f\u00fcr Bulk<\/td>\n<\/tr>\n<tr>\n<td>Mindestbestellmenge<\/td>\n<td>500 St\u00fcck (zur Unterst\u00fctzung von Probebestellungen in kleinen Mengen)<\/td>\n<\/tr>\n<tr>\n<td>Umweltzertifizierung<\/td>\n<td>FSC-COC\/PEFC-Doppelzertifizierung<\/td>\n<\/tr>\n<\/tbody>\n<\/table>\n<h2 id=\"-application-scenarios-\"><strong>Anwendungsszenarien<\/strong><\/h2>\n<p>Anwendbar f\u00fcr hochwertige \u00e4therische Hautpflege\u00f6le, Parf\u00fcms, Essenzen und andere Kategorien, weit verbreitet im E-Commerce-Direktversand, in der Offline-Auslage und in Kombination mit Geschenksets, die Marken dabei helfen, ein leichtes Luxus-Image zu formen und Umweltschutz-Werteversprechen zu vermitteln.<\/p>","protected":false},"excerpt":{"rendered":"<p>Diese Faltschachtel f\u00fcr Hautpflege\u00f6l ist f\u00fcr hochwertige Hautpflegemarken konzipiert. Sie verwendet eine wei\u00dfe Basis mit einem minimalistischen Farbschema aus Goldfolie und integriert Umweltschutzkonzepte und innovative Technologie, um eine Verpackungsl\u00f6sung zu schaffen, die luxuri\u00f6se Beschaffenheit und Zweckm\u00e4\u00dfigkeit miteinander verbindet. Sie wird von einer 16 Jahre alten Fabrik hergestellt, die sich auf eine ausgereifte Technologie und die Vorteile einer Gro\u00dfproduktion st\u00fctzt und kosteneffiziente, ma\u00dfgeschneiderte Dienstleistungen anbietet, um Marken dabei zu helfen, ihre Wettbewerbsf\u00e4higkeit auf dem Markt zu verbessern.<\/p>","protected":false},"featured_media":727,"template":"","meta":{"_kad_post_transparent":"default","_kad_post_title":"","_kad_post_layout":"default","_kad_post_sidebar_id":"","_kad_post_content_style":"default","_kad_post_vertical_padding":"default","_kad_post_feature":"","_kad_post_feature_position":"","_kad_post_header":false,"_kad_post_footer":false,"_kad_post_classname":""},"product_brand":[],"product_cat":[15,28,24,17],"product_tag":[269,267,268],"class_list":{"0":"post-725","1":"product","2":"type-product","3":"status-publish","4":"has-post-thumbnail","6":"product_cat-red-light-therapy","7":"product_cat-customize","8":"product_cat-red-light-therapy-bed","9":"product_cat-services","10":"product_tag-custom-face-oil-boxes","11":"product_tag-custom-skin-care-cartons-box","12":"product_tag-custom-skincare-oil-boxes-wholesale","14":"first","15":"instock","16":"shipping-taxable","17":"product-type-simple","18":"entry","19":"content-bg","20":"loop-entry"},"_links":{"self":[{"href":"https:\/\/red-lighttherapy.com\/de_de\/wp-json\/wp\/v2\/product\/725","targetHints":{"allow":["GET"]}}],"collection":[{"href":"https:\/\/red-lighttherapy.com\/de_de\/wp-json\/wp\/v2\/product"}],"about":[{"href":"https:\/\/red-lighttherapy.com\/de_de\/wp-json\/wp\/v2\/types\/product"}],"wp:featuredmedia":[{"embeddable":true,"href":"https:\/\/red-lighttherapy.com\/de_de\/wp-json\/wp\/v2\/media\/727"}],"wp:attachment":[{"href":"https:\/\/red-lighttherapy.com\/de_de\/wp-json\/wp\/v2\/media?parent=725"}],"wp:term":[{"taxonomy":"product_brand","embeddable":true,"href":"https:\/\/red-lighttherapy.com\/de_de\/wp-json\/wp\/v2\/product_brand?post=725"},{"taxonomy":"product_cat","embeddable":true,"href":"https:\/\/red-lighttherapy.com\/de_de\/wp-json\/wp\/v2\/product_cat?post=725"},{"taxonomy":"product_tag","embeddable":true,"href":"https:\/\/red-lighttherapy.com\/de_de\/wp-json\/wp\/v2\/product_tag?post=725"}],"curies":[{"name":"wp","href":"https:\/\/api.w.org\/{rel}","templated":true}]}}