{"id":719,"date":"2025-04-14T06:56:26","date_gmt":"2025-04-14T06:56:26","guid":{"rendered":"https:\/\/red-lighttherapy.com\/?post_type=product&#038;p=719"},"modified":"2025-04-14T07:08:31","modified_gmt":"2025-04-14T07:08:31","slug":"luxury-custom-cosmetic-face-serum-cream-folding-mailer-box","status":"publish","type":"product","link":"https:\/\/red-lighttherapy.com\/de_de\/luxury-custom-cosmetic-face-serum-cream-folding-mailer-box\/","title":{"rendered":"Luxus benutzerdefinierte kosmetische Gesicht Serum Creme Folding Mailer Box"},"content":{"rendered":"<h2 id=\"product-description-of-luxury-customized-cosmetics-facial-essence-cream-folding-mailing-box\">Produktbeschreibung von Luxus Kosmetik Gesichts Essenz Creme Folding Mailing Box angepasst<\/h2>\n<h2 id=\"-1-folding-airplane-box-structure-efficient-and-convenient-innovation-\"><strong>1. Struktur der Faltschachtel: effiziente und praktische Innovation<\/strong><\/h2>\n<ol>\n<li><strong>Pr\u00e4ziser Rillvorgang, schnelle Montage<\/strong> Die Verpackungsschachtel hat das klassische Design einer Faltschachtel mit klaren Falten, die an der Kante vorgepresst werden, ohne die Hilfe von Klebstoff oder Werkzeugen, und kann innerhalb von 30 Sekunden dreidimensional geformt werden. Die einzigartige Verschlussstruktur gew\u00e4hrleistet die Stabilit\u00e4t des Schachtelk\u00f6rpers, verhindert ein versehentliches Verrutschen w\u00e4hrend des Transports und ber\u00fccksichtigt sowohl den Umweltschutz als auch die Effizienz.<\/li>\n<li><strong>Wissenschaftliche Lagereinteilung, flexible Anpassung<\/strong>\u00a0Der Innenraum kann mit geschichteten Trennw\u00e4nden an die Bed\u00fcrfnisse des Kunden angepasst werden (z. B. unabh\u00e4ngige F\u00e4cher f\u00fcr Essenzcremeflaschen, Wimpernboxen oder Make-up-Pinsel), um Kollisionen zwischen Produkten zu vermeiden. Die Gr\u00f6\u00dfe kann individuell angepasst werden. Das Minimum kann auf 10cm\u00d75cm (tragbares Wimpernset) und das Maximum auf 30cm\u00d720cm (mehrteilige Geschenkbox-Kombination) erweitert werden, um sich den unterschiedlichen Bed\u00fcrfnissen der Szene anzupassen.<\/li>\n<\/ol>\n<h2 id=\"-second-luxurious-appearance-matte-black-and-gold-aesthetics-\"><strong>2. Luxuri\u00f6ses Aussehen: mattes Schwarz und goldene \u00c4sthetik<\/strong><\/h2>\n<ol>\n<li><strong>Oberfl\u00e4chenbehandlung mit Textur<\/strong>\u00a0Der Karton besteht aus 320 g schwerem, schwarzem, mattem Karton, der sich so zart wie Samt anf\u00fchlt, und ist mit einer UV-Laminierungstechnologie ausgestattet, die wasserdicht, wetterfest und verschlei\u00dffest ist. Die Oberfl\u00e4che ist mit Markenlogo oder kundenspezifischen Muster mit Hei\u00dfpr\u00e4getechnik umrissen, und die goldenen Linien sind auf dem matten Hintergrund looming, wodurch eine Low-Key und luxuri\u00f6se visuelle Wirkung.<\/li>\n<li><strong>Verbesserung des Markenlogos<\/strong>\u00a0Es k\u00f6nnen Reliefs hinzugef\u00fcgt werden (z. B. konkave und konvexe Muster, um die Hautstruktur zu simulieren), oder es k\u00f6nnen unsichtbare QR-Codes in Kombination mit der AR-Technologie eingebettet werden, um das Gef\u00fchl der Interaktion und die technologischen Eigenschaften zu verbessern, was dem Streben nach einer \"immersiven Erfahrung\" f\u00fcr High-End-Nutzer entspricht.<\/li>\n<\/ol>\n<h2 id=\"-three-double-protection-double-protection-of-materials-and-structure-\"><strong>3. Doppelter Schutz: doppelter Schutz von Materialien und Struktur<\/strong><\/h2>\n<ol>\n<li><strong>Pufferschicht aus nat\u00fcrlichem Wellpapier<\/strong>\u00a0Der Kartonk\u00f6rper besteht aus zweilagiger Wellpappe des Typs AB (Dicke 3 mm), und die Wabenstruktur kann mehr als 80% der externen Sto\u00dfkraft absorbieren. Selbst bei einem heftigen Transport kann das innere Produkt unversehrt bleiben. Das Material ist FSC-zertifiziert und 100% abbaubar, was dem Konzept des nachhaltigen Luxus entspricht.<\/li>\n<li><strong>Eckverst\u00e4rkungstechnologie<\/strong>\u00a0Die Ecken bestehen aus einer doppellagigen Papierlaminierung mit eingebetteten Anti-Kompressionsstreifen zur Verst\u00e4rkung, und die Tragf\u00e4higkeit erreicht 5 kg, was einer Verformung des Stapels effektiv entgegenwirkt. Anti-Vibrations-Schwammstreifen sind an den Verbindungsstellen zwischen dem Kartondeckel und dem Kartonk\u00f6rper angebracht, um Vibrationen und Feuchtigkeit weiter zu isolieren, was f\u00fcr den grenz\u00fcberschreitenden Langstreckentransport geeignet ist.<\/li>\n<\/ol>\n<h2 id=\"-technical-parameters-\"><strong>Technische Parameter<\/strong><\/h2>\n<table>\n<thead>\n<tr>\n<th>Projekt<\/th>\n<th>Spezifikationen<\/th>\n<\/tr>\n<\/thead>\n<tbody>\n<tr>\n<td>Material<\/td>\n<td>Zweilagiges AB-Wellpapier (FSC-zertifiziert)<\/td>\n<\/tr>\n<tr>\n<td>Oberfl\u00e4chentechnik<\/td>\n<td>Matte UV-Lackierung + Hei\u00dfpr\u00e4gung \/ Teilpr\u00e4gung<\/td>\n<\/tr>\n<tr>\n<td>Tragf\u00e4higkeit<\/td>\n<td>\u22645kg<\/td>\n<\/tr>\n<tr>\n<td>Umweltzertifizierung<\/td>\n<td>SGS, REACH, RoHS<\/td>\n<\/tr>\n<tr>\n<td>Mindestbestellmenge<\/td>\n<td>500 St\u00fcck (gemischte Gr\u00f6\u00dfen erh\u00e4ltlich)<\/td>\n<\/tr>\n<\/tbody>\n<\/table>\n<h2 id=\"-applicable-scenarios-\"><strong>Anwendbare Szenarien<\/strong><\/h2>\n<ul>\n<li><strong>Sonderlieferung von Luxus-Hautpflegeprodukten<\/strong>: wie Essenzcreme, Ampullen und andere hochpreisige Artikel;<\/li>\n<li><strong>Limitiertes Geschenkbox-Set<\/strong>: kategorie\u00fcbergreifende Kombination (Essenz + Augencreme + ma\u00dfgeschneiderte Tools);<\/li>\n<li><strong>Beauty-Abonnement-Service<\/strong>: personalisierte Hautpflegel\u00f6sungen auf monatlicher Basis.<\/li>\n<\/ul>","protected":false},"excerpt":{"rendered":"<p>Diese faltbare Versandbox wurde speziell f\u00fcr hochwertige, individuelle Kosmetika entwickelt. Im Mittelpunkt stehen \"minimalistische \u00c4sthetik\" und \"wissenschaftlicher Schutz\", und sie kombiniert perfekt k\u00fcnstlerischen Sinn mit Funktionalit\u00e4t. Das Design ist inspiriert vom weltweiten Trend zu ma\u00dfgeschneiderten Verpackungen, kombiniert mit dem Schutzkonzept in Luftfahrtqualit\u00e4t, um einen Rundumschutz f\u00fcr exquisite Sch\u00f6nheitsprodukte wie luxuri\u00f6se Hautpflegeprodukte, Gesichtscremes, Wimpern usw. zu bieten und gleichzeitig ein Gef\u00fchl von Auspackzeremonie und exklusivem Markenerlebnis zu vermitteln.<\/p>","protected":false},"featured_media":720,"template":"","meta":{"_kad_post_transparent":"default","_kad_post_title":"","_kad_post_layout":"default","_kad_post_sidebar_id":"","_kad_post_content_style":"default","_kad_post_vertical_padding":"default","_kad_post_feature":"","_kad_post_feature_position":"","_kad_post_header":false,"_kad_post_footer":false,"_kad_post_classname":""},"product_brand":[],"product_cat":[15,28,17],"product_tag":[186,265,266],"class_list":{"0":"post-719","1":"product","2":"type-product","3":"status-publish","4":"has-post-thumbnail","6":"product_cat-red-light-therapy","7":"product_cat-customize","8":"product_cat-services","9":"product_tag-cosmetic-boxes-supplies","10":"product_tag-custom-face-serum-folding-mailer-box","11":"product_tag-face-cream-mailer-boxes","13":"first","14":"instock","15":"shipping-taxable","16":"product-type-simple","17":"entry","18":"content-bg","19":"loop-entry"},"_links":{"self":[{"href":"https:\/\/red-lighttherapy.com\/de_de\/wp-json\/wp\/v2\/product\/719","targetHints":{"allow":["GET"]}}],"collection":[{"href":"https:\/\/red-lighttherapy.com\/de_de\/wp-json\/wp\/v2\/product"}],"about":[{"href":"https:\/\/red-lighttherapy.com\/de_de\/wp-json\/wp\/v2\/types\/product"}],"wp:featuredmedia":[{"embeddable":true,"href":"https:\/\/red-lighttherapy.com\/de_de\/wp-json\/wp\/v2\/media\/720"}],"wp:attachment":[{"href":"https:\/\/red-lighttherapy.com\/de_de\/wp-json\/wp\/v2\/media?parent=719"}],"wp:term":[{"taxonomy":"product_brand","embeddable":true,"href":"https:\/\/red-lighttherapy.com\/de_de\/wp-json\/wp\/v2\/product_brand?post=719"},{"taxonomy":"product_cat","embeddable":true,"href":"https:\/\/red-lighttherapy.com\/de_de\/wp-json\/wp\/v2\/product_cat?post=719"},{"taxonomy":"product_tag","embeddable":true,"href":"https:\/\/red-lighttherapy.com\/de_de\/wp-json\/wp\/v2\/product_tag?post=719"}],"curies":[{"name":"wp","href":"https:\/\/api.w.org\/{rel}","templated":true}]}}