{"id":714,"date":"2025-04-14T06:40:13","date_gmt":"2025-04-14T06:40:13","guid":{"rendered":"https:\/\/red-lighttherapy.com\/?post_type=product&#038;p=714"},"modified":"2025-04-14T06:56:17","modified_gmt":"2025-04-14T06:56:17","slug":"wholesale-underclothes-bikini-brief-sports-shorts-mailer-box","status":"publish","type":"product","link":"https:\/\/red-lighttherapy.com\/de_de\/wholesale-underclothes-bikini-brief-sports-shorts-mailer-box\/","title":{"rendered":"Gro\u00dfhandel Unterw\u00e4sche Bikini Brief Sport Shorts Mailer Box"},"content":{"rendered":"<h2 id=\"-1-visual-impact-classic-red-and-blue-contrast-design-\"><strong>1. Optische Wirkung: klassisches Design mit roten und blauen Kontrasten<\/strong><\/h2>\n<p>Der Verpackungskarton verwendet eine kontrastreiche Farbkombination aus hochsterilisiertem Rot und dunklem Meeresblau, um einen starken visuellen Gegeneffekt zu erzeugen. Rot ist ein Symbol f\u00fcr Enthusiasmus und Markenvitalit\u00e4t, dr\u00fcckt blaue Professionalit\u00e4t und \u00dcberzeugung aus, und kombiniert mit der Mattenrei\u00dftechnik vermeidet es nicht nur billige reflektierende Gef\u00fchle, sondern erh\u00f6ht auch die Farbstabilit\u00e4t. Dieses Design eignet sich f\u00fcr den Sportbekleidungsmarkt, erh\u00f6ht die Attraktivit\u00e4t der Regalleistung und dr\u00fcckt pr\u00e4zise junge und energiegeladene Markent\u00f6ne aus.<\/p>\n<h2 id=\"-2-structural-innovation-embedded-opening-and-closing-airplane-box-shape-\"><strong>2. Strukturelle Innovation: eingebettete, sich \u00f6ffnende und schlie\u00dfende Flugzeugkastenform<\/strong><\/h2>\n<p>Die Schachtel hat die Standardform einer Flugzeugschachtel, und die Ecken sind abgerundet, um das Risiko einer Besch\u00e4digung durch Reibung beim Transport zu vermeiden. Der Kartondeckel ist als eingebettete \u00d6ffnungs- und Verschlussstruktur konzipiert, und der nahtlose Verschluss wird durch pr\u00e4zises Stanzen erreicht:<\/p>\n<ul>\n<li><strong>Versiegeln<\/strong>: Die eingebettete Schnalle sorgt daf\u00fcr, dass der Deckel der Box fest sitzt und kein Staub oder Wasserdampf eindringen kann;<\/li>\n<li><strong>Bequemlichkeit<\/strong>: Zum \u00d6ffnen und Schlie\u00dfen sind keine Werkzeuge erforderlich, und es kann leicht mit einer Hand bedient werden, was f\u00fcr die Kunden bequem ist, um schnell zu pr\u00fcfen oder neu zu verpacken;<\/li>\n<li><strong>Dauerhaftigkeit<\/strong>: Die Kanten und Ecken sind verdickt und verst\u00e4rkt und k\u00f6nnen 3-5 Mal wiederverwendet werden, was die Kosten f\u00fcr den Verlust der Verpackung reduziert.<\/li>\n<\/ul>\n<h2 id=\"-3-material-science-lightweight-and-compression-resistance-\"><strong>3. Werkstoffkunde: Geringes Gewicht und Druckbest\u00e4ndigkeit<\/strong><\/h2>\n<p>Die Schachtel hat eine Wellpappenstruktur, das Oberfl\u00e4chenpapier ist hochfestes 200g-Kraftpapier und das Kernpapier ist umweltfreundlicher Recycling-Zellstoff:<\/p>\n<ul>\n<li><strong>Kompressionstest<\/strong>: Die statische Tragf\u00e4higkeit betr\u00e4gt bis zu 50 kg, und der dynamische Falltest besteht die 1,2 m H\u00f6he;<\/li>\n<li><strong>Umweltzertifizierung<\/strong>: Das Material ist FSC-zertifiziert und kann 100% recycelt und abgebaut werden, was den Anforderungen an umweltfreundliche Verpackungen im grenz\u00fcberschreitenden E-Commerce entspricht.<\/li>\n<\/ul>\n<h2 id=\"-4-warehousing-optimization-expandable-flat-design-\"><strong>4. Optimierung der Lagerhaltung: ausbauf\u00e4hige Flachbauweise<\/strong><\/h2>\n<p>Der Verpackungskarton hat eine leimfreie Steckstruktur, die eine vollst\u00e4ndige Ausdehnung in eine flache Form unterst\u00fctzt, und die Volumenkompressionsrate w\u00e4hrend des Transports betr\u00e4gt bis zu 80%.<\/p>\n<ul>\n<li><strong>Szenario f\u00fcr die Lagerhaltung<\/strong>: In 1 Kubikmeter Raum k\u00f6nnen 2.000 flache Kartons untergebracht werden, was im Vergleich zu dreidimensionalen Kartons 60% an Lagerfl\u00e4che einspart;<\/li>\n<li><strong>Transport-Szenario<\/strong>: Anpassung an Standard-Logistikpaletten, Unterst\u00fctzung der getrennten Verpackung und des Transports mit Produkten und Reduzierung der Logistikkosten;<\/li>\n<li><strong>Effizienz der Montage<\/strong>: Der Endkunde kann es innerhalb von 10 Sekunden ohne Hilfe von Klebeband oder Werkzeugen manuell falten und formen.<\/li>\n<\/ul>\n<h2 id=\"-5-brand-empowerment-customized-logo-and-printing-process-\"><strong>5. Markenst\u00e4rkung: kundenspezifisches LOGO und Druckverfahren<\/strong><\/h2>\n<p>Der Schachtelk\u00f6rper verf\u00fcgt \u00fcber einen reservierten Hochglanz-UV-Druckbereich, der die personalisierte Anpassung von Markenlogo, Slogan oder QR-Code unterst\u00fctzt:<\/p>\n<ul>\n<li><strong>Auswahl des Verfahrens<\/strong>Optional: Hei\u00dfpr\u00e4gung, Siebdruck, Pr\u00e4gung und andere Verfahren, angepasst an die Texturanforderungen hochwertiger Unterw\u00e4schemarken;<\/li>\n<li><strong>\u00dcbermittlung von Informationen<\/strong>: Auf der R\u00fcckseite befindet sich eine Spalte mit Produktinformationen, auf der die Gr\u00f6\u00dfentabelle, die Waschanleitung oder die Umwelterkl\u00e4rung aufgedruckt werden k\u00f6nnen;<\/li>\n<li><strong>Anti-F\u00e4lschungs-Funktion<\/strong>: Unterst\u00fctzt unsichtbare fluoreszierende Tinte oder f\u00e4lschungssichere Lasermarkierung zum Schutz des geistigen Eigentums der Marke.<\/li>\n<\/ul>\n<h2 id=\"-6-flexible-customization-adapt-to-multiple-market-positioning-\"><strong>6. Flexible Anpassung: Anpassung an verschiedene Marktpositionen<\/strong><\/h2>\n<p>F\u00fcr verschiedene Produktlinien und Marktstrategien bieten wir umfassende Anpassungsdienste an:<\/p>\n<ul>\n<li><strong>Auswahl des Boxentyps<\/strong>: Basis-Flugzeugbox, Schubladenbox, Schaufensterbox (angepasst an transparente Bikini-Verpackungen);<\/li>\n<li><strong>Material-Upgrade<\/strong>High-End-Linie kann E-Typ Mikro-Wellpapier (1,5 mm) w\u00e4hlen oder eine wasserdichte Beschichtung hinzuf\u00fcgen;<\/li>\n<li><strong>Anpassung des Drucks<\/strong>:<\/li>\n<li><strong>Massenmarkt<\/strong>: Der CMYK-Vierfarbendruck wird eingesetzt, und die Kosten sind kontrollierbar;<\/li>\n<li><strong>Leichte Luxuslinie<\/strong>: Pantone-Schmuckfarbe + lokale UV-Farben, die das visuelle Niveau verbessern;<\/li>\n<li><strong>Serie Umweltschutz<\/strong>: Verwendung von Sojatinte f\u00fcr den Druck, um das Konzept der nachhaltigen Entwicklung zu unterstreichen.<\/li>\n<\/ul>\n<h2 id=\"-applicable-scenarios-and-market-value-\"><strong>Anwendbare Szenarien und Marktwert<\/strong><\/h2>\n<p>Diese Serie von Verpackungskartons ist f\u00fcr den Sportbekleidungs- und Unterw\u00e4sche-Gro\u00dfhandel sowie f\u00fcr den grenz\u00fcberschreitenden E-Commerce konzipiert und eignet sich f\u00fcr:<\/p>\n<ul>\n<li><strong>Markendirektverkauf<\/strong>: Verbessern Sie das Auspackerlebnis Ihrer Kunden durch eine Verpackung mit hohem Wiedererkennungswert und erh\u00f6hen Sie die Wiederkaufsrate;<\/li>\n<li><strong>Vertriebskan\u00e4le<\/strong>: Der flache Transport reduziert die Kosten f\u00fcr Zwischenverbindungen und passt sich den Bed\u00fcrfnissen von Beh\u00f6rden mit mehreren Ebenen an;<\/li>\n<li><strong>M\u00e4rkte in \u00dcbersee<\/strong>: Durch seine druckfeste Struktur und sein geringes Gewicht erf\u00fcllt er die strengen Anforderungen der grenz\u00fcberschreitenden Logistik.<\/li>\n<\/ul>\n<p>Durch die tiefgreifende Integration von wissenschaftlichem Strukturdesign, umweltfreundlichen Materialien und einer Markenvision wird die \"Red and Blue Vitality\"-Serie von Verpackungskartons zu einem doppelten Werkzeug f\u00fcr die Verbesserung der Effizienz Ihrer Lieferkette und die Schaffung von Markenwert.<\/p>","protected":false},"excerpt":{"rendered":"<p>Als Antwort auf den Gro\u00dfhandels- und Transportbedarf von leichten Bekleidungsprodukten wie Sport-BHs, Bikinis, Slips und Sportshorts haben wir eine neu gestaltete \"Red and Blue Vitality\"-Serie von Spezialversandkartons auf den Markt gebracht. Dieses Produkt ist in erster Linie funktional und vereint Marken\u00e4sthetik und Umweltschutzkonzepte. Es tr\u00e4gt zur Verbesserung des Markenimages und zur Optimierung der Effizienz der Lieferkette bei.<\/p>","protected":false},"featured_media":716,"template":"","meta":{"_kad_post_transparent":"default","_kad_post_title":"","_kad_post_layout":"default","_kad_post_sidebar_id":"","_kad_post_content_style":"default","_kad_post_vertical_padding":"default","_kad_post_feature":"","_kad_post_feature_position":"","_kad_post_header":false,"_kad_post_footer":false,"_kad_post_classname":""},"product_brand":[],"product_cat":[15,30,17],"product_tag":[263,264,262],"class_list":{"0":"post-714","1":"product","2":"type-product","3":"status-publish","4":"has-post-thumbnail","6":"product_cat-red-light-therapy","7":"product_cat-dropshipping","8":"product_cat-services","9":"product_tag-custom-sports-shorts-mailer-box","10":"product_tag-underclothes-packaging","11":"product_tag-wholesale-bikini-mailer-box","13":"first","14":"instock","15":"shipping-taxable","16":"product-type-simple","17":"entry","18":"content-bg","19":"loop-entry"},"_links":{"self":[{"href":"https:\/\/red-lighttherapy.com\/de_de\/wp-json\/wp\/v2\/product\/714","targetHints":{"allow":["GET"]}}],"collection":[{"href":"https:\/\/red-lighttherapy.com\/de_de\/wp-json\/wp\/v2\/product"}],"about":[{"href":"https:\/\/red-lighttherapy.com\/de_de\/wp-json\/wp\/v2\/types\/product"}],"wp:featuredmedia":[{"embeddable":true,"href":"https:\/\/red-lighttherapy.com\/de_de\/wp-json\/wp\/v2\/media\/716"}],"wp:attachment":[{"href":"https:\/\/red-lighttherapy.com\/de_de\/wp-json\/wp\/v2\/media?parent=714"}],"wp:term":[{"taxonomy":"product_brand","embeddable":true,"href":"https:\/\/red-lighttherapy.com\/de_de\/wp-json\/wp\/v2\/product_brand?post=714"},{"taxonomy":"product_cat","embeddable":true,"href":"https:\/\/red-lighttherapy.com\/de_de\/wp-json\/wp\/v2\/product_cat?post=714"},{"taxonomy":"product_tag","embeddable":true,"href":"https:\/\/red-lighttherapy.com\/de_de\/wp-json\/wp\/v2\/product_tag?post=714"}],"curies":[{"name":"wp","href":"https:\/\/api.w.org\/{rel}","templated":true}]}}