{"id":709,"date":"2025-04-14T06:16:33","date_gmt":"2025-04-14T06:16:33","guid":{"rendered":"https:\/\/red-lighttherapy.com\/?post_type=product&#038;p=709"},"modified":"2025-04-14T06:39:50","modified_gmt":"2025-04-14T06:39:50","slug":"factory-custom-apparel-shoe-sweater-bra-clothes-mailer-box","status":"publish","type":"product","link":"https:\/\/red-lighttherapy.com\/de_de\/factory-custom-apparel-shoe-sweater-bra-clothes-mailer-box\/","title":{"rendered":"Factory Custom Apparel Schuh Pullover BH Kleidung Mailer Box"},"content":{"rendered":"<h2 id=\"-rainbow-gradient-series-clothing-transport-box-products-\">Factory Custom Apparel Schuh Pullover BH Kleidung Mailer Box<\/h2>\n<h2 id=\"-i-appearance-design-fusion-of-rainbow-gradient-aesthetics-and-brand-imprint-\"><strong>1. Erscheinungsbild Design: Verschmelzung von Regenbogen Gradient \u00c4sthetik und Marke Impressum<\/strong><\/h2>\n<ol>\n<li><strong>Regenbogen-Gradient-Box-Design<\/strong>\u00a0Das Geh\u00e4use der Schachtel nutzt eine hochpr\u00e4zise Drucktechnik, um einen Farbverlauf zu erzeugen, der auf nat\u00fcrliche Weise von warmen zu kalten Farben \u00fcbergeht, so wie das Morgenrot den Himmel f\u00e4rbt. Das System der Farbverl\u00e4ufe entspricht den \u00e4sthetischen Vorlieben junger Verbrauchergruppen, vermittelt Vitalit\u00e4t, Kreativit\u00e4t und Modebewusstsein und bildet ein visuelles Echo mit den verschiedenen Stilen von Kleidung, Schuhen und anderen Produkten.<\/li>\n<li><strong>Marke LOGO dynamisches Fusionsdesign<\/strong>\u00a0Das Markenlogo verwendet das Verfahren der \"optischen Farbwechsel-Tinte\". Die Farbe des Logos \u00e4ndert sich je nach Lichteinfall und verschmilzt auf nat\u00fcrliche Weise mit dem Farbverlauf im Hintergrund, wie das Licht, das im Morgenlicht erscheint und wieder verschwindet. Dieses Design durchbricht die Grenzen traditioneller einfarbiger Logos, verbessert die visuelle Schichtung und die Erinnerungspunkte und verwirklicht die tiefe Verbindung von Markensymbolen und Verpackungs\u00e4sthetik.<\/li>\n<\/ol>\n<h2 id=\"-second-structural-optimization-efficient-assembly-and-durable-protection-\"><strong>2. Strukturelle Optimierung: effiziente Montage und dauerhafter Schutz<\/strong><\/h2>\n<ol>\n<li><strong>Schnell faltbare Struktur in Form einer Flugzeugbox<\/strong>\u00a0Auf der Grundlage des patentierten Falzdesigns kann der Schachtelk\u00f6rper durch Falten entlang der vorgepr\u00e4gten Markierung ohne Klebstoff oder Werkzeug zusammengesetzt werden. Die gemessene Montagezeit f\u00fcr eine einzelne Schachtel betr\u00e4gt \u226415 Sekunden, was 60% effizienter ist als herk\u00f6mmliche Verpackungen und die Arbeits- und Lagerkosten erheblich reduziert.<\/li>\n<li><strong>Doppellagiges Kastenschutzsystem<\/strong><\/li>\n<li><strong>\u00c4u\u00dferer Kasten<\/strong>: Die Oberfl\u00e4che ist mit einer 0,2 mm dicken, verschlei\u00dffesten Polyurethanfolie auf Wasserbasis (umweltfreundliches Verfahren) beschichtet, die eine Kratzfestigkeit von 5H und eine Wasserdichtigkeit von IPX4 aufweist und somit Reibung und feuchten Umgebungen in Logistik und Transport standh\u00e4lt.<\/li>\n<li><strong>Innerer Kasten<\/strong>: Reines wei\u00dfes Hartkartonfutter in Lebensmittelqualit\u00e4t, keine Verunreinigungen und Farbunterschiede, Konzentration auf den Produktk\u00f6rper beim Auspacken. Die Innenwand ist mit einer Wabenpufferstruktur versehen, die eine Tragf\u00e4higkeit von 8 kg aufweist und den Anforderungen an die Druckfestigkeit verschiedener Kategorien wie Pullover und Schuhe gerecht wird.<\/li>\n<\/ol>\n<h2 id=\"-iii-environmental-qualification-and-production-guarantee-\"><strong>3. Umweltqualifikation und Produktionsgarantie<\/strong><\/h2>\n<ol>\n<li><strong>FSC-Forstzertifizierung und ISO-Qualit\u00e4tsmanagement<\/strong>\u00a0100% der Rohstoffe des Schachtelk\u00f6rpers haben die FSC-COC-Zertifizierung der Produktions- und Verkaufskette bestanden, und die Druckfarbe entspricht den EU-Umweltschutznormen REACH. Das Werk ist nach dem Qualit\u00e4tsmanagementsystem ISO 9001 und dem Umweltmanagementsystem ISO 14001 zertifiziert. 16 Jahre Produktionserfahrung sorgen daf\u00fcr, dass die Farbabweichungstoleranz jeder Verpackungscharge \u22645% und die Liefertermintreue \u226598% betr\u00e4gt.<\/li>\n<li><strong>Kundenspezifische Serviceerweiterung<\/strong>\u00a0Unterst\u00fctzung personalisierter Upgrade-Optionen:<\/li>\n<li><strong>Funktionserweiterung<\/strong>: eingebaute Trennwand, Staubbeutelhaken;<\/li>\n<li><strong>Prozess-Upgrade<\/strong>: Hei\u00dfpr\u00e4gung\/gepr\u00e4gte Textur, magnetische \u00d6ffnungs- und Verschlussstruktur;<\/li>\n<li><strong>Anpassung der Gr\u00f6\u00dfe<\/strong>: Bietet eine Bibliothek mit mehr als 20 Standardgr\u00f6\u00dfen und unterst\u00fctzt nicht-standardm\u00e4\u00dfige Anpassungen (Fehler \u00b11mm).<\/li>\n<\/ol>\n<h2 id=\"-fourth-application-scenarios-and-value-empowerment-\"><strong>4. Anwendungsszenarien und Value Empowerment<\/strong><\/h2>\n<p>Diese Serie von Verpackungen eignet sich f\u00fcr leichte Luxus- bis Fast-Fashion-Marken wie Kleidung, Unterw\u00e4sche, Schuhe, Pullover usw., insbesondere f\u00fcr die folgenden Szenarien:<\/p>\n<ul>\n<li><strong>Direktwerbung f\u00fcr den elektronischen Handel<\/strong>: Der Regenbogen-Farbverlauf erh\u00f6ht die Unboxing-Rate in den sozialen Medien;<\/li>\n<li><strong>Anzeige im Gesch\u00e4ft<\/strong>: Das einheitliche visuelle Markensystem st\u00e4rkt das Image des Terminals;<\/li>\n<li><strong>Begrenztes Co-Branding<\/strong>: Dynamisches LOGO-Design passt sich den Bed\u00fcrfnissen der grenz\u00fcberschreitenden IP-Zusammenarbeit an.<\/li>\n<\/ul>","protected":false},"excerpt":{"rendered":"<p>Der Versandkarton kann schnell gefaltet und zusammengesetzt werden, indem man einfach dem Falzdesign folgt, was Transport- und Lagerkosten spart. Der Kartonk\u00f6rper hat einen Regenbogen-Farbverlauf, um einen modischen und lebendigen visuellen Effekt zu erzielen, der mit der kreativen Positionierung \u00fcbereinstimmt. Die Oberfl\u00e4chenbeschichtung ist verschlei\u00dffest und feuchtigkeitsbest\u00e4ndig und eignet sich f\u00fcr den Transport und Schutz von Kleidungsst\u00fccken.<\/p>","protected":false},"featured_media":710,"template":"","meta":{"_kad_post_transparent":"default","_kad_post_title":"","_kad_post_layout":"default","_kad_post_sidebar_id":"","_kad_post_content_style":"default","_kad_post_vertical_padding":"default","_kad_post_feature":"","_kad_post_feature_position":"","_kad_post_header":false,"_kad_post_footer":false,"_kad_post_classname":""},"product_brand":[],"product_cat":[15,30,17],"product_tag":[259,260,261],"class_list":{"0":"post-709","1":"product","2":"type-product","3":"status-publish","4":"has-post-thumbnail","6":"product_cat-red-light-therapy","7":"product_cat-dropshipping","8":"product_cat-services","9":"product_tag-custom-apparel-clothes-mailer-box","10":"product_tag-mailer-box-for-shoe","11":"product_tag-sweater-bra-packaging-boxes","13":"first","14":"instock","15":"shipping-taxable","16":"product-type-simple","17":"entry","18":"content-bg","19":"loop-entry"},"_links":{"self":[{"href":"https:\/\/red-lighttherapy.com\/de_de\/wp-json\/wp\/v2\/product\/709","targetHints":{"allow":["GET"]}}],"collection":[{"href":"https:\/\/red-lighttherapy.com\/de_de\/wp-json\/wp\/v2\/product"}],"about":[{"href":"https:\/\/red-lighttherapy.com\/de_de\/wp-json\/wp\/v2\/types\/product"}],"wp:featuredmedia":[{"embeddable":true,"href":"https:\/\/red-lighttherapy.com\/de_de\/wp-json\/wp\/v2\/media\/710"}],"wp:attachment":[{"href":"https:\/\/red-lighttherapy.com\/de_de\/wp-json\/wp\/v2\/media?parent=709"}],"wp:term":[{"taxonomy":"product_brand","embeddable":true,"href":"https:\/\/red-lighttherapy.com\/de_de\/wp-json\/wp\/v2\/product_brand?post=709"},{"taxonomy":"product_cat","embeddable":true,"href":"https:\/\/red-lighttherapy.com\/de_de\/wp-json\/wp\/v2\/product_cat?post=709"},{"taxonomy":"product_tag","embeddable":true,"href":"https:\/\/red-lighttherapy.com\/de_de\/wp-json\/wp\/v2\/product_tag?post=709"}],"curies":[{"name":"wp","href":"https:\/\/api.w.org\/{rel}","templated":true}]}}