{"id":704,"date":"2025-04-14T06:06:17","date_gmt":"2025-04-14T06:06:17","guid":{"rendered":"https:\/\/red-lighttherapy.com\/?post_type=product&#038;p=704"},"modified":"2025-04-14T06:16:05","modified_gmt":"2025-04-14T06:16:05","slug":"supplier-custom-luxury-mailer-packaging-for-champagne-wine","status":"publish","type":"product","link":"https:\/\/red-lighttherapy.com\/de_de\/supplier-custom-luxury-mailer-packaging-for-champagne-wine\/","title":{"rendered":"Lieferant Individuelle Luxus-Mailer-Verpackung f\u00fcr Champagner-Wein"},"content":{"rendered":"<h2 id=\"-customized-luxury-mailing-packaging-solution-for-champagne-\"><strong>Ma\u00dfgeschneiderte Luxus-Mailing-Verpackungsl\u00f6sung f\u00fcr Champagner<\/strong><\/h2>\n<h2 id=\"-1-structured-padding-system-the-perfect-balance-of-precise-protection-and-surprise-when-unboxing-\"><strong>1. Strukturiertes Polstersystem: die perfekte Balance zwischen pr\u00e4zisem Schutz und \u00dcberraschung beim Auspacken<\/strong><\/h2>\n<p>Die patentierte, faltbare, gewellte Verkleidungsstruktur wird verwendet, um die Flasche durch mehrdimensionale mechanische Unterst\u00fctzung pr\u00e4zise zu fixieren:<\/p>\n<ul>\n<li><strong>Dreidimensionales Verriegelungsdesign<\/strong>: Der Wabenschlitz ist an die Kr\u00fcmmung der Sektflasche angepasst, kombiniert mit der oberen Bogenst\u00fctze, um die vertikale Stabilit\u00e4t der Flasche zu gew\u00e4hrleisten, und es besteht kein Risiko einer Verschiebung, selbst wenn sie umgedreht oder heftig gesch\u00fcttelt wird.<\/li>\n<li><strong>Doppelte Pufferschicht<\/strong>: Die Auskleidung besteht aus E-Welle + B-Welle-Verbundkarton (Dicke 1,5-2,5 mm einstellbar) und absorbiert die Aufprallenergie durch die wabenf\u00f6rmige Zwischenschicht. Labortests haben gezeigt, dass sie einem Aufprall aus 1,2 Metern H\u00f6he standhalten kann (gem\u00e4\u00df den ISTA 3A-Normen).<\/li>\n<li><strong>Unboxing-Ritual<\/strong>: Das minimalistische Design der Falt\u00f6ffnung erm\u00f6glicht es dem Benutzer, das Futter durch leichtes Ziehen am seitlichen Band zu entfalten. Die Flasche hebt sich durch die Schwerkraft auf nat\u00fcrliche Weise und ist mit durchscheinendem Schwefels\u00e4urepapier \u00fcberzogen, um eine visuelle \u00dcberraschung der \"schwebenden Auslage\" zu schaffen.<\/li>\n<\/ul>\n<h2 id=\"-second-smart-airplane-box-structure-3-second-molding-efficiency-revolution-\"><strong>2. Intelligente Flugzeug-Box-Struktur: 3-Sekunden-Formen, Effizienz-Revolution<\/strong><\/h2>\n<p>Das leimfreie Faltsystem, das auf dem Prinzip des Viergelenkmechanismus beruht, stellt den traditionellen Verpackungsprozess auf den Kopf:<\/p>\n<ul>\n<li><strong>Werkzeuglose Montage<\/strong>: Vorgepr\u00e4gte Wellpappe kann durch Dr\u00fccken der Bodenverriegelung automatisch geformt werden, und die Montagezeit eines einzelnen Kartons betr\u00e4gt \u22645 Sekunden, was die Effizienz um 300% erh\u00f6ht.<\/li>\n<li><strong>Modulare Kompatibilit\u00e4t<\/strong>: Unterst\u00fctzt die Spezifikationen von einer bis zu 6 Flaschen (adaptive H\u00f6he 20-50cm), und die Seitenfl\u00fcgel des Kastenk\u00f6rpers haben eingebaute magnetische Schnallen, die verst\u00e4rkt sind und sich f\u00fcr eine erneute Inspektion leicht \u00f6ffnen und schlie\u00dfen lassen.<\/li>\n<li><strong>Globale Logistik freundlich<\/strong>: Die Dicke nach dem Falten betr\u00e4gt nur 3 cm, wodurch der ben\u00f6tigte Lager- und Transportraum reduziert und die Ladekapazit\u00e4t des Containers um 40% erh\u00f6ht wird.<\/li>\n<\/ul>\n<h2 id=\"-third-environmental-protection-performance-and-artistic-details-a-comprehensive-upgrade-from-function-to-aesthetics-\"><strong>3. Umweltschutzleistung und k\u00fcnstlerische Details: ein umfassendes Upgrade von der Funktion zur \u00c4sthetik<\/strong><\/h2>\n<ol>\n<li><strong>Umweltfreundliche Materialien<\/strong>:<\/li>\n<li>100% recycelbares FSC-zertifiziertes Wellpapier, die Oberfl\u00e4chenbeschichtung auf Wasserbasis ist feuchtigkeits- und druckbest\u00e4ndig.<\/li>\n<li>Der Kohlenstoff-Fu\u00dfabdruck ist um 62% geringer als der von herk\u00f6mmlichen Schaumstoffverpackungen, was den Anforderungen der EU-EPR-Verordnung entspricht.<\/li>\n<li><strong>K\u00fcnstlerische Gestaltung<\/strong>:<\/li>\n<li><strong>Unteres Ei<\/strong>: Die Lasergravur der abstrakten schwarzen Katzensilhouette bildet eine erz\u00e4hlerische Verbindung und verst\u00e4rkt die Erinnerung an die Marke.<\/li>\n<li><strong>Minimalistische Bildsprache<\/strong>: Matte schwarze und goldene Hauptfarbe mit teilweiser Hei\u00dfpr\u00e4gung Prozess, der \u00e4u\u00dfere Kasten beh\u00e4lt nur die Marke LOGO und Weinkellerei R\u00fcckverfolgbarkeit QR-Code, interpretieren Low-Key-Luxus.<\/li>\n<\/ol>\n<h2 id=\"-fourth-full-link-customization-service-a-one-stop-solution-from-design-to-delivery-\"><strong>4. Full-Link Customization Service: eine L\u00f6sung aus einer Hand vom Entwurf bis zur Lieferung<\/strong><\/h2>\n<ol>\n<li><strong>Umfangreiche Anpassungsm\u00f6glichkeiten<\/strong>:<\/li>\n<li><strong>Anpassung des Flaschentyps<\/strong>: Unterst\u00fctzt den Datenbankabgleich von mehr als 20 speziellen Flaschentypen, wie z. B. Standard-Champagnerflaschen, Ros\u00e9-Flaschen mit enger \u00d6ffnung, Magnum-Flaschen usw.<\/li>\n<li><strong>Markeneinf\u00fchrung<\/strong>: Erm\u00f6glicht Hei\u00dfpr\u00e4gung, Siebdruck, Pr\u00e4gung und andere mehrstufige LOGO-Anpassungen und unterst\u00fctzt Pantone-Schmuckfarben.<\/li>\n<li><strong>Funktionserweiterung<\/strong>: Optionale intelligente Module wie Temperatursensor-Etiketten und NFC-Chips zum Schutz vor F\u00e4lschungen k\u00f6nnen die Anforderungen anspruchsvoller Kunden erf\u00fcllen.<\/li>\n<li><strong>Professionelle Unterst\u00fctzung im Au\u00dfenhandel<\/strong>:<\/li>\n<li><strong>Globale Zertifizierung der Konformit\u00e4t<\/strong>: Es hat die REACH- und FDA-Tests f\u00fcr Materialien mit Lebensmittelkontakt bestanden und unterst\u00fctzt Handelsbegriffe wie DDP\/DAP.<\/li>\n<li><strong>Agile Lieferkette<\/strong>: China Guangdong Produktionsbasis, 48-Stunden-Proofing-Antwort, Mindestbestellmenge 500 St\u00fcck, unterst\u00fctzen grenz\u00fcberschreitenden E-Commerce-Drop-Shipping.<\/li>\n<\/ol>","protected":false},"excerpt":{"rendered":"<p>Der Versandkarton kommt ohne Klebstoff aus und kann in wenigen Sekunden geformt werden, was die Verpackungseffizienz erheblich verbessert. Die strukturierte Polsterung im Inneren des Kartons fixiert die Weinflasche genau, um die Transportsicherheit zu gew\u00e4hrleisten. Das schlichte Design sorgt f\u00fcr einen \u00dcberraschungseffekt beim \u00d6ffnen Ihrer Weinflaschenverpackung. Der Boden des Kartons ist mit einem abstrakten schwarzen K\u00e4tzchenmuster verziert, das ein interessantes Echo mit dem Produktnamen bildet.<\/p>","protected":false},"featured_media":705,"template":"","meta":{"_kad_post_transparent":"default","_kad_post_title":"","_kad_post_layout":"default","_kad_post_sidebar_id":"","_kad_post_content_style":"default","_kad_post_vertical_padding":"default","_kad_post_feature":"","_kad_post_feature_position":"","_kad_post_header":false,"_kad_post_footer":false,"_kad_post_classname":""},"product_brand":[],"product_cat":[15,17],"product_tag":[256,257,258],"class_list":{"0":"post-704","1":"product","2":"type-product","3":"status-publish","4":"has-post-thumbnail","6":"product_cat-red-light-therapy","7":"product_cat-services","8":"product_tag-custom-champagne-packaging","9":"product_tag-luxury-wine-mailer-packaging","10":"product_tag-supplier-custom-champagne-wine-packaging","12":"first","13":"instock","14":"shipping-taxable","15":"product-type-simple","16":"entry","17":"content-bg","18":"loop-entry"},"_links":{"self":[{"href":"https:\/\/red-lighttherapy.com\/de_de\/wp-json\/wp\/v2\/product\/704","targetHints":{"allow":["GET"]}}],"collection":[{"href":"https:\/\/red-lighttherapy.com\/de_de\/wp-json\/wp\/v2\/product"}],"about":[{"href":"https:\/\/red-lighttherapy.com\/de_de\/wp-json\/wp\/v2\/types\/product"}],"wp:featuredmedia":[{"embeddable":true,"href":"https:\/\/red-lighttherapy.com\/de_de\/wp-json\/wp\/v2\/media\/705"}],"wp:attachment":[{"href":"https:\/\/red-lighttherapy.com\/de_de\/wp-json\/wp\/v2\/media?parent=704"}],"wp:term":[{"taxonomy":"product_brand","embeddable":true,"href":"https:\/\/red-lighttherapy.com\/de_de\/wp-json\/wp\/v2\/product_brand?post=704"},{"taxonomy":"product_cat","embeddable":true,"href":"https:\/\/red-lighttherapy.com\/de_de\/wp-json\/wp\/v2\/product_cat?post=704"},{"taxonomy":"product_tag","embeddable":true,"href":"https:\/\/red-lighttherapy.com\/de_de\/wp-json\/wp\/v2\/product_tag?post=704"}],"curies":[{"name":"wp","href":"https:\/\/api.w.org\/{rel}","templated":true}]}}