{"id":698,"date":"2025-04-14T05:57:18","date_gmt":"2025-04-14T05:57:18","guid":{"rendered":"https:\/\/red-lighttherapy.com\/?post_type=product&#038;p=698"},"modified":"2025-04-14T06:06:07","modified_gmt":"2025-04-14T06:06:07","slug":"hot-selling-mailer-baseball-hat-shipping-boxes-suppliers","status":"publish","type":"product","link":"https:\/\/red-lighttherapy.com\/de_de\/hot-selling-mailer-baseball-hat-shipping-boxes-suppliers\/","title":{"rendered":"Hot Selling Mailer Baseball Hut Versandkartons Lieferanten"},"content":{"rendered":"<h2 id=\"-macaron-color-baseball-cap-transport-box-product-description-\"><strong>Macaron Color Hot Selling Mailer Baseball Cap Shipping Box Produktbeschreibung<\/strong><\/h2>\n<h2 id=\"-1-macaron-color-visual-aesthetics-\"><strong>1. Macaron-Farbe Visuelle \u00c4sthetik<\/strong><\/h2>\n<p>Der Kofferaufbau verwendet weiche\u00a0<strong>hellgr\u00fcn (mintgr\u00fcn)<\/strong>\u00a0und\u00a0<strong>hellblau (sodablau)<\/strong>\u00a0als Hauptfarben, inspiriert von der Natur und dem Meer, um ein erfrischendes und elegantes visuelles Erlebnis zu vermitteln. Die Farbabstimmung bezieht sich auf internationale Trends, und das niedrig ges\u00e4ttigte Design verhindert visuelle Erm\u00fcdung, was f\u00fcr Sport, Freizeit, weiblichen Konsum und andere Marken geeignet ist.<\/p>\n<h2 id=\"-2-single-material-environmentally-friendly-structure-\"><strong>2. Einzelne Material umweltfreundliche Struktur<\/strong><\/h2>\n<p>Verwendung von\u00a0<strong>100% wiederverwendbare Wellpappe<\/strong>\u00a0(Fl\u00f6tenmodell A\/B\/E),\u00a0<strong>All-Polyolefin-Verbundverfahren<\/strong>\u00a0erreicht eine Struktur aus einem einzigen Material und vermeidet die Recycling- und Sortierprobleme, die bei herk\u00f6mmlichen Verbundmaterialien (wie Aluminiumfolie, PET) auftreten. Dieses Design erf\u00fcllt die EU-Standards f\u00fcr die Kreislaufwirtschaft von Verpackungen und kann direkt dem Papierrecycling zugef\u00fchrt werden, wodurch Kohlenstoffemissionen und Ressourcenabf\u00e4lle reduziert werden.<\/p>\n<h2 id=\"-3-interesting-lining-and-minimalist-appearance-\"><strong>3. Interessantes Futter und minimalistisches Aussehen<\/strong><\/h2>\n<ul>\n<li><strong>\u00c4u\u00dferer Kasten<\/strong>: Minimalistische, matte Oberfl\u00e4che mit beidseitig aufgedrucktem Markenlogo, keine \u00fcberfl\u00fcssige Dekoration, die das Konzept des Umweltschutzes unterstreicht.<\/li>\n<li><strong>Innenfutter<\/strong>: Ma\u00dfgeschneidert\u00a0<strong>bunte Punkte\/geometrische Muster<\/strong>\u00a0(optional orange, pink, gelb als Kontrastfarben), bedruckt mit umweltfreundlicher Tinte auf Wasserbasis, die beim Auspacken eine visuelle Kontrast\u00fcberraschung schafft und das interaktive Erlebnis des Verbrauchers verbessert.<\/li>\n<\/ul>\n<h2 id=\"-4-double-sided-printing-and-efficient-use-of-paper-\"><strong>4. Beidseitiger Druck und effiziente Nutzung von Papier<\/strong><\/h2>\n<p>Beidseitiger Druck wird erreicht durch\u00a0<strong>CMYK-Offsetdruck + Flexodrucktechnik<\/strong>werden das Muster der inneren Schicht und die Markeninformationen der \u00e4u\u00dferen Schicht gleichzeitig dargestellt, und die Papierausnutzung wird durch 30% erh\u00f6ht. Der Druckprozess entspricht den Standards der FSC-Forstzertifizierung, und die Tinte hat den RoHS-Test f\u00fcr Schwermetallfreiheit bestanden, um Sicherheit und Umweltschutz zu gew\u00e4hrleisten.<\/p>\n<h2 id=\"-5-foldable-reusable-opening-and-closing-structure-\"><strong>5. Zusammenklappbare, wiederverwendbare \u00d6ffnungs- und Verschlussstruktur<\/strong><\/h2>\n<ul>\n<li><strong>Design zum \u00d6ffnen und Schlie\u00dfen<\/strong>: Der Deckel der Box nimmt die\u00a0<strong>eingebettete Schnalle + Magnetstreifen<\/strong>Es muss nicht mit Klebeband fixiert werden und kann mehr als 10 Mal auseinander- und wieder zusammengebaut werden, was sich f\u00fcr die Aufbewahrung durch die Verbraucher, das Verschenken und die Wiederverwendung in mehreren Szenen eignet.<\/li>\n<li><strong>Widerstand gegen Kompression<\/strong>: Der Karton kann eine Last von bis zu 15 kg tragen, und die Ecken sind verst\u00e4rkt, um Extrusion und Verformung w\u00e4hrend des Transports zu vermeiden, was den internationalen Standards f\u00fcr Expresslieferungen entspricht.<\/li>\n<\/ul>\n<h2 id=\"-6-waterproof-material-and-multi-functional-adaptation-\"><strong>6. Wasserdichtes Material und multifunktionale Anpassung<\/strong><\/h2>\n<ul>\n<li><strong>Wasserdichte Behandlung<\/strong>: Die Oberfl\u00e4che des Kartons ist beschichtet mit\u00a0<strong>Glanzfolien\/Mattlacke<\/strong>Sie ist nach IPX4 spritzwassergesch\u00fctzt, h\u00e4lt kurzzeitigem Regen oder feuchter Umgebung stand und eignet sich perfekt f\u00fcr Badebekleidung, Sportschuhe und andere Kategorien.<\/li>\n<li><strong>Flexible Gr\u00f6\u00dfe<\/strong>: Unterst\u00fctzt die Anpassung an Kundenw\u00fcnsche (Standardgr\u00f6\u00dfe 38,9\u00d727,8\u00d710,2 cm), EVA-Zwischenlage oder PVC-Fenster k\u00f6nnen im Inneren installiert werden, um den Bed\u00fcrfnissen des gemischten Transports verschiedener Kategorien gerecht zu werden.<\/li>\n<\/ul>\n<h2 id=\"-technical-parameters-and-certification-\"><strong>Technische Parameter und Zertifizierung<\/strong><\/h2>\n<table>\n<thead>\n<tr>\n<th>Attribute<\/th>\n<th>Angaben zu den Parametern<\/th>\n<\/tr>\n<\/thead>\n<tbody>\n<tr>\n<td><strong>Material<\/strong><\/td>\n<td>Hochfestes Wellpappenpapier (C-Welle, Menge 300g\/\u33a1)<\/td>\n<\/tr>\n<tr>\n<td><strong>Druckverfahren<\/strong><\/td>\n<td>Beidseitiger Offsetdruck + Pantone-Schmuckfarbe, optional Pr\u00e4gung\/UV-Lokaleffekt<\/td>\n<\/tr>\n<tr>\n<td><strong>Umweltzertifizierung<\/strong><\/td>\n<td>FSC, ISO14021, RoHS, REACH<\/td>\n<\/tr>\n<tr>\n<td><strong>Mindestbestellmenge<\/strong><\/td>\n<td>500 St\u00fcck (Unterst\u00fctzung von Musteranpassungen, 7 Arbeitstage Lieferzeit)<\/td>\n<\/tr>\n<\/tbody>\n<\/table>","protected":false},"excerpt":{"rendered":"<p>Diese Baseballkappen-Transportbox ist f\u00fcr leichte Luxusprodukte wie Sportbekleidung, Bademode, Schuhe und H\u00fcte konzipiert. Sie integriert Umweltschutzkonzepte und \u00e4sthetische Kreativit\u00e4t, mit frischen Macaron-Farben, wiederverwertbaren Materialien und einer humanisierten Struktur als Hauptverkaufsargumente, unter Ber\u00fccksichtigung von Praktikabilit\u00e4t und Nachhaltigkeit, und hilft der Marke, eine gr\u00fcne und modische Einstellung zu vermitteln.<\/p>","protected":false},"featured_media":699,"template":"","meta":{"_kad_post_transparent":"default","_kad_post_title":"","_kad_post_layout":"default","_kad_post_sidebar_id":"","_kad_post_content_style":"default","_kad_post_vertical_padding":"default","_kad_post_feature":"","_kad_post_feature_position":"","_kad_post_header":false,"_kad_post_footer":false,"_kad_post_classname":""},"product_brand":[],"product_cat":[15,30,17],"product_tag":[255,253,254],"class_list":{"0":"post-698","1":"product","2":"type-product","3":"status-publish","4":"has-post-thumbnail","6":"product_cat-red-light-therapy","7":"product_cat-dropshipping","8":"product_cat-services","9":"product_tag-baseball-hat-boxes-suppliers","10":"product_tag-baseball-hat-shipping-boxes","11":"product_tag-hot-selling-hat-shipping-boxes","13":"first","14":"instock","15":"shipping-taxable","16":"product-type-simple","17":"entry","18":"content-bg","19":"loop-entry"},"_links":{"self":[{"href":"https:\/\/red-lighttherapy.com\/de_de\/wp-json\/wp\/v2\/product\/698","targetHints":{"allow":["GET"]}}],"collection":[{"href":"https:\/\/red-lighttherapy.com\/de_de\/wp-json\/wp\/v2\/product"}],"about":[{"href":"https:\/\/red-lighttherapy.com\/de_de\/wp-json\/wp\/v2\/types\/product"}],"wp:featuredmedia":[{"embeddable":true,"href":"https:\/\/red-lighttherapy.com\/de_de\/wp-json\/wp\/v2\/media\/699"}],"wp:attachment":[{"href":"https:\/\/red-lighttherapy.com\/de_de\/wp-json\/wp\/v2\/media?parent=698"}],"wp:term":[{"taxonomy":"product_brand","embeddable":true,"href":"https:\/\/red-lighttherapy.com\/de_de\/wp-json\/wp\/v2\/product_brand?post=698"},{"taxonomy":"product_cat","embeddable":true,"href":"https:\/\/red-lighttherapy.com\/de_de\/wp-json\/wp\/v2\/product_cat?post=698"},{"taxonomy":"product_tag","embeddable":true,"href":"https:\/\/red-lighttherapy.com\/de_de\/wp-json\/wp\/v2\/product_tag?post=698"}],"curies":[{"name":"wp","href":"https:\/\/api.w.org\/{rel}","templated":true}]}}