{"id":693,"date":"2025-04-14T05:47:06","date_gmt":"2025-04-14T05:47:06","guid":{"rendered":"https:\/\/red-lighttherapy.com\/?post_type=product&#038;p=693"},"modified":"2025-04-14T05:56:47","modified_gmt":"2025-04-14T05:56:47","slug":"order-custom-cosmetic-skin-care-box-beauty-packaging-factory","status":"publish","type":"product","link":"https:\/\/red-lighttherapy.com\/de_de\/order-custom-cosmetic-skin-care-box-beauty-packaging-factory\/","title":{"rendered":"Custom Cosmetic Skin Care Box Beauty Packaging Factory bestellen"},"content":{"rendered":"<h2 id=\"-product-description-of-customized-skin-care-gift-box-series-\"><strong>Produktbeschreibung von Order Custom Cosmetic Skin Care Box Beauty Packaging Factory<\/strong><\/h2>\n<h2 id=\"-i-environmental-protection-and-quality-are-equally-important-defining-a-new-standard-of-luxury-\"><strong>1. Umweltschutz und Qualit\u00e4t sind gleicherma\u00dfen wichtig und definieren einen neuen Standard f\u00fcr Luxus<\/strong><\/h2>\n<p>F\u00fcr diesen Geschenkkarton wird FSC-zertifiziertes umweltfreundliches Hartpapier verwendet, und die Rohstoffe stammen aus nachhaltig bewirtschafteten W\u00e4ldern, wobei sowohl die \u00f6kologische Verantwortung als auch die hervorragende Leistung ber\u00fccksichtigt werden. Der Karton wird durch ein mehrschichtiges Verbundverfahren verst\u00e4rkt, und die Druckfestigkeit wird durch 40% erh\u00f6ht. Der Karton kann w\u00e4hrend des Transports einer \u00e4u\u00dferen Kraft von mehr als 5 kg standhalten und gew\u00e4hrleistet, dass der Inhalt nicht besch\u00e4digt wird. Die Boxenstruktur beinhaltet eine wabenf\u00f6rmige Papierkerntechnologie, und die Polsterung wird durch eine sechseckige dreidimensionale Unterst\u00fctzung verbessert. Mit einem Rahmen aus hochdichter mitteldichter Faserplatte wird ein perfektes Gleichgewicht zwischen \"Leichtgewicht\" und \"Robustheit\" erreicht, das einen Schutz f\u00fcr Hautpflegeprodukte auf Festungsniveau bietet.<\/p>\n<h2 id=\"-ii-the-integration-of-color-aesthetics-and-minimalist-design-\"><strong>2. Die Integration von Farb\u00e4sthetik und minimalistischem Design<\/strong><\/h2>\n<p>Das Erscheinungsbild des Geschenkkartons basiert auf der allj\u00e4hrlich beliebten Pantone-Farbe \"Macaron\" mit einem Farbverlauf in Rosa- und Oranget\u00f6nen, der durch die digitale Farbverlaufstechnologie einen nat\u00fcrlichen \u00dcbergang von der Morgend\u00e4mmerung zur Abendd\u00e4mmerung darstellt. Die Oberfl\u00e4che ist mit einer lebensmittelechten, matten Folienschicht \u00fcberzogen, die sich so zart wie Samt anf\u00fchlt, Kratzern und Fingerabdr\u00fccken wirkungsvoll widersteht und die visuelle Reinheit f\u00fcr lange Zeit bewahrt. Der Deckel wird mit einer Kombination aus Magnetschnalle und Slow-Drop-Scharnier ge\u00f6ffnet und geschlossen. Er schwebt automatisch, wenn der \u00d6ffnungswinkel 110\u00b0 erreicht. Der eingebaute Spiegel und das Produkt k\u00f6nnen stabil mit einer Hand pr\u00e4sentiert werden, was Ritual und Bequemlichkeit verbindet.<\/p>\n<h2 id=\"-three-modular-lining-system-unlocking-multiple-scenarios-\"><strong>3. Modulares Auskleidungssystem, das mehrere Szenarien erm\u00f6glicht<\/strong><\/h2>\n<p>Das innovative, doppellagige, austauschbare Futter mit EVA-Flockschwamm als Basismaterial unterst\u00fctzt drei Anpassungsschemata:<\/p>\n<ol>\n<li><strong>Mehrflaschen-Kombinationsbereich<\/strong>: kundenspezifische Wabeneinteilung, pr\u00e4zise Fixierung von Flaschen und Dosen der Spezifikation 30-100ml, kollisionssichere Verschiebung;<\/li>\n<li><strong>Einzelne Produktausstellungsfl\u00e4che<\/strong>Die herausnehmbaren Trennw\u00e4nde erm\u00f6glichen die freie Anpassung des Raums an speziell geformte Verpackungen wie Gesichtsmasken und Essenzen;<\/li>\n<li><strong>Werkzeug-Lagerebene<\/strong>: F\u00fcgen Sie Silikonkartenschlitze hinzu, um Metallkosmetikinstrumente oder Glastropfer stabil aufzubewahren. Die Auskleidung ist durch einen Schlitz mit dem Boxenk\u00f6rper verbunden und kann in 3 Sekunden ausgetauscht werden, um den Anforderungen verschiedener Szenarien wie Weihnachtsgeschenke, Reisesets und Produkttests gerecht zu werden.<\/li>\n<\/ol>\n<h2 id=\"-fourth-details-empower-the-experience-craftsmanship-runs-through-the-whole-process-\"><strong>4. Details machen das Erlebnis aus, Handwerkskunst zieht sich durch den gesamten Prozess<\/strong><\/h2>\n<ul>\n<li><strong>Umweltfreundliche Prozesskette<\/strong>: Vom Druck mit Tinte auf Wasserbasis bis zum klebstofffreien Hei\u00dfpressen wird w\u00e4hrend des gesamten Prozesses 0-Kunststoff verwendet, und die SGS-Zertifizierung f\u00fcr biologische Abbaubarkeit wird erreicht;<\/li>\n<li><strong>Humanisierte Interaktion<\/strong>: Der Deckel des Kastens verf\u00fcgt \u00fcber eine eingebaute D\u00e4mpfungswelle, die sich leise und mit gleichm\u00e4\u00dfiger Kraft \u00f6ffnet und schlie\u00dft, wodurch das abrupte Gef\u00fchl herk\u00f6mmlicher Federk\u00e4sten vermieden wird;<\/li>\n<li><strong>Erweiterung des Markenwerts<\/strong>: Unterst\u00fctzt Laser-LOGO-Anpassung, optionale Hei\u00dfpr\u00e4gung, Debossing oder UV-Pr\u00e4gungstechnologie zur Verbesserung der Markenerkennung.<\/li>\n<\/ul>\n<h2 id=\"-technical-parameters-\"><strong>Technische Parameter<\/strong><\/h2>\n<table>\n<thead>\n<tr>\n<th>Projekt<\/th>\n<th>Spezifikationen<\/th>\n<\/tr>\n<\/thead>\n<tbody>\n<tr>\n<td>Material<\/td>\n<td>FSC-zertifizierter Mischkarton (Dicke 2,5 mm)<\/td>\n<\/tr>\n<tr>\n<td>Oberfl\u00e4chentechnik<\/td>\n<td>Lebensmittelechte matte Laminierung (Temperaturbest\u00e4ndigkeit -20\u2103~80\u2103)<\/td>\n<\/tr>\n<tr>\n<td>Tragf\u00e4higkeit<\/td>\n<td>Statische 5kg\/dynamische Transportdruckfestigkeit 8G<\/td>\n<\/tr>\n<tr>\n<td>Kompatibilit\u00e4t der Auskleidung<\/td>\n<td>Unterst\u00fctzt 3 Arten von Modulen\/Einzelverpackungen mit bis zu 12 St\u00fcck<\/td>\n<\/tr>\n<tr>\n<td>Mindestbestellmenge<\/td>\n<td>500 S\u00e4tze (Unterst\u00fctzung von Kleinserienproofs)<\/td>\n<\/tr>\n<\/tbody>\n<\/table>","protected":false},"excerpt":{"rendered":"<p>Dies ist ein Versandkarton f\u00fcr hochwertige Hautpflegeprodukte. Sie ist aus hartem, umweltfreundlichem Papier hergestellt. Der Schachtelk\u00f6rper ist in einem macaronfarbenen Farbverlauf in Pink und Orange gehalten, der dem \u00e4sthetischen Trend der modernen Mode entspricht. Es wird FSC-zertifiziertes umweltfreundliches Papier mit einer starken Kompressionsstruktur verwendet.<\/p>","protected":false},"featured_media":694,"template":"","meta":{"_kad_post_transparent":"default","_kad_post_title":"","_kad_post_layout":"default","_kad_post_sidebar_id":"","_kad_post_content_style":"default","_kad_post_vertical_padding":"default","_kad_post_feature":"","_kad_post_feature_position":"","_kad_post_header":false,"_kad_post_footer":false,"_kad_post_classname":""},"product_brand":[],"product_cat":[15,28,17],"product_tag":[252,250,251],"class_list":{"0":"post-693","1":"product","2":"type-product","3":"status-publish","4":"has-post-thumbnail","6":"product_cat-red-light-therapy","7":"product_cat-customize","8":"product_cat-services","9":"product_tag-beauty-packaging-factory","10":"product_tag-cosmetic-packaging-factory","11":"product_tag-custom-skin-care-box","13":"first","14":"instock","15":"shipping-taxable","16":"product-type-simple","17":"entry","18":"content-bg","19":"loop-entry"},"_links":{"self":[{"href":"https:\/\/red-lighttherapy.com\/de_de\/wp-json\/wp\/v2\/product\/693","targetHints":{"allow":["GET"]}}],"collection":[{"href":"https:\/\/red-lighttherapy.com\/de_de\/wp-json\/wp\/v2\/product"}],"about":[{"href":"https:\/\/red-lighttherapy.com\/de_de\/wp-json\/wp\/v2\/types\/product"}],"wp:featuredmedia":[{"embeddable":true,"href":"https:\/\/red-lighttherapy.com\/de_de\/wp-json\/wp\/v2\/media\/694"}],"wp:attachment":[{"href":"https:\/\/red-lighttherapy.com\/de_de\/wp-json\/wp\/v2\/media?parent=693"}],"wp:term":[{"taxonomy":"product_brand","embeddable":true,"href":"https:\/\/red-lighttherapy.com\/de_de\/wp-json\/wp\/v2\/product_brand?post=693"},{"taxonomy":"product_cat","embeddable":true,"href":"https:\/\/red-lighttherapy.com\/de_de\/wp-json\/wp\/v2\/product_cat?post=693"},{"taxonomy":"product_tag","embeddable":true,"href":"https:\/\/red-lighttherapy.com\/de_de\/wp-json\/wp\/v2\/product_tag?post=693"}],"curies":[{"name":"wp","href":"https:\/\/api.w.org\/{rel}","templated":true}]}}