{"id":688,"date":"2025-04-14T05:37:12","date_gmt":"2025-04-14T05:37:12","guid":{"rendered":"https:\/\/red-lighttherapy.com\/?post_type=product&#038;p=688"},"modified":"2025-04-20T06:02:45","modified_gmt":"2025-04-20T06:02:45","slug":"custom-chocolate-cookie-candy-mailer-box-manufacturer","status":"publish","type":"product","link":"https:\/\/red-lighttherapy.com\/de_de\/custom-chocolate-cookie-candy-mailer-box-manufacturer\/","title":{"rendered":"Benutzerdefinierte Schokolade Keks S\u00fc\u00dfigkeiten Mailer Box Hersteller"},"content":{"rendered":"<h2 id=\"-1-visual-impact-design-the-vibrant-collision-of-red-white-and-blue-with-the-lollipop-pattern-\"><strong>1. Visuelle Wirkung Design: die lebendige Kollision von rot, wei\u00df und blau mit dem Lollipop-Muster<\/strong><\/h2>\n<ul>\n<li><strong>Farbige Sprache<\/strong>: Rot, Wei\u00df und Blau sind die Hauptfarben. Rot symbolisiert Leidenschaft und S\u00fc\u00dfe, Wei\u00df vermittelt Reinheit und High-End-Gef\u00fchl, und Blau verleiht moderne Vitalit\u00e4t. Die dreifarbige Kombination bildet einen starken visuellen Kontrast und zieht die Aufmerksamkeit der Verbraucher auf den ersten Blick auf sich.<\/li>\n<li><strong>Kreativit\u00e4t der Muster<\/strong>: Die Oberfl\u00e4che der Schachtel ist mit einem dreidimensionalen Lollipop-Muster gestaltet, und die kristalline Textur der S\u00fc\u00dfigkeiten wird durch eine hochpr\u00e4zise Vierfarbdrucktechnologie mit einem Glanzgradienten dargestellt, was die \"k\u00f6stliche Assoziation\" des Produkts verst\u00e4rkt und den Appetit und die Kauflust der Verbraucher anregt.<\/li>\n<\/ul>\n<h2 id=\"-2-convenient-and-practical-airplane-box-structure-fast-packaging-and-display-integration-\"><strong>2. Bequeme und praktische Flugzeug-Box-Struktur: schnelle Verpackung und Display-Integration<\/strong><\/h2>\n<ul>\n<li><strong>Design zum \u00d6ffnen und Schlie\u00dfen<\/strong>: Die patentierte Struktur der Flugzeugschachtel muss nur entlang der voreingestellten Falte gefaltet werden, um die Verpackung zu vervollst\u00e4ndigen. Es werden weder Klebstoff noch Werkzeuge ben\u00f6tigt. Die Montage kann innerhalb von 10 Sekunden abgeschlossen werden, was die Verpackungseffizienz erheblich verbessert.<\/li>\n<li><strong>Anzeigefreundlich<\/strong>: Der Deckel der Box kann um 180\u00b0 ge\u00f6ffnet werden, mit einem eingebauten transparenten Fenster oder einem vollst\u00e4ndig ge\u00f6ffneten Flip-Cover-Design, das f\u00fcr eine intuitive Anzeige des Inhalts bei der Pr\u00e4sentation von Waren geeignet ist. Er eignet sich f\u00fcr Supermarktregale, E-Commerce-Live-\u00dcbertragungen und andere Szenen.<\/li>\n<\/ul>\n<h2 id=\"-3-high-end-materials-and-craftsmanship-white-cardboard-enhances-product-premium-perception-\"><strong>3. Hochwertige Materialien und Handwerkskunst: Wei\u00dfer Karton verst\u00e4rkt die Wahrnehmung des Produkts als Premiumprodukt<\/strong><\/h2>\n<ul>\n<li><strong>Materielle Vorteile<\/strong>: Ausgew\u00e4hlter wei\u00dfer Karton in Lebensmittelqualit\u00e4t (Gewicht \u00fcber 350 g), mit glatter und empfindlicher Oberfl\u00e4che, hoher Druckbest\u00e4ndigkeit und SGS-Pr\u00fcfung und -Zertifizierung, um die Sicherheit im direkten Kontakt mit Lebensmitteln zu gew\u00e4hrleisten.<\/li>\n<li><strong>Druckverfahren<\/strong>: Umweltfreundliche Tinte auf Wasserbasis + lokales UV-Verfahren, das Muster ist farbenfroh und verschlei\u00dffest und unterst\u00fctzt kundenspezifische Verfahren wie Hei\u00dfpr\u00e4gung und Pr\u00e4gung, um Markenidentit\u00e4t und Textur zu verbessern.<\/li>\n<\/ul>\n<h2 id=\"-4-minimalist-inner-box-design-make-the-product-the-focus-\"><strong>4. Minimalistisches Design der Innenverpackung: Stellen Sie das Produkt in den Mittelpunkt<\/strong><\/h2>\n<ul>\n<li><strong>Unbedrucktes Futter<\/strong>: Die Schachtel ist in reinem Wei\u00df gehalten und nicht bedruckt, um visuelle St\u00f6rungen zu vermeiden. Farbe und Form der Produkte wie Schokolade und Kekse kommen so besonders gut zur Geltung, was dem \u00e4sthetischen Konzept \"weniger ist mehr\" f\u00fcr hochwertige Geschenke entspricht.<\/li>\n<li><strong>Struktur des Puffers<\/strong>: EVA- oder Wellpapp-Innenschalen k\u00f6nnen individuell angepasst werden, um die Produkte genau zu positionieren und zu fixieren, um Ersch\u00fctterungen und Besch\u00e4digungen w\u00e4hrend des Transports zu vermeiden und gleichzeitig das Gef\u00fchl der Zeremonie des Auspackens zu erhalten.<\/li>\n<\/ul>\n<h2 id=\"-5-all-round-customization-service-flexible-adaptation-to-diverse-needs-\"><strong>5. Umfassender Anpassungsservice: flexible Anpassung an unterschiedliche Bed\u00fcrfnisse<\/strong><\/h2>\n<ul>\n<li><strong>Anpassung des Boxentyps<\/strong>Unterst\u00fctzt mehr als 20 Schachteltypen wie Flugzeugschachteln, Schubladenschachteln, buchf\u00f6rmige Schachteln usw. mit einem Gr\u00f6\u00dfenbereich von 5 cm\u00b3 bis 50 cm\u00b3, die den Verpackungsbedarf von Mini-S\u00fc\u00dfigkeiten bis hin zu mehrschichtigen Torten erf\u00fcllen.<\/li>\n<li><strong>Modell der vertieften Zusammenarbeit<\/strong>: kostenloser Design-Proofing-Service, exklusiver 1-on-1-Kundenservice antwortet innerhalb von 48 Stunden, von der LOGO-Implantation \u00fcber das grafische Layout bis hin zum Material-Upgrade, alle Anpassungen werden auf Anfrage vorgenommen, um sicherzustellen, dass die Verpackung in hohem Ma\u00dfe mit dem Markenton \u00fcbereinstimmt.<\/li>\n<\/ul>\n<h2 id=\"-6-source-factory-advantage-dual-guarantee-of-quality-and-cost-\"><strong>6. Quelle Fabrik Vorteil: doppelte Garantie f\u00fcr Qualit\u00e4t und Kosten<\/strong><\/h2>\n<ul>\n<li><strong>16 Jahre Erfahrung<\/strong>Das Unternehmen verf\u00fcgt \u00fcber eine ausgereifte Lieferkette und eine automatisierte Produktionslinie und ist in der Lage, innerhalb von 72 Stunden ultraschnell zu liefern. Die durchschnittliche t\u00e4gliche Produktionskapazit\u00e4t liegt bei 1 Million St\u00fcck und erm\u00f6glicht sowohl kleine Probebestellungen als auch eine stabile Lieferung gro\u00dfer Mengen.<\/li>\n<li><strong>Preisvorteil<\/strong>Der Preis f\u00fcr \u00e4hnliche Qualit\u00e4t ist 30% niedriger als auf dem Markt, mit einer Mindestbestellmenge von 500 St\u00fcck und einem gestaffelten Rabatt f\u00fcr gro\u00dfe Mengen.<\/li>\n<li><strong>Verpflichtung zur Qualit\u00e4tskontrolle<\/strong>: Nach der Zertifizierung des Qualit\u00e4tsmanagementsystems ISO9001 wird jede Produktcharge 12 Tests unterzogen, wie z. B. Druckfestigkeit, Feuchtigkeitsbest\u00e4ndigkeit, Farbunterschied usw., um eine qualifizierte Lieferung von 100% zu gew\u00e4hrleisten.<\/li>\n<\/ul>","protected":false},"excerpt":{"rendered":"<p>Als chinesisches Unternehmen mit 16 Jahren Erfahrung auf dem Gebiet der Lebensmittelverpackungen konzentrieren wir uns darauf, ma\u00dfgeschneiderte Verpackungsl\u00f6sungen anzubieten, die \u00c4sthetik und Funktionalit\u00e4t f\u00fcr Schokolade, Kekse, Bonbons, Kuchen und andere S\u00fc\u00dfigkeiten miteinander verbinden.<\/p>","protected":false},"featured_media":692,"template":"","meta":{"_kad_post_transparent":"default","_kad_post_title":"","_kad_post_layout":"default","_kad_post_sidebar_id":"","_kad_post_content_style":"default","_kad_post_vertical_padding":"default","_kad_post_feature":"","_kad_post_feature_position":"","_kad_post_header":false,"_kad_post_footer":false,"_kad_post_classname":""},"product_brand":[],"product_cat":[15,17],"product_tag":[248,249,247],"class_list":{"0":"post-688","1":"product","2":"type-product","3":"status-publish","4":"has-post-thumbnail","6":"product_cat-red-light-therapy","7":"product_cat-services","8":"product_tag-cookie-box-manufacturer","9":"product_tag-custom-candy-mailer-box","10":"product_tag-custom-chocolate-mailer-box","12":"first","13":"instock","14":"shipping-taxable","15":"product-type-simple","16":"entry","17":"content-bg","18":"loop-entry"},"_links":{"self":[{"href":"https:\/\/red-lighttherapy.com\/de_de\/wp-json\/wp\/v2\/product\/688","targetHints":{"allow":["GET"]}}],"collection":[{"href":"https:\/\/red-lighttherapy.com\/de_de\/wp-json\/wp\/v2\/product"}],"about":[{"href":"https:\/\/red-lighttherapy.com\/de_de\/wp-json\/wp\/v2\/types\/product"}],"wp:featuredmedia":[{"embeddable":true,"href":"https:\/\/red-lighttherapy.com\/de_de\/wp-json\/wp\/v2\/media\/692"}],"wp:attachment":[{"href":"https:\/\/red-lighttherapy.com\/de_de\/wp-json\/wp\/v2\/media?parent=688"}],"wp:term":[{"taxonomy":"product_brand","embeddable":true,"href":"https:\/\/red-lighttherapy.com\/de_de\/wp-json\/wp\/v2\/product_brand?post=688"},{"taxonomy":"product_cat","embeddable":true,"href":"https:\/\/red-lighttherapy.com\/de_de\/wp-json\/wp\/v2\/product_cat?post=688"},{"taxonomy":"product_tag","embeddable":true,"href":"https:\/\/red-lighttherapy.com\/de_de\/wp-json\/wp\/v2\/product_tag?post=688"}],"curies":[{"name":"wp","href":"https:\/\/api.w.org\/{rel}","templated":true}]}}