{"id":683,"date":"2025-04-14T05:19:50","date_gmt":"2025-04-14T05:19:50","guid":{"rendered":"https:\/\/red-lighttherapy.com\/?post_type=product&#038;p=683"},"modified":"2025-04-14T05:48:46","modified_gmt":"2025-04-14T05:48:46","slug":"custom-printed-face-cream-skincare-packaging-box-factory","status":"publish","type":"product","link":"https:\/\/red-lighttherapy.com\/de_de\/custom-printed-face-cream-skincare-packaging-box-factory\/","title":{"rendered":"Individuell bedruckte Gesichtscreme Hautpflege Verpackung Box Fabrik"},"content":{"rendered":"<h2 id=\"1-blue-and-orange-contrast-and-animal-pattern-fusion-\">1.\u00a0<strong>Blau-Orange-Kontrast und Tiermuster-Fusion<\/strong><\/h2>\n<p>Durch die Kombination von blauen und orangefarbenen Komplement\u00e4rfarben (Farbtonabstand 180\u00b0), mit hoch ges\u00e4ttigtem Kobaltblau und leuchtendem Orange, um eine visuelle Wirkung zu erzielen, mit abstrakten Zebra- oder Geparden-Tierstrukturen, entsteht eine dynamische visuelle Spannung auf der Oberfl\u00e4che der Verpackungsschachtel. Das Hauptbild ist mit unregelm\u00e4\u00dfigen Farbbl\u00f6cken geschnitten und gestaltet, und durch die \u00dcberlagerung von Farbverl\u00e4ufen und die lokale UV-Beschichtungstechnologie wird ein dreidimensionaler Lichteindruck erzeugt. So werden auf der Vorderseite der Schachtel blaue Muster auf Orangebasis verwendet, um Licht und Schatten des Dschungels bei Sonnenuntergang zu simulieren, und auf der Seite werden orangefarbene Muster auf Blaubasis als Echo verwendet, um die Kollision von wilder Sch\u00f6nheit und urbaner Mode zu vermitteln.<\/p>\n<h2 id=\"2-asymmetric-patches-and-stripes-design-\">2.\u00a0<strong>Asymmetrisches Muster aus Patches und Streifen<\/strong><\/h2>\n<p>Die traditionelle symmetrische Komposition wird durchbrochen, indem die Oberfl\u00e4che der Schachtel mit zerrissenen Flecken und schr\u00e4gen Streifen versetzt und mit Pr\u00e4getechniken kombiniert wird, um die taktile Schichtung zu verbessern. Auf der Oberseite des Schachteldeckels wird beispielsweise eine Lasergravur verwendet, um eine unregelm\u00e4\u00dfige geometrische Vertiefung zu erzeugen, die das innere fluoreszierende orangefarbene Tr\u00e4gerpapier zum Vorschein bringt und so ein \"verstecktes\" visuelles Osterei bildet. Die Kante ist mit einer gewellten Zahnmesserstruktur versehen, die nicht nur das Bild von Tierkrallenabdr\u00fccken widerspiegelt, sondern auch die Druckfestigkeit des Schachtelk\u00f6rpers erh\u00f6ht.<\/p>\n<h2 id=\"3-logo-high-frequency-repetition-and-three-dimensional-presentation-\">3.\u00a0<strong>LOGO hochfrequente Wiederholung und dreidimensionale Darstellung<\/strong><\/h2>\n<p>Das Markenlogo ist in einem Hochfrequenz-Wiederholungsdesign gestaltet: Das Hauptlogo ist auf dem Schachteldeckel mit Hei\u00dfsilbertechnologie zentriert, die Seite ist in einer Miniatur-LOGO-Matrix angeordnet (alle 10 cm wiederholt), und der Boden ist mit einem unsichtbaren fluoreszierenden LOGO (entwickelt unter ultraviolettem Licht) mit einem vertieften F\u00e4rbeprozess eingebettet. Die Logo-Oberfl\u00e4che ist eine Kombination aus Pr\u00e4gung und Goldfolienpr\u00e4gung mit einer Dicke von 0,3 mm, dreidimensionaler Haptik und einer um 40% erh\u00f6hten Verschlei\u00dffestigkeit.<\/p>\n<h2 id=\"4-foldable-airplane-box-structure-\">4.\u00a0<strong>Zusammenklappbare Flugzeugboxstruktur<\/strong><\/h2>\n<p>Der internationale Standard 0421 f\u00fcr Flugzeugboxen mit einer Gr\u00f6\u00dfe von 200\u00d7150\u00d750 mm im ungefalteten Zustand und einer Dicke von nur 15 mm nach dem Falten spart 85% an Lagerfl\u00e4che. Die Seitenw\u00e4nde des Kartons bestehen aus dreilagiger Wellpappe (B-Welle + C-Welle-Verbundstruktur) mit einer vertikalen Druckfestigkeit von 5000N\/m\u00b2, die einem 5-lagigen Stapeltransport standhalten kann. Das \u00d6ffnen und Schlie\u00dfen ist mit einer zerst\u00f6rerischen Zahnmesserdichtung konzipiert, und die Verbraucher k\u00f6nnen sie durch Aufrei\u00dfen entlang der vorgegebenen Linie \u00f6ffnen, was sowohl diebstahlsicher als auch bequem ist.<\/p>\n<h2 id=\"5-lightweight-and-high-strength-corrugated-paper-\">5.\u00a0<strong>Leichtes und hochfestes Wellpappenpapier<\/strong><\/h2>\n<p>Kraftpapier der G\u00fcteklasse AA (Menge 220 g\/m\u00b2) und hochfestes Wellpappekernpapier (Ringdruckindex \u22658,5 N-m\/g) werden ausgew\u00e4hlt. Durch die Optimierung der Wellenform der UV-Welle wird die Pufferleistung von 30% im Vergleich zu herk\u00f6mmlichen Pappkartons verbessert. Die Oberfl\u00e4che ist mit einer matten, umweltfreundlichen Folie \u00fcberzogen, der Reibungskoeffizient betr\u00e4gt 0,6, und die Transportverlustrate kann innerhalb von 0,5% kontrolliert werden.<\/p>\n<h2 id=\"6-high-definition-printing-and-functional-coating-\">6.\u00a0<strong>Hochaufl\u00f6sender Druck und funktionelle Beschichtung<\/strong><\/h2>\n<p>Mit einer F\u00fcnffarben-Offsetdruckmaschine von Heidelberg (Aufl\u00f6sung 4800 dpi) wird eine Liniengenauigkeit von 0,1 mm und eine Blau-Orange-Differenz \u0394E\u22641,5 (ISO-Norm 12647) erreicht. Der Schl\u00fcsselmusterbereich wird mit lokalem Siebdruck \u00fcberlagert, die Farbschichtdicke betr\u00e4gt 0,15 mm, und die Farbs\u00e4ttigung wird durch 20% erh\u00f6ht. Die antibakterielle Beschichtung wird auf die Innenwand der Schachtel gedruckt (in \u00dcbereinstimmung mit den FDA 21CFR-Standards), um das Wachstum von Mikroorganismen wirksam zu hemmen.<\/p>\n<h2 id=\"7-customized-service-agile-response-cooperation-process-\">7.\u00a0<strong>\u3010Customized service Agile response \u3011Kooperationsprozess<\/strong><\/h2>\n<ul>\n<li><strong>Entwurfspr\u00fcfung<\/strong>: Bereitstellung von 3D-Renderings und physischen Probedrucken innerhalb von 3 Arbeitstagen (Unterst\u00fctzung von AI-Dateien mit automatischer Anpassung des Schachteltyps)<\/li>\n<li><strong>Zyklus der Massenproduktion<\/strong>: Mindestbestellmenge 500 St\u00fcck, 5-7 Tage Lieferzeit (Unterst\u00fctzung des 72-Stunden-Schnelldienstes)<\/li>\n<li><strong>Kostenoptimierung<\/strong>: Mit Hilfe der Vordrucktechnologie k\u00f6nnen 6 verschiedene Schachteltypen in einer Charge gemischt werden, und die Auslastung des Kartons erreicht 95%.<\/li>\n<\/ul>","protected":false},"excerpt":{"rendered":"<p>Diese Gesichtscreme-Hautpflegeprodukt-Verpackung verwendet Blau und Orange als Hauptfarbschema. Der starke Kontrast kann schnell die Aufmerksamkeit der Verbraucher auf sich ziehen. Das unregelm\u00e4\u00dfige Musterdesign kann der Marke ein avantgardistisches und pers\u00f6nliches visuelles Etikett verleihen.<\/p>","protected":false},"featured_media":686,"template":"","meta":{"_kad_post_transparent":"default","_kad_post_title":"","_kad_post_layout":"default","_kad_post_sidebar_id":"","_kad_post_content_style":"default","_kad_post_vertical_padding":"default","_kad_post_feature":"","_kad_post_feature_position":"","_kad_post_header":false,"_kad_post_footer":false,"_kad_post_classname":""},"product_brand":[],"product_cat":[15,28,17],"product_tag":[245,244,246],"class_list":{"0":"post-683","1":"product","2":"type-product","3":"status-publish","4":"has-post-thumbnail","6":"product_cat-red-light-therapy","7":"product_cat-customize","8":"product_cat-services","9":"product_tag-custom-skincare-packaging","10":"product_tag-face-cream-packaging-box","11":"product_tag-face-cream-skincare-box-factory","13":"first","14":"instock","15":"shipping-taxable","16":"product-type-simple","17":"entry","18":"content-bg","19":"loop-entry"},"_links":{"self":[{"href":"https:\/\/red-lighttherapy.com\/de_de\/wp-json\/wp\/v2\/product\/683","targetHints":{"allow":["GET"]}}],"collection":[{"href":"https:\/\/red-lighttherapy.com\/de_de\/wp-json\/wp\/v2\/product"}],"about":[{"href":"https:\/\/red-lighttherapy.com\/de_de\/wp-json\/wp\/v2\/types\/product"}],"wp:featuredmedia":[{"embeddable":true,"href":"https:\/\/red-lighttherapy.com\/de_de\/wp-json\/wp\/v2\/media\/686"}],"wp:attachment":[{"href":"https:\/\/red-lighttherapy.com\/de_de\/wp-json\/wp\/v2\/media?parent=683"}],"wp:term":[{"taxonomy":"product_brand","embeddable":true,"href":"https:\/\/red-lighttherapy.com\/de_de\/wp-json\/wp\/v2\/product_brand?post=683"},{"taxonomy":"product_cat","embeddable":true,"href":"https:\/\/red-lighttherapy.com\/de_de\/wp-json\/wp\/v2\/product_cat?post=683"},{"taxonomy":"product_tag","embeddable":true,"href":"https:\/\/red-lighttherapy.com\/de_de\/wp-json\/wp\/v2\/product_tag?post=683"}],"curies":[{"name":"wp","href":"https:\/\/api.w.org\/{rel}","templated":true}]}}