{"id":678,"date":"2025-04-14T05:02:19","date_gmt":"2025-04-14T05:02:19","guid":{"rendered":"https:\/\/red-lighttherapy.com\/?post_type=product&#038;p=678"},"modified":"2025-04-14T05:19:39","modified_gmt":"2025-04-14T05:19:39","slug":"custom-tuck-top-holographic-paper-mailing-boxes-for-wigs","status":"publish","type":"product","link":"https:\/\/red-lighttherapy.com\/de_de\/custom-tuck-top-holographic-paper-mailing-boxes-for-wigs\/","title":{"rendered":"Holografische Papierversandboxen f\u00fcr Per\u00fccken mit Tuck Top"},"content":{"rendered":"<h2 id=\"1-multifunctional-integrated-mailer-box-structural-design-mailer-box-structural-optimization-\">1. Multifunktionale integrierte Mailer Box struktureller Entwurf<\/h2>\n<p>Der Hauptk\u00f6rper der Verpackung \u00fcbernimmt die innovative Struktur der Mailer-Box, und der Deckel kann durch pr\u00e4zise Falten um 180\u00b0 aufgeklappt werden, wobei der rituelle Sinn der Per\u00fccke und die Praktikabilit\u00e4t des Transports ber\u00fccksichtigt werden. Der Schachtelk\u00f6rper ist nach mechanischen Berechnungen konstruiert, und die Metallkanten sind in die Ecken integriert, was nicht nur die Druckfestigkeit verbessert, sondern auch leichte Luxusdetails hinzuf\u00fcgt. Nach dem Aufklappen kann die Innenseite des Deckels als visuelle Erweiterungsfl\u00e4che f\u00fcr die Marke genutzt werden. Nach dem Falten wird die Dicke um 60% reduziert, was perfekt an die Logistikszene des E-Commerce angepasst ist.<\/p>\n<h2 id=\"2-the-visual-impact-of-the-holographic-paper-material-holographic-paper-material-innovation-\">2. Die visuelle Wirkung des holografischen Papiermaterials<\/h2>\n<p>F\u00fcr das Innenfutter des Deckels wird ein bahnbrechendes holografisches Papier (Holografiepapier) in voller Breite verwendet, und der dynamische Regenbogen-Lichteffekt wird durch die Nano-Gitter-Laminierungstechnologie erzielt. Wenn der Verbraucher den Deckel \u00f6ffnet, zeigt das Material einen blau\/violett\/rosafarbenen Lichtfleck mit wechselndem Winkel, der den Effekt eines Polarlichts simuliert, was sehr gut zu den modischen Eigenschaften der Per\u00fccke passt. Das Material ist speziell mit einer Anti-Kratz-Beschichtung versehen, um sicherzustellen, dass der farbenfrohe Effekt w\u00e4hrend des Transports erhalten bleibt, und die Umwandlungsrate zum Zeitpunkt des Auspackens ist 2,3-mal so hoch wie der Industriestandard.<\/p>\n<h2 id=\"3-deep-black-visual-identity-system\">3. Tiefschwarzes visuelles Identit\u00e4tssystem<\/h2>\n<p>Der Schachtelk\u00f6rper ist standardm\u00e4\u00dfig schwarz, und das ultimative Schwarz wird durch den \u00dcberdruck erreicht, was den \u00e4sthetischen Vorlieben der Per\u00fcckenkunden sehr entgegenkommt.<\/p>\n<h2 id=\"4-silver-hot-stamping-foil-technology\">4. Silberne Hei\u00dfpr\u00e4gefolientechnik<\/h2>\n<p>F\u00fcr das Markenlogo wird die silberne Hei\u00dfpr\u00e4gefolie von German Kurz verwendet, die pr\u00e4zise angebracht wird. Die Sch\u00e4rfe des Schriftzuges ist hoch und bildet einen Mondschein-Effekt auf dem schwarzen Hintergrund.<\/p>\n<h3 id=\"5-smart-folding-engineering\">5. Intelligente Falttechnik<\/h3>\n<p>Sie kann mehrfach gefaltet werden, und die Betriebserfahrung des \"Formens in einer Sekunde\" l\u00e4sst die Lebensdauer des Faltens 50 Zyklustests \u00fcberschreiten, was f\u00fcr verschiedene Produktkombinationen geeignet ist. Nach dem Falten wird das Volumen auf 22% des urspr\u00fcnglichen Zustands komprimiert, und mit der automatisierten Verpackungslinie kann sie eine Hochgeschwindigkeitsverpackung von 60 Schachteln pro Minute erreichen.<\/p>","protected":false},"excerpt":{"rendered":"<p>Dieser Versandkarton besteht aus Wellpappe, die den Aufprall w\u00e4hrend des Transports wirksam abfedern und Ihre Per\u00fcckenverpackung sch\u00fctzen kann. Holografisches Papier hat einen hohen visuellen Reiz und st\u00e4rkt das Markenged\u00e4chtnis.<\/p>","protected":false},"featured_media":679,"template":"","meta":{"_kad_post_transparent":"default","_kad_post_title":"","_kad_post_layout":"default","_kad_post_sidebar_id":"","_kad_post_content_style":"default","_kad_post_vertical_padding":"default","_kad_post_feature":"","_kad_post_feature_position":"","_kad_post_header":false,"_kad_post_footer":false,"_kad_post_classname":""},"product_brand":[],"product_cat":[15,17],"product_tag":[242,243,241],"class_list":{"0":"post-678","1":"product","2":"type-product","3":"status-publish","4":"has-post-thumbnail","6":"product_cat-red-light-therapy","7":"product_cat-services","8":"product_tag-custom-holographic-boxes","9":"product_tag-holographic-box-packaging","10":"product_tag-mailing-boxes-for-wigs","12":"first","13":"instock","14":"shipping-taxable","15":"product-type-simple","16":"entry","17":"content-bg","18":"loop-entry"},"_links":{"self":[{"href":"https:\/\/red-lighttherapy.com\/de_de\/wp-json\/wp\/v2\/product\/678","targetHints":{"allow":["GET"]}}],"collection":[{"href":"https:\/\/red-lighttherapy.com\/de_de\/wp-json\/wp\/v2\/product"}],"about":[{"href":"https:\/\/red-lighttherapy.com\/de_de\/wp-json\/wp\/v2\/types\/product"}],"wp:featuredmedia":[{"embeddable":true,"href":"https:\/\/red-lighttherapy.com\/de_de\/wp-json\/wp\/v2\/media\/679"}],"wp:attachment":[{"href":"https:\/\/red-lighttherapy.com\/de_de\/wp-json\/wp\/v2\/media?parent=678"}],"wp:term":[{"taxonomy":"product_brand","embeddable":true,"href":"https:\/\/red-lighttherapy.com\/de_de\/wp-json\/wp\/v2\/product_brand?post=678"},{"taxonomy":"product_cat","embeddable":true,"href":"https:\/\/red-lighttherapy.com\/de_de\/wp-json\/wp\/v2\/product_cat?post=678"},{"taxonomy":"product_tag","embeddable":true,"href":"https:\/\/red-lighttherapy.com\/de_de\/wp-json\/wp\/v2\/product_tag?post=678"}],"curies":[{"name":"wp","href":"https:\/\/api.w.org\/{rel}","templated":true}]}}