{"id":673,"date":"2025-04-14T04:06:29","date_gmt":"2025-04-14T04:06:29","guid":{"rendered":"https:\/\/red-lighttherapy.com\/?post_type=product&#038;p=673"},"modified":"2025-04-14T05:02:07","modified_gmt":"2025-04-14T05:02:07","slug":"eco-friendly-cosmetic-perfume-shipping-packaging-suppliers","status":"publish","type":"product","link":"https:\/\/red-lighttherapy.com\/de_de\/eco-friendly-cosmetic-perfume-shipping-packaging-suppliers\/","title":{"rendered":"Umweltfreundliche Kosmetik Parf\u00fcm Versandverpackungen Lieferanten"},"content":{"rendered":"<h2 id=\"environmentally-friendly-cosmetics-and-perfume-transportation-packaging-solutions\">Umweltfreundliche Kosmetik Parf\u00fcm Versandverpackungen Lieferanten<\/h2>\n<h2 id=\"-1-glue-free-packaging-technology-ultra-fast-packaging-experience-\"><strong>1. Klebstofffreie Verpackungstechnologie, ultraschnelle Verpackungserfahrung<\/strong><\/h2>\n<p>Die patentierte Snap-on-Flugzeugbox-Struktur wird \u00fcbernommen, und das pr\u00e4zise Faltdesign und die selbstsichernde Snap-on-Vorrichtung werden verwendet, um \"keinen Klebstoff erforderlich, ein Falten und Schlie\u00dfen\" zu erreichen, und die Verpackung kann in nur 30 Sekunden abgeschlossen werden, was mehr als 60% effizienter ist als die traditionelle Klebebandverpackung. Diese Technologie macht nicht nur die Verschmutzung durch Klebeband \u00fcberfl\u00fcssig, sondern erm\u00f6glicht auch das bequeme Auspacken nach dem Prinzip \"einmal ziehen und \u00f6ffnen\" durch das diebstahlsichere Rei\u00dfleinen-Design, das perfekt an die hochfrequenten Lieferszenarien des E-Commerce angepasst ist.<\/p>\n<h2 id=\"-2-high-strength-corrugated-paper-materials-triple-protection-system-\"><strong>2. Hochfestes Wellpappenmaterial, dreifaches Schutzsystem<\/strong><\/h2>\n<p>Ausgew\u00e4hlte A\/B\/C-Verbundwellpappe (Menge 280-360g\/m\u00b2), und die Sto\u00dfkraft wird durch die UV-Wellstruktur verteilt. Labordaten zeigen, dass die f\u00fcnfschichtige Wellpappenstruktur einer vertikalen Druckfestigkeit von 5000N\/m\u00b2 standh\u00e4lt, was einem Gewichtsdruck von einer halben Tonne auf einer Fl\u00e4che von 1 Quadratmeter entspricht. Die Oberfl\u00e4chenbeschichtung verbessert die Feuchtigkeitsbest\u00e4ndigkeit (Feuchtigkeitstoleranz \u2265 85%RH), und die innere Wabenpufferschicht absorbiert effektiv Transportvibrationen, so dass der Parf\u00fcmglasflakon im 1,2-Meter-Falltest keinen Schaden nimmt.<\/p>\n<h2 id=\"-3-flat-folding-storage-space-utilization-increased-by-70-\"><strong>3. Flach faltende Lagerung, erh\u00f6hte Raumnutzung durch 70%<\/strong><\/h2>\n<p>Die entfaltete Gr\u00f6\u00dfe betr\u00e4gt 1200\u00d7800 mm, und die Dicke nach dem Falten betr\u00e4gt nur 3,2 cm, die mit einer Lagerdichte von 200 St\u00fcck\/Kubikmeter gestapelt werden k\u00f6nnen. Das einzigartige \"Z-f\u00f6rmige\" Design der Faltlinie unterst\u00fctzt das umgekehrte Entfalten und kann w\u00e4hrend des Recyclings ohne Demontage wieder in einen flachen Zustand gebracht werden, was die Gesamtkosten f\u00fcr Lagerhaltung und Logistik reduziert. Im Vergleich zu herk\u00f6mmlichen Verpackungen ist die f\u00fcr die gleiche Menge an Waren erforderliche Lagerkapazit\u00e4t bei 45% geringer, was sich besonders f\u00fcr die flexible Bevorratung von saisonalen Hei\u00dfprodukten oder zeitlich begrenzten Werbeaktionen eignet.<\/p>\n<h2 id=\"-4-full-chain-environmental-certification-controllable-degradation-cycle-\"><strong>4. Umweltzertifizierung f\u00fcr die gesamte Kette, kontrollierbarer Abbauprozess<\/strong><\/h2>\n<p>Das Material hat die FSC-Forstzertifizierung bestanden und verwendet Druckfarben auf Wasserbasis und Maisst\u00e4rkekleber, um eine nat\u00fcrliche Abbaugeschwindigkeit von mehr als 95% innerhalb von 180 Tagen zu gew\u00e4hrleisten. Die \u00d6kobilanz der Verpackung zeigt, dass der Kohlenstoff-Fu\u00dfabdruck des gesamten Prozesses von der Rohstoffsammlung bis zur Abfallbehandlung um 82% geringer ist als der von PE-Kunststoffverpackungen. Mit der gleichen leimfreien Verpackungstechnologie wie bei der Marke ON&amp;DO wird ein geschlossener Kreislauf ohne Verschmutzung durch Klebstoffe von der Produktion bis zum Recycling erreicht.<\/p>\n<h2 id=\"-5-soft-pink-visual-system-awakening-emotional-resonance-\"><strong>5. Sanftes rosa visuelles System, das emotionale Resonanz weckt<\/strong><\/h2>\n<p>Bieten Sie 12 kundenspezifische Farbstufen von Pantone 13-2807TCX \"First Love Pink\" bis 14-1312TCX \"Rose Quartz Pink\" an und verwenden Sie die matte Laminierungstechnologie, um den \"warmen Hautton\" zu pr\u00e4sentieren, wie auf Seite 4 beschrieben. Es kann mit gepr\u00e4gter Hei\u00dfpr\u00e4gung, partieller UV-Bestrahlung und anderen Verfahren kombiniert werden, um florale Texturen oder das Markenlogo auf die Schachtel zu drucken. Empirische Untersuchungen zeigen, dass die Auspackrate von Parf\u00fcms mit rosafarbenen Verpackungen 23% h\u00f6her ist als die von neutralen Farben, was besonders f\u00fcr emotionale Marketingknotenpunkte wie Valentinstag und Muttertag geeignet ist.<\/p>\n<h2 id=\"-6-flexible-customization-service-empowering-brand-differentiation-\"><strong>6. Flexibler Anpassungsservice, der die Markendifferenzierung f\u00f6rdert<\/strong><\/h2>\n<p>Unterst\u00fctzt die vollst\u00e4ndige Prozessanpassung vom Konzept bis zur Implementierung:<\/p>\n<ul>\n<li><strong>Innovation in Form einer Box<\/strong>: kann speziell geformte Strukturen wie sechseckige Prismen und Herzformen entwickeln<\/li>\n<li><strong>Funktionserweiterung<\/strong>: integrierte magnetische Klapph\u00fclle, abnehmbarer Steckplatz f\u00fcr Nachf\u00fcllkarten<\/li>\n<li><strong>Intelligente Integration<\/strong>: ausgestattet mit einem NFC-Chip, um die R\u00fcckverfolgbarkeit von F\u00e4lschungen zu gew\u00e4hrleisten, oder kombiniert mit AR-Technologie, um dynamische Duftgeschichten zu pr\u00e4sentieren<\/li>\n<li><strong>Anpassung der Szene<\/strong>: Das Angebot reicht von der 5-ml-Probepackung bis zur 1000-ml-Geschenkbox und erf\u00fcllt die Anforderungen verschiedener Szenarien wie E-Commerce-Direktversand, Thekendisplay, grenz\u00fcberschreitender Transport usw.<\/li>\n<\/ul>\n<h2 id=\"-technical-parameters-\"><strong>Technische Parameter<\/strong><\/h2>\n<table>\n<thead>\n<tr>\n<th>Artikel<\/th>\n<th>Standardwert<\/th>\n<th>Pr\u00fcfgrundlage<\/th>\n<\/tr>\n<\/thead>\n<tbody>\n<tr>\n<td>Druckfestigkeit<\/td>\n<td>\u2265485kgf (Volllast)<\/td>\n<td>GB\/T 6546-2021<\/td>\n<\/tr>\n<tr>\n<td>Feuchtigkeitsgehalt<\/td>\n<td>8,5\u00b11,2%<\/td>\n<td>ISO 287:2017<\/td>\n<\/tr>\n<tr>\n<td>Zyklus des Abbaus<\/td>\n<td>\u2264180 Tage im Boden<\/td>\n<td>ASTM D6400<\/td>\n<\/tr>\n<tr>\n<td>Druckgenauigkeit<\/td>\n<td>175 Zeilen mit hochaufl\u00f6senden Punkten<\/td>\n<td>G7-Farbzertifizierung<\/td>\n<\/tr>\n<\/tbody>\n<\/table>\n<h2 id=\"-cooperation-process-\"><strong>Prozess der Zusammenarbeit<\/strong><\/h2>\n<ol>\n<li><strong>Diagnose der Nachfrage<\/strong>: Erstellung eines Berichts zur Verpackungsstrategie innerhalb von 48 Stunden (einschlie\u00dflich einer Analyse der Konkurrenzprodukte und Vorschl\u00e4gen zur Kostenoptimierung)<\/li>\n<li><strong>Verifizierung des Nachweises<\/strong>: Lieferung von 3D-Strukturzeichnungen und physischen Musterkartons innerhalb von 5 Arbeitstagen<\/li>\n<li><strong>Garantie der Massenproduktion<\/strong>: Eigene Fabrik, ausgestattet mit einer 7-Farben-Druckmaschine von Heidelberg, die 500.000-500.000 flexible Auftr\u00e4ge unterst\u00fctzt<\/li>\n<li><strong>Verfolgung nach dem Verkauf<\/strong>: 12-monatige Qualit\u00e4tsversicherung und Entsch\u00e4digungsplan f\u00fcr Sch\u00e4den<\/li>\n<\/ol>","protected":false},"excerpt":{"rendered":"<p>Dieser Versandkarton besteht aus Wellpappe, die den Aufprall w\u00e4hrend des Transports wirksam abfedern und Ihre Parf\u00fcm- und Kosmetikprodukte sch\u00fctzen kann. Wenn sie gefaltet wird, wird sie zu einer flachen Platte, die wenig Platz einnimmt und die Lagerkosten reduziert.<\/p>","protected":false},"featured_media":674,"template":"","meta":{"_kad_post_transparent":"default","_kad_post_title":"","_kad_post_layout":"default","_kad_post_sidebar_id":"","_kad_post_content_style":"default","_kad_post_vertical_padding":"default","_kad_post_feature":"","_kad_post_feature_position":"","_kad_post_header":false,"_kad_post_footer":false,"_kad_post_classname":""},"product_brand":[],"product_cat":[15,28,17],"product_tag":[240,238,239],"class_list":{"0":"post-673","1":"product","2":"type-product","3":"status-publish","4":"has-post-thumbnail","6":"product_cat-red-light-therapy","7":"product_cat-customize","8":"product_cat-services","9":"product_tag-cosmetic-perfume-shipping-boxes","10":"product_tag-eco-friendly-cosmetic-packaging","11":"product_tag-perfume-packaging-suppliers","13":"first","14":"instock","15":"shipping-taxable","16":"product-type-simple","17":"entry","18":"content-bg","19":"loop-entry"},"_links":{"self":[{"href":"https:\/\/red-lighttherapy.com\/de_de\/wp-json\/wp\/v2\/product\/673","targetHints":{"allow":["GET"]}}],"collection":[{"href":"https:\/\/red-lighttherapy.com\/de_de\/wp-json\/wp\/v2\/product"}],"about":[{"href":"https:\/\/red-lighttherapy.com\/de_de\/wp-json\/wp\/v2\/types\/product"}],"wp:featuredmedia":[{"embeddable":true,"href":"https:\/\/red-lighttherapy.com\/de_de\/wp-json\/wp\/v2\/media\/674"}],"wp:attachment":[{"href":"https:\/\/red-lighttherapy.com\/de_de\/wp-json\/wp\/v2\/media?parent=673"}],"wp:term":[{"taxonomy":"product_brand","embeddable":true,"href":"https:\/\/red-lighttherapy.com\/de_de\/wp-json\/wp\/v2\/product_brand?post=673"},{"taxonomy":"product_cat","embeddable":true,"href":"https:\/\/red-lighttherapy.com\/de_de\/wp-json\/wp\/v2\/product_cat?post=673"},{"taxonomy":"product_tag","embeddable":true,"href":"https:\/\/red-lighttherapy.com\/de_de\/wp-json\/wp\/v2\/product_tag?post=673"}],"curies":[{"name":"wp","href":"https:\/\/api.w.org\/{rel}","templated":true}]}}