{"id":668,"date":"2025-04-14T03:52:12","date_gmt":"2025-04-14T03:52:12","guid":{"rendered":"https:\/\/red-lighttherapy.com\/?post_type=product&#038;p=668"},"modified":"2025-04-14T04:06:16","modified_gmt":"2025-04-14T04:06:16","slug":"custom-cosmetics-lip-gloss-mailer-packaging-boxes-wholesale","status":"publish","type":"product","link":"https:\/\/red-lighttherapy.com\/de_de\/custom-cosmetics-lip-gloss-mailer-packaging-boxes-wholesale\/","title":{"rendered":"Benutzerdefinierte Kosmetik Lip Gloss Mailer Verpackung Boxen Gro\u00dfhandel"},"content":{"rendered":"<h2 id=\"customized-cosmetic-lip-gloss-mailing-box-mailer-box-product-description\">Ma\u00dfgeschneiderte Kosmetik-Lippenglanz-Versandbox Produktbeschreibung<\/h2>\n<h2 id=\"-1-integrated-folding-design-environmentally-friendly-and-efficient-\"><strong>1. Integriertes Faltdesign, umweltfreundlich und effizient<\/strong><\/h2>\n<p>\u00dcbernahme der innovativen Flugzeugkastenstruktur,\u00a0<strong>integrierte Faltleiste<\/strong>\u00a0wird durch ein Pr\u00e4zisionsstanzverfahren erreicht, und f\u00fcr die Hilfsmontage sind weder Klebstoff noch N\u00e4gel erforderlich, und die Montage kann in 3 Sekunden abgeschlossen werden. Das Design des Schachtelk\u00f6rpers ber\u00fccksichtigt sowohl die strukturelle Stabilit\u00e4t als auch die Bequemlichkeit und den Zusammenbau, verbessert die Verpackungseffizienz und reduziert die Arbeitskosten. Das Material ist 100% recycelte Wellpappe, die den globalen Umweltschutztrends und den gesetzlichen Anforderungen f\u00fcr umweltfreundliche Verpackungen im Nahen Osten entspricht.<\/p>\n<h2 id=\"-2-high-strength-pressure-resistant-material-all-round-protection-\"><strong>2. Hochfestes, druckfestes Material, Rundumschutz<\/strong><\/h2>\n<p>Der Kastenk\u00f6rper besteht aus <strong>Wellpappe<\/strong>Mit der A\/B\/C-Riffelstruktur (A-Riffel hat eine hohe Schlagz\u00e4higkeit, B-Riffel hat ein ausgezeichnetes flaches Drucklager) erreicht die Druckfestigkeit ein branchenf\u00fchrendes Niveau. Durch\u00a0<strong>Rippeneinbettungstechnologie<\/strong>\u00a0(z. B. Bambusfasern oder Metallrippen) und gitterf\u00f6rmiger Faserschichtverst\u00e4rkung kann er Stapeldruck und Aufprallst\u00f6\u00dfen w\u00e4hrend des Transports standhalten und empfindliche Teile wie Lipglossflaschen und Pinselk\u00f6pfe wirksam sch\u00fctzen.<\/p>\n<h2 id=\"-3-middle-eastern-style-geometric-pattern-design-to-enhance-brand-recognition-\"><strong>3. Geometrisches Muster im Stil des Nahen Ostens, um den Wiedererkennungswert der Marke zu erh\u00f6hen<\/strong><\/h2>\n<p>Der Oberfl\u00e4chendruck umfasst\u00a0<strong>Islamische geometrische \u00e4sthetische Elemente<\/strong>Die achteckigen Sterne, die sechseckigen symmetrischen Muster und die arabischen Kalligrafielinien wurden mit traditionellen Mosaikfliesen kombiniert, um ein Design zu schaffen, das sowohl kulturelle Tiefe als auch Modernit\u00e4t aufweist. Das Farbschema bezieht sich auf die Vorlieben des nah\u00f6stlichen Marktes und verwendet\u00a0<strong>Warmes Gold, Dunkelbraun, Burgunderrot<\/strong>\u00a0und andere luxuri\u00f6se Farbt\u00f6ne, mit teilweise mattem UV-Lack, um die hochwertige Positionierung des Produkts zu unterstreichen.<\/p>\n<h2 id=\"-4-double-sided-printing-technology-environmental-protection-and-functionality-\"><strong>4. Doppelseitige Drucktechnologie, Umweltschutz und Funktionalit\u00e4t<\/strong><\/h2>\n<p>Unterst\u00fctzung\u00a0<strong>beidseitiger Vollfarbdruck<\/strong>Die innere Schicht kann mit Markengeschichten, Gebrauchsanweisungen oder mehrsprachigen Etiketten bedruckt werden, und die \u00e4u\u00dfere Schicht zeigt die Kerninformationen und visuellen Muster des Produkts, um den Platz auf der Verpackung optimal zu nutzen.\u00a0<strong>Tinte auf Wasserbasis<\/strong>\u00a0und\u00a0<strong>Umweltfreundliche Beschichtung auf Sojabasis<\/strong>\u00a0werden verwendet, um die EU-Umweltstandards gem\u00e4\u00df REACH zu erf\u00fcllen. Zur gleichen Zeit,\u00a0<strong>Digitaldrucktechnik<\/strong>\u00a0wird verwendet, um sicherzustellen, dass das Muster keine Farbunterschiede und klare Kanten aufweist, und die Farbs\u00e4ttigung wird um 30% erh\u00f6ht.<\/p>\n<h2 id=\"-5-high-definition-printing-technology-to-enhance-visual-communication-\"><strong>5. Hochaufl\u00f6sende Drucktechnologie zur Verbesserung der visuellen Kommunikation<\/strong><\/h2>\n<p>Verwenden Sie\u00a0<strong>Offsetdruck + Kaltpr\u00e4getechnik<\/strong>\u00a0zur Erzielung von 0,1 mm pr\u00e4zisen Musterdetails, wie z. B. Metalltextur-Logo, Lipgloss-Verlaufseffekt usw. \u00dcber\u00a0<strong>Kalibrierung von Pantone-Farbkarten<\/strong>\u00a0und Vierfarben-\u00dcberdrucktechnologie stellen sicher, dass die Farbnummer der Marke (z. B. Rosenrot, Korallenorange) in verschiedenen Chargen konsistent bleibt, um Probleme mit Farbunterschieden zu vermeiden. Die Oberfl\u00e4che kann bearbeitet werden mit\u00a0<strong>Pr\u00e4gung, lokale UV, Zuckerguss<\/strong>usw., um das haptische Erlebnis und die Attraktivit\u00e4t der Regale zu verbessern.<\/p>\n<h2 id=\"-6-in-depth-customized-service-flexible-adaptation-needs-\"><strong>6. Umfassender kundenspezifischer Service, flexible Anpassung an den Bedarf<\/strong><\/h2>\n<ul>\n<li><strong>Anpassung des Boxentyps<\/strong>: Bieten Sie Standard-Flugzeug-Box, Schublade Typ, obere und untere Abdeckung und andere Strukturen, unterst\u00fctzen speziell geformte Fenster Design zur Anzeige Lippe Farbnummer.<\/li>\n<li><strong>Anpassung der Gr\u00f6\u00dfe<\/strong>: Der H\u00f6henbereich von 105-200 mm kann je nach Lipgloss-Spezifikation angepasst werden (z. B. 10 ml d\u00fcnnes R\u00f6hrchen oder 30 ml fette Flasche), um den Transportraum optimal zu nutzen.<\/li>\n<li><strong>Material-Upgrade<\/strong>: Wahlweise Aluminiumfolie, feuchtigkeitsbest\u00e4ndiger Karton oder umweltfreundliches Material aus Zuckerrohrfasern zur Anpassung an das Klima mit hohen Temperaturen und hoher Luftfeuchtigkeit im Nahen Osten.<\/li>\n<li><strong>Handwerkliche Kombination<\/strong>: Unterst\u00fctzt Hei\u00dfpr\u00e4gung, Siebdruck, Pr\u00e4gung und andere Multicraft-\u00dcberlagerungen, um die besonderen Anforderungen von Geschenkboxen in limitierter Auflage oder f\u00fcr Feiertage zu erf\u00fcllen.<\/li>\n<\/ul>\n<h2 id=\"-7-cooperation-process-\"><strong>7. Prozess der Zusammenarbeit<\/strong>:<\/h2>\n<ol>\n<li><strong>Best\u00e4tigung verlangen<\/strong>: Geben Sie die Produktgr\u00f6\u00dfe, den Entwurf und die Menge an, erhalten Sie ein 3D-Strukturdiagramm und Materialmuster.<\/li>\n<li><strong>Proofing-Test<\/strong>: Lieferung der Musterbox innerhalb von 7 Arbeitstagen, einschlie\u00dflich Falltest und Druckfestigkeitsbericht.<\/li>\n<li><strong>Massenproduktion<\/strong>: Mindestbestellmenge von 1.000 St\u00fcck, Unterst\u00fctzung von FSC-zertifiziertem Papier und R\u00fcckverfolgbarkeit des CO2-Fu\u00dfabdrucks.<\/li>\n<\/ol>\n<h2 id=\"-8-core-advantages-\"><strong>8. Zentrale Vorteile<\/strong>:<\/h2>\n<ul>\n<li><strong>Kostenoptimierung<\/strong>: Die integrierte Struktur reduziert die 20%-Verbrauchsmaterialien, und das klebstofffreie Design verringert das Risiko der Verschmutzung bei der Lagerung.<\/li>\n<li><strong>Kulturelle Anpassung<\/strong>: Ein im Nahen Osten ans\u00e4ssiges Designteam sorgt daf\u00fcr, dass die Muster und Farben den religi\u00f6sen und \u00e4sthetischen Tabus entsprechen.<\/li>\n<li><strong>Garantie der Lieferkette<\/strong>: Das eigene Werk ist nach ISO 9001\/BSCI zertifiziert.<\/li>\n<\/ul>","protected":false},"excerpt":{"rendered":"<p>Dieser Versandkarton verf\u00fcgt \u00fcber ein integriertes Faltdesign, f\u00fcr das kein Klebstoff erforderlich ist, und l\u00e4sst sich in 3 Sekunden formen. Das hochfeste Wellpappenmaterial hat eine gute Druckfestigkeit, um Ihre Produkte vor Besch\u00e4digungen zu sch\u00fctzen. Sie ist sehr gut geeignet f\u00fcr Ihre \u00e4therischen \u00d6le, Gesichtsmasken, Lipgloss und andere Kosmetikverpackungen.<\/p>","protected":false},"featured_media":669,"template":"","meta":{"_kad_post_transparent":"default","_kad_post_title":"","_kad_post_layout":"default","_kad_post_sidebar_id":"","_kad_post_content_style":"default","_kad_post_vertical_padding":"default","_kad_post_feature":"","_kad_post_feature_position":"","_kad_post_header":false,"_kad_post_footer":false,"_kad_post_classname":""},"product_brand":[],"product_cat":[15,28,17],"product_tag":[89,237,236],"class_list":{"0":"post-668","1":"product","2":"type-product","3":"status-publish","4":"has-post-thumbnail","6":"product_cat-red-light-therapy","7":"product_cat-customize","8":"product_cat-services","9":"product_tag-custom-cosmetics-packaging","10":"product_tag-custom-lip-gloss-boxes-wholesale","11":"product_tag-lip-gloss-mailer-boxes","13":"first","14":"instock","15":"shipping-taxable","16":"product-type-simple","17":"entry","18":"content-bg","19":"loop-entry"},"_links":{"self":[{"href":"https:\/\/red-lighttherapy.com\/de_de\/wp-json\/wp\/v2\/product\/668","targetHints":{"allow":["GET"]}}],"collection":[{"href":"https:\/\/red-lighttherapy.com\/de_de\/wp-json\/wp\/v2\/product"}],"about":[{"href":"https:\/\/red-lighttherapy.com\/de_de\/wp-json\/wp\/v2\/types\/product"}],"wp:featuredmedia":[{"embeddable":true,"href":"https:\/\/red-lighttherapy.com\/de_de\/wp-json\/wp\/v2\/media\/669"}],"wp:attachment":[{"href":"https:\/\/red-lighttherapy.com\/de_de\/wp-json\/wp\/v2\/media?parent=668"}],"wp:term":[{"taxonomy":"product_brand","embeddable":true,"href":"https:\/\/red-lighttherapy.com\/de_de\/wp-json\/wp\/v2\/product_brand?post=668"},{"taxonomy":"product_cat","embeddable":true,"href":"https:\/\/red-lighttherapy.com\/de_de\/wp-json\/wp\/v2\/product_cat?post=668"},{"taxonomy":"product_tag","embeddable":true,"href":"https:\/\/red-lighttherapy.com\/de_de\/wp-json\/wp\/v2\/product_tag?post=668"}],"curies":[{"name":"wp","href":"https:\/\/api.w.org\/{rel}","templated":true}]}}