{"id":663,"date":"2025-04-14T03:37:04","date_gmt":"2025-04-14T03:37:04","guid":{"rendered":"https:\/\/red-lighttherapy.com\/?post_type=product&#038;p=663"},"modified":"2025-04-14T03:51:59","modified_gmt":"2025-04-14T03:51:59","slug":"supplies-premium-quality-mailer-boxes-for-underwear-t-shirt","status":"publish","type":"product","link":"https:\/\/red-lighttherapy.com\/de_de\/supplies-premium-quality-mailer-boxes-for-underwear-t-shirt\/","title":{"rendered":"Liefert Premium-Qualit\u00e4t Mailer Boxen f\u00fcr Unterw\u00e4sche T-Shirt"},"content":{"rendered":"<h2 id=\"-foldable-double-sided-hot-stamping-custom-airplane-box-\"><strong>Foldable Supplies Premium-Qualit\u00e4t Mailer Boxen f\u00fcr Unterw\u00e4sche T-Shirt<\/strong><\/h2>\n<h2 id=\"-1-sustainable-folding-design-new-experience-of-recycling-\"><strong>1. Nachhaltiges Faltdesign Neue Erfahrungen mit dem Recycling<\/strong><\/h2>\n<p>Diese Flugzeugbox hat eine patentierte faltbare Struktur, durch Pr\u00e4zisionsschnalle und modulares Faltdesign kann sie mehr als 10 Mal ohne Besch\u00e4digung gefaltet und wiederverwendet werden. Nach dem Entfalten ist es eine dreidimensionale Box (unterst\u00fctzt Standardgr\u00f6\u00dfe von 32<em>25<\/em>10cm), und das Volumen wird nach dem Falten auf 1\/4 der urspr\u00fcnglichen Gr\u00f6\u00dfe reduziert, was viel Lagerplatz spart (Reduzierung der Lagerkosten um 60% im Vergleich zu herk\u00f6mmlichen Verpackungen). Mit AA-grade f\u00fcnfschichtigen Exportkarton Material, erreicht die Druckfestigkeit 2000 Newton, und es hat keine Verformung nach extremen Umwelt Tests von -40\u2103 bis 80\u2103, die f\u00fcr verschiedene Transport-Szenarien wie See- und Luftverkehr geeignet ist.<\/p>\n<h2 id=\"-2-low-cost-and-efficient-production-intelligent-supply-chain-optimization-\"><strong>2. Kosteng\u00fcnstige und effiziente Produktion Intelligente Optimierung der Lieferkette<\/strong><\/h2>\n<ul>\n<li><strong>Anpassung der automatisierten Produktionslinie<\/strong>: Mit der vollautomatischen Stanz- und Faltanlage erreicht die t\u00e4gliche Produktionskapazit\u00e4t 200.000 St\u00fcck, und die Arbeitskosten werden um 45% reduziert;<\/li>\n<li><strong>Null-Inventar-Modus<\/strong>: Der kundenspezifische Produktionszyklus betr\u00e4gt 3-7 Tage und unterst\u00fctzt eine Mindestbestellmenge von 500 St\u00fcck, was den finanziellen Druck mindert.<\/li>\n<\/ul>\n<h2 id=\"-three-double-sided-printing-hot-stamping-technology-brand-visual-upgrade-\"><strong>3. Doppelseitiger Druck + Hei\u00dfpr\u00e4getechnik Marke visuelles Upgrade<\/strong><\/h2>\n<ul>\n<li><strong>Beidseitiger Druck in hoher Aufl\u00f6sung<\/strong>: Durch die Verwendung des CMYK\/Pantone-Farbsystems mit UV-Laminierungstechnologie erreicht die Aufl\u00f6sung 300dpi und unterst\u00fctzt LOGO, Produktparameter, Kunstillustrationen und andere Kombinationen aus mehreren Elementen;<\/li>\n<li><strong>Dreidimensionale Hei\u00dfpr\u00e4getechnik<\/strong>: Durch die Verwendung der umweltfreundlichen elektrochemischen Aluminiumfolie von German Kurz erh\u00f6ht sich die Verschlei\u00dffestigkeit des Hei\u00dfpr\u00e4getextes\/-musters um das Dreifache, das Lichtreflexionsverm\u00f6gen erreicht 90% und die optische Wirkung ist mit der von Luxusg\u00fcterverpackungen vergleichbar;<\/li>\n<li><strong>Intelligente F\u00e4lschungsschutzfunktion<\/strong>: Optionale temperaturempfindliche, farbwechselnde Hei\u00dfpr\u00e4ge-Etiketten oder die Einbettung eines NFC-Chips k\u00f6nnen das interaktive Erlebnis der Verbraucher verbessern.<\/li>\n<\/ul>\n<h2 id=\"-fourth-macaron-aesthetics-humanized-details-\"><strong>4. Macaron-\u00c4sthetik + vermenschlichte Details<\/strong><\/h2>\n<ul>\n<li><strong>Hauptfarbe Design<\/strong>Der lavendelfarbene Nebel mit geringer S\u00e4ttigung ist die Hauptfarbe, und 5% Graustufen sind integriert, um eine dunstige Textur zu erzeugen. Der gemessene visuelle Reiz wird durch 37% erh\u00f6ht;<\/li>\n<li><strong>Abgerundete Sicherheitsecken<\/strong>: Die Kanten sind abgerundet und matt laminiert, die Kratzfestigkeit ist durch 50% erh\u00f6ht, was den EU-Kindersicherheitsstandards entspricht;<\/li>\n<li><strong>Bequeme Struktur zum \u00d6ffnen und Schlie\u00dfen<\/strong>Magnetische Abdeckung + rutschfester Griff, einh\u00e4ndiges \u00d6ffnen und Schlie\u00dfen in nur 0,5 Sekunden, und die Zufriedenheit der Benutzer erreichte 92%.<\/li>\n<\/ul>\n<h2 id=\"-v-customized-services-for-the-entire-industry-flexible-adaptation-scenarios-\"><strong>5. Ma\u00dfgeschneiderte Dienstleistungen f\u00fcr die gesamte Branche - Flexible Anpassungsszenarien<\/strong><\/h2>\n<table>\n<thead>\n<tr>\n<th><strong>Anpassung an die Industrie<\/strong><\/th>\n<th><strong>Kundenspezifische Abmessungen<\/strong><\/th>\n<th><strong>Anzeige im Geh\u00e4use<\/strong><\/th>\n<\/tr>\n<\/thead>\n<tbody>\n<tr>\n<td>Unterw\u00e4sche-Marke<\/td>\n<td>Eingebaute feuchtigkeitsdichte Barriere + atmungsaktive L\u00f6cher<\/td>\n<td>Spitze mit fester Position + antibakterielles Futter<\/td>\n<\/tr>\n<tr>\n<td>Sportbekleidung<\/td>\n<td>Verst\u00e4rkte druckfeste Struktur<\/td>\n<td>Aufklappbare Ablage f\u00fcr Yoga-Kleidung<\/td>\n<\/tr>\n<tr>\n<td>Sch\u00f6nheit und K\u00f6rperpflege<\/td>\n<td>Mini-Format + Spiegel Innenkasten<\/td>\n<td>Sto\u00dfsicherer Perlenwollschlitz f\u00fcr Lippenstift<\/td>\n<\/tr>\n<tr>\n<td>Geschenkanpassung<\/td>\n<td>Speziell geformtes Fenster + Loch f\u00fcr Farbband<\/td>\n<td>Holiday Limited Hei\u00dfpr\u00e4gung mit Pr\u00e4gemuster<\/td>\n<\/tr>\n<\/tbody>\n<\/table>\n<p><strong>Engagement f\u00fcr die Umwelt<\/strong>: Durch das FSC-zertifizierte Papier und die wasserbasierte Tintentechnologie wird der CO2-Fu\u00dfabdruck im Vergleich zu herk\u00f6mmlichen Verpackungen um 42% reduziert und unterst\u00fctzt 100% biologisch abbaubares Recycling.<\/p>\n<p><strong>Jetzt anpassen<\/strong>: Kostenlose Design\u00e4nderungen, 48-Stunden-Proofing und weltweite DDP-Logistikdienste machen Ihre Markenverpackungen zu stillen Botschaftern!<\/p>","protected":false},"excerpt":{"rendered":"<p>Dieser Versandkarton mit der Hauptfarbe Macaron lavender mist kann gefaltet und mehrfach wiederverwendet werden, was den Verbrauch von Einwegverpackungen reduziert. Sie hat einen niedrigen St\u00fcckpreis bei Massenproduktion und spart Lagerraum und Transportkosten. Der Faltvorgang ist einfach und arbeitssparend.<\/p>","protected":false},"featured_media":664,"template":"","meta":{"_kad_post_transparent":"default","_kad_post_title":"","_kad_post_layout":"default","_kad_post_sidebar_id":"","_kad_post_content_style":"default","_kad_post_vertical_padding":"default","_kad_post_feature":"","_kad_post_feature_position":"","_kad_post_header":false,"_kad_post_footer":false,"_kad_post_classname":""},"product_brand":[],"product_cat":[15,30,17],"product_tag":[233,235,234],"class_list":{"0":"post-663","1":"product","2":"type-product","3":"status-publish","4":"has-post-thumbnail","6":"product_cat-red-light-therapy","7":"product_cat-dropshipping","8":"product_cat-services","9":"product_tag-premium-quality-mailer-boxes","10":"product_tag-supplies-shipping-t-shirt","11":"product_tag-underwear-mailer-boxes","13":"first","14":"instock","15":"shipping-taxable","16":"product-type-simple","17":"entry","18":"content-bg","19":"loop-entry"},"_links":{"self":[{"href":"https:\/\/red-lighttherapy.com\/de_de\/wp-json\/wp\/v2\/product\/663","targetHints":{"allow":["GET"]}}],"collection":[{"href":"https:\/\/red-lighttherapy.com\/de_de\/wp-json\/wp\/v2\/product"}],"about":[{"href":"https:\/\/red-lighttherapy.com\/de_de\/wp-json\/wp\/v2\/types\/product"}],"wp:featuredmedia":[{"embeddable":true,"href":"https:\/\/red-lighttherapy.com\/de_de\/wp-json\/wp\/v2\/media\/664"}],"wp:attachment":[{"href":"https:\/\/red-lighttherapy.com\/de_de\/wp-json\/wp\/v2\/media?parent=663"}],"wp:term":[{"taxonomy":"product_brand","embeddable":true,"href":"https:\/\/red-lighttherapy.com\/de_de\/wp-json\/wp\/v2\/product_brand?post=663"},{"taxonomy":"product_cat","embeddable":true,"href":"https:\/\/red-lighttherapy.com\/de_de\/wp-json\/wp\/v2\/product_cat?post=663"},{"taxonomy":"product_tag","embeddable":true,"href":"https:\/\/red-lighttherapy.com\/de_de\/wp-json\/wp\/v2\/product_tag?post=663"}],"curies":[{"name":"wp","href":"https:\/\/api.w.org\/{rel}","templated":true}]}}