{"id":658,"date":"2025-04-14T03:25:35","date_gmt":"2025-04-14T03:25:35","guid":{"rendered":"https:\/\/red-lighttherapy.com\/?post_type=product&#038;p=658"},"modified":"2025-04-14T03:36:55","modified_gmt":"2025-04-14T03:36:55","slug":"custom-mailer-boxes-for-shirt-dress-underwear-shirt-package","status":"publish","type":"product","link":"https:\/\/red-lighttherapy.com\/de_de\/custom-mailer-boxes-for-shirt-dress-underwear-shirt-package\/","title":{"rendered":"Benutzerdefinierte Mailer Boxen f\u00fcr Hemd Kleid Unterw\u00e4sche Hemd Paket"},"content":{"rendered":"<h2 id=\"summer-holiday-series-customized-packaging-box-product-description\">Sommerurlaub benutzerdefinierte Mailer Boxen f\u00fcr Hemd Kleid Unterw\u00e4sche Hemd Paket<\/h2>\n<h2 id=\"1-innovative-structure-and-convenient-design\">1. Innovative Struktur und praktisches Design<\/h2>\n<ol>\n<li><strong>Integrierte Faltschachtelformung<\/strong>\u00a0Diese Flugzeugschachtel verf\u00fcgt \u00fcber ein patentiertes integriertes Faltdesign, das weder Klebstoff noch N\u00e4gel ben\u00f6tigt und durch vorgepresste Falten und Schnallenstrukturen schnell zusammengesetzt werden kann. Die Benutzer k\u00f6nnen die dreidimensionale Formgebung in nur 10 Sekunden abschlie\u00dfen, was besonders f\u00fcr die effizienten Sortier- und Verpackungsanforderungen von E-Commerce- und Bekleidungsmarken geeignet ist. Nach dem Auffalten bildet die Box eine sechsseitige stabile Struktur, und der Innenraum ist wissenschaftlich unterteilt, so dass verschiedene Gr\u00f6\u00dfen von Waren wie Hemden und Kleider perfekt hineinpassen.<\/li>\n<li><strong>Leichte Lagerung und effizienter Transport<\/strong>\u00a0Die Dicke betr\u00e4gt nur 5 mm im flachen Zustand, und die Volumenkompressionsrate betr\u00e4gt 80%, was die Lager- und Logistikkosten erheblich reduziert. Nach dem Falten und Stapeln des Transports k\u00f6nnen mehr als 50% an Platz eingespart werden, was sich besonders f\u00fcr die flexible Lagerhaltung im grenz\u00fcberschreitenden E-Commerce und f\u00fcr saisonale Hot-Selling-Produkte eignet.<\/li>\n<\/ol>\n<h2 id=\"2-visual-aesthetics-and-brand-impression\">2. Visuelle \u00c4sthetik und Markeneindruck<\/h2>\n<ol>\n<li><strong>Visuelle Gestaltung des Sommerthemas<\/strong>\u00a0Die Hauptfarbe des Schachtelk\u00f6rpers ist ein zartes, nebliges Hellrosa, mit leuchtend gelben Zitronentrauben, dunkelgr\u00fcnen Zweigen und Bl\u00e4ttern mit Farbverlauf und wei\u00dfen Blumenmustern, inspiriert vom mediterranen Urlaubsstil. Die Au\u00dfenseite ist doppelseitig bedruckt, und die Bl\u00e4tter simulieren den Licht- und Schatteneffekt durch den dunkelgr\u00fcnen Farbverlauf, was der Verpackung ein dynamisches, dreidimensionales Gef\u00fchl verleiht; die Zitronentraube ist mit einem hochpr\u00e4zisen Punktdruck versehen, der unter der Sonne eine transparente Textur zeigt.<\/li>\n<li><strong>Informationen der inneren Schicht und Bildfusion<\/strong>\u00a0Die Innenseite des Kartons ist mit einer minimalistischen, linienf\u00f6rmigen Illustration von Getr\u00e4nken bedruckt, die mit dem Markenlogo, Waschanweisungen und Umweltschutzslogans kombiniert ist und so die Markenkultur auf geschickte Weise vermittelt. Die Illustration verwendet Farbt\u00f6ne mit geringer S\u00e4ttigung, um ein visuelles Gleichgewicht mit dem kontrastreichen Muster auf der Au\u00dfenseite zu schaffen und den Benutzern beim Auspacken eine doppelte \u00dcberraschung zu bieten.<\/li>\n<\/ol>\n<h2 id=\"3-protection-performance-and-environmentally-friendly-materials\">3. Schutzleistung und umweltfreundliche Materialien<\/h2>\n<ol>\n<li><strong>Hochstabile Pufferstruktur<\/strong>\u00a0Es wird Verbundwellpappe mit einer Druckfestigkeit von 8000 N\/m\u00b2 verwendet, die den Auswirkungen von Quetschungen und St\u00fcrzen w\u00e4hrend des Transports standhalten kann. Die wabenf\u00f6rmige Verst\u00e4rkungsrippenkonstruktion wird im Inneren des Kartons hinzugef\u00fcgt, kombiniert mit dem Bogenumschlagverfahren, um den Druck weiter zu verteilen und das Risiko von Produktfalten oder Besch\u00e4digungen zu verringern.<\/li>\n<li><strong>Umweltfreundliche und recycelbare Materialien<\/strong>\u00a0Der Karton ist FSC-zertifiziert und mit Tinte auf Wasserbasis bedruckt, die den Sicherheitsstandards f\u00fcr Lebensmittel entspricht. Der leere Karton kann 100% recycelt und abgebaut werden und kann auch als Aufbewahrungsbox wiederverwendet werden, was dem Trend zu umweltfreundlichen Verpackungen entspricht.<\/li>\n<\/ol>\n<h2 id=\"iv-personalized-customization-service\">4. Personalisierter Anpassungsservice<\/h2>\n<ol>\n<li><strong>Volldimensionale flexible Anpassung<\/strong>\u00a0Erm\u00f6glicht eine umfassende Anpassung von Gr\u00f6\u00dfe, Schachteltyp und Muster:<\/li>\n<li><strong>Gr\u00f6\u00dfenanpassung<\/strong>: Entwerfen Sie ein exklusives Futter nach Parametern wie Hemdkragenumfang und Kleiderl\u00e4nge, um ein Wackeln des Produkts zu verhindern;<\/li>\n<li><strong>Funktionserweiterung<\/strong>: Transparente Fenster (PET-Material), Bandgriffe oder Magnetverschl\u00fcsse k\u00f6nnen hinzugef\u00fcgt werden, um das Gef\u00fchl des Auspackens zu verst\u00e4rken;<\/li>\n<li><strong>Implantation von Markenelementen<\/strong>: Unterst\u00fctzung von Hei\u00dfpr\u00e4gung, UV-Pr\u00e4gung, Laseraush\u00f6hlung und anderen Verfahren zur Verbesserung der Markenwiedererkennung.<\/li>\n<\/ol>\n<h2 id=\"v-applicable-scenarios-and-user-value\">5. Anwendbare Szenarien und Nutzwert<\/h2>\n<ul>\n<li><strong>Logistik f\u00fcr den elektronischen Handel<\/strong>: Reduzierung der St\u00fcckgutfracht durch Leichtbauweise und hochfeste Struktur f\u00fcr den grenz\u00fcberschreitenden Langstreckentransport;<\/li>\n<li><strong>Anzeige im Gesch\u00e4ft<\/strong>: Das Design der Innen- und Au\u00dfenseite kann direkt als Geschenkverpackung verwendet werden, was den Abfall von Sekund\u00e4rverpackungen reduziert;<\/li>\n<li><strong>Benutzererfahrung<\/strong>: Das Zitronenmuster und die Illustration des Getr\u00e4nks wecken beim \u00d6ffnen der Schachtel die Assoziation eines \"Urlaubsgetr\u00e4nks\" und verst\u00e4rken den Erinnerungseffekt der Marke.<\/li>\n<\/ul>","protected":false},"excerpt":{"rendered":"<p>Dieser Versandkarton hat ein integriertes Faltdesign und l\u00e4sst sich in Sekundenschnelle ohne Klebstoff oder N\u00e4gel zusammenbauen. Sie ist klein, wenn sie flach liegt, und l\u00e4sst sich daher leicht lagern und transportieren. Im aufgeklappten Zustand bildet sie eine stabile dreidimensionale Struktur. Sie eignet sich sehr gut f\u00fcr die Verpackung von Hemden, Kleidern, Unterw\u00e4sche und Shirts.<\/p>","protected":false},"featured_media":659,"template":"","meta":{"_kad_post_transparent":"default","_kad_post_title":"","_kad_post_layout":"default","_kad_post_sidebar_id":"","_kad_post_content_style":"default","_kad_post_vertical_padding":"default","_kad_post_feature":"","_kad_post_feature_position":"","_kad_post_header":false,"_kad_post_footer":false,"_kad_post_classname":""},"product_brand":[],"product_cat":[15,30,17],"product_tag":[231,230,232],"class_list":{"0":"post-658","1":"product","2":"type-product","3":"status-publish","4":"has-post-thumbnail","6":"product_cat-red-light-therapy","7":"product_cat-dropshipping","8":"product_cat-services","9":"product_tag-custom-shipping-dress-boxes","10":"product_tag-mailer-boxes-for-shirt","11":"product_tag-underwear-shirt-packaging-boxes","13":"first","14":"instock","15":"shipping-taxable","16":"product-type-simple","17":"entry","18":"content-bg","19":"loop-entry"},"_links":{"self":[{"href":"https:\/\/red-lighttherapy.com\/de_de\/wp-json\/wp\/v2\/product\/658","targetHints":{"allow":["GET"]}}],"collection":[{"href":"https:\/\/red-lighttherapy.com\/de_de\/wp-json\/wp\/v2\/product"}],"about":[{"href":"https:\/\/red-lighttherapy.com\/de_de\/wp-json\/wp\/v2\/types\/product"}],"wp:featuredmedia":[{"embeddable":true,"href":"https:\/\/red-lighttherapy.com\/de_de\/wp-json\/wp\/v2\/media\/659"}],"wp:attachment":[{"href":"https:\/\/red-lighttherapy.com\/de_de\/wp-json\/wp\/v2\/media?parent=658"}],"wp:term":[{"taxonomy":"product_brand","embeddable":true,"href":"https:\/\/red-lighttherapy.com\/de_de\/wp-json\/wp\/v2\/product_brand?post=658"},{"taxonomy":"product_cat","embeddable":true,"href":"https:\/\/red-lighttherapy.com\/de_de\/wp-json\/wp\/v2\/product_cat?post=658"},{"taxonomy":"product_tag","embeddable":true,"href":"https:\/\/red-lighttherapy.com\/de_de\/wp-json\/wp\/v2\/product_tag?post=658"}],"curies":[{"name":"wp","href":"https:\/\/api.w.org\/{rel}","templated":true}]}}