{"id":652,"date":"2025-04-14T03:15:00","date_gmt":"2025-04-14T03:15:00","guid":{"rendered":"https:\/\/red-lighttherapy.com\/?post_type=product&#038;p=652"},"modified":"2025-04-14T03:25:26","modified_gmt":"2025-04-14T03:25:26","slug":"elegant-custom-bracelets-necklace-packaging-boxes-wholesale","status":"publish","type":"product","link":"https:\/\/red-lighttherapy.com\/de_de\/elegant-custom-bracelets-necklace-packaging-boxes-wholesale\/","title":{"rendered":"Elegante benutzerdefinierte Armb\u00e4nder Halskette Verpackung Boxen Gro\u00dfhandel"},"content":{"rendered":"<h2><strong>Produktbeschreibung von Elegant Customized Schmuck Armb\u00e4nder Halskette Box Verpackung Boxen Gro\u00dfhandel<\/strong><\/h2>\n<p>In der Schmuckindustrie ist die Verpackung nicht nur ein Beh\u00e4ltnis f\u00fcr Schmuck, sondern auch eine Erweiterung des Markenstils und der Benutzererfahrung. Die <strong>Minimalistische Schmuckschatulle mit Deckel und Boden<\/strong>\u00a0die wir mit gro\u00dfer Sorgfalt entwickelt haben, ist auf handwerkliches K\u00f6nnen und \u00e4sthetisches Design ausgerichtet und eignet sich perfekt f\u00fcr verschiedene Schmuckkategorien wie Armb\u00e4nder, Halsketten und Ohrringe, wodurch Ihre Produkte einen h\u00f6heren Mehrwert erhalten.<\/p>\n<h2 id=\"-1-minimalist-shape-universal-adaptation-\"><strong>1. Minimalistische Form, universelle Anpassung<\/strong><\/h2>\n<p>Die klassische Schatulle mit Deckel und Oberteil ist mit einfachen und sauberen Linien ohne \u00fcberfl\u00fcssige Verzierungen gestaltet und eignet sich f\u00fcr Schmuckprodukte verschiedener Gr\u00f6\u00dfen und Formen. Der obere und untere Deckel passen genau, und der Raum zum \u00d6ffnen und Schlie\u00dfen zeigt einen Sinn f\u00fcr Rituale. Die geneigte Deckel Design ist bequem f\u00fcr die Anzeige, ob es sich um Theke Display oder Online-Shooting, kann es intuitiv pr\u00e4sentieren die schillernden Details von Schmuck.<\/p>\n<h2 id=\"-2-color-aesthetics-classic-eye-catching-\"><strong>2. Farbe \u00c4sthetik, klassische Blickfang<\/strong><\/h2>\n<p>Der Korpus der Schachtel ist haupts\u00e4chlich in Beige und Hellgold gehalten, mit einem weichen und eleganten, zur\u00fcckhaltenden Luxus, der den metallischen Glanz des Schmucks erg\u00e4nzt. Die rote Schleife wird als letzter Schliff verwendet, der nicht nur den rituellen Sinn der traditionellen Geschenkbox fortsetzt, sondern auch die visuelle Wirkung durch kontrastierende Farben verst\u00e4rkt. Das Band kann individuell mit dem Markenlogo bedruckt werden, was die Erinnerung an die Marke durch Details verst\u00e4rkt und die Aufmerksamkeit erh\u00f6ht.<\/p>\n<h2 id=\"-three-lining-technology-double-protection-\"><strong>3. Auskleidungstechnologie, doppelter Schutz<\/strong><\/h2>\n<p>Die Schatulle ist mit schwarzem Samt ausgekleidet, der zart und weich, rutschfest und sto\u00dffest ist und verhindert, dass der Schmuck durch Reibung und Ersch\u00fctterungen w\u00e4hrend des Transports oder der Pr\u00e4sentation besch\u00e4digt wird. Der tiefschwarze Hintergrund hebt die Brillanz des Schmucks hervor, und die visuelle Ebene ist klar, was die hochwertige Textur des Produkts weiter hervorhebt.<\/p>\n<h2 id=\"-fourth-light-and-environmentally-friendly-practical-and-convenient-\"><strong>4. Leicht und umweltfreundlich, praktisch und bequem<\/strong><\/h2>\n<p>Die Schachtel besteht aus leichtem, umweltfreundlichem Karton, der Festigkeit und Tragbarkeit kombiniert, eine ausgezeichnete Druckfestigkeit aufweist, wiederverwendet werden kann und dem Konzept der Nachhaltigkeit entspricht. Dank der exquisiten Gr\u00f6\u00dfe l\u00e4sst sich die Box leicht transportieren oder lange aufbewahren, wodurch der Lebenszyklus der Verpackung verl\u00e4ngert und die Ressourcenverschwendung reduziert wird.<\/p>\n<h2 id=\"-five-brand-empowerment-value-upgrade-\"><strong>5. St\u00e4rkung der Marke, Aufwertung<\/strong><\/h2>\n<p>Die Verpackungsschachtel selbst kann als unabh\u00e4ngiges Geschenk verschenkt werden, um das Auspackerlebnis des Kunden und die Markengunst zu steigern. Vom Bandlogo bis zum Hei\u00dfpr\u00e4geverfahren der Schachtel kann jedes Detail mit markenspezifischen Elementen (wie LOGO-Hei\u00dfpr\u00e4gung\/Hei\u00dfsilber, Siebdruck usw.) integriert werden, um differenzierte visuelle Symbole zu bilden und das Markenimage zu festigen.<\/p>\n<h2 id=\"-six-customized-service-flexible-and-efficient-\"><strong>6. Ma\u00dfgeschneiderter Service, flexibel und effizient<\/strong><\/h2>\n<p>Unterst\u00fctzung von Kleinserienauftr\u00e4gen (500 St\u00fcck f\u00fcr ein einziges Modell) und Bereitstellung diverser Prozessoptionen:<\/p>\n<ul>\n<li><strong>LOGO-Anpassung<\/strong>: Bandbedruckung, Hei\u00dfpr\u00e4gung, Lasergravur und andere Verfahren zur Erf\u00fcllung der pers\u00f6nlichen Bed\u00fcrfnisse der Marke;<\/li>\n<li><strong>Schnelles Proofing<\/strong>2-3 Tage bis zur Fertigstellung der Musterproduktion, Serienproduktion in 7-14 Tagen, flexible Anpassung an den Verkaufsrhythmus;<\/li>\n<li><strong>Globale Anpassung<\/strong>: Erf\u00fcllt europ\u00e4ische und amerikanische Umweltschutzstandards (z. B. keine Schwermetallbeschichtung, wiederverwertbare Materialien), geeignet f\u00fcr den grenz\u00fcberschreitenden Export.<\/li>\n<\/ul>\n<h2 id=\"-conclusion-\"><strong>Schlussfolgerung<\/strong><\/h2>\n<p>Diese Schmuckverpackung mit Deckel und Boden, deren Kernst\u00fcck eine minimalistische \u00c4sthetik und praktische Funktionen sind, verbessert umfassend die Wettbewerbsf\u00e4higkeit von Schmuckprodukten, von der Optik \u00fcber die Haptik bis hin zum Markenwert. Egal, ob es sich um eine markenspezifische Verpackung oder ein unabh\u00e4ngiges Geschenk handelt, sie kann in den Herzen der Verbraucher zu einem Synonym f\u00fcr \"Exquisitheit und Qualit\u00e4t\" werden. Wir laden Sie herzlich ein, mit uns zusammenzuarbeiten und die Marke mit Details zu veredeln!<\/p>","protected":false},"excerpt":{"rendered":"<p>Der Korpus ist in Beige und Hellgold gehalten und mit einem roten Band versehen, das klassisch, elegant und auff\u00e4llig ist. Die minimalistische Form eignet sich f\u00fcr eine Vielzahl von Schmuckkategorien wie Halsketten, Armb\u00e4nder und Ohrringe.<\/p>","protected":false},"featured_media":653,"template":"","meta":{"_kad_post_transparent":"default","_kad_post_title":"","_kad_post_layout":"default","_kad_post_sidebar_id":"","_kad_post_content_style":"default","_kad_post_vertical_padding":"default","_kad_post_feature":"","_kad_post_feature_position":"","_kad_post_header":false,"_kad_post_footer":false,"_kad_post_classname":""},"product_brand":[],"product_cat":[15,19,17],"product_tag":[227,228,229],"class_list":{"0":"post-652","1":"product","2":"type-product","3":"status-publish","4":"has-post-thumbnail","6":"product_cat-red-light-therapy","7":"product_cat-red-light-therapy-stand","8":"product_cat-services","9":"product_tag-custom-bracelets-packaging-boxes","10":"product_tag-necklace-packaging-boxes-wholesale","11":"product_tag-ribbon-jewelry-boxes","13":"first","14":"instock","15":"shipping-taxable","16":"product-type-simple","17":"entry","18":"content-bg","19":"loop-entry"},"_links":{"self":[{"href":"https:\/\/red-lighttherapy.com\/de_de\/wp-json\/wp\/v2\/product\/652","targetHints":{"allow":["GET"]}}],"collection":[{"href":"https:\/\/red-lighttherapy.com\/de_de\/wp-json\/wp\/v2\/product"}],"about":[{"href":"https:\/\/red-lighttherapy.com\/de_de\/wp-json\/wp\/v2\/types\/product"}],"wp:featuredmedia":[{"embeddable":true,"href":"https:\/\/red-lighttherapy.com\/de_de\/wp-json\/wp\/v2\/media\/653"}],"wp:attachment":[{"href":"https:\/\/red-lighttherapy.com\/de_de\/wp-json\/wp\/v2\/media?parent=652"}],"wp:term":[{"taxonomy":"product_brand","embeddable":true,"href":"https:\/\/red-lighttherapy.com\/de_de\/wp-json\/wp\/v2\/product_brand?post=652"},{"taxonomy":"product_cat","embeddable":true,"href":"https:\/\/red-lighttherapy.com\/de_de\/wp-json\/wp\/v2\/product_cat?post=652"},{"taxonomy":"product_tag","embeddable":true,"href":"https:\/\/red-lighttherapy.com\/de_de\/wp-json\/wp\/v2\/product_tag?post=652"}],"curies":[{"name":"wp","href":"https:\/\/api.w.org\/{rel}","templated":true}]}}