{"id":646,"date":"2025-04-14T03:00:46","date_gmt":"2025-04-14T03:00:46","guid":{"rendered":"https:\/\/red-lighttherapy.com\/?post_type=product&#038;p=646"},"modified":"2025-04-14T03:14:46","modified_gmt":"2025-04-14T03:14:46","slug":"wholesale-custom-luxury-round-shaped-perfume-with-insert","status":"publish","type":"product","link":"https:\/\/red-lighttherapy.com\/de_de\/wholesale-custom-luxury-round-shaped-perfume-with-insert\/","title":{"rendered":"Gro\u00dfhandel benutzerdefinierte Luxus Runde geformt Parf\u00fcm mit Einsatz"},"content":{"rendered":"<h2 id=\"-product-description-of-customized-luxury-round-perfume-box-\"><strong>Produktbeschreibung der kundengebundenen runden Luxus-Parf\u00fcmdose<\/strong><\/h2>\n<p>Nachfolgend finden Sie eine detaillierte Beschreibung des Designs der kundenindividuellen runden Parf\u00fcmschachtel, die den \u00e4sthetischen Trend und die praktischen Anforderungen an hochwertige Parf\u00fcmverpackungen miteinander verbindet, um die differenzierte Positionierung der Marke zu erf\u00fcllen:<\/p>\n<h2 id=\"1-ingenious-structural-design-combination-of-geometric-aesthetics-and-ergonomics-\">1.\u00a0<strong>Ausgekl\u00fcgelte strukturelle Gestaltung: Kombination von geometrischer \u00c4sthetik und Ergonomie<\/strong><\/h2>\n<ul>\n<li><strong>Symmetrische zylindrische Form<\/strong>: Der zylindrische K\u00f6rper und der runde Deckel haben einen H\u00f6henunterschied im Goldenen Schnitt (z. B. Zylinderh\u00f6he 12 cm\/Deckelh\u00f6he 3 cm), der ein visuelles Gleichgewicht schafft. Die obere leicht konvexe Bogenfl\u00e4che und die untere nach innen gerichtete Linie spiegeln die minimalistische \u00c4sthetik wider.<\/li>\n<li><strong>Optimierter Griffkomfort<\/strong>: Der zylindrische Zylinderk\u00f6rper hat einen Durchmesser von 5,5 cm und passt sich der Kurve der Handfl\u00e4chen asiatischer Frauen an. Es ist stabil mit einer Hand zu halten, und das \u00d6ffnen und Schlie\u00dfen sind glatt und widerstandsfrei, die die Benutzererfahrung verbessert.<\/li>\n<\/ul>\n<h2 id=\"2-inner-lining-material-and-protective-function-technology-empowers-quality-assurance-\">2.\u00a0<strong>Innenfuttermaterial und Schutzfunktion: Technologie st\u00e4rkt die Qualit\u00e4tssicherung<\/strong><\/h2>\n<ul>\n<li><strong>Anti-Penetrations-Innenschicht<\/strong>: Die Innenseite des Fasses ist mit einer hellgrauen, lebensmittelechten PE-Beschichtung (Dicke 0,8 mm) versehen, die glatt und nahtlos ist, das Eindringen von Fl\u00fcssigkeit wirksam isoliert und verhindert, dass sich das Parf\u00fcm verfl\u00fcchtigt oder ausl\u00e4uft. Gleichzeitig verl\u00e4ngert der UV-Schutz die Haltbarkeit des Parfums.<\/li>\n<li><strong>Umweltfreundliche beschichtete Papierau\u00dfenwand<\/strong>: Die \u00e4u\u00dfere Schicht besteht aus beschichtetem Papier mit hoher Dichte (450 g\/m\u00b2) und einer matten Folie auf der Oberfl\u00e4che, die sich angenehm anf\u00fchlt und kratzfest ist. Es entspricht der FSC-Umweltzertifizierung und l\u00e4sst sich mehr als 500 Mal \u00f6ffnen und schlie\u00dfen, ohne sich zu verformen.<\/li>\n<\/ul>\n<h2 id=\"3-artistic-design-language-floral-elements-interpret-the-brand-story-\">3.\u00a0<strong>K\u00fcnstlerische Formensprache: Florale Elemente interpretieren die Markengeschichte<\/strong><\/h2>\n<ul>\n<li><strong>Dreidimensionales Reliefhandwerk<\/strong>: Der Schachtelk\u00f6rper basiert auf dem Farbsystem und verwendet Hei\u00dfpr\u00e4gung + UV-Relief-Technologie, um florale Zweige und Fruchtmuster (wie Maigl\u00f6ckchen, Rose, etc.) zu pr\u00e4sentieren. Die Genauigkeit der Adern der Zweige und Bl\u00e4tter erreicht 0,1 mm, und es ist mit einer matten Textur Hintergrund abgestimmt, um eine frische und literarische Atmosph\u00e4re zu schaffen.<\/li>\n<li><strong>Mehrere Versionen des Themas<\/strong>: Serien wie \"Four Seasons Flower Language\" und \"Secret Garden\" anbieten. Die Fr\u00fchlingsversion basiert haupts\u00e4chlich auf den dynamischen Linien der fallenden Kirschbl\u00fcten, und die Winterversion beinhaltet die Schneeflocken-Kristallschnitztechnik, um den Sammlungswert und die Anpassungsf\u00e4higkeit der Szene zu erh\u00f6hen.<\/li>\n<\/ul>\n<h2 id=\"iv-brand-logo-system-strengthen-visual-unity-\">4. <strong>Markenlogo-System: St\u00e4rkung der visuellen Einheitlichkeit<\/strong><\/h2>\n<ul>\n<li><strong>Integriertes Markenlogo<\/strong>: Das Markenlogo kann per Lasergravur in der Mitte der Oberseite der Kappe angebracht werden (unterst\u00fctzt Metallfolien-Hei\u00dfpr\u00e4gung oder 3D-Reliefdruck), und ein 10 cm x 3 cm gro\u00dfer Logobereich ist auf der Seite des Fasses reserviert, der die Anpassung des QR-Codes\/Markenslogans unterst\u00fctzt, um das Markenimage zu verkn\u00fcpfen.<\/li>\n<li><strong>Unterst\u00fctzung der visuellen Erweiterung<\/strong>: Bieten Sie die gleiche Serie von Geschenkt\u00fcten, B\u00e4ndern und Gru\u00dfkarten an, die Musterelemente stehen im Einklang mit der Hauptbox und bilden ein komplettes visuelles Markensystem.<\/li>\n<\/ul>\n<h2 id=\"v-customized-production-service-advantages-of-china-s-source-factory-\">5. <strong>Ma\u00dfgeschneiderter Produktionsservice: Vorteile von Chinas Quellenfabrik<\/strong><\/h2>\n<ul>\n<li><strong>Flexibler Anpassungsplan<\/strong>: Wir unterst\u00fctzen Bestellungen ab 500 St\u00fcck, bieten personalisierte Anpassungen wie Gr\u00f6\u00dfe (Durchmesser 5-15 cm), Farbe (Pantone-Farbkarte mit exakter Anpassung), Trennwand (mehrere Flaschen) usw. sowie schnelle Pr\u00fcfung und Lieferung innerhalb von 15 Tagen.<\/li>\n<li><strong>System der Qualit\u00e4tskontrolle<\/strong>: Zertifizierung nach ISO 9001, Einsatz von vollautomatischen Stanzmaschinen und Qualit\u00e4tskontrolllinien, um sicherzustellen, dass der Fehler des Schachtelk\u00f6rpers \u22640,2 mm und die Bruchrate weniger als 0,5% betr\u00e4gt.<\/li>\n<\/ul>\n<h2 id=\"vi-application-scenarios-and-added-value-\">6. <strong>Anwendungsszenarien und Zusatznutzen<\/strong><\/h2>\n<ul>\n<li><strong>Anpassung an mehrere Szenarien<\/strong>: Die klassische Version eignet sich f\u00fcr die Thekenauslage, die limitierte Weihnachtsausgabe kann mit einem Geschenkbox-Set kombiniert werden (z. B. die Version mit Hei\u00dfpr\u00e4gung in Ros\u00e9gold), und die kundenspezifische Version kann IP-Elemente mit Co-Branding enthalten, um den Markt f\u00fcr Gesch\u00e4ftsgeschenke zu erweitern.<\/li>\n<li><strong>Nachhaltige Nutzung<\/strong>: Die leere Schachtel kann zur Aufbewahrung von Schmuck oder zur Dekoration des Hauses verwendet werden, und das Innenfutter kann durch eine Flanellschicht ersetzt werden, um die Lebensdauer des Produkts zu verl\u00e4ngern und dem Trend zum umweltfreundlichen Konsum zu entsprechen.<\/li>\n<\/ul>\n<p><strong>Zusammenfassung<\/strong>: Diese runde Parf\u00fcmdose wird durch die beiden Kerne \"Kunst + Funktion\" angetrieben. Durch eine pr\u00e4zise Struktur, umweltfreundliche Materialien, ein ma\u00dfgeschneidertes Design und die Vorteile der chinesischen Fertigung erf\u00fcllt sie die Anforderungen hochwertiger Parf\u00fcmmarken an Verpackungs\u00e4sthetik, Qualit\u00e4t und Markenwert. Das Modell der Direktlieferung ab Werk senkt die Kosten weiter und hilft den Kunden, den Luxusmarktanteil zu erobern.<\/p>","protected":false},"excerpt":{"rendered":"<p>Die Kombination aus dem zylindrischen K\u00f6rper und dem runden Deckel dieser zylindrischen Verpackungsbox ist einfach und symmetrisch, und der H\u00f6henunterschied schafft ein visuelles Gleichgewicht. Die Innenseite des Zylinderk\u00f6rpers besteht aus hellgrauem, glattem Material, um das fl\u00fcssige Parf\u00fcm vor dem Eindringen zu sch\u00fctzen. Das Design der Schachtel vermittelt ein frisches und literarisches Gef\u00fchl, das mit der Positionierung von hochwertigen Parf\u00fcms \u00fcbereinstimmt.<\/p>","protected":false},"featured_media":647,"template":"","meta":{"_kad_post_transparent":"default","_kad_post_title":"","_kad_post_layout":"default","_kad_post_sidebar_id":"","_kad_post_content_style":"default","_kad_post_vertical_padding":"default","_kad_post_feature":"","_kad_post_feature_position":"","_kad_post_header":false,"_kad_post_footer":false,"_kad_post_classname":""},"product_brand":[],"product_cat":[15,17],"product_tag":[224,225,226],"class_list":{"0":"post-646","1":"product","2":"type-product","3":"status-publish","4":"has-post-thumbnail","6":"product_cat-red-light-therapy","7":"product_cat-services","8":"product_tag-custom-perfume-box","9":"product_tag-elegant-perfume-packaging-boxes","10":"product_tag-perfume-packaging-round-box","12":"first","13":"instock","14":"shipping-taxable","15":"product-type-simple","16":"entry","17":"content-bg","18":"loop-entry"},"_links":{"self":[{"href":"https:\/\/red-lighttherapy.com\/de_de\/wp-json\/wp\/v2\/product\/646","targetHints":{"allow":["GET"]}}],"collection":[{"href":"https:\/\/red-lighttherapy.com\/de_de\/wp-json\/wp\/v2\/product"}],"about":[{"href":"https:\/\/red-lighttherapy.com\/de_de\/wp-json\/wp\/v2\/types\/product"}],"wp:featuredmedia":[{"embeddable":true,"href":"https:\/\/red-lighttherapy.com\/de_de\/wp-json\/wp\/v2\/media\/647"}],"wp:attachment":[{"href":"https:\/\/red-lighttherapy.com\/de_de\/wp-json\/wp\/v2\/media?parent=646"}],"wp:term":[{"taxonomy":"product_brand","embeddable":true,"href":"https:\/\/red-lighttherapy.com\/de_de\/wp-json\/wp\/v2\/product_brand?post=646"},{"taxonomy":"product_cat","embeddable":true,"href":"https:\/\/red-lighttherapy.com\/de_de\/wp-json\/wp\/v2\/product_cat?post=646"},{"taxonomy":"product_tag","embeddable":true,"href":"https:\/\/red-lighttherapy.com\/de_de\/wp-json\/wp\/v2\/product_tag?post=646"}],"curies":[{"name":"wp","href":"https:\/\/api.w.org\/{rel}","templated":true}]}}