{"id":640,"date":"2025-04-13T08:49:20","date_gmt":"2025-04-13T08:49:20","guid":{"rendered":"https:\/\/red-lighttherapy.com\/?post_type=product&#038;p=640"},"modified":"2025-04-20T06:02:06","modified_gmt":"2025-04-20T06:02:06","slug":"custom-bath-soap-sleeve-slide-drawer-boxes-wholesale","status":"publish","type":"product","link":"https:\/\/red-lighttherapy.com\/de_de\/custom-bath-soap-sleeve-slide-drawer-boxes-wholesale\/","title":{"rendered":"Benutzerdefinierte Bad Seife H\u00fclse &amp; Slide Schublade Boxen Gro\u00dfhandel"},"content":{"rendered":"<h2 id=\"customized-bath-soap-box-and-sliding-drawer-box-wholesale-product-description\">Kundenspezifische Bad Seife Box und Schublade Box Gro\u00dfhandel Produkt Beschreibung<\/h2>\n<h2 id=\"1-convenient-pull-out-opening-and-closing-\">1.\u00a0<strong>Bequemes \u00d6ffnen und Schlie\u00dfen von Schubladenpapierboxen<\/strong><\/h2>\n<p>Einhand-Bedienung Design, die Schublade Papier-Boxen G\u00fcrtel ist in dunkelblau verschlei\u00dffestem Silikon-Material, das reibungslos gleitet ohne zu klemmen, geeignet f\u00fcr den Einsatz in feuchten Umgebungen wie B\u00e4der und K\u00fcchen eingebettet. Die Schublade Spur nimmt leise Slide-Technologie, um reibungslose und dauerhafte Ziehen und Ziehen Prozess zu gew\u00e4hrleisten.<\/p>\n<h2 id=\"2-internal-partition-and-buffer-protection-\">2.\u00a0<strong>Interne Partition und Pufferschutz<\/strong><\/h2>\n<ul>\n<li><strong>Anti-Kollisions-Trennwand-Design<\/strong>: Die verstellbaren Trennw\u00e4nde im Inneren passen sich an Seifen oder Toilettenartikel unterschiedlicher Gr\u00f6\u00dfe an, um Kollisionen und Abnutzung der Gegenst\u00e4nde zu vermeiden.<\/li>\n<li><strong>Geschreddertes Papier + Bast als Doppelpuffer<\/strong>: Der Boden ist mit nat\u00fcrlichem Raffiabast gef\u00fcttert, der weich und elastisch ist und Vibrationen w\u00e4hrend des Transports oder der Bewegung effektiv absorbiert; geschreddertes Papier f\u00fcllt die L\u00fccken, um den Schutz weiter zu verst\u00e4rken.<\/li>\n<\/ul>\n<h2 id=\"3-environmentally-friendly-materials-and-durability-\">3.\u00a0<strong>Umweltfreundliche Materialien und Langlebigkeit<\/strong><\/h2>\n<ul>\n<li><strong>Schachtelk\u00f6rper aus beschichtetem Papier<\/strong>: Es wird verdicktes, beschichtetes Papier verwendet, und die Oberfl\u00e4che ist mit einer umweltfreundlichen, matten Folie \u00fcberzogen, die wasser- und feuchtigkeitsbest\u00e4ndig ist, eine hohe Rei\u00dffestigkeit aufweist und f\u00fcr die Aufbewahrung von Kosmetika, Schreibwaren und anderen Dingen wiederverwendet werden kann.<\/li>\n<li><strong>Anpassbare Bewehrungsstruktur<\/strong>: F\u00fcr die Aufbewahrung von schweren Gegenst\u00e4nden kann er mit einem doppellagigen beschichteten Papierverbundverfahren aufger\u00fcstet werden, um die Tragf\u00e4higkeit auf 5 kg zu erh\u00f6hen.<\/li>\n<\/ul>\n<h2 id=\"4-appearance-customization-\">4.\u00a0<strong>Anpassung des Aussehens<\/strong><\/h2>\n<ul>\n<li><strong>Muster und Farbe<\/strong>: Unterst\u00fctzt die genaue Farbanpassung von Pantone-Farbkarten, und das Paisleymuster kann durch personalisierte Muster wie Geometrie und Pflanzen ersetzt werden.<\/li>\n<li><strong>Markenlogo<\/strong>: Bietet Hei\u00dfpr\u00e4gung, UV-Pr\u00e4gung, Siebdruck und andere Verfahren an und kann Firmenlogos oder individuelle Slogans drucken.<\/li>\n<\/ul>\n<h2 id=\"5-function-adjustment-\">5.\u00a0<strong>Einstellung der Funktion<\/strong><\/h2>\n<ul>\n<li><strong>Flexible Gr\u00f6\u00dfe<\/strong>: Erm\u00f6glicht die Anpassung der Gr\u00f6\u00dfe von tragbaren Mini-Modellen (11,5<em>8cm) bis hin zu mehrschichtigen Schubladenkombinationen (40<\/em>30cm).<\/li>\n<li><strong>Auswahl des Futters<\/strong>: Neben Raffiabast kann es durch EVA, Perlwatte und andere Materialien ersetzt werden, um unterschiedlichen Anforderungen an die Sto\u00dffestigkeit gerecht zu werden.<\/li>\n<\/ul>\n<h2 id=\"6-applicable-scenarios-and-advantages-\">6.\u00a0<strong>Anwendbare Szenarien und Vorteile<\/strong><\/h2>\n<ul>\n<li><strong>Private und kommerzielle Szenarien<\/strong>: Anwendbar f\u00fcr Seifenkisten f\u00fcr das Badezimmer, Verpackungen f\u00fcr Hotelprodukte, Geschenkboxen, etc.<\/li>\n<li><strong>Umweltschutz und Kosteneffizienz<\/strong>: Das Material entspricht der RoHS- und SGS-Zertifizierung, und eine einzige Schachtel kann mehr als 3 Jahre lang wiederverwendet werden, was den Verpackungsm\u00fcll reduziert.<\/li>\n<\/ul>","protected":false},"excerpt":{"rendered":"<p>Der hellgr\u00fcne und blaugr\u00fcne Schachtelk\u00f6rper mit wei\u00dfem Retro-Paisleymuster sorgt f\u00fcr eine frische und elegante Optik. Der dunkelblaue Zugring bildet einen Farbkontrast zum Schachtelk\u00f6rper und verst\u00e4rkt die Schichtung des Designs.<\/p>","protected":false},"featured_media":643,"template":"","meta":{"_kad_post_transparent":"default","_kad_post_title":"","_kad_post_layout":"default","_kad_post_sidebar_id":"","_kad_post_content_style":"default","_kad_post_vertical_padding":"default","_kad_post_feature":"","_kad_post_feature_position":"","_kad_post_header":false,"_kad_post_footer":false,"_kad_post_classname":""},"product_brand":[],"product_cat":[15,28,20,17],"product_tag":[222,221,223],"class_list":{"0":"post-640","1":"product","2":"type-product","3":"status-publish","4":"has-post-thumbnail","6":"product_cat-red-light-therapy","7":"product_cat-customize","8":"product_cat-led-face-light-therapy","9":"product_cat-services","10":"product_tag-bath-soap-slide-drawer-boxes","11":"product_tag-custom-soap-boxes","12":"product_tag-soap-boxes-wholesale","14":"first","15":"instock","16":"shipping-taxable","17":"product-type-simple","18":"entry","19":"content-bg","20":"loop-entry"},"_links":{"self":[{"href":"https:\/\/red-lighttherapy.com\/de_de\/wp-json\/wp\/v2\/product\/640","targetHints":{"allow":["GET"]}}],"collection":[{"href":"https:\/\/red-lighttherapy.com\/de_de\/wp-json\/wp\/v2\/product"}],"about":[{"href":"https:\/\/red-lighttherapy.com\/de_de\/wp-json\/wp\/v2\/types\/product"}],"wp:featuredmedia":[{"embeddable":true,"href":"https:\/\/red-lighttherapy.com\/de_de\/wp-json\/wp\/v2\/media\/643"}],"wp:attachment":[{"href":"https:\/\/red-lighttherapy.com\/de_de\/wp-json\/wp\/v2\/media?parent=640"}],"wp:term":[{"taxonomy":"product_brand","embeddable":true,"href":"https:\/\/red-lighttherapy.com\/de_de\/wp-json\/wp\/v2\/product_brand?post=640"},{"taxonomy":"product_cat","embeddable":true,"href":"https:\/\/red-lighttherapy.com\/de_de\/wp-json\/wp\/v2\/product_cat?post=640"},{"taxonomy":"product_tag","embeddable":true,"href":"https:\/\/red-lighttherapy.com\/de_de\/wp-json\/wp\/v2\/product_tag?post=640"}],"curies":[{"name":"wp","href":"https:\/\/api.w.org\/{rel}","templated":true}]}}