{"id":634,"date":"2025-04-13T08:18:35","date_gmt":"2025-04-13T08:18:35","guid":{"rendered":"https:\/\/red-lighttherapy.com\/?post_type=product&#038;p=634"},"modified":"2025-04-13T08:47:17","modified_gmt":"2025-04-13T08:47:17","slug":"luxury-foldable-shopping-paper-bags-for-apparel-cosmetic","status":"publish","type":"product","link":"https:\/\/red-lighttherapy.com\/de_de\/luxury-foldable-shopping-paper-bags-for-apparel-cosmetic\/","title":{"rendered":"Luxuri\u00f6se faltbare Einkaufstaschen aus Papier f\u00fcr Kleidung und Kosmetik"},"content":{"rendered":"<h2 id=\"1-shopping-paper-bags-\">1.\u00a0<strong>Papiert\u00fcten zum Einkaufen<\/strong><\/h2>\n<p>Die f\u00fcr den gehobenen Einzelhandel konzipierten Papiertragetaschen bestehen aus FSC-zertifiziertem, umweltfreundlichem, verdicktem Papier (Gewicht 200-450 g), das in rechteckige, sechseckige oder speziell geformte Strukturen gebracht werden kann, die sich f\u00fcr die Pr\u00e4sentation von Kleidung, Kosmetika und anderen Waren eignen. Die Oberfl\u00e4che der Papiert\u00fcte kann mit Markenlogo-Hei\u00dfpr\u00e4gung, Pr\u00e4gung und anderen Verfahren versehen werden und unterst\u00fctzt die integrierte Anti-F\u00e4lschungs-Codierungstechnologie.<\/p>\n<h2 id=\"2-foldable-and-flat-shipping-\">2.\u00a0<strong>Zusammenklappbar und flacher Versand<\/strong><\/h2>\n<p>Durch die Verwendung einer r\u00f6hrenf\u00f6rmigen Faltstruktur betr\u00e4gt die Dicke nach dem Falten nur 1-2 mm, wodurch Tausende von Verpackungseinheiten gestapelt werden k\u00f6nnen, was die Transportkosten um mehr als 70% reduziert. Wichtige Entw\u00fcrfe umfassen:<\/p>\n<h2 id=\"3-hot-stamping-process-\">3. Gold h<strong>ot Pr\u00e4gefolienverfahren<\/strong><\/h2>\n<p>Durch die Verwendung von Kurz-Gold-Hei\u00dfpr\u00e4gefolie in Kombination mit einer \u22640,1 mm gro\u00dfen Pr\u00e4zisionsform wird ein dreidimensionaler Reliefeffekt erzielt. Technologische Innovationen umfassen:<\/p>\n<ul>\n<li><strong>Zweifarbige Overlay-Technologie<\/strong>: Spiegelgold + mattes Gold, geschichtete Hei\u00dfpr\u00e4gung zur Verbesserung der optischen Schichtung;<\/li>\n<li><strong>Micro-Carving zur F\u00e4lschungssicherheit<\/strong>: eingebetteter Mikro-Markencode;<\/li>\n<li><strong>Umweltzertifizierung<\/strong>: Verwendung von Klebstoffen auf Wasserbasis und Bestehen des SGS-Schwermetallmigrationstests gem\u00e4\u00df den EU-ReACH-Normen.<\/li>\n<\/ul>\n<h2 id=\"4-ribbon-handle-\">4.\u00a0<strong>Griff mit B\u00e4ndern<\/strong><\/h2>\n<p>Der Griff besteht aus hochverdichtetem, gewebtem Polyester oder aus einem Baumwoll-Leinen-Gemisch, die Breite kann auf 8-15 mm angepasst werden, und die Tragf\u00e4higkeit betr\u00e4gt bis zu 8 kg. Innovative Prozesse umfassen:<\/p>\n<ul>\n<li><strong>Eingebettete Hei\u00dfpressfixierung<\/strong>Die pr\u00e4zise Struktur des Sanlipu-Klappscharniers vermeidet das Problem des leichten Einrei\u00dfens beim herk\u00f6mmlichen Stanzen;<\/li>\n<li><strong>Multifunktionale Gestaltung<\/strong>: Integrierte Markenanh\u00e4nger, Quasten oder Magnetverschl\u00fcsse am Ende, geeignet f\u00fcr luxuri\u00f6se Geschenkverpackungen. Bekleidungsmarken verwenden zum Beispiel h\u00e4ufig verbreiterte B\u00e4nder, um den Griffkomfort zu verbessern.<\/li>\n<\/ul>\n<h2 id=\"5-highly-customized-service-\">5.\u00a0<strong>Hochgradig ma\u00dfgeschneiderter Service<\/strong><\/h2>\n<p>Bieten Sie flexible Anpassungsl\u00f6sungen mit vollst\u00e4ndiger Verkn\u00fcpfung:<\/p>\n<ul>\n<li><strong>Funktionelle Anpassung<\/strong>: Die Kleiders\u00e4cke haben eingebaute Kleiderhaken, und die Kosmetikboxen sind mit unabh\u00e4ngigen Futterschlitzen versehen;<\/li>\n<li><strong>Prozess-Kombination<\/strong>: Unterst\u00fctzt 12 Verfahren wie Pantone-Spot-Farbdruck + lokaler UV-Druck + Laser-Hohlk\u00f6rperdruck, z. B. das AB-Oberfl\u00e4chendesign von Papiert\u00fcten mit Disney-Markenzeichen;<\/li>\n<li><strong>Schnelle Antwort<\/strong>72-Stunden-Proofing-Zyklus, Unterst\u00fctzung von Mindestbestellmengen von 500 St\u00fcck, Anpassung an die Bed\u00fcrfnisse von Pop-up-Stores mit begrenzter Auflage.<\/li>\n<\/ul>\n<h2 id=\"6-surface-lamination-\">6.\u00a0<strong>Oberfl\u00e4chenlaminierung<\/strong><\/h2>\n<p>Die matte oder gl\u00e4nzende Laminiertechnik auf Wasserbasis erm\u00f6glicht eine dreifache Leistungssteigerung:<\/p>\n<ul>\n<li><strong>Schutzma\u00dfnahmen<\/strong>: IPX4-Level spritzwassergesch\u00fctzte Oberfl\u00e4che, resistent gegen -20\u2103 bis 50\u2103 Temperaturunterschied;<\/li>\n<li><strong>Optimierung der Ber\u00fchrung<\/strong>: Haut\u00e4hnliche, matte Beschichtung, hat den 5000 Martindale-Verschlei\u00dftest bestanden;<\/li>\n<li><strong>Umweltvertr\u00e4glichkeit<\/strong>: Das Laminiermaterial ist recycelbar und abbaubar und erf\u00fcllt die Anforderungen der chinesischen \"Plastic Restriction Order\".<\/li>\n<\/ul>\n<h2 id=\"7-pink-main-color-design-\">7.\u00a0<strong>Rosa Hauptfarbe Design<\/strong><\/h2>\n<p>Ausgew\u00e4hlt wurde Pantone 13-2805 TCX Ballettrosa, das farbpsychologisch erwiesenerma\u00dfen die Kauflust von 73% weiblichen Verbrauchern erh\u00f6ht. Das Farbschema umfasst:<\/p>\n<ul>\n<li><strong>Gleiche Farbgebung<\/strong>: Champagnergold-Hei\u00dfpr\u00e4gung + perlwei\u00dfes Band, um eine leichte, luxuri\u00f6se Atmosph\u00e4re zu schaffen;<\/li>\n<li><strong>Kontrastreiches Farbschema<\/strong>: Hazeblaue\/mintgr\u00fcne Griffe, geeignet f\u00fcr Trendmarken der Generation Z. Zum Beispiel, Chanel 2025 Fr\u00fchjahr und Sommer Serie verwendet Eis rosa Satin und Silber trimmen Kontrast Design.<\/li>\n<\/ul>\n<h2 id=\"8-advantages-of-chinese-source-manufacturers-\">8.\u00a0<strong>Vorteile der Hersteller chinesischer Quellen<\/strong><\/h2>\n<p>F\u00fchrende Unternehmen wie Nanwang Technology und Mingdai Paper Products haben:<\/p>\n<ul>\n<li><strong>Kapazit\u00e4tsgarantie<\/strong>: 12 vollautomatische Produktionslinien, wenn die Produktionskapazit\u00e4t 20 Millionen St\u00fcck \u00fcbersteigt;<\/li>\n<li><strong>Zertifizierung der Konformit\u00e4t<\/strong>: Wir verf\u00fcgen \u00fcber die Zertifizierungen ISO 14001 und Sedex f\u00fcr soziale Verantwortung, die den europ\u00e4ischen und amerikanischen Standards f\u00fcr den Zugang zu Marken entsprechen;<\/li>\n<li><strong>Technische Hindernisse<\/strong>: Unabh\u00e4ngig entwickelte Technologie zur Herstellung ultragro\u00dfer Papiers\u00e4cke, die 30% des koreanischen Marktanteils an Papiers\u00e4cken f\u00fcr Bekleidung monopolisiert.<\/li>\n<\/ul>","protected":false},"excerpt":{"rendered":"<p>Unsere Papiert\u00fcten k\u00f6nnen f\u00fcr den Versand gefaltet und flach gelegt werden, um die Transportkosten zu senken. Sie wird durch Vorpr\u00e4gungslinien optimiert, um sicherzustellen, dass sie nach dem Entfalten unver\u00e4ndert bleibt, und das Hei\u00dfpr\u00e4geverfahren auf der Oberfl\u00e4che verbessert die optische Schichtung.<\/p>","protected":false},"featured_media":638,"template":"","meta":{"_kad_post_transparent":"default","_kad_post_title":"","_kad_post_layout":"default","_kad_post_sidebar_id":"","_kad_post_content_style":"default","_kad_post_vertical_padding":"default","_kad_post_feature":"","_kad_post_feature_position":"","_kad_post_header":false,"_kad_post_footer":false,"_kad_post_classname":""},"product_brand":[],"product_cat":[15,28,30,17],"product_tag":[220,218,219],"class_list":{"0":"post-634","1":"product","2":"type-product","3":"status-publish","4":"has-post-thumbnail","6":"product_cat-red-light-therapy","7":"product_cat-customize","8":"product_cat-dropshipping","9":"product_cat-services","10":"product_tag-luxury-apparel-cosmetic-paper-bags","11":"product_tag-shopping-paper-bags-for-apparel","12":"product_tag-shopping-paper-bags-for-cosmetic","14":"first","15":"instock","16":"shipping-taxable","17":"product-type-simple","18":"entry","19":"content-bg","20":"loop-entry"},"_links":{"self":[{"href":"https:\/\/red-lighttherapy.com\/de_de\/wp-json\/wp\/v2\/product\/634","targetHints":{"allow":["GET"]}}],"collection":[{"href":"https:\/\/red-lighttherapy.com\/de_de\/wp-json\/wp\/v2\/product"}],"about":[{"href":"https:\/\/red-lighttherapy.com\/de_de\/wp-json\/wp\/v2\/types\/product"}],"wp:featuredmedia":[{"embeddable":true,"href":"https:\/\/red-lighttherapy.com\/de_de\/wp-json\/wp\/v2\/media\/638"}],"wp:attachment":[{"href":"https:\/\/red-lighttherapy.com\/de_de\/wp-json\/wp\/v2\/media?parent=634"}],"wp:term":[{"taxonomy":"product_brand","embeddable":true,"href":"https:\/\/red-lighttherapy.com\/de_de\/wp-json\/wp\/v2\/product_brand?post=634"},{"taxonomy":"product_cat","embeddable":true,"href":"https:\/\/red-lighttherapy.com\/de_de\/wp-json\/wp\/v2\/product_cat?post=634"},{"taxonomy":"product_tag","embeddable":true,"href":"https:\/\/red-lighttherapy.com\/de_de\/wp-json\/wp\/v2\/product_tag?post=634"}],"curies":[{"name":"wp","href":"https:\/\/api.w.org\/{rel}","templated":true}]}}