{"id":628,"date":"2025-04-13T07:49:49","date_gmt":"2025-04-13T07:49:49","guid":{"rendered":"https:\/\/red-lighttherapy.com\/?post_type=product&#038;p=628"},"modified":"2025-04-13T08:18:26","modified_gmt":"2025-04-13T08:18:26","slug":"custom-printed-vape-pen-cartridge-packaging-box-manufacturer","status":"publish","type":"product","link":"https:\/\/red-lighttherapy.com\/de_de\/custom-printed-vape-pen-cartridge-packaging-box-manufacturer\/","title":{"rendered":"Benutzerdefinierte gedruckt Vape Pen Patrone Verpackung Box Hersteller"},"content":{"rendered":"<h2 id=\"16-years-of-craftsmanship-to-create-a-child-resistant-child-resistant-e-cigarette-pen-ink-cartridge-packaging-solution\">Individuell bedruckte Vape Pen Cartridge Verpackung Box Hersteller Verpackungsl\u00f6sung<\/h2>\n<h2><strong>1. Kindersicher <\/strong><strong>Gestaltung<\/strong><\/h2>\n<p>Das innovative Design der Schnallenstruktur erfordert eine bestimmte Kraft und einen bestimmten Winkel zum \u00d6ffnen, wodurch das Risiko, dass Kinder die Box versehentlich ber\u00fchren, wirksam verhindert wird. Das ovale Loch an der Seite der Verpackungsbox ist mit einer Ausziehbox kombiniert, die nicht nur den Bed\u00fcrfnissen von Erwachsenen nach einem bequemen Zugang entspricht, sondern auch die internationalen Standards f\u00fcr Kindersicherheitsverpackungen durch das Design der physischen Barriere erf\u00fcllt.<\/p>\n<h2 id=\"-2-drawer-paper-boxes-design-\"><strong>2. Schublade Papier Boxen Design<\/strong><\/h2>\n<p>Bei der Schubladen-Papierbox steht das reibungslose \u00d6ffnen und Schlie\u00dfen im Vordergrund. Der schwarze lange Streifen \u00d6ffnung ist mit dem Farbverlauf Hintergrundfarbe, die sowohl visuelle Sch\u00f6nheit und praktische Funktionen hat abgestimmt. Die Box K\u00f6rperstruktur ist stabil, kann ge\u00f6ffnet und geschlossen werden wiederholt ohne Lockerheit, und ist perfekt auf die Hochfrequenz Verwendung von E-Zigarette Stift Tintenpatronen angepasst.<\/p>\n<h2 id=\"-3-premium-art-paper-\"><strong>3. Hochwertiges Kunstdruckpapier<\/strong><\/h2>\n<p>Ausgew\u00e4hltes 300g oder mehr beschichtetes Papier, mit mattem\/gl\u00e4nzendem Film auf der Oberfl\u00e4che, verschlei\u00dffest und druckbest\u00e4ndig, und hohe Druckfarbwiedergabe. Das Material ist umweltfreundlich und ungiftig, und die ROHS-Zertifizierung ist bestanden, um sicherzustellen, dass es nicht verblassen oder verformt bei l\u00e4ngerer Lagerung, verbessert die High-End-Textur des Produkts...<\/p>\n<h2 id=\"-4-360-customizable-printing-\"><strong>4. 360\u00b0 anpassbarer Druck<\/strong><\/h2>\n<p>Unterst\u00fctzt den multidirektionalen Druck auf der Oberfl\u00e4che, der Seite und dem Boden der Schachtel und kann die W\u00f6rter \"TEXT\" und \"LOGO\" frei ersetzen, kompatibel mit monochromen bis vollfarbigen Farbverl\u00e4ufen. Ob es sich um Markenlogos, Warnhinweise oder Cartoon-Muster handelt, sie k\u00f6nnen pr\u00e4zise wiederhergestellt werden, um ein hohes Ma\u00df an visueller Einheit zwischen Verpackung und Marke zu erreichen.<\/p>\n<h2 id=\"-5-tailored-foam-insert-\"><strong>5. Ma\u00dfgeschneiderte Schaumstoffeinlage<\/strong><\/h2>\n<p>Je nach Gr\u00f6\u00dfe, Form und Anordnung der Patrone\/des Stifts bieten wir einen EVA\/PEP-Auskleidungsservice an. Die Stanzgenauigkeit der Auskleidung betr\u00e4gt \u00b10,5 mm, wodurch das Produkt effektiv fixiert wird, um St\u00f6\u00dfe und Kollisionen zu verhindern, w\u00e4hrend gleichzeitig die Raumnutzung optimiert und die Transportverlustrate reduziert wird.<\/p>\n<h2 id=\"-6-cartoon-ip-empowerment-marketing-cartoon-visual-impact-\"><strong>6. Cartoon IP Empowerment Marketing (Cartoon Visual Impact)<\/strong><\/h2>\n<p>Original- oder autorisiertes Cartoon-Musterdesign, wie z. B. niedliche Tiere, trendige Illustrationen usw., die rosa und lila Farbverl\u00e4ufe, braun und k\u00fchl und andere Farbschemata abdecken. Lebendige visuelle Darstellungen sprechen junge Verbrauchergruppen direkt an und helfen Marken, sich schnell unter konkurrierenden Produkten zu etablieren.<\/p>\n<p><em>##\u00a0<\/em>7. 16-Jahres-Quelle Fabrik Billigung (OEM \/ ODM-Experte)** Chinas f\u00fchrender Hersteller im Bereich der E-Zigaretten-Verpackung, serviert mehr als 300 Marken weltweit, und lieferte mehr als 50 Millionen kundenspezifische Verpackung Boxen in insgesamt. Von der Designpr\u00fcfung bis zur Qualit\u00e4tskontrolle der Massenproduktion wird die gesamte Kette der eigenen Fabriken kontrolliert, um eine 48-Stunden-Reaktion und eine ultraschnelle Lieferung von 7-15 Tagen zu gew\u00e4hrleisten.<\/p>","protected":false},"excerpt":{"rendered":"<p>Diese kindersichere Schubladenbox wird aus hochwertigem beschichtetem Papier hergestellt und laminiert, wobei eine hohe Farbwiedergabe und der Umweltschutz ber\u00fccksichtigt werden. Sie unterst\u00fctzt die kundenspezifische Gestaltung mit Vollfl\u00e4chendruck und ist mit einer pr\u00e4zisen Stanzung der Auskleidung ausgestattet, um St\u00f6\u00dfe und Druck zu verhindern. Durch strukturelle Innovation und Materialoptimierung erreicht sie ein dreifaches Gleichgewicht von Sicherheitsschutz, visueller Attraktivit\u00e4t und Transporteffizienz.<\/p>","protected":false},"featured_media":631,"template":"","meta":{"_kad_post_transparent":"default","_kad_post_title":"","_kad_post_layout":"default","_kad_post_sidebar_id":"","_kad_post_content_style":"default","_kad_post_vertical_padding":"default","_kad_post_feature":"","_kad_post_feature_position":"","_kad_post_header":false,"_kad_post_footer":false,"_kad_post_classname":""},"product_brand":[],"product_cat":[15,40,17],"product_tag":[216,217,215],"class_list":{"0":"post-628","1":"product","2":"type-product","3":"status-publish","4":"has-post-thumbnail","6":"product_cat-red-light-therapy","7":"product_cat-red-light-therapy-panel","8":"product_cat-services","9":"product_tag-cartridge-packaging-manufacturer","10":"product_tag-custom-vape-packaging","11":"product_tag-vape-pen-cartridge-packaging","13":"first","14":"instock","15":"shipping-taxable","16":"product-type-simple","17":"entry","18":"content-bg","19":"loop-entry"},"_links":{"self":[{"href":"https:\/\/red-lighttherapy.com\/de_de\/wp-json\/wp\/v2\/product\/628","targetHints":{"allow":["GET"]}}],"collection":[{"href":"https:\/\/red-lighttherapy.com\/de_de\/wp-json\/wp\/v2\/product"}],"about":[{"href":"https:\/\/red-lighttherapy.com\/de_de\/wp-json\/wp\/v2\/types\/product"}],"wp:featuredmedia":[{"embeddable":true,"href":"https:\/\/red-lighttherapy.com\/de_de\/wp-json\/wp\/v2\/media\/631"}],"wp:attachment":[{"href":"https:\/\/red-lighttherapy.com\/de_de\/wp-json\/wp\/v2\/media?parent=628"}],"wp:term":[{"taxonomy":"product_brand","embeddable":true,"href":"https:\/\/red-lighttherapy.com\/de_de\/wp-json\/wp\/v2\/product_brand?post=628"},{"taxonomy":"product_cat","embeddable":true,"href":"https:\/\/red-lighttherapy.com\/de_de\/wp-json\/wp\/v2\/product_cat?post=628"},{"taxonomy":"product_tag","embeddable":true,"href":"https:\/\/red-lighttherapy.com\/de_de\/wp-json\/wp\/v2\/product_tag?post=628"}],"curies":[{"name":"wp","href":"https:\/\/api.w.org\/{rel}","templated":true}]}}