{"id":622,"date":"2025-04-13T07:31:16","date_gmt":"2025-04-13T07:31:16","guid":{"rendered":"https:\/\/red-lighttherapy.com\/?post_type=product&#038;p=622"},"modified":"2025-04-13T07:49:37","modified_gmt":"2025-04-13T07:49:37","slug":"food-grade-kraft-tea-coffee-paper-tube-boxes-manufacturer","status":"publish","type":"product","link":"https:\/\/red-lighttherapy.com\/de_de\/food-grade-kraft-tea-coffee-paper-tube-boxes-manufacturer\/","title":{"rendered":"Lebensmittelqualit\u00e4t Kraft Tee Kaffee Papier Tube Boxen Hersteller"},"content":{"rendered":"<h2 id=\"fsc-iso-certified-food-grade-kraft-paper-tea-and-coffee-cylinder-packaging\">FSC-ISO-zertifizierte, lebensmittelechte Verpackung f\u00fcr Tee- und Kaffeeflaschen aus Kraftpapier<\/h2>\n<h2 id=\"1-paper-tube-packaging\">1. Papierrohr-Verpackung<\/h2>\n<ul>\n<li>Die dreidimensionale 360\u00b0-Anzeigefl\u00e4che st\u00e4rkt die Sichtbarkeit der Marke, und die geneigte Form erf\u00fcllt die Anforderungen an die Flie\u00dff\u00e4higkeit k\u00f6rniger Lebensmittel wie Mandeln\/Teebl\u00e4tter.<\/li>\n<li>Der dunkelgr\u00fcne, abnehmbare Deckel l\u00e4sst sich mit einer Hand \u00f6ffnen und schlie\u00dfen, und die staubdichte Versiegelung entspricht den Standards f\u00fcr die Lagerung von Lebensmitteln<\/li>\n<li>Der Zylinderdurchmesser ist f\u00fcr automatisierte Abf\u00fcllanlagen geeignet, und die Stapelstabilit\u00e4t reduziert die Transportsch\u00e4den um 30%<\/li>\n<\/ul>\n<h2 id=\"2-dual-value-of-food-grade-kraft-paper-material\">2. Doppelter Wert von lebensmittelechtem Kraftpapiermaterial<\/h2>\n<ul>\n<li>Die urspr\u00fcngliche Zellstofffaser hat die FDA-Zertifizierung f\u00fcr den Kontakt mit Lebensmitteln bestanden, und es besteht keine Gefahr der Migration von Fluoreszenzmitteln.<\/li>\n<li>Die 3,2 mm dicke Kernschicht sorgt f\u00fcr Druckfestigkeit (5,5 kg ohne Verformung), und die nat\u00fcrliche Textur der Au\u00dfenschicht unterstreicht den Ton der Bio-Produkte<\/li>\n<li>Die Abbaubarkeit betr\u00e4gt \u00fcber 98%, was 65% weniger ist als der Kohlenstoff-Fu\u00dfabdruck von Kunststoffverpackungen.<\/li>\n<\/ul>\n<h2 id=\"3-mirror-level-inner-wall-treatment-technology\">3. Technologie zur Behandlung der Innenwand auf Spiegelniveau<\/h2>\n<ul>\n<li>Das lebensmittelechte PE-Laminierverfahren bildet eine 0,03 mm dicke Sperrschicht, die das Eindringen von \u00d6l und das Entweichen von Aromen verhindert.<\/li>\n<li>Poliertechnologie mit 1200 Maschen erreicht Ra\u22640,8\u03bcm, um R\u00fcckst\u00e4nde von Nusskr\u00fcmeln\/Teer\u00fcckst\u00e4nden zu vermeiden<\/li>\n<li>Hat den SGS-Test auf mikrobielle Anhaftung bestanden und erf\u00fcllt die Hygienestandards des HACCP-Systems<\/li>\n<\/ul>\n<h2 id=\"4-advantages-of-6-color-high-definition-printing-system\">4. Vorteile des hochaufl\u00f6senden 6-Farben-Drucksystems<\/h2>\n<ul>\n<li>CMYK+Schmuckfarbe+Hei\u00dfpr\u00e4geverfahren stellt die Textur von Zweigen und Bl\u00e4ttern genau wieder her (Mindestlinienbreite 0,1 mm)<\/li>\n<li>UV-h\u00e4rtende Tinte besteht den EU EN71-3 Schwermetall-Sicherheitstest und verschmiert nicht, wenn sie mit Wasser in Ber\u00fchrung kommt<\/li>\n<li>Ein intelligentes Positionierungssystem sorgt daf\u00fcr, dass die R\u00e4nder von mehrsprachigem Text keine Grate aufweisen.<\/li>\n<\/ul>\n<h2 id=\"5-triple-protection-of-water-based-laminating-process\">5. Dreifacher Schutz des wasserbasierten Laminierverfahrens<\/h2>\n<ul>\n<li>12\u03bcm biaxial orientierte Polypropylenfolie verbessert die Verschlei\u00dffestigkeit der Oberfl\u00e4che auf 4H Bleistifth\u00e4rte<\/li>\n<li>Feuchtigkeitsbest\u00e4ndige Leistung durchbricht 85%RH Feuchtigkeitsumgebung, Wasserdampfdurchl\u00e4ssigkeitsrate &lt;5g\/m\u00b2-24h<\/li>\n<li>Der Temperaturbest\u00e4ndigkeitsbereich ist auf -18\u2103~120\u2103 erweitert und eignet sich f\u00fcr Tiefk\u00fchllagerung und Mikrowellenerw\u00e4rmung<\/li>\n<\/ul>\n<h2 id=\"6-manufacturing-advantages-of-shenzhen-source-factory\">6. Produktionsvorteile der Shenzhen Source Factory<\/h2>\n<ul>\n<li>Die vollstufige Produktion (Aufl\u00f6sen \u2192 Aufrollen \u2192 Bedrucken \u2192 Laminieren) verk\u00fcrzt die Lieferzeit auf 7 Arbeitstage<\/li>\n<li>50+ S\u00e4tze von Formbibliotheken unterst\u00fctzen die Anpassung von \u03a660-\u03a6300mm Zylinderdurchmesser, und die Mindestbestellmenge ist auf 500 St\u00fcck reduziert<\/li>\n<li>Angrenzend an den Hafen von Yantian, um eine 7-t\u00e4gige Lieferung von europ\u00e4ischen und amerikanischen Bestellungen zu erm\u00f6glichen und die internationalen Handelsdienstleistungen von DDP zu unterst\u00fctzen<\/li>\n<\/ul>\n<h2 id=\"7-fsc-iso-dual-certification-strategic-value\">7. Strategischer Wert der FSC+ISO-Doppelzertifizierung<\/h2>\n<ul>\n<li>Die FSC-COC-Zertifizierung gew\u00e4hrleistet, dass 100% des Zellstoffs aus nachhaltig bewirtschafteten W\u00e4ldern stammen.<\/li>\n<li>Qualit\u00e4tsmanagementsystem nach ISO15378 f\u00fcr pharmazeutische Verpackungen, minutengenaue R\u00fcckverfolgbarkeit der Chargen<\/li>\n<li>Das Zertifizierungslogo kann auf die Verpackung gedruckt werden, was den Kunden den Zugang zu gehobenen Superm\u00e4rkten wie Whole Foods<\/li>\n<\/ul>","protected":false},"excerpt":{"rendered":"<p>Mit FSC-zertifiziertem Kraftpapier als Basis und einer lebensmittelechten Laminiertechnologie schaffen wir eine biologisch abbaubare und umweltfreundliche Papiertubenverpackung, die sich f\u00fcr k\u00f6rnige Produkte wie Tee und Kaffeebohnen eignet. Der abnehmbare Deckel erm\u00f6glicht ein einh\u00e4ndiges \u00d6ffnen und Schlie\u00dfen und st\u00e4rkt das Markenimage.<\/p>","protected":false},"featured_media":623,"template":"","meta":{"_kad_post_transparent":"default","_kad_post_title":"","_kad_post_layout":"default","_kad_post_sidebar_id":"","_kad_post_content_style":"default","_kad_post_vertical_padding":"default","_kad_post_feature":"","_kad_post_feature_position":"","_kad_post_header":false,"_kad_post_footer":false,"_kad_post_classname":""},"product_brand":[],"product_cat":[15,17],"product_tag":[213,214,205],"class_list":{"0":"post-622","1":"product","2":"type-product","3":"status-publish","4":"has-post-thumbnail","6":"product_cat-red-light-therapy","7":"product_cat-services","8":"product_tag-coffee-boxes-manufacturer","9":"product_tag-custom-tea-coffee-paper-tube","10":"product_tag-tea-paper-tube","12":"first","13":"instock","14":"shipping-taxable","15":"product-type-simple","16":"entry","17":"content-bg","18":"loop-entry"},"_links":{"self":[{"href":"https:\/\/red-lighttherapy.com\/de_de\/wp-json\/wp\/v2\/product\/622","targetHints":{"allow":["GET"]}}],"collection":[{"href":"https:\/\/red-lighttherapy.com\/de_de\/wp-json\/wp\/v2\/product"}],"about":[{"href":"https:\/\/red-lighttherapy.com\/de_de\/wp-json\/wp\/v2\/types\/product"}],"wp:featuredmedia":[{"embeddable":true,"href":"https:\/\/red-lighttherapy.com\/de_de\/wp-json\/wp\/v2\/media\/623"}],"wp:attachment":[{"href":"https:\/\/red-lighttherapy.com\/de_de\/wp-json\/wp\/v2\/media?parent=622"}],"wp:term":[{"taxonomy":"product_brand","embeddable":true,"href":"https:\/\/red-lighttherapy.com\/de_de\/wp-json\/wp\/v2\/product_brand?post=622"},{"taxonomy":"product_cat","embeddable":true,"href":"https:\/\/red-lighttherapy.com\/de_de\/wp-json\/wp\/v2\/product_cat?post=622"},{"taxonomy":"product_tag","embeddable":true,"href":"https:\/\/red-lighttherapy.com\/de_de\/wp-json\/wp\/v2\/product_tag?post=622"}],"curies":[{"name":"wp","href":"https:\/\/api.w.org\/{rel}","templated":true}]}}