{"id":610,"date":"2025-04-13T07:04:49","date_gmt":"2025-04-13T07:04:49","guid":{"rendered":"https:\/\/red-lighttherapy.com\/?post_type=product&#038;p=610"},"modified":"2025-04-13T07:17:38","modified_gmt":"2025-04-13T07:17:38","slug":"custom-scarves-apparel-t-shirt-paper-tube-packaging-wholesale","status":"publish","type":"product","link":"https:\/\/red-lighttherapy.com\/de_de\/custom-scarves-apparel-t-shirt-paper-tube-packaging-wholesale\/","title":{"rendered":"Benutzerdefinierte Schals Kleidung T-Shirt Papierrohr Verpackung Gro\u00dfhandel"},"content":{"rendered":"<h2 id=\"customized-scarf-clothing-t-shirt-paper-tube-packaging-product-description\">Ma\u00dfgeschneiderte Schal Kleidung T-Shirt Papierrohr Verpackung Produktbeschreibung<\/h2>\n<h2 id=\"1-fresh-visual-experience-\">1.\u00a0<strong>Frisches visuelles Erlebnis<\/strong><\/h2>\n<ul>\n<li>Das hellblaue Design der Schachtel vermittelt einen ruhigen und transparenten visuellen Effekt, der perfekt zur reinen und sanften Positionierung der Produkte f\u00fcr M\u00fctter und Kleinkinder passt. Die Oberfl\u00e4che ist mit dichten Cartoon-Mustern (K\u00e4tzchen, B\u00e4ren, Wolken, Sterne usw.) bedeckt, und die zarte Textur wird durch hochpr\u00e4zise Drucktechnik erreicht, die kindlichen Spa\u00df und eine warme Atmosph\u00e4re vermittelt.<\/li>\n<li><strong>Fensterdesign<\/strong>: Die Schachtel hat teilweise ein transparentes Fenster, so dass die Verbraucher das Material und die Details der innenliegenden Schals, T-Shirts und anderen Produkte direkt sehen k\u00f6nnen, was das Kaufvertrauen und die interaktive Erfahrung erh\u00f6ht.<\/li>\n<\/ul>\n<h2 id=\"2-environmentally-friendly-materials-and-high-quality-printing-\">2.\u00a0<strong>Umweltvertr\u00e4gliche Materialien und hochwertiger Druck<\/strong><\/h2>\n<ul>\n<li>Verwendung von\u00a0<strong>FSC-zertifiziertes umweltfreundliches gestrichenes Papier<\/strong>Die Oberfl\u00e4che ist glatt und eben, die Tintenabsorption ist gleichm\u00e4\u00dfig, und der Grad der Farbwiedergabe ist h\u00f6her als 95%, wodurch sichergestellt wird, dass das Muster hell und dauerhaft ist.<\/li>\n<li>Das Material hat die\u00a0<strong>Zertifizierung des Qualit\u00e4tsmanagementsystems nach ISO<\/strong>Die Marke erf\u00fcllt die Sicherheitsstandards f\u00fcr Produkte f\u00fcr M\u00fctter und S\u00e4uglinge, ist ungiftig und unbedenklich und kann recycelt und abgebaut werden, was der Marke hilft, ein duales Label \"Gr\u00fcn + Qualit\u00e4t\" zu schaffen.<\/li>\n<\/ul>\n<h2 id=\"3-flexible-customization-solution-\">3.\u00a0<strong>Flexible Anpassungsl\u00f6sung<\/strong><\/h2>\n<ul>\n<li><strong>Art und Gr\u00f6\u00dfe der Box<\/strong>: Unterst\u00fctzt die Anpassung verschiedener Schachteltypen wie zylindrische und quadratische Schachteln mit Gr\u00f6\u00dfen von S bis XXL, geeignet f\u00fcr verschiedene Produktformen wie Schals, T-Shirts und Babykleidung.<\/li>\n<li><strong>Druck und Kunsthandwerk<\/strong>: Individuell anpassbare Hei\u00dfpr\u00e4gung, UV-Pr\u00e4gung, lokale Lackierung und andere Verfahren zur Erf\u00fcllung unterschiedlicher Anforderungen wie Markenlogo, IP-Co-Branding und Urlaubsmotive.<\/li>\n<\/ul>\n<h2 id=\"4-direct-supply-from-chinese-source-factory-\">4.\u00a0<strong>Direktlieferung aus chinesischer Quelle Fabrik<\/strong><\/h2>\n<ul>\n<li>Die Produktion erfolgt in unserer eigenen Fabrik mit vollautomatischen Anlagen und intelligenten Lagersystemen, so dass der Lieferzyklus bei Gro\u00dfauftr\u00e4gen um 30% verk\u00fcrzt und die Kosten um 20% gesenkt werden k\u00f6nnen.<\/li>\n<li>Bieten Sie einen Service aus einer Hand, von der Entwurfspr\u00fcfung bis zur logistischen Verteilung, reduzieren Sie die Zwischenh\u00e4ndler und verbessern Sie die Kommunikationseffizienz und Kostenkontrolle.<\/li>\n<\/ul>\n<h2 id=\"-certification-and-brand-empowerment-\"><strong>5. Zertifizierung und St\u00e4rkung der Marke<\/strong><\/h2>\n<ol>\n<li><strong>Doppelzertifizierung Vermerk<\/strong><\/li>\n<li><strong>FSC-Waldzertifizierung<\/strong>: Stellen Sie sicher, dass die Verpackungsmaterialien aus nachhaltig bewirtschafteten W\u00e4ldern stammen und vermitteln Sie das Konzept der Umweltverantwortung.<\/li>\n<li><strong>ISO 9001 Qualit\u00e4tszertifizierung<\/strong>: Die Standardisierung des gesamten Prozesses von der Rohstoffbeschaffung bis zur Produktion gew\u00e4hrleistet die Langlebigkeit und Konsistenz der Produkte.<\/li>\n<\/ol>\n<h2 id=\"-application-scenarios-and-customer-value-\"><strong>Anwendungsszenarien und Kundennutzen<\/strong><\/h2>\n<ul>\n<li><strong>Marke f\u00fcr Mutter- und Babybekleidung<\/strong>: Cartoon-Elemente und hellblaue Farbt\u00f6ne passen zum Ton von S\u00e4uglingsprodukten, und das Fensterdesign erleichtert die Darstellung der weichen und hautfreundlichen Eigenschaften des Produkts.<\/li>\n<li><strong>Marke f\u00fcr Modebekleidung<\/strong>: Individuelle Schachtelarten und Druckverfahren k\u00f6nnen den Wiedererkennungswert der Marke erh\u00f6hen, z. B. limitierte Urlaubsausgaben und IP-Verpackungen mit Co-Branding.<\/li>\n<li><strong>Geschenke und grenz\u00fcberschreitender elektronischer Handel<\/strong>: Die umweltfreundlichen Materialien und die doppelte Zertifizierung erf\u00fcllen die Anforderungen f\u00fcr den Marktzugang in Europa und den Vereinigten Staaten und helfen den Marken bei ihrer Expansion in \u00dcbersee.<\/li>\n<\/ul>","protected":false},"excerpt":{"rendered":"<p>Bei dieser Papiertubenverpackung wird Hellblau als Hauptfarbe verwendet, was einen frischen und ruhigen visuellen Effekt hat und schnell eine leichte und transparente Atmosph\u00e4re schaffen kann. Die Oberfl\u00e4che der Schachtel ist mit dichten Cartoon-Mustern (wie K\u00e4tzchen, B\u00e4ren, Wolken, Sterne, Blumen, etc.) bedeckt. Der Stil ist frisch und niedlich und steht im Einklang mit der Positionierung von Produkten f\u00fcr M\u00fctter und Kinder.<\/p>","protected":false},"featured_media":612,"template":"","meta":{"_kad_post_transparent":"default","_kad_post_title":"","_kad_post_layout":"default","_kad_post_sidebar_id":"","_kad_post_content_style":"default","_kad_post_vertical_padding":"default","_kad_post_feature":"","_kad_post_feature_position":"","_kad_post_header":false,"_kad_post_footer":false,"_kad_post_classname":""},"product_brand":[],"product_cat":[15,30,17],"product_tag":[210,209,208],"class_list":{"0":"post-610","1":"product","2":"type-product","3":"status-publish","4":"has-post-thumbnail","6":"product_cat-red-light-therapy","7":"product_cat-dropshipping","8":"product_cat-services","9":"product_tag-apparel-paper-tube-wholesale","10":"product_tag-apparel-t-shirt-paper-tube","11":"product_tag-custom-scarves-packaging","13":"first","14":"instock","15":"shipping-taxable","16":"product-type-simple","17":"entry","18":"content-bg","19":"loop-entry"},"_links":{"self":[{"href":"https:\/\/red-lighttherapy.com\/de_de\/wp-json\/wp\/v2\/product\/610","targetHints":{"allow":["GET"]}}],"collection":[{"href":"https:\/\/red-lighttherapy.com\/de_de\/wp-json\/wp\/v2\/product"}],"about":[{"href":"https:\/\/red-lighttherapy.com\/de_de\/wp-json\/wp\/v2\/types\/product"}],"wp:featuredmedia":[{"embeddable":true,"href":"https:\/\/red-lighttherapy.com\/de_de\/wp-json\/wp\/v2\/media\/612"}],"wp:attachment":[{"href":"https:\/\/red-lighttherapy.com\/de_de\/wp-json\/wp\/v2\/media?parent=610"}],"wp:term":[{"taxonomy":"product_brand","embeddable":true,"href":"https:\/\/red-lighttherapy.com\/de_de\/wp-json\/wp\/v2\/product_brand?post=610"},{"taxonomy":"product_cat","embeddable":true,"href":"https:\/\/red-lighttherapy.com\/de_de\/wp-json\/wp\/v2\/product_cat?post=610"},{"taxonomy":"product_tag","embeddable":true,"href":"https:\/\/red-lighttherapy.com\/de_de\/wp-json\/wp\/v2\/product_tag?post=610"}],"curies":[{"name":"wp","href":"https:\/\/api.w.org\/{rel}","templated":true}]}}