{"id":602,"date":"2025-04-12T14:02:24","date_gmt":"2025-04-12T14:02:24","guid":{"rendered":"https:\/\/red-lighttherapy.com\/?post_type=product&#038;p=602"},"modified":"2025-04-12T18:07:09","modified_gmt":"2025-04-12T18:07:09","slug":"food-grade-tea-candle-kraft-paper-tube-packaging-supplier","status":"publish","type":"product","link":"https:\/\/red-lighttherapy.com\/de_de\/food-grade-tea-candle-kraft-paper-tube-packaging-supplier\/","title":{"rendered":"Lebensmittelqualit\u00e4t Tee Kerze Kraft Papier Rohr Verpackung Lieferant"},"content":{"rendered":"<h2 id=\"food-grade-tea-candle-kraft-paper-tube-packaging-product-description\">Lebensmittelqualit\u00e4t Tee Kerze Kraft Papier Rohr Verpackung Lieferant Produktbeschreibung<\/h2>\n<h2 id=\"1-structural-design-split-buckle-structure-\">1.\u00a0<strong>Struktureller Aufbau: Split-Buckle-Struktur<\/strong><\/h2>\n<ul>\n<li><strong>Getrennte Gestaltung der oberen und unteren Abdeckung<\/strong>: Der Deckel und der Schachtelk\u00f6rper haben eine unabh\u00e4ngige Struktur, und der Durchmesser des Deckels ist etwas gr\u00f6\u00dfer als der des Schachtelk\u00f6rpers (die Toleranz wird innerhalb von 0,5 mm kontrolliert). Das Pr\u00e4zisionsstanzverfahren wird verwendet, um eine nahtlose Knickung zu erreichen, um sicherzustellen, dass es keine Lockerheit oder versehentliches \u00d6ffnen w\u00e4hrend des Transports gibt.<\/li>\n<li><strong>Verschlusssystem f\u00fcr flache Kartenschlitze<\/strong>: Ein kreisf\u00f6rmiger, flacher Kartenschlitz (Tiefe 1-2 mm) ist im Deckel eingelassen, der mit dem oberen Flansch des Kastenk\u00f6rpers einen Verschluss bildet. Der Benutzer kann ihn mit einem leichten Druck \u00f6ffnen, und er prallt automatisch zur\u00fcck und verriegelt, wenn er geschlossen ist, und kombiniert so Bequemlichkeit und Dekorativit\u00e4t.<\/li>\n<\/ul>\n<h2 id=\"2-environmentally-friendly-material-degradable-food-grade-kraft-paper-\">2.\u00a0<strong>Umweltfreundliches Material: abbaubares Kraftpapier in Lebensmittelqualit\u00e4t<\/strong><\/h2>\n<ul>\n<li><strong>Rohstoffe und Handwerkskunst<\/strong>: Es besteht ausschlie\u00dflich aus Zellstoff oder FSC-zertifizierten Recyclingfasern, wurde auf Lebensmittelechtheit gepr\u00fcft (gem\u00e4\u00df GB 4806.8), enth\u00e4lt keine fluoreszierenden Stoffe, Weichmacher oder andere sch\u00e4dliche Substanzen und kann direkt mit dem Kerzenk\u00f6rper in Ber\u00fchrung kommen.<\/li>\n<li><strong>Degradationsleistung<\/strong>: In der nat\u00fcrlichen Umgebung wird es innerhalb von 6-12 Monaten vollst\u00e4ndig abgebaut, das Abbauprodukt ist eine Naturfaser, und es besteht keine Gefahr der Bodenverschmutzung.<\/li>\n<\/ul>\n<h2 id=\"3-function-optimization-inner-wall-reinforcement-and-protection-\">3.\u00a0<strong>Funktionsoptimierung: Innenwandverst\u00e4rkung und Schutz<\/strong><\/h2>\n<ul>\n<li><strong>Glatte Innenwandbehandlung<\/strong>: Eine 0,05 mm dicke lebensmittelechte PE-Beschichtung wird durch ein Laminierverfahren gebildet, um sicherzustellen, dass die Innenwand glatt und gratfrei ist, Kratzer auf der Kerzenoberfl\u00e4che vermieden werden und die Druckfestigkeit verbessert wird (Tragf\u00e4higkeit bis zu 5 kg).<\/li>\n<li><strong>Feuchtigkeitsgesch\u00fctzt<\/strong>: Kraftpapier mit einem Gewicht von \u2265 250g\/m\u00b2, mit Innenwandbeschichtung, kann die Auswirkungen von Feuchtigkeits\u00e4nderungen auf die Textur der Kerze blockieren.<\/li>\n<\/ul>\n<h2 id=\"4-visual-design-minimalist-natural-aesthetics-\">4.\u00a0<strong>Visuelle Gestaltung: minimalistische, nat\u00fcrliche \u00c4sthetik<\/strong><\/h2>\n<ul>\n<li><strong>Farbe und Druck<\/strong>: F\u00fcr den Kartonk\u00f6rper wird eine hellbraune Original-Zellstoff-Grundfarbe (Pantone 16-1125 TPX) verwendet, und die Oberfl\u00e4che wird mit Tinte auf Wasserbasis einfarbig bedruckt. Das Muster besteht haupts\u00e4chlich aus pflanzlichen Linien wie Farnen und Olivenbl\u00e4ttern, und der Wei\u00dfraum betr\u00e4gt \u226540%, wodurch ein visuelles Gleichgewicht nach dem Motto \"weniger ist mehr\" entsteht.<\/li>\n<li><strong>Pr\u00e4sentation der Textur<\/strong>: Die nat\u00fcrliche Struktur des Kraftpapiers wird beibehalten, und das matte Laminierungsverfahren wird verwendet, um die taktile Feinheit und die hochwertige Haptik zu verbessern.<\/li>\n<\/ul>\n<h2 id=\"-technical-parameters-\"><strong>5. Technische Parameter<\/strong><\/h2>\n<table>\n<thead>\n<tr>\n<th>Projekt<\/th>\n<th>Spezifikationen<\/th>\n<\/tr>\n<\/thead>\n<tbody>\n<tr>\n<td>Material<\/td>\n<td>Lebensmitteltaugliches Kraftpapier (ausschlie\u00dflich Zellstoff\/Recyclingfasern)<\/td>\n<\/tr>\n<tr>\n<td>Durchmesserbereich<\/td>\n<td>50-150mm (kundenspezifische Anpassung m\u00f6glich)<\/td>\n<\/tr>\n<tr>\n<td>H\u00f6henbereich<\/td>\n<td>80-300mm (individuelle Anpassung m\u00f6glich)<\/td>\n<\/tr>\n<tr>\n<td>Wandst\u00e4rke<\/td>\n<td>1,2-2,5 mm (einstellbar)<\/td>\n<\/tr>\n<tr>\n<td>Tragf\u00e4higkeit<\/td>\n<td>\u22645kg<\/td>\n<\/tr>\n<tr>\n<td>Mindestbestellmenge<\/td>\n<td>500 St\u00fcck (G\u00e4rung von Kleinserien unterst\u00fctzt)<\/td>\n<\/tr>\n<\/tbody>\n<\/table>\n<h2 id=\"-supplier-service-advantages-\"><strong>6. Servicevorteile des Lieferanten<\/strong><\/h2>\n<ul>\n<li><strong>Unterst\u00fctzung bei der Anpassung<\/strong>: Wir bieten einen One-Stop-Anpassungsservice f\u00fcr Gr\u00f6\u00dfe, Muster und Verfahren und liefern den Korrekturabzug innerhalb von 3-5 Arbeitstagen.<\/li>\n<li><strong>Umweltzertifizierung<\/strong>: Zertifizierung nach ISO 14001 (Umweltmanagement) und FDA (Food Contact Material).<\/li>\n<li><strong>Kapazit\u00e4tsgarantie<\/strong>: T\u00e4gliche Produktion \u2265 100.000 St\u00fcck, Unterst\u00fctzung von grenz\u00fcberschreitenden Sonderlieferungen und Eilauftr\u00e4gen mit beschleunigter Produktion.<\/li>\n<\/ul>\n<h2 id=\"-application-scenarios-\"><strong>Anwendungsszenarien<\/strong><\/h2>\n<ul>\n<li><strong>Hochwertige Teelichtmarken<\/strong>: Geeignet f\u00fcr die Verpackung von umweltfreundlichen Kerzen wie nat\u00fcrlichem Sojawachs und Bienenwachs.<\/li>\n<li><strong>Geschenk- und Festmarkt<\/strong>: Kann mit dekorativen Elementen wie Hanfseilen und Trockenblumen kombiniert werden, um den Mehrwert von Geschenken zu erh\u00f6hen.<\/li>\n<li><strong>Nachhaltiger Einzelhandel<\/strong>: Im Einklang mit dem \"Zero Waste\"-Konzept ist es f\u00fcr Kan\u00e4le wie Biol\u00e4den und Umweltm\u00e4rkte geeignet.<\/li>\n<\/ul>","protected":false},"excerpt":{"rendered":"<p>Bei diesem Produkt handelt es sich um eine umweltfreundliche zylindrische Verpackungsschachtel f\u00fcr Teelichter. Sie besteht aus lebensmittelechtem Kraftpapier, kombiniert mit innovativer Struktur und minimalistischer \u00c4sthetik, um die Einheit von Funktionalit\u00e4t und Nachhaltigkeit zu erreichen. Geeignet f\u00fcr Szenen wie Duftkerzen, handgefertigte Kerzen, Geschenkkerzen usw., unter Ber\u00fccksichtigung von Schutz, Bequemlichkeit und visueller Sch\u00f6nheit.<\/p>","protected":false},"featured_media":604,"template":"","meta":{"_kad_post_transparent":"default","_kad_post_title":"","_kad_post_layout":"default","_kad_post_sidebar_id":"","_kad_post_content_style":"default","_kad_post_vertical_padding":"default","_kad_post_feature":"","_kad_post_feature_position":"","_kad_post_header":false,"_kad_post_footer":false,"_kad_post_classname":""},"product_brand":[],"product_cat":[15,17],"product_tag":[206,207,205],"class_list":{"0":"post-602","1":"product","2":"type-product","3":"status-publish","4":"has-post-thumbnail","6":"product_cat-red-light-therapy","7":"product_cat-services","8":"product_tag-candle-paper-tube-packaging","9":"product_tag-food-grade-tea-supplier","10":"product_tag-tea-paper-tube","12":"first","13":"instock","14":"shipping-taxable","15":"product-type-simple","16":"entry","17":"content-bg","18":"loop-entry"},"_links":{"self":[{"href":"https:\/\/red-lighttherapy.com\/de_de\/wp-json\/wp\/v2\/product\/602","targetHints":{"allow":["GET"]}}],"collection":[{"href":"https:\/\/red-lighttherapy.com\/de_de\/wp-json\/wp\/v2\/product"}],"about":[{"href":"https:\/\/red-lighttherapy.com\/de_de\/wp-json\/wp\/v2\/types\/product"}],"wp:featuredmedia":[{"embeddable":true,"href":"https:\/\/red-lighttherapy.com\/de_de\/wp-json\/wp\/v2\/media\/604"}],"wp:attachment":[{"href":"https:\/\/red-lighttherapy.com\/de_de\/wp-json\/wp\/v2\/media?parent=602"}],"wp:term":[{"taxonomy":"product_brand","embeddable":true,"href":"https:\/\/red-lighttherapy.com\/de_de\/wp-json\/wp\/v2\/product_brand?post=602"},{"taxonomy":"product_cat","embeddable":true,"href":"https:\/\/red-lighttherapy.com\/de_de\/wp-json\/wp\/v2\/product_cat?post=602"},{"taxonomy":"product_tag","embeddable":true,"href":"https:\/\/red-lighttherapy.com\/de_de\/wp-json\/wp\/v2\/product_tag?post=602"}],"curies":[{"name":"wp","href":"https:\/\/api.w.org\/{rel}","templated":true}]}}