{"id":596,"date":"2025-04-12T12:06:18","date_gmt":"2025-04-12T12:06:18","guid":{"rendered":"https:\/\/red-lighttherapy.com\/?post_type=product&#038;p=596"},"modified":"2025-04-12T14:02:15","modified_gmt":"2025-04-12T14:02:15","slug":"paper-tube-packaging-cosmetic-perfume-packaging-wholesale","status":"publish","type":"product","link":"https:\/\/red-lighttherapy.com\/de_de\/paper-tube-packaging-cosmetic-perfume-packaging-wholesale\/","title":{"rendered":"Papierr\u00f6hre Verpackung Kosmetik Parf\u00fcm Verpackung Gro\u00dfhandel"},"content":{"rendered":"<h2 id=\"paper-tube-packaging-cosmetics-and-perfume-packaging-wholesale-product-description\">Papierr\u00f6hrenverpackung Kosmetik- und Parf\u00fcmverpackung Gro\u00dfhandel Produktbeschreibung<\/h2>\n<h2 id=\"1-design-concept-the-perfect-fusion-of-simplicity-and-luxury-\">1.\u00a0<strong>Designkonzept: die perfekte Verschmelzung von Schlichtheit und Luxus<\/strong><\/h2>\n<p>Unsere zylindrischen Papierdosenverpackungen basieren auf glatten Linien und haben ein ergonomisches Design mit goldenem Schnitt. Sie ist leicht zu \u00f6ffnen und zu schlie\u00dfen und bequem zu greifen. Sie eignet sich f\u00fcr hervorragende Produkte wie Parf\u00fcm und hochwertige Kosmetika. Die Gesamtgr\u00f6\u00dfe l\u00f6st die fruchtlose Dekoration und nimmt minimale \u00c4sthetik in die Form. Die schwarze Hauptfarbe ist mit der Hei\u00dfpr\u00e4getechnik dekoriert, die nicht nur die zur\u00fcckhaltende und zur\u00fcckhaltende Natur der Marke zeigt, sondern auch eine gro\u00dfartige Textur durch Metallglanz beschreibt, die perfekt in die Position des Marktes passt.<\/p>\n<h2 id=\"2-core-technology-environmentally-friendly-materials-and-high-end-hot-stamping-technology-\">2.\u00a0<strong>Kerntechnologie: umweltfreundliche Materialien und High-End-Hei\u00dfpr\u00e4getechnik<\/strong><\/h2>\n<ol>\n<li><strong>Umweltfreundliches gestrichenes Papier<\/strong>: Der Kartonk\u00f6rper besteht aus dickem, umweltgerechtem Papier (250-400 g), das sowohl eine hohe H\u00e4rte als auch eine hohe Gleitf\u00e4higkeit aufweist, so dass die Verpackung druckfest und feuchtigkeitsbest\u00e4ndig ist und die Materialien wirksam vor Transportextrusion oder Umweltfeuchtigkeit sch\u00fctzt. Das Papier hat die Sicherheitszertifizierung f\u00fcr Lebensmittel bestanden, ist ungiftig und geruchsneutral und erf\u00fcllt die internationalen Standards f\u00fcr umweltfreundliche Verpackungen.<\/li>\n<li><strong>Farbfreies Hei\u00dfpr\u00e4geverfahren<\/strong>: Durch Hochtemperatur-Silikonformen wird die Metallfolie pr\u00e4zise gepr\u00e4gt, um dreidimensionale Hei\u00dfpr\u00e4gebilder und -texte ohne Tinte zu pr\u00e4sentieren. Dieses Verfahren ist sehr umweltfreundlich, und die Farbe des Metalls ist langlebig und verblasst nicht. Es eignet sich besonders f\u00fcr hochwertige Produkte wie Kosmetika und Parfums, bei denen das Markenlogo hervorgehoben werden muss. Das Hei\u00dfpr\u00e4gemuster kann als LOGO, Muster oder abstrakte Linie individuell gestaltet werden, um den Wiedererkennungswert der Verpackung und den Display-Effekt zu erh\u00f6hen.<\/li>\n<\/ol>\n<h2 id=\"iii-customized-service-accurately-match-market-demand-\">3. <strong>Ma\u00dfgeschneiderter Service: Genaue Anpassung an die Marktnachfrage<\/strong><\/h2>\n<ol>\n<li><strong>Innenfutter mit Null-Bewegungs-Design<\/strong>: EVA, Perlenbaumwolle, Beflockungsstoff und andere Auskleidungsmaterialien stehen zur Auswahl, die auf die Form des Produkts zugeschnitten sind, um einen \"Nullverschiebungs\"-Fixierungseffekt zu erzielen. Zum Beispiel k\u00f6nnen Parf\u00fcmflaschen eine konturierte Schwamm-Innenunterst\u00fctzung verwenden, um ein Sch\u00fctteln zu vermeiden; zerbrechliche Kosmetika k\u00f6nnen mit einer Beflockungs-Pufferschicht versehen werden, um den Schutz und das Unboxing-Ritual zu ber\u00fccksichtigen.<\/li>\n<li><strong>Regionale Marktanpassung<\/strong>: Flexible Anpassung der Verpackungsdetails an die kulturellen Pr\u00e4ferenzen und Konsumgewohnheiten des Kundenmarktes. Zum Beispiel:<\/li>\n<li><strong>Europ\u00e4ische und amerikanische M\u00e4rkte<\/strong>: bevorzugt minimalistische Hei\u00dfpr\u00e4gelinien und mattes Schwarz;<\/li>\n<li><strong>Asiatische M\u00e4rkte<\/strong>Komplexe Hei\u00dfpr\u00e4gemuster und gl\u00e4nzende Materialien werden bevorzugt. Unterst\u00fctzung der vollst\u00e4ndigen Prozessanpassung von der Gr\u00f6\u00dfe, dem Muster bis zur Verarbeitung, um die Lokalisierungsstrategie der Marke zu unterst\u00fctzen.<\/li>\n<\/ol>\n<h2 id=\"iv-source-factory-advantages-quality-and-cost-\">4. <strong>Vorteile der Quellfabrik: Qualit\u00e4t und Kosten<\/strong><\/h2>\n<p>Als eine der drei f\u00fchrenden Papierverpackungsfabriken in China verf\u00fcgen wir \u00fcber die folgenden Kernressourcen:<\/p>\n<ul>\n<li><strong>Skalierte Produktion<\/strong>: 50.000 Quadratmeter selbst betriebene Fabriken mit einer t\u00e4glichen Produktionskapazit\u00e4t von mehr als 10.000 St\u00fcck und Unterst\u00fctzung f\u00fcr 48-Stunden-Lieferung von Eilauftr\u00e4gen;<\/li>\n<li><strong>Kostenvorteil<\/strong>: Ohne den Preisunterschied der Zwischenh\u00e4ndler ist der St\u00fcckpreis von beschichtetem Papier f\u00fcr Hei\u00dfpr\u00e4geverpackungen 20%-30% niedriger als der durchschnittliche Marktpreis;<\/li>\n<li><strong>Sicherung der Qualit\u00e4t<\/strong>: Durch die ISO-standardisierte Prozesskontrolle wird ein kostenloser Musterservice angeboten, um Kunden bei der Durchf\u00fchrung von Werksbesichtigungen vor Ort zu unterst\u00fctzen.<\/li>\n<\/ul>\n<h2 id=\"5-application-scenarios-and-case-studies-\">5.\u00a0<strong>Anwendungsszenarien und Fallstudien<\/strong><\/h2>\n<ul>\n<li><strong>Parf\u00fcm-Serie<\/strong>: Zylindrische 30-ml-Dose (5 cm Durchmesser und 12 cm H\u00f6he), mit Samtfutter und goldgepr\u00e4gtem Markenlogo;<\/li>\n<li><strong>Hochwertiges Hautpflege-Set<\/strong>: Doppellagige Papierdose, mit Essenz auf der oberen Lage und Ersatzpackungen auf der unteren Lage, und einem magnetischen Deckel zum \u00d6ffnen und Schlie\u00dfen;<\/li>\n<li><strong>Weihnachtsgeschenkbox<\/strong>: herzf\u00f6rmige Schachtel mit Goldpr\u00e4gung, mit individuellen Gru\u00dfkarten und B\u00e4ndern im Inneren, um den Wert des Geschenks zu erh\u00f6hen.<\/li>\n<\/ul>\n<h2 id=\"6-cooperation-process-\">6.\u00a0<strong>Prozess der Zusammenarbeit<\/strong><\/h2>\n<ol>\n<li><strong>Kommunikation nachfragen<\/strong>: Geben Sie die Produktgr\u00f6\u00dfe, einen Entwurf oder ein Muster an;<\/li>\n<li><strong>Best\u00e4tigung der Korrekturen<\/strong>: Senden Sie die physische Probe-Box innerhalb von 3-5 Arbeitstagen;<\/li>\n<li><strong>Massenproduktion<\/strong>: Die Lieferung erfolgt 7-10 Tage nach Unterzeichnung des Vertrages;<\/li>\n<li><strong>Unterst\u00fctzung nach dem Verkauf<\/strong>: Erbringung von Mehrwertdiensten wie Lagerhaltung und Austausch.<\/li>\n<\/ol>","protected":false},"excerpt":{"rendered":"<p>Die Papiertubenverpackung mit glatten Linien ist zum Halten und \u00d6ffnen mit der Hand geeignet. Sie ist leicht zu \u00f6ffnen und zu schlie\u00dfen. Das Design ist einfach und elegant. Das Gold-Hei\u00dfpr\u00e4gefolienverfahren erfordert keinen Farbdruck. Es eignet sich sehr gut f\u00fcr den Druck auf hochwertige Marken wie Kosmetik- und Parf\u00fcmverpackungen.<\/p>","protected":false},"featured_media":597,"template":"","meta":{"_kad_post_transparent":"default","_kad_post_title":"","_kad_post_layout":"default","_kad_post_sidebar_id":"","_kad_post_content_style":"default","_kad_post_vertical_padding":"default","_kad_post_feature":"","_kad_post_feature_position":"","_kad_post_header":false,"_kad_post_footer":false,"_kad_post_classname":""},"product_brand":[],"product_cat":[15,28,17],"product_tag":[202,203,204],"class_list":{"0":"post-596","1":"product","2":"type-product","3":"status-publish","4":"has-post-thumbnail","6":"product_cat-red-light-therapy","7":"product_cat-customize","8":"product_cat-services","9":"product_tag-cosmetic-paper-tube","10":"product_tag-perfume-packaging-wholesale","11":"product_tag-perfume-paper-tube","13":"first","14":"instock","15":"shipping-taxable","16":"product-type-simple","17":"entry","18":"content-bg","19":"loop-entry"},"_links":{"self":[{"href":"https:\/\/red-lighttherapy.com\/de_de\/wp-json\/wp\/v2\/product\/596","targetHints":{"allow":["GET"]}}],"collection":[{"href":"https:\/\/red-lighttherapy.com\/de_de\/wp-json\/wp\/v2\/product"}],"about":[{"href":"https:\/\/red-lighttherapy.com\/de_de\/wp-json\/wp\/v2\/types\/product"}],"wp:featuredmedia":[{"embeddable":true,"href":"https:\/\/red-lighttherapy.com\/de_de\/wp-json\/wp\/v2\/media\/597"}],"wp:attachment":[{"href":"https:\/\/red-lighttherapy.com\/de_de\/wp-json\/wp\/v2\/media?parent=596"}],"wp:term":[{"taxonomy":"product_brand","embeddable":true,"href":"https:\/\/red-lighttherapy.com\/de_de\/wp-json\/wp\/v2\/product_brand?post=596"},{"taxonomy":"product_cat","embeddable":true,"href":"https:\/\/red-lighttherapy.com\/de_de\/wp-json\/wp\/v2\/product_cat?post=596"},{"taxonomy":"product_tag","embeddable":true,"href":"https:\/\/red-lighttherapy.com\/de_de\/wp-json\/wp\/v2\/product_tag?post=596"}],"curies":[{"name":"wp","href":"https:\/\/api.w.org\/{rel}","templated":true}]}}