{"id":589,"date":"2025-04-12T11:23:53","date_gmt":"2025-04-12T11:23:53","guid":{"rendered":"https:\/\/red-lighttherapy.com\/?post_type=product&#038;p=589"},"modified":"2025-04-12T12:06:10","modified_gmt":"2025-04-12T12:06:10","slug":"supplier-custom-textured-paper-tube-packaging-essential-oil","status":"publish","type":"product","link":"https:\/\/red-lighttherapy.com\/de_de\/supplier-custom-textured-paper-tube-packaging-essential-oil\/","title":{"rendered":"Lieferant benutzerdefinierte strukturiertes Papier Rohr Verpackung \u00e4therisches \u00d6l"},"content":{"rendered":"<h2 id=\"-customized-textured-paper-tube-essential-oil-packaging-product-description-\"><strong>Kundenspezifische strukturierte Papierr\u00f6hre Verpackung f\u00fcr \u00e4therisches \u00d6l Produktbeschreibung<\/strong><\/h2>\n<h2 id=\"-1-healing-visual-experience-\"><strong>1. Heilende visuelle Erfahrung<\/strong><\/h2>\n<p>Diese zylindrische Verpackung ist haupts\u00e4chlich in Macaron-Rosa gehalten. Der weiche und wenig ges\u00e4ttigte rosa Ton kann die visuelle Erm\u00fcdung wirksam reduzieren. Das schlichte Liniendesign schafft eine entspannende und heilsame sensorische Atmosph\u00e4re, die zu den nat\u00fcrlichen heilenden Eigenschaften der \u00e4therischen \u00d6lprodukte passt. Die Oberfl\u00e4che der Verpackungsschachtel hat eine matte Textur, die sich zart anf\u00fchlt und den doppelten Komfort des Sehens und F\u00fchlens weiter verbessert.<\/p>\n<h2 id=\"-2-innovative-top-and-bottom-cover-structure-\"><strong>2. Innovative Struktur der oberen und unteren Abdeckung<\/strong><\/h2>\n<p>Die obere und untere Abdeckung ist geteilt. Wenn der Schachtelk\u00f6rper geschlossen ist, liegt er eng an. Es gibt keine \u00fcberfl\u00fcssige Dekoration an der Trennlinie, und die glatte Kontur ist mit minimalistischen geometrischen Linien umrissen. Die zylindrische Form wird mit dem Mikrobogen-Verschlussverfahren kombiniert, um ein weiches, geschichtetes Gef\u00fchl zu vermitteln. Der Moment des \u00d6ffnens und Schlie\u00dfens hat sowohl etwas Rituelles als auch etwas Praktisches und eignet sich f\u00fcr die Pr\u00e4sentation von D\u00fcften, Kerzen und anderen Produkten.<\/p>\n<h2 id=\"-3-embossed-texture-technology-\"><strong>3. Technologie der gepr\u00e4gten Textur<\/strong><\/h2>\n<p>Die Oberfl\u00e4che des Beh\u00e4lters ist mit einer flachen, gepr\u00e4gten Textur \u00fcberzogen, mit feinen horizontalen Wellen, die nat\u00fcrliche Wellen simulieren, und teilweise mit radialen, floralen, dunklen Mustern, die einen Licht- und Schattengradienteneffekt durch die Mikroritz-Tiefe von 0,3-0,5 mm bilden. Das Texturdesign kann nicht nur die rutschfeste Griffigkeit verbessern, sondern auch unter verschiedenen Lichteinfl\u00fcssen eine dreidimensionale Textur zeigen, die der Verpackung einen zur\u00fcckhaltenden und tiefgr\u00fcndigen k\u00fcnstlerischen Ausdruck verleiht.<\/p>\n<h2 id=\"-4-highly-customized-solutions-\"><strong>4. Hochgradig individuelle L\u00f6sungen<\/strong><\/h2>\n<p>Unterst\u00fctzt die vollst\u00e4ndige Anpassung von Gr\u00f6\u00dfe, Struktur und Druckverfahren:<\/p>\n<ul>\n<li><strong>Anpassungsf\u00e4higkeit<\/strong>: Der Innendurchmesser\/die H\u00f6he kann an 30ml-200ml Flaschen f\u00fcr \u00e4therische \u00d6le, 50-500g Tiegel f\u00fcr Gesichtscreme oder 5-15cm Durchmesser f\u00fcr Aromatherapiekerzen angepasst werden;<\/li>\n<li><strong>Funktionserweiterung<\/strong>: Optional Futter EVA sto\u00dffeste Schicht, magnetische \u00d6ffnung und Schlie\u00dfung Schnalle oder Band Dichtung und andere Details k\u00f6nnen ausgestattet werden, um die Bed\u00fcrfnisse der High-End-Geschenk-Verpackung zu erf\u00fcllen;<\/li>\n<li><strong>Visuelle Anpassung<\/strong>: Unterst\u00fctzt spezielle Farbdrucke, Hei\u00dfpr\u00e4gung\/UV-Lackierung und andere Verfahren und kann mit einem Markenlogo oder individuellen Mustern versehen werden.<\/li>\n<\/ul>\n<h2 id=\"-5-quality-assurance-and-delivery-service-\"><strong>5. Qualit\u00e4tssicherung und Lieferservice<\/strong><\/h2>\n<p>Das Werk verf\u00fcgt \u00fcber 16 Jahre Erfahrung in der Verpackungs- und Druckindustrie und ist mit vollautomatischen Stanzmaschinen, Tiefdrucklinien und intelligenten Qualit\u00e4tskontrollger\u00e4ten ausgestattet, um eine 72-Stunden-Schnellpr\u00fcfung und eine 15-Tage-Massenproduktion zu erm\u00f6glichen. Wir bieten Dienstleistungen aus einer Hand, von Designvorschl\u00e4gen \u00fcber die Materialauswahl bis hin zur logistischen Verteilung, um sicherzustellen, dass die Verpackungsqualit\u00e4t und der Produktionszyklus genau kontrollierbar sind.<\/p>\n<h2 id=\"-applicable-scenarios-\"><strong>Anwendbare Szenarien<\/strong><\/h2>\n<ul>\n<li>Serie f\u00fcr \u00e4therische \u00d6le\/D\u00fcfte: Die obere und untere Deckelstruktur sch\u00fctzt den Flaschenk\u00f6rper, und die gepr\u00e4gte Textur verbessert die Displaytextur<\/li>\n<li>Hautpflege-Geschenk-Box: Macaron Farbe passenden minimalistischen Design, im Einklang mit dem Ton der High-End-Sch\u00f6nheitsmarken<\/li>\n<li>Limitierte Ferienausgabe: Schaffen Sie eine differenzierte Produktlinie durch eine individuelle Kombination von Textur und Farbe<\/li>\n<\/ul>","protected":false},"excerpt":{"rendered":"<p>Die Papierh\u00fclsenverpackung hat eine geteilte obere und untere Deckelstruktur, die einen weichen und mehrschichtigen visuellen Effekt erzeugt. Die Oberfl\u00e4che ist mit einer flachen Reliefstruktur \u00fcberzogen, die einen visuellen Winkel hinzuf\u00fcgt<\/p>","protected":false},"featured_media":593,"template":"","meta":{"_kad_post_transparent":"default","_kad_post_title":"","_kad_post_layout":"default","_kad_post_sidebar_id":"","_kad_post_content_style":"default","_kad_post_vertical_padding":"default","_kad_post_feature":"","_kad_post_feature_position":"","_kad_post_header":false,"_kad_post_footer":false,"_kad_post_classname":""},"product_brand":[],"product_cat":[15,28,17],"product_tag":[199,201,200],"class_list":{"0":"post-589","1":"product","2":"type-product","3":"status-publish","4":"has-post-thumbnail","6":"product_cat-red-light-therapy","7":"product_cat-customize","8":"product_cat-services","9":"product_tag-essential-oil-cylinder-boxes","10":"product_tag-essential-oil-paper-tube-packaging","11":"product_tag-supplier-essential-oil-packaging","13":"first","14":"instock","15":"shipping-taxable","16":"product-type-simple","17":"entry","18":"content-bg","19":"loop-entry"},"_links":{"self":[{"href":"https:\/\/red-lighttherapy.com\/de_de\/wp-json\/wp\/v2\/product\/589","targetHints":{"allow":["GET"]}}],"collection":[{"href":"https:\/\/red-lighttherapy.com\/de_de\/wp-json\/wp\/v2\/product"}],"about":[{"href":"https:\/\/red-lighttherapy.com\/de_de\/wp-json\/wp\/v2\/types\/product"}],"wp:featuredmedia":[{"embeddable":true,"href":"https:\/\/red-lighttherapy.com\/de_de\/wp-json\/wp\/v2\/media\/593"}],"wp:attachment":[{"href":"https:\/\/red-lighttherapy.com\/de_de\/wp-json\/wp\/v2\/media?parent=589"}],"wp:term":[{"taxonomy":"product_brand","embeddable":true,"href":"https:\/\/red-lighttherapy.com\/de_de\/wp-json\/wp\/v2\/product_brand?post=589"},{"taxonomy":"product_cat","embeddable":true,"href":"https:\/\/red-lighttherapy.com\/de_de\/wp-json\/wp\/v2\/product_cat?post=589"},{"taxonomy":"product_tag","embeddable":true,"href":"https:\/\/red-lighttherapy.com\/de_de\/wp-json\/wp\/v2\/product_tag?post=589"}],"curies":[{"name":"wp","href":"https:\/\/api.w.org\/{rel}","templated":true}]}}