{"id":571,"date":"2025-04-12T09:00:49","date_gmt":"2025-04-12T09:00:49","guid":{"rendered":"https:\/\/red-lighttherapy.com\/?post_type=product&#038;p=571"},"modified":"2025-04-12T10:07:39","modified_gmt":"2025-04-12T10:07:39","slug":"clothing-t-shirt-apparel-socks-underwear-paper-tube-supplier","status":"publish","type":"product","link":"https:\/\/red-lighttherapy.com\/de_de\/clothing-t-shirt-apparel-socks-underwear-paper-tube-supplier\/","title":{"rendered":"Bekleidung T-Shirt Kleidung Socken Unterw\u00e4sche Papierrohr Lieferant"},"content":{"rendered":"<h2 id=\"-product-description-of-paper-tube-for-clothing-t-shirts-apparel-socks-and-underwear-\"><strong>Bekleidung T-Shirt Kleidung Socken Unterw\u00e4sche Papierr\u00f6hre Lieferant Produktbeschreibung<\/strong><\/h2>\n<h2 id=\"1-separate-cylindrical-box-design-simple-and-practical-\">1.\u00a0<strong>Separate Papierh\u00fclsenverpackung, einfach und praktisch<\/strong><\/h2>\n<p>Die getrennte Deckelstruktur wurde \u00fcbernommen, und das Verh\u00e4ltnis zwischen dem Schachtelk\u00f6rper und dem Deckel ist wissenschaftlich berechnet, wodurch das \u00d6ffnen und Schlie\u00dfen reibungslos und die Versiegelung stark ist. Das Design des Deckels passt sich der Kontur des Beh\u00e4lters an, was nicht nur die Integrit\u00e4t der Verpackung gew\u00e4hrleistet, sondern auch das moderne \u00e4sthetische Konzept durch minimalistische Linien vermittelt (siehe Designprinzipien der getrennten Verpackungsstruktur).<\/p>\n<h2 id=\"2-black-and-white-contrast-vision-strengthen-brand-recognition-\">2.\u00a0<strong>Schwarz-Wei\u00df-Kontrastsehen, St\u00e4rkung der Markenerkennung<\/strong><\/h2>\n<p>Der Schachtelk\u00f6rper ist in reinem Wei\u00df gehalten, mit einem Kreis aus schwarzen Linien um die Oberseite, und der visuelle Reiz wird durch kontrastreiches Design verst\u00e4rkt. Dieses Design ist vom Trend der hochwertigen Verpackungs\u00e4sthetik inspiriert und eignet sich f\u00fcr leichten Luxus, trendige Marken und andere Stile sowie f\u00fcr die schlichte Tonalit\u00e4t von T-Shirts, Unterw\u00e4sche und anderen Kategorien (\u00e4hnlich der Logik der kontrastierenden Farbanwendung bei farbigen Schachtelverpackungen).<\/p>\n<h2 id=\"3-high-definition-printing-and-typesetting-highlighting-the-brand-logo-\">3.\u00a0<strong>Hochaufl\u00f6sender Druck und Schriftsatz mit Hervorhebung des Markenlogos<\/strong><\/h2>\n<p>Die Oberfl\u00e4che ist im UV-Druckverfahren hergestellt, Text und Muster sind klar und verschlei\u00dffest, und es kann zwischen Matt- und Glanzeffekt gew\u00e4hlt werden. Das Layout folgt dem Prinzip \"weniger ist mehr\", mit modernen serifenlosen Schriftarten als Hauptmerkmal, die sicherstellen, dass das Markenlogo zentriert und auff\u00e4llig ist, w\u00e4hrend Leerraum gelassen wird, um das Gef\u00fchl von Luxus zu verst\u00e4rken (in Anlehnung an die Druckstandards des preisgekr\u00f6nten Verpackungsdesigns).<\/p>\n<h2 id=\"4-professional-box-type-adaptation-to-improve-product-matching-\">4.\u00a0<strong>Professionelle Anpassung des Kartontyps zur Verbesserung der Produktanpassung<\/strong><\/h2>\n<p>Auf der Grundlage der Produkteigenschaften werden ma\u00dfgeschneiderte Empfehlungen f\u00fcr den Kartontyp gegeben:<\/p>\n<ul>\n<li><strong>T-shirt\/sweatshirt<\/strong>: Es wird ein erh\u00f6hter Zylinder mit einem Durchmesser von 20-30 cm empfohlen, mit einem magnetisch zu \u00f6ffnenden und zu schlie\u00dfenden Deckel, der das Zusammenlegen und Aufbewahren der Kleidung erleichtert;<\/li>\n<li><strong>Socken\/Unterw\u00e4sche<\/strong>: Ein schichtweise angeordneter, schubladenartiger Zylinder mit eingebauter Fachauskleidung dient zur geordneten Aufbewahrung mehrerer Gegenst\u00e4nde;<\/li>\n<li><strong>Hochwertige Geschenke<\/strong>: Kombiniert mit der Struktur des oberen und unteren Deckels der Geschenkschachtel wird das Gef\u00fchl des Auspackens verst\u00e4rkt (siehe die Bibliothek der multifunktionalen Schachteln).<\/li>\n<\/ul>\n<h2 id=\"5-fsc-certified-material-environmental-protection-and-quality-\">5.\u00a0<strong>FSC-zertifiziertes Material, Umweltschutz und Qualit\u00e4t<\/strong><\/h2>\n<p>Die Rohstoffe f\u00fcr die Verpackungsbox sind FSC-zertifiziert, um sicherzustellen, dass die Holzquelle nachhaltig ist und die Marktzugangsstandards der EU und Nordamerikas erf\u00fcllt. Das zertifizierte Material weist sowohl eine hohe H\u00e4rte als auch ein geringes Gewicht auf und bietet differenzierte L\u00f6sungen f\u00fcr umweltfreundliche Marken und hochwertige Kunden (Vorteile der FSC-zertifizierten Lieferkette).<\/p>\n<h2 id=\"6-modular-lining-system-all-round-protection-\">6.\u00a0<strong>Modulares Auskleidungssystem, Rundumschutz<\/strong><\/h2>\n<p>Die Innenausstattung kann mit einer Vielzahl von Futterstoffen angepasst werden:<\/p>\n<ul>\n<li><strong>Fester Typ<\/strong>: EVA-Schwamm oder Perlenbaumwolle gestanzte Rille, pr\u00e4zise Positionierung und sto\u00dffest;<\/li>\n<li><strong>Weicher Typ<\/strong>: Beflockungsstoff oder Raffia-F\u00fcllung, geeignet f\u00fcr Unterw\u00e4sche;<\/li>\n<li><strong>Art der Anzeige<\/strong>: transparente PET-Blisterschale, die intuitiv die Produktdaten pr\u00e4sentiert (verschiedene Auskleidungsl\u00f6sungen).<\/li>\n<\/ul>\n<h2 id=\"7-16-years-of-smart-manufacturing-experience-full-process-quality-control-\">7.\u00a0<strong>16 Jahre Erfahrung in der intelligenten Fertigung, Qualit\u00e4tskontrolle im gesamten Prozess<\/strong><\/h2>\n<p>Verlassen Sie sich auf ein ausgereiftes Produktionssystem und eine strenge Kontrolle von der Designpr\u00fcfung bis zur Massenproduktion, um sicherzustellen, dass der Lieferzyklus um 30% verk\u00fcrzt wird und die Fehlerquote weniger als 0,5% betr\u00e4gt. Unterst\u00fctzung von Kleinserienanpassung und grenz\u00fcberschreitender Logistikoptimierung, Bereitstellung von Verpackungsdienstleistungen aus einer Hand f\u00fcr globale Marken (Referenz f\u00fcr Lieferkettenerfahrung).<\/p>\n<h2 id=\"-advantages-of-cooperation-\"><strong>Vorteile der Zusammenarbeit<\/strong>:<\/h2>\n<ul>\n<li><strong>Unterst\u00fctzung bei der Gestaltung<\/strong>: Kostenlose 3D-Renderings und Materialmuster;<\/li>\n<li><strong>Kostenoptimierung<\/strong>: Die Beschaffung in gro\u00dfem Ma\u00dfstab reduziert den St\u00fcckpreis, bei einer Mindestbestellmenge von 500 St\u00fcck;<\/li>\n<li><strong>Schnelle Antwort<\/strong>: Die Prototypenherstellung ist innerhalb von 72 Stunden abgeschlossen, und die Massenproduktion wird innerhalb von 15 Tagen geliefert.<\/li>\n<\/ul>","protected":false},"excerpt":{"rendered":"<p>Die Papierh\u00fclsen-Verpackungsschachtel ist mit einem separaten Deckel versehen. Die Proportionen des Beh\u00e4lters und des Deckels sind aufeinander abgestimmt und spiegeln das einfache Verpackungsdesign wider. Der Schachtelk\u00f6rper ist haupts\u00e4chlich reinwei\u00df, und ein Kreis aus schwarzen Linien umgibt den oberen Rand, wodurch ein scharfer Kontrast entsteht, der die Attraktivit\u00e4t erh\u00f6ht. Die Oberfl\u00e4che der Schachtel ist deutlich bedruckt, und das Textlayout ist einfach und modern, was das Markenlogo hervorheben kann. Dieser Verpackungskarton ist sehr geeignet f\u00fcr Ihre Kleidung, T-Shirts, Bekleidung, Socken und Unterw\u00e4sche Verpackung<\/p>","protected":false},"featured_media":575,"template":"","meta":{"_kad_post_transparent":"default","_kad_post_title":"","_kad_post_layout":"default","_kad_post_sidebar_id":"","_kad_post_content_style":"default","_kad_post_vertical_padding":"default","_kad_post_feature":"","_kad_post_feature_position":"","_kad_post_header":false,"_kad_post_footer":false,"_kad_post_classname":""},"product_brand":[],"product_cat":[15,30,17],"product_tag":[190,192,191],"class_list":{"0":"post-571","1":"product","2":"type-product","3":"status-publish","4":"has-post-thumbnail","6":"product_cat-red-light-therapy","7":"product_cat-dropshipping","8":"product_cat-services","9":"product_tag-clothing-paper-tube","10":"product_tag-socks-underwear-paper-tube-packaging","11":"product_tag-t-shirt-paper-tube-supplier","13":"first","14":"instock","15":"shipping-taxable","16":"product-type-simple","17":"entry","18":"content-bg","19":"loop-entry"},"_links":{"self":[{"href":"https:\/\/red-lighttherapy.com\/de_de\/wp-json\/wp\/v2\/product\/571","targetHints":{"allow":["GET"]}}],"collection":[{"href":"https:\/\/red-lighttherapy.com\/de_de\/wp-json\/wp\/v2\/product"}],"about":[{"href":"https:\/\/red-lighttherapy.com\/de_de\/wp-json\/wp\/v2\/types\/product"}],"wp:featuredmedia":[{"embeddable":true,"href":"https:\/\/red-lighttherapy.com\/de_de\/wp-json\/wp\/v2\/media\/575"}],"wp:attachment":[{"href":"https:\/\/red-lighttherapy.com\/de_de\/wp-json\/wp\/v2\/media?parent=571"}],"wp:term":[{"taxonomy":"product_brand","embeddable":true,"href":"https:\/\/red-lighttherapy.com\/de_de\/wp-json\/wp\/v2\/product_brand?post=571"},{"taxonomy":"product_cat","embeddable":true,"href":"https:\/\/red-lighttherapy.com\/de_de\/wp-json\/wp\/v2\/product_cat?post=571"},{"taxonomy":"product_tag","embeddable":true,"href":"https:\/\/red-lighttherapy.com\/de_de\/wp-json\/wp\/v2\/product_tag?post=571"}],"curies":[{"name":"wp","href":"https:\/\/api.w.org\/{rel}","templated":true}]}}