{"id":565,"date":"2025-04-12T08:34:45","date_gmt":"2025-04-12T08:34:45","guid":{"rendered":"https:\/\/red-lighttherapy.com\/?post_type=product&#038;p=565"},"modified":"2025-04-12T09:00:36","modified_gmt":"2025-04-12T09:00:36","slug":"custom-child-resistant-vape-cartridge-packaging-box-factory","status":"publish","type":"product","link":"https:\/\/red-lighttherapy.com\/de_de\/custom-child-resistant-vape-cartridge-packaging-box-factory\/","title":{"rendered":"Benutzerdefinierte kindersichere Vape Patrone Verpackung Box Fabrik"},"content":{"rendered":"<h2 id=\"-child-safe-electronic-cigarette-cartridge-packaging-box-professional-customized-solution-\">Benutzerdefinierte kindersichere Vape Patrone Verpackung Box Fabrik<\/h2>\n<h2 id=\"1-double-child-proof-device-compliance-certification-guarantee-\">1.\u00a0<strong>Doppelte Kindersicherung, Garantie der Konformit\u00e4tsbescheinigung<\/strong><\/h2>\n<ul>\n<li>annehmen.\u00a0<strong>Druck-Dreh-\u00d6ffnungsstruktur<\/strong>\u00a0oder\u00a0<strong>Magnetischer Schnappverschluss + Schiebeentriegelung<\/strong>\u00a0, passen\u00a0<strong>US 16 CFR 1700.20<\/strong>\u00a0und\u00a0<strong>EU ISO 8317<\/strong>\u00a0Kinderschutz-Teststandards. Die Fehlerquote beim \u00d6ffnen durch Kinder liegt bei \u226580%, und Erwachsene k\u00f6nnen ihn durch intuitive Bedienung (z. B. Ausrichten der Pfeile, Aufbringen einer bestimmten Kraft) leicht \u00f6ffnen, was die Anforderungen f\u00fcr den Marktzugang in Europa und den Vereinigten Staaten erf\u00fcllt.<\/li>\n<li>Eingebettet\u00a0<strong>Ber\u00fchrungsschutzsperre<\/strong>\u00a0Zum Entriegeln der Ausziehbox m\u00fcssen zwei Finger zusammengedr\u00fcckt werden, um eine Fehlbedienung durch Kinder zu verhindern.<\/li>\n<\/ul>\n<h2 id=\"2-immersive-pull-out-box-experience-\">2.\u00a0<strong>Eindrucksvolles Erlebnis in der Ausziehbox<\/strong><\/h2>\n<ul>\n<li><strong>D\u00e4mpfungsschiene + R\u00fcckstellfeder<\/strong>\u00a0Design gleitet die Kassettenbox mit einer gleichm\u00e4\u00dfigen Geschwindigkeit von 0,5 Sekunden\/cm heraus und ist mit\u00a0<strong>halbtransparentes Milchglasfenster<\/strong>Dadurch wirkt das Produkt elegant wie ein Ausstellungsst\u00fcck, was das Gef\u00fchl der Auspackzeremonie noch verst\u00e4rkt.<\/li>\n<li>Der Kofferaufbau ist mit\u00a0<strong>segmentierte Auszugsstruktur<\/strong>Die erste Schicht zeigt das Markenlogo und den Produktnamen, w\u00e4hrend die zweite Schicht nach und nach den Patronenk\u00f6rper enth\u00fcllt und so den Erkundungsspa\u00df des Benutzers steigert.<\/li>\n<\/ul>\n<h2 id=\"3-visual-friendliness-and-material-safety-\">3.\u00a0<strong>Optische Freundlichkeit und Materialsicherheit<\/strong><\/h2>\n<ul>\n<li>Die Hauptfarbe der \u00e4u\u00dferen Schachtel ist\u00a0<strong>cremefarbene, matte Beschichtung<\/strong>die in der Vergangenheit\u00a0<strong>EN71-3 Gefahrstoffpr\u00fcfung<\/strong>hat keine st\u00f6renden Reflexionen und kann die langfristige Erm\u00fcdung des Auges verringern.<\/li>\n<li>Das Material kann ausgew\u00e4hlt werden\u00a0<strong>lebensmittelechtes EVA-Futter + Lycra-Gewebebeschichtung<\/strong>\u00a0oder\u00a0<strong>250gsm wei\u00dfer Karton Beflockung Prozess<\/strong>die sich angenehm anf\u00fchlt und eine sturzsichernde Wirkung hat.<\/li>\n<\/ul>\n<h2 id=\"4-full-dimensional-customization-service-\">4.\u00a0<strong>Volldimensionaler Anpassungsservice<\/strong><\/h2>\n<ul>\n<li><strong>Flexible Gr\u00f6\u00dfenanpassung<\/strong>: Unterst\u00fctzt die individuelle Gestaltung von Kartons mit 5-50 Kartuschen, kompatibel mit Einzelpackungen bis hin zu Serienpackungen, mit einer Toleranzkontrolle von \u00b10,3 mm.<\/li>\n<li><strong>Modulares Futter<\/strong>: Gestaltung\u00a0<strong>EVA-Gitterrille<\/strong>\u00a0oder\u00a0<strong>Schwammschlitz<\/strong>\u00a0entsprechend der Form der Patrone (Zylinder\/quadratischer Kasten\/spezielle Form), um eine Nullverschiebungsfixierung zu erreichen und die Sto\u00dffestigkeit beim Transport durch 60% zu verbessern.<\/li>\n<li><strong>Exklusives Markendesign<\/strong>: Bereitstellung von\u00a0<strong>laser laser LOGO<\/strong>,\u00a0<strong>UV-gepr\u00e4gte Textur<\/strong>\u00a0und\u00a0<strong>Siebdruck<\/strong>\u00a0Prozesse, Unterst\u00fctzung des Drucks von Compliance-Etiketten f\u00fcr Plattformen wie Amazon und unabh\u00e4ngige Sender.<\/li>\n<\/ul>\n<h2 id=\"5-global-compliance-support-\">5.\u00a0<strong>Globale Unterst\u00fctzung bei der Einhaltung von Vorschriften<\/strong><\/h2>\n<ul>\n<li>Bereitstellung von\u00a0<strong>CPC (USA)<\/strong>,\u00a0<strong>CE (EU)<\/strong>\u00a0und\u00a0<strong>CSA Z76.1 (Kanada)<\/strong>\u00a0Zertifizierungsdokumente mit Pr\u00fcfberichten, z. B. \u00fcber die Schwerentflammbarkeit von Verpackungen und die chemische Migration, um die Legalit\u00e4t des grenz\u00fcberschreitenden Verkehrs von Cannabisprodukten zu gew\u00e4hrleisten.<\/li>\n<\/ul>\n<h2 id=\"-service-advantages-\"><strong>Vorteile der Dienstleistung<\/strong><\/h2>\n<ul>\n<li><strong>16 Jahre Direktbetrieb im Werk<\/strong>Die t\u00e4gliche Produktionskapazit\u00e4t liegt bei 1.000.000 St\u00fcck, die Mindestbestellmenge betr\u00e4gt 500 St\u00fcck, und die Lieferung erfolgt innerhalb von 7-14 Tagen.<\/li>\n<li><strong>Vollst\u00e4ndige Prozessbef\u00e4higung<\/strong>von der Zeichnungserstellung \u00fcber den Korrekturabzug bis hin zur Massenproduktion, ausgestattet mit 1-zu-1-Verkaufsberatern und Qualit\u00e4tskontrollteams, die Folgendes bieten\u00a0<strong>verpackung design-produktion-logistik<\/strong>\u00a0geschlossene Kreislaufsysteme.<\/li>\n<\/ul>","protected":false},"excerpt":{"rendered":"<p>Unsere kindersichere Cannabis-Verpackung aus Papier ist mit einer kindersicheren Vorrichtung ausgestattet, die sicherstellt, dass sie von Kindern nur schwer, von Erwachsenen aber leicht zu \u00f6ffnen ist. Sie ist vollst\u00e4ndig konform mit Gesetzen und Vorschriften. Sie kann in hohem Ma\u00dfe angepasst werden, um Ihre Cannabis Vape Produktverpackung anzupassen.<\/p>","protected":false},"featured_media":569,"template":"","meta":{"_kad_post_transparent":"default","_kad_post_title":"","_kad_post_layout":"default","_kad_post_sidebar_id":"","_kad_post_content_style":"default","_kad_post_vertical_padding":"default","_kad_post_feature":"","_kad_post_feature_position":"","_kad_post_header":false,"_kad_post_footer":false,"_kad_post_classname":""},"product_brand":[],"product_cat":[15,40,17],"product_tag":[188,189,169],"class_list":{"0":"post-565","1":"product","2":"type-product","3":"status-publish","4":"has-post-thumbnail","6":"product_cat-red-light-therapy","7":"product_cat-red-light-therapy-panel","8":"product_cat-services","9":"product_tag-custom-1ml-vape-cartridge-packaging","10":"product_tag-custom-disposable-vape-boxes","11":"product_tag-vape-cartridge-packaging","13":"first","14":"instock","15":"shipping-taxable","16":"product-type-simple","17":"entry","18":"content-bg","19":"loop-entry"},"_links":{"self":[{"href":"https:\/\/red-lighttherapy.com\/de_de\/wp-json\/wp\/v2\/product\/565","targetHints":{"allow":["GET"]}}],"collection":[{"href":"https:\/\/red-lighttherapy.com\/de_de\/wp-json\/wp\/v2\/product"}],"about":[{"href":"https:\/\/red-lighttherapy.com\/de_de\/wp-json\/wp\/v2\/types\/product"}],"wp:featuredmedia":[{"embeddable":true,"href":"https:\/\/red-lighttherapy.com\/de_de\/wp-json\/wp\/v2\/media\/569"}],"wp:attachment":[{"href":"https:\/\/red-lighttherapy.com\/de_de\/wp-json\/wp\/v2\/media?parent=565"}],"wp:term":[{"taxonomy":"product_brand","embeddable":true,"href":"https:\/\/red-lighttherapy.com\/de_de\/wp-json\/wp\/v2\/product_brand?post=565"},{"taxonomy":"product_cat","embeddable":true,"href":"https:\/\/red-lighttherapy.com\/de_de\/wp-json\/wp\/v2\/product_cat?post=565"},{"taxonomy":"product_tag","embeddable":true,"href":"https:\/\/red-lighttherapy.com\/de_de\/wp-json\/wp\/v2\/product_tag?post=565"}],"curies":[{"name":"wp","href":"https:\/\/api.w.org\/{rel}","templated":true}]}}