{"id":546,"date":"2025-04-12T07:30:15","date_gmt":"2025-04-12T07:30:15","guid":{"rendered":"https:\/\/red-lighttherapy.com\/?post_type=product&#038;p=546"},"modified":"2025-04-12T08:13:49","modified_gmt":"2025-04-12T08:13:49","slug":"custom-lipstick-lip-balm-gloss-paper-tube-packaging-supplier","status":"publish","type":"product","link":"https:\/\/red-lighttherapy.com\/de_de\/custom-lipstick-lip-balm-gloss-paper-tube-packaging-supplier\/","title":{"rendered":"Benutzerdefinierte Lippenstift Lip Balm Gloss Paper Tube Verpackung Lieferant"},"content":{"rendered":"<h2 id=\"-customized-lipstick-and-lip-balm-glossy-paper-tube-packaging-product-description-\"><strong>Kundenspezifische Lippenstift und Lippenbalsam gl\u00e4nzend Papierrohr Verpackung Produktbeschreibung<\/strong><\/h2>\n<h2 id=\"-1-structural-design-cylindrical-top-and-bottom-lid-box-easy-to-operate-with-one-hand-\"><strong>1. Strukturelles Design: zylindrischer Kasten mit Deckel oben und unten, leicht mit einer Hand zu bedienen<\/strong><\/h2>\n<ul>\n<li>Die zylindrische Deckelstruktur mit getrennten Ober- und Unterdeckeln optimiert das \u00d6ffnen und Schlie\u00dfen und kann leicht mit einer Hand bedient werden, was dem ergonomischen Design entspricht.<\/li>\n<li>Unterst\u00fctzt individuelle Gr\u00f6\u00dfenanpassung (z.B. Durchmesser 15-32mm, H\u00f6he 50-150mm), geeignet f\u00fcr Lippenstift- und Lippenbalsamprodukte mit unterschiedlichen Spezifikationen.<\/li>\n<\/ul>\n<h2 id=\"-2-visual-aesthetics-red-and-pink-contrast-and-artistic-lines-\"><strong>2. Visuelle \u00c4sthetik: Kontrast zwischen Rot und Rosa und k\u00fcnstlerische Linien<\/strong><\/h2>\n<ul>\n<li>Die Hauptfarbe ist ein stark ges\u00e4ttigtes Rot und Rosa, kombiniert mit Farbverl\u00e4ufen oder Splei\u00dftechniken, um einen jugendlichen und trendigen visuellen Eindruck zu erzeugen.<\/li>\n<li>Der Schachtelk\u00f6rper weist glatte k\u00fcnstlerische Linien oder geometrische Muster auf, und die kontrastreiche Farbgestaltung verst\u00e4rkt das Sch\u00f6nheitsthema und vermittelt die Vitalit\u00e4t und den Kunstsinn der Marke.<\/li>\n<\/ul>\n<h2 id=\"-3-craft-details-hot-silver-logo-and-layering-enhancement-\"><strong>3. Handwerk Details: hei\u00dfe Silber Logo und Schichtung Verbesserung<\/strong><\/h2>\n<ul>\n<li>Die Hot-Silver-Technologie wird eingesetzt, um Details wie das Markenlogo und das Textlogo pr\u00e4zise darzustellen. So wird sichergestellt, dass die winzigen Muster klar und zart sind und die Haptik dreidimensional und vielschichtig ist.<\/li>\n<li>UV-Lack, matter Film und andere Oberfl\u00e4chenbehandlungsverfahren k\u00f6nnen \u00fcberlagert werden, um die Textur und Verschlei\u00dffestigkeit zu verbessern.<\/li>\n<\/ul>\n<h2 id=\"-4-material-and-printing-full-dimensional-customized-service-\"><strong>4. Material und Druck: volldimensionaler kundenspezifischer Service<\/strong><\/h2>\n<ul>\n<li><strong>Auswahl des Materials<\/strong>: Bereitstellung von umweltfreundlichem Kraftpapier, abbaubarem Kunststoff, wei\u00dfem Karton und anderen Tr\u00e4germaterialien unter Ber\u00fccksichtigung von Haltbarkeit und Nachhaltigkeit.<\/li>\n<li><strong>Druckverfahren<\/strong>: Unterst\u00fctzt Farbdruck, Pr\u00e4gung, UV-Lokalisierung, helle Oberfl\u00e4che und andere Verfahren, passt sich komplexen Mustern und Markenfarbanforderungen an.<\/li>\n<\/ul>\n<h2 id=\"-5-production-and-quality-control-efficient-and-stable-large-scale-delivery-capabilities-\"><strong>5. Produktion und Qualit\u00e4tskontrolle: effiziente und stabile Lieferm\u00f6glichkeiten in gro\u00dfem Ma\u00dfstab<\/strong><\/h2>\n<ul>\n<li><strong>Automatisierte Produktionslinie<\/strong>: Ausgestattet mit vollautomatischen Spritzguss-, Druck- und Montageanlagen, mit einer t\u00e4glichen Produktionskapazit\u00e4t von mehr als 5 Millionen St\u00fcck, die eine schnelle Reaktion auf dringende Auftr\u00e4ge erm\u00f6glicht.<\/li>\n<li><strong>Das Qualit\u00e4tssystem<\/strong>: Von der Beschaffung der Rohstoffe (z. B. umweltfreundliche, MSDS-zertifizierte Druckfarben) bis zur Auslieferung des fertigen Produkts werden 12 Pr\u00fcfverfahren durchgef\u00fchrt, um sicherzustellen, dass der Ma\u00dffehler \u22640,1 mm und der Farbunterschied beim Druck \u0394E\u22641,5 betr\u00e4gt.<\/li>\n<\/ul>\n<h2 id=\"-6-value-added-services-one-stop-brand-empowerment-\"><strong>6. Mehrwertdienste: St\u00e4rkung der Marke aus einer Hand<\/strong><\/h2>\n<ul>\n<li>Wir bieten OEM\/ODM-Dienstleistungen, unterst\u00fctzen die Anpassung von Formen, die Genehmigung von Eigenmarken und die grenz\u00fcberschreitende Verwendung von Spezialprodukten.<\/li>\n<li>Bereitstellung unterst\u00fctzender L\u00f6sungen f\u00fcr die Au\u00dfenverpackung (z. B. Staubbeutel, Bandpapierdosen, EVA-Innenschalen) und Logistikoptimierung zur Verringerung von Transportverlusten.<\/li>\n<\/ul>","protected":false},"excerpt":{"rendered":"<p>Die Papierr\u00f6hrenverpackung mit Deckel und Boden hat eine getrennte Struktur von oberem und unterem Deckel, die mit einer Hand leicht zu bedienen ist. Der Karton ist haupts\u00e4chlich in Rot und Rosa gehalten, was eine starke visuelle Wirkung hat und dem Ton einer jungen und trendigen Marke entspricht.<\/p>","protected":false},"featured_media":548,"template":"","meta":{"_kad_post_transparent":"default","_kad_post_title":"","_kad_post_layout":"default","_kad_post_sidebar_id":"","_kad_post_content_style":"default","_kad_post_vertical_padding":"default","_kad_post_feature":"","_kad_post_feature_position":"","_kad_post_header":false,"_kad_post_footer":false,"_kad_post_classname":""},"product_brand":[],"product_cat":[15,28,17],"product_tag":[184,183,182],"class_list":{"0":"post-546","1":"product","2":"type-product","3":"status-publish","4":"has-post-thumbnail","6":"product_cat-red-light-therapy","7":"product_cat-customize","8":"product_cat-services","9":"product_tag-custom-lipstick-lip-balm-packaging-supplier","10":"product_tag-lip-balm-packaging","11":"product_tag-lipstick-paper-tube","13":"first","14":"instock","15":"shipping-taxable","16":"product-type-simple","17":"entry","18":"content-bg","19":"loop-entry"},"_links":{"self":[{"href":"https:\/\/red-lighttherapy.com\/de_de\/wp-json\/wp\/v2\/product\/546","targetHints":{"allow":["GET"]}}],"collection":[{"href":"https:\/\/red-lighttherapy.com\/de_de\/wp-json\/wp\/v2\/product"}],"about":[{"href":"https:\/\/red-lighttherapy.com\/de_de\/wp-json\/wp\/v2\/types\/product"}],"wp:featuredmedia":[{"embeddable":true,"href":"https:\/\/red-lighttherapy.com\/de_de\/wp-json\/wp\/v2\/media\/548"}],"wp:attachment":[{"href":"https:\/\/red-lighttherapy.com\/de_de\/wp-json\/wp\/v2\/media?parent=546"}],"wp:term":[{"taxonomy":"product_brand","embeddable":true,"href":"https:\/\/red-lighttherapy.com\/de_de\/wp-json\/wp\/v2\/product_brand?post=546"},{"taxonomy":"product_cat","embeddable":true,"href":"https:\/\/red-lighttherapy.com\/de_de\/wp-json\/wp\/v2\/product_cat?post=546"},{"taxonomy":"product_tag","embeddable":true,"href":"https:\/\/red-lighttherapy.com\/de_de\/wp-json\/wp\/v2\/product_tag?post=546"}],"curies":[{"name":"wp","href":"https:\/\/api.w.org\/{rel}","templated":true}]}}