{"id":539,"date":"2025-04-12T07:12:46","date_gmt":"2025-04-12T07:12:46","guid":{"rendered":"https:\/\/red-lighttherapy.com\/?post_type=product&#038;p=539"},"modified":"2025-04-12T07:30:03","modified_gmt":"2025-04-12T07:30:03","slug":"custom-wine-glasses-cup-drinkware-lid-and-base-box-wholesale","status":"publish","type":"product","link":"https:\/\/red-lighttherapy.com\/de_de\/custom-wine-glasses-cup-drinkware-lid-and-base-box-wholesale\/","title":{"rendered":"Benutzerdefinierte Weingl\u00e4ser Cup Drinkware Deckel und Basis-Box Gro\u00dfhandel"},"content":{"rendered":"<h2 id=\"-customized-wine-glasses-and-wineware-box-with-lid-and-top-cover-product-description-\"><strong>Benutzerdefinierte Weingl\u00e4ser Cup Drinkware Deckel und Basis-Box Gro\u00dfhandel Produktbeschreibung<\/strong><\/h2>\n<h2 id=\"-1-innovative-box-design-with-lid-and-top-cover-\"><strong>1. Innovatives Boxendesign mit Deckel und oberer Abdeckung<\/strong><\/h2>\n<p>\u00dcbernahme von\u00a0<strong>getrennte Struktur von Ober- und Unterlid<\/strong>Die Box l\u00e4sst sich leicht mit einer Hand \u00f6ffnen und schlie\u00dfen, wobei Bequemlichkeit und ritueller Sinn ber\u00fccksichtigt werden. Das Innere der Box ist genau nach der Gr\u00f6\u00dfe des Weinglases angepasst, und durch EVA-Schwamm oder Blister-Futter zu erreichen fixiert\u00a0<strong>Nullpunktverschiebungs-Sto\u00dfsicherung<\/strong>\u00a0w\u00e4hrend des Transports, um sicherzustellen, dass die Glasprodukte sicher und unbesch\u00e4digt sind.<\/p>\n<h2 id=\"-2-three-dimensional-hot-stamping-process-details-highlight-the-brand-\"><strong>2. Dreidimensionaler Hei\u00dfpr\u00e4geprozess, Details unterstreichen die Marke<\/strong><\/h2>\n<p>Verwendung von\u00a0<strong>hochpr\u00e4zise dreidimensionale Hei\u00dfpr\u00e4getechnik<\/strong>Es kann ein Markenlogo, Muster oder Text auf Mikron-Ebene darstellen, selbst komplexe Linien und kleine Muster k\u00f6nnen klar dargestellt werden, wodurch der Verpackungskasten\u00a0<strong>Metalltextur und dreidimensionale Schichten<\/strong>. In Kombination mit Siebdruck, Pr\u00e4gung und anderen Verfahren verst\u00e4rkt es die visuelle Wirkung und tr\u00e4gt zum hochwertigen Image der Marke bei.<\/p>\n<h2 id=\"-3-one-stop-customization-service-worry-free-throughout-the-process-\"><strong>3. Anpassungsservice aus einer Hand, sorgenfrei w\u00e4hrend des gesamten Prozesses<\/strong><\/h2>\n<ul>\n<li><strong>Pr\u00e4zise Gr\u00f6\u00dfenanpassung<\/strong>: Unterst\u00fctzt die Anpassung von Weingl\u00e4sern in voller Gr\u00f6\u00dfe von 3oz bis 10oz (85ml-285ml), und entwickelt Formen nach Kundenzeichnungen oder Mustern 1:1, um sicherzustellen, dass die Auskleidung und die Weingl\u00e4ser\u00a0<strong>sich nahtlos einf\u00fcgen<\/strong>.<\/li>\n<li><strong>Kostenlose Unterst\u00fctzung bei der Gestaltung<\/strong>: Ein professionelles Team entwirft die Verpackungsstruktur und das visuelle Schema und integriert den Markenton, um eine differenzierte Verpackung zu schaffen.<\/li>\n<li><strong>Vorpr\u00fcfung der Probenqualit\u00e4t<\/strong>: Kostenlose Muster werden mit Qualit\u00e4tspr\u00fcfungsberichten verschickt, und die Massenproduktion wird nach Best\u00e4tigung durchgef\u00fchrt.<\/li>\n<\/ul>\n<h2 id=\"-4-intelligent-production-guarantees-efficiency-and-quality-\"><strong>4. Intelligente Produktion garantiert Effizienz und Qualit\u00e4t<\/strong><\/h2>\n<p>Verlassen Sie sich auf\u00a0<strong>16 Jahre Branchenerfahrung<\/strong>\u00a0und\u00a0<strong>intelligentes Produktionsmanagementsystem<\/strong>Der gesamte Prozess von der Beschaffung des Rohmaterials bis zur Lieferung des fertigen Produkts ist automatisiert und kontrolliert. Das Werk ist mit ERP-Auftragsverfolgung und MES-Produktionsausf\u00fchrungssystem ausgestattet, um die rechtzeitige Lieferung von Auftr\u00e4gen und eine Produktqualifikationsrate von 99,8% zu gew\u00e4hrleisten.<\/p>\n<h2 id=\"-5-successful-cases-and-word-of-mouth-endorsement-\"><strong>5. Erfolgreiche F\u00e4lle und Mund-zu-Mund-Propaganda<\/strong><\/h2>\n<p>Die Dienstleistungen umfassen\u00a0<strong>Wei\u00dfwein, Rotwein, hochwertige ausl\u00e4ndische Weinmarken<\/strong>Zu den Kunden und Kooperationspartnern z\u00e4hlen namhafte Weinunternehmen und grenz\u00fcberschreitende Exporteure. Mit der\u00a0<strong>Quelle Werksdirektlieferung<\/strong>\u00a0Wir bieten kosteneffiziente L\u00f6sungen an, die sowohl f\u00fcr kleine Chargen als auch f\u00fcr die Gro\u00dfserienproduktion geeignet sind.<\/p>\n<h2 id=\"-why-choose-us-\"><strong>Warum sollten Sie uns w\u00e4hlen?<\/strong><\/h2>\n<p>\u2705\u00a0<strong>Kostenloser Entwurf + kostenloser Korrekturabzug<\/strong>48 Stunden schnelle Reaktion auf Bed\u00fcrfnisse<br \/>\n\u2705\u00a0<strong>ISO-zertifizierte Fabrik<\/strong>im Einklang mit den grenz\u00fcberschreitenden Umweltschutzstandards f\u00fcr den Export<br \/>\n\u2705\u00a0<strong>100% Qualit\u00e4tskontrolle vor der Einlagerung<\/strong>versprochene Bruchrate weniger als 0,1%<\/p>","protected":false},"excerpt":{"rendered":"<p>Bei der Deckel- und Bodenschachtel werden der obere und der untere Deckel getrennt, was mit einer Hand leicht zu bedienen ist. Der Hei\u00dfpr\u00e4geprozess kann die feine Handwerkskunst vor den Kunden perfekt darstellen und die Popularit\u00e4t Ihrer Marke erh\u00f6hen. Es kann in hohem Ma\u00dfe angepasst werden, um Ihre Weingl\u00e4ser und Wein Utensilien Verpackung passen.<\/p>","protected":false},"featured_media":540,"template":"","meta":{"_kad_post_transparent":"default","_kad_post_title":"","_kad_post_layout":"default","_kad_post_sidebar_id":"","_kad_post_content_style":"default","_kad_post_vertical_padding":"default","_kad_post_feature":"","_kad_post_feature_position":"","_kad_post_header":false,"_kad_post_footer":false,"_kad_post_classname":""},"product_brand":[],"product_cat":[15,19,17],"product_tag":[178,176,177],"class_list":{"0":"post-539","1":"product","2":"type-product","3":"status-publish","4":"has-post-thumbnail","6":"product_cat-red-light-therapy","7":"product_cat-red-light-therapy-stand","8":"product_cat-services","9":"product_tag-custom-drinkware-box-wholesale","10":"product_tag-custom-wine-box","11":"product_tag-glasses-cup-lid-and-base-box","13":"first","14":"instock","15":"shipping-taxable","16":"product-type-simple","17":"entry","18":"content-bg","19":"loop-entry"},"_links":{"self":[{"href":"https:\/\/red-lighttherapy.com\/de_de\/wp-json\/wp\/v2\/product\/539","targetHints":{"allow":["GET"]}}],"collection":[{"href":"https:\/\/red-lighttherapy.com\/de_de\/wp-json\/wp\/v2\/product"}],"about":[{"href":"https:\/\/red-lighttherapy.com\/de_de\/wp-json\/wp\/v2\/types\/product"}],"wp:featuredmedia":[{"embeddable":true,"href":"https:\/\/red-lighttherapy.com\/de_de\/wp-json\/wp\/v2\/media\/540"}],"wp:attachment":[{"href":"https:\/\/red-lighttherapy.com\/de_de\/wp-json\/wp\/v2\/media?parent=539"}],"wp:term":[{"taxonomy":"product_brand","embeddable":true,"href":"https:\/\/red-lighttherapy.com\/de_de\/wp-json\/wp\/v2\/product_brand?post=539"},{"taxonomy":"product_cat","embeddable":true,"href":"https:\/\/red-lighttherapy.com\/de_de\/wp-json\/wp\/v2\/product_cat?post=539"},{"taxonomy":"product_tag","embeddable":true,"href":"https:\/\/red-lighttherapy.com\/de_de\/wp-json\/wp\/v2\/product_tag?post=539"}],"curies":[{"name":"wp","href":"https:\/\/api.w.org\/{rel}","templated":true}]}}