{"id":529,"date":"2025-04-12T06:52:35","date_gmt":"2025-04-12T06:52:35","guid":{"rendered":"https:\/\/red-lighttherapy.com\/?post_type=product&#038;p=529"},"modified":"2025-04-20T06:01:01","modified_gmt":"2025-04-20T06:01:01","slug":"lid-and-base-box-clothes-apparel-shapewear-packaging-factory","status":"publish","type":"product","link":"https:\/\/red-lighttherapy.com\/de_de\/lid-and-base-box-clothes-apparel-shapewear-packaging-factory\/","title":{"rendered":"Deckel und Boden Box Kleidung Kleidung Shapewear Verpackung Fabrik"},"content":{"rendered":"<h2>Deckel und Boden Box Kleidung Kleidung Shapewear Verpackung Fabrik<\/h2>\n<h2 id=\"1-appearance-design-\">1.\u00a0<strong>Gestaltung des Erscheinungsbildes<\/strong><\/h2>\n<p>Der Schachtelk\u00f6rper nimmt die klassische obere und untere Deckelstruktur an, die oberen und unteren Deckel sind fest verschlossen, und das \u00d6ffnen und Schlie\u00dfen ist bequem und stabil. Die allgemeine matte braune Hauptfarbe ist mit dem LOGO oder dem Muster des Hei\u00dfpr\u00e4geverfahrens abgestimmt, das die leichte luxuri\u00f6se Textur in einer zur\u00fcckhaltenden Weise offenbart. Wenn Sie die visuelle Ebene verbessern m\u00f6chten, k\u00f6nnen Sie Relief- oder Pr\u00e4getechniken hinzuf\u00fcgen, um die Haptik und den dreidimensionalen Sinn zu verbessern.<\/p>\n<h2 id=\"2-inner-lining-adaptation-\">2.\u00a0<strong>Anpassung des Innenfutters<\/strong><\/h2>\n<p>Bieten Sie je nach Gr\u00f6\u00dfe und Positionierung der Bekleidungskategorien (z. B. Bodyshaper, T-Shirts, R\u00f6cke) verschiedene Futteroptionen an:<\/p>\n<ul>\n<li><strong>EVA-Flocking-Futter<\/strong>: Die Oberfl\u00e4che ist mit feinem Flanell \u00fcberzogen, der weich und kratzfest ist und sich f\u00fcr hochwertige Spitzen- oder Seidenstoffe eignet;<\/li>\n<li><strong>Perlenbaumwolle als innere St\u00fctze<\/strong>: Umweltfreundlich und druckfest, die Rille kann individuell angepasst werden, um die Kleidung zu fixieren und einen sto\u00dffesten Transport zu gew\u00e4hrleisten;<\/li>\n<li><strong>Trennwand aus Seidenstoff mit Schichten<\/strong>: Mit den Fliegenb\u00e4ndern k\u00f6nnen Sie mehrere Kleidungsst\u00fccke voneinander trennen und das Gef\u00fchl der Zeremonie beim Auspacken verst\u00e4rken.<\/li>\n<\/ul>\n<h2 id=\"3-decorative-details-\">3.\u00a0<strong>Dekorative Details<\/strong><\/h2>\n<p>Der Deckel der Schachtel wird mit einem Satinschleifenband in derselben oder einer Kontrastfarbe versehen, das durch einen dreidimensionalen Faltvorgang eine volle Form erh\u00e4lt. Das Ende des Bandes kann mit einem Markenslogan bedruckt werden, was Markenbekanntheit und Dekorativit\u00e4t verbindet. Die Innenschachtel kann mit einer Magnetschnalle oder einem Bandgriff versehen werden, um den Komfort beim \u00d6ffnen zu erh\u00f6hen.<\/p>\n<h2 id=\"4-customized-service-\">4.\u00a0<strong>Ma\u00dfgeschneiderter Service<\/strong><\/h2>\n<p>Mit 16 Jahren Erfahrung im Druck- und Verpackungsbereich unterst\u00fctzt es die vollst\u00e4ndige Anpassung an die Kundenw\u00fcnsche:<\/p>\n<ul>\n<li><strong>Flexible Gr\u00f6\u00dfe<\/strong>: Von kompakten Unterw\u00e4scheboxen (z.B. 16\u00d724cm) bis hin zu Kleiderboxen mit gro\u00dfem Fassungsverm\u00f6gen (z.B. 30\u00d750cm) ist sie f\u00fcr verschiedene Produkte geeignet;<\/li>\n<li><strong>Technologie-Upgrade<\/strong>: Optionaler UV-Druck, partieller Laserdruck, abbaubare Materialien usw., um den Anforderungen des Umweltschutzes oder des High-End-Bereichs gerecht zu werden;<\/li>\n<li><strong>Elemente der Marke<\/strong>: Der Innenkarton kann mit Waschanweisungen oder Markengeschichten bedruckt werden, und der Au\u00dfenkarton kann mit f\u00e4lschungssicheren Etiketten bedruckt werden, um die Kundenerfahrung zu verbessern.<\/li>\n<\/ul>\n<h2 id=\"5-quality-assurance-\">5.\u00a0<strong>Qualit\u00e4tssicherung<\/strong><\/h2>\n<p>Die Lieferkette umfasst die Produktion von Rohstoffen wie Papier, EVA und B\u00e4ndern und hat die ISO9001-Qualit\u00e4tssystemzertifizierung erhalten, um eine vollst\u00e4ndige Qualit\u00e4tskontrolle von der Designpr\u00fcfung bis zur Massenlieferung zu gew\u00e4hrleisten. Unterst\u00fctzt die Echtzeitverfolgung des Produktionsfortschritts auf WeChat, eine schnelle Lieferung innerhalb von 7-15 Tagen und direkte Logistik an andere Orte.<\/p>\n<h2 id=\"-application-scenarios-\"><strong>Anwendungsszenarien:<\/strong><\/h2>\n<p>Geeignet f\u00fcr die Verpackung von Produkten wie Bodyshapern, Heimtextilien und hochwertiger Konfektionskleidung unter Ber\u00fccksichtigung der Anforderungen an die Verbesserung des Markenimages und den Transportschutz. Unterst\u00fctzt die Anpassung von Manuskripten und Mustern und bietet kostenlose Design-Optimierung und Proofing-Services.<\/p>","protected":false},"excerpt":{"rendered":"<p>Die gesamte Schachtel ist braun, mit einem Deckel und Boden-Boxen Stil, der Low-Key-und stabil, ganz in Mode, und hat eine dreidimensionale Wirkung mit Bogen Band Zubeh\u00f6r. Es ist vielf\u00e4ltig und praktisch, einen Hauch von Farbe zu Ihrer Verpackung Box hinzuf\u00fcgen.<\/p>","protected":false},"featured_media":534,"template":"","meta":{"_kad_post_transparent":"default","_kad_post_title":"","_kad_post_layout":"default","_kad_post_sidebar_id":"","_kad_post_content_style":"default","_kad_post_vertical_padding":"default","_kad_post_feature":"","_kad_post_feature_position":"","_kad_post_header":false,"_kad_post_footer":false,"_kad_post_classname":""},"product_brand":[],"product_cat":[15,30,19,17],"product_tag":[174,173,175],"class_list":{"0":"post-529","1":"product","2":"type-product","3":"status-publish","4":"has-post-thumbnail","6":"product_cat-red-light-therapy","7":"product_cat-dropshipping","8":"product_cat-red-light-therapy-stand","9":"product_cat-services","10":"product_tag-apparel-lid-and-base-box","11":"product_tag-clothes-packaging-factory","12":"product_tag-shapewear-packaging-factory","14":"first","15":"instock","16":"shipping-taxable","17":"product-type-simple","18":"entry","19":"content-bg","20":"loop-entry"},"_links":{"self":[{"href":"https:\/\/red-lighttherapy.com\/de_de\/wp-json\/wp\/v2\/product\/529","targetHints":{"allow":["GET"]}}],"collection":[{"href":"https:\/\/red-lighttherapy.com\/de_de\/wp-json\/wp\/v2\/product"}],"about":[{"href":"https:\/\/red-lighttherapy.com\/de_de\/wp-json\/wp\/v2\/types\/product"}],"wp:featuredmedia":[{"embeddable":true,"href":"https:\/\/red-lighttherapy.com\/de_de\/wp-json\/wp\/v2\/media\/534"}],"wp:attachment":[{"href":"https:\/\/red-lighttherapy.com\/de_de\/wp-json\/wp\/v2\/media?parent=529"}],"wp:term":[{"taxonomy":"product_brand","embeddable":true,"href":"https:\/\/red-lighttherapy.com\/de_de\/wp-json\/wp\/v2\/product_brand?post=529"},{"taxonomy":"product_cat","embeddable":true,"href":"https:\/\/red-lighttherapy.com\/de_de\/wp-json\/wp\/v2\/product_cat?post=529"},{"taxonomy":"product_tag","embeddable":true,"href":"https:\/\/red-lighttherapy.com\/de_de\/wp-json\/wp\/v2\/product_tag?post=529"}],"curies":[{"name":"wp","href":"https:\/\/api.w.org\/{rel}","templated":true}]}}